{"id":37148,"date":"2020-06-25T08:17:45","date_gmt":"2020-06-25T08:17:45","guid":{"rendered":"https:\/\/ozonetech.com\/productos\/generadores-de-ozono\/ict-series\/"},"modified":"2024-11-07T08:19:53","modified_gmt":"2024-11-07T07:19:53","slug":"serie-ict","status":"publish","type":"page","link":"https:\/\/ozonetech.com\/es\/productos\/generadores-de-ozono\/serie-ict\/","title":{"rendered":"Serie ICT"},"content":{"rendered":"\n<section\n    class=\"block hero hero--regular\"\n    style=\"background-image: url('https:\/\/ozonetech.com\/wp-content\/uploads\/2021\/03\/ict-series-1-1600x484.jpg'); --hero-opacity: 0.3\"\n>\n\n    <div class=\"container-fluid\">\n\n        <div class=\"content editor_content\">\n                         \n                <h2 class='h2'>Serie ICT<\/h2>            \n                    <\/div>\n\n            <\/div>\n<\/section>\n\n\n<section class=\"component component_breadcrumbs\">\n\t<div class=\"container-fluid\">\n  \t<\/div>\n<\/section>\n\n\n<section\n    id=\"\"\n    class=\"block content-block\"\n\tstyle=\"--cb-bg: white; --cb-content: #000; padding-top: 30px; padding-bottom: 30px;\"\n>\n    \n\n<div class=\"container-fluid editor_content content content--narrow\">\n    <div class=\"row\">\n        <div class=\"col-12 editor_content\">\n            <h1 style=\"text-align: left;\">Serie ICT, los generadores de ozono m\u00e1s eficientes y compactos del mercado<\/h1>\n<p class=\"preamble\">Esta serie de generadores de ozono est\u00e1n integrados en un armario de acero inoxidable con conexiones en la parte inferior para el ox\u00edgeno, el ozono y el agua de refrigeraci\u00f3n. Las conexiones el\u00e9ctricas tambi\u00e9n se encuentran en la parte inferior del armario, todas de acoplamiento r\u00e1pido. La unidad de control lee todos los par\u00e1metros vitales del sistema y emite una alarma a trav\u00e9s de los rel\u00e9s e indicadores LED si alguno de los par\u00e1metros est\u00e1 fuera de rango. Adem\u00e1s, el generador se puede conectar a una unidad de control externa para ampliar funciones.<\/p>\n<p>&nbsp;<\/p>\n        <\/div>\n    <\/div>\n<\/div>\n\n\n<div class=\"container-fluid content content--narrow\">\n    <div class=\"row\">\n        <div class=\"col-md-6 order-1 editor_content \">\n            <h3>Ventajas<\/h3>\n<ul>\n<li>Alta concentraci\u00f3n de ozono<\/li>\n<li>Dise\u00f1o compacto<\/li>\n<li>Nivel de producci\u00f3n de ozono ajustable (20-100%)<\/li>\n<li>Alarma LED y rel\u00e9 de alarma integrados para par\u00e1metros cr\u00edticos del sistema<\/li>\n<li>Acoplamientos r\u00e1pidos para todas las conexiones el\u00e9ctricas<\/li>\n<li>Bajo nivel de ruido<\/li>\n<li>4-20 mA controlable (opcional)<\/li>\n<li>Aprobado por la CE<\/li>\n<\/ul>\n        <\/div>\n        <div class=\"col-md-6 order-2 editor_content d-flex justify-content-center\">\n                                            <figure class=\"side-image \">\n                    <img loading=\"lazy\" decoding=\"async\" width=\"256\" height=\"309\" src=\"https:\/\/ozonetech.com\/wp-content\/uploads\/2021\/03\/ict-120-ozonetech.png\" class=\"attachment-full size-full\" alt=\"\" srcset=\"https:\/\/ozonetech.com\/wp-content\/uploads\/2021\/03\/ict-120-ozonetech.png 256w, https:\/\/ozonetech.com\/wp-content\/uploads\/2021\/03\/ict-120-ozonetech-249x300.png 249w\" sizes=\"auto, (max-width: 256px) 100vw, 256px\" \/>                                    <\/figure>\n                    <\/div>\n    <\/div>\n<\/div>\n\n\n<div class=\"container-fluid editor_content content content--narrow\">\n    <div class=\"row\">\n        <div class=\"col-12 editor_content\">\n            <p>&nbsp;<\/p>\n<p>Para ver informaci\u00f3n detallada, por favor, haga clic en cualquiera de los siguientes productos.<\/p>\n        <\/div>\n    <\/div>\n<\/div>\n\n<div class=\"container-fluid editor_content\">\n    <div class=\"row\">\n        <div class=\"col-12 editor_content table-wrapper wp-caption\" style=\"--table-text-color-header: #FFFFFF; --table-text-color-rows: #000000; --table-background-color-header: #5f5f5f; --table-background-color-rows-even: #efefef; --table-background-color-rows-odd: #dfdfdf; \">\n                            \n<table id=\"tablepress-319\" class=\"tablepress tablepress-id-319\" aria-describedby=\"tablepress-319-description\">\n<thead>\n<tr class=\"row-1\">\n\t<th class=\"column-1\">Modelo<\/th><th class=\"column-2\">Producci\u00f3n (m\u00e1x)<\/th><th class=\"column-3\">Conc. m\u00e1x<\/th><th class=\"column-4\">Conc. nominal<\/th><th class=\"column-5\">Dimensiones (AltxAnchxProf)<\/th><th class=\"column-6\">Peso<\/th><th class=\"column-7\">PDF<\/th>\n<\/tr>\n<\/thead>\n<tbody class=\"row-striping\">\n<tr class=\"row-2\">\n\t<td class=\"column-1\">ICT-05<\/td><td class=\"column-2\">5 g\/h<\/td><td class=\"column-3\">240 g\/Nm<sup>3<sup><\/td><td class=\"column-4\">140 g\/Nm<sup>3<sup><\/td><td class=\"column-5\">300x200x155 mm<\/td><td class=\"column-6\">8.5 kg<\/td><td class=\"column-7\"><a target=\"blank\" href=\"https:\/\/ozonetech.com\/wp-content\/uploads\/2021\/03\/Datasheet-Ozone-Generators-ICT-05-10-EN-v.2.0-web.pdf\" rel=\"noopener\">Ficha t\u00e9cnica<\/a><\/td>\n<\/tr>\n<tr class=\"row-3\">\n\t<td class=\"column-1\">ICT-05 Lab<\/td><td class=\"column-2\">5 g\/h<\/td><td class=\"column-3\">240 g\/Nm<sup>3<sup><\/td><td class=\"column-4\">140 g\/Nm<sup>3<sup><\/td><td class=\"column-5\">300x200x155 mm<\/td><td class=\"column-6\">8.5 kg<\/td><td class=\"column-7\"><a target=\"blank\" href=\"https:\/\/ozonetech.com\/wp-content\/uploads\/2021\/03\/Datasheet-Ozone-Generators-ICT-05-10-EN-v.2.0-web.pdf\" rel=\"noopener\">Ficha t\u00e9cnica<\/a><\/td>\n<\/tr>\n<tr class=\"row-4\">\n\t<td class=\"column-1\">ICT-10<\/td><td class=\"column-2\">10 g\/h<\/td><td class=\"column-3\">240 g\/Nm<sup>3<sup><\/td><td class=\"column-4\">70 g\/Nm<sup>3<sup><\/td><td class=\"column-5\">300x200x155 mm<\/td><td class=\"column-6\">8.5 kg<\/td><td class=\"column-7\"><a href=\"https:\/\/ozonetech.com\/wp-content\/uploads\/2021\/03\/Datasheet-Ozone-Generators-ICT-05-10-EN-v.2.0-web.pdf\">Ficha t\u00e9cnica<\/a><\/td>\n<\/tr>\n<tr class=\"row-5\">\n\t<td class=\"column-1\">ICT-20<\/td><td class=\"column-2\">20 g\/h<\/td><td class=\"column-3\">240 g\/Nm<sup>3<sup><\/td><td class=\"column-4\">135 g\/Nm<sup>3<sup><\/td><td class=\"column-5\">400x400x200 mm<\/td><td class=\"column-6\">21 kg<\/td><td class=\"column-7\"><a target=\"blank\" href=\"https:\/\/ozonetech.com\/wp-content\/uploads\/2020\/12\/Datasheet-Ozone-Generators-ICT-20-500-EN-v.2.0.pdf\" rel=\"noopener\">Ficha t\u00e9cnica<\/a><\/td>\n<\/tr>\n<tr class=\"row-6\">\n\t<td class=\"column-1\">ICT-40<\/td><td class=\"column-2\">40 g\/h<\/td><td class=\"column-3\">240 g\/Nm<sup>3<sup><\/td><td class=\"column-4\">135 g\/Nm<sup>3<sup><\/td><td class=\"column-5\">400x400x200 mm<\/td><td class=\"column-6\">22 kg<\/td><td class=\"column-7\"><a target=\"blank\" href=\"https:\/\/ozonetech.com\/wp-content\/uploads\/2020\/12\/Datasheet-Ozone-Generators-ICT-20-500-EN-v.2.0.pdf\" rel=\"noopener\">Ficha t\u00e9cnica<\/a><\/td>\n<\/tr>\n<tr class=\"row-7\">\n\t<td class=\"column-1\">ICT-60<\/td><td class=\"column-2\">60 g\/h<\/td><td class=\"column-3\">240 g\/Nm<sup>3<sup><\/td><td class=\"column-4\">135 g\/Nm<sup>3<sup><\/td><td class=\"column-5\">400x400x200 mm<\/td><td class=\"column-6\">23 kg<\/td><td class=\"column-7\"><a target=\"blank\" href=\"https:\/\/ozonetech.com\/wp-content\/uploads\/2020\/12\/Datasheet-Ozone-Generators-ICT-20-500-EN-v.2.0.pdf\" rel=\"noopener\">Ficha t\u00e9cnica<\/a><\/td>\n<\/tr>\n<tr class=\"row-8\">\n\t<td class=\"column-1\">ICT-80<\/td><td class=\"column-2\">80 g\/h<\/td><td class=\"column-3\">240 g\/Nm<sup>3<sup><\/td><td class=\"column-4\">135 g\/Nm<sup>3<sup><\/td><td class=\"column-5\">400x400x200 mm<\/td><td class=\"column-6\">26 kg<\/td><td class=\"column-7\"><a target=\"blank\" href=\"https:\/\/ozonetech.com\/wp-content\/uploads\/2020\/12\/Datasheet-Ozone-Generators-ICT-20-500-EN-v.2.0.pdf\" rel=\"noopener\">Ficha t\u00e9cnica<\/a><\/td>\n<\/tr>\n<tr class=\"row-9\">\n\t<td class=\"column-1\">ICT-100<\/td><td class=\"column-2\">100 g\/h<\/td><td class=\"column-3\">240 g\/Nm<sup>3<sup><\/td><td class=\"column-4\">135 g\/Nm<sup>3<sup><\/td><td class=\"column-5\">400x400x200 mm<\/td><td class=\"column-6\">27 kg<\/td><td class=\"column-7\"><a target=\"blank\" href=\"https:\/\/ozonetech.com\/wp-content\/uploads\/2020\/12\/Datasheet-Ozone-Generators-ICT-20-500-EN-v.2.0.pdf\" rel=\"noopener\">Ficha t\u00e9cnica<\/a><\/td>\n<\/tr>\n<tr class=\"row-10\">\n\t<td class=\"column-1\">ICT-120<\/td><td class=\"column-2\">120 g\/h<\/td><td class=\"column-3\">240 g\/Nm<sup>3<sup><\/td><td class=\"column-4\">135 g\/Nm<sup>3<sup><\/td><td class=\"column-5\">400x400x200 mm<\/td><td class=\"column-6\">28 kg<\/td><td class=\"column-7\"><a target=\"blank\" href=\"https:\/\/ozonetech.com\/wp-content\/uploads\/2020\/12\/Datasheet-Ozone-Generators-ICT-20-500-EN-v.2.0.pdf\" rel=\"noopener\">Ficha t\u00e9cnica<\/a><\/td>\n<\/tr>\n<tr class=\"row-11\">\n\t<td class=\"column-1\">ICT-500<\/td><td class=\"column-2\">500 g\/h<\/td><td class=\"column-3\">240 g\/Nm<sup>3<sup><\/td><td class=\"column-4\">135 g\/Nm<sup>3<sup><\/td><td class=\"column-5\">1000x1000x400 mm<\/td><td class=\"column-6\">102 kg<\/td><td class=\"column-7\"><a target=\"blank\" href=\"https:\/\/ozonetech.com\/wp-content\/uploads\/2020\/12\/Datasheet-Ozone-Generators-ICT-20-500-EN-v.2.0.pdf\" rel=\"noopener\">Ficha t\u00e9cnica<\/a><\/td>\n<\/tr>\n<\/tbody>\n<\/table>\n<span id=\"tablepress-319-description\" class=\"tablepress-table-description tablepress-table-description-id-319\">La serie ICT de generadores de ozono se ha vendido (y se sigue vendiendo) y comercializado bajo la marca Water Maid\u2122, o WM, desde 1993.<\/span>\n<!-- #tablepress-319 from cache -->                                        <p class=\"wp-caption\">Las series de generadores de ozono ICT tambi\u00e9n se han vendido (y a\u00fan se venden) y se comercializan bajo la marca Water Maid \u2122, o serie WM, desde 1993.<\/p>\n                    <\/div>\n    <\/div>\n<\/div>\n<\/section>\n\n\n\n<section\n    id=\"form\"\n    class=\"block content-block\"\n\tstyle=\"--cb-bg: #fff; --cb-content: #000; \"\n>\n    \n\n<div class=\"container-fluid editor_content content content--full\">\n    <div class=\"row\">\n        <div class=\"col-12 editor_content\">\n            <h2>Solicitar presupuesto<\/h2>\n        <\/div>\n    <\/div>\n<\/div>\n\n\n\n<div class=\"container-fluid editor_content content content--full\">\n    <div class=\"row\">\n        <div class=\"col-12 editor_content\">\n            <p><!-- SharpSpring Form for ICT Quotation EN  --><br \/>\n<script type=\"text\/javascript\">\n    var ss_form = {'account': 'MzawMDE3MzI2BwA', 'formID': 'szSwMEpNM0zTNU9JTtQ1STVK0k1KTTLTNUxMNUo1T0o0sUwyBAA'};\n    ss_form.width = '100%';\n    ss_form.domain = 'app-3QNJA1Z2XY.marketingautomation.services';\n    ss_form.hidden = {'field_400000003544067': 'Ozonetech.com'};\n    \/\/ ss_form.target_id = 'target'; \/\/ Optional parameter: forms will be placed inside the element with the specified id\n    \/\/ ss_form.polling = true; \/\/ Optional parameter: set to true ONLY if your page loads dynamically and the id needs to be polled continually.\n<\/script><br \/>\n<script type=\"text\/javascript\" src=\"https:\/\/koi-3QNJA1Z2XY.marketingautomation.services\/client\/form.js?ver=2.0.1\"><\/script><\/p>\n        <\/div>\n    <\/div>\n<\/div>\n\n<\/section>\n","protected":false},"excerpt":{"rendered":"","protected":false},"author":21,"featured_media":0,"parent":37129,"menu_order":0,"comment_status":"closed","ping_status":"closed","template":"","meta":{"_acf_changed":false,"_seopress_robots_primary_cat":"","_seopress_titles_title":"","_seopress_titles_desc":"The ICT ozone generator series are built into a stainless steel cabinet with connections at the bottom for oxygen, ozone and cooling water.","_seopress_robots_index":"","inline_featured_image":false,"footnotes":""},"class_list":["post-37148","page","type-page","status-publish","hentry"],"acf":[],"_links":{"self":[{"href":"https:\/\/ozonetech.com\/es\/wp-json\/wp\/v2\/pages\/37148","targetHints":{"allow":["GET"]}}],"collection":[{"href":"https:\/\/ozonetech.com\/es\/wp-json\/wp\/v2\/pages"}],"about":[{"href":"https:\/\/ozonetech.com\/es\/wp-json\/wp\/v2\/types\/page"}],"author":[{"embeddable":true,"href":"https:\/\/ozonetech.com\/es\/wp-json\/wp\/v2\/users\/21"}],"replies":[{"embeddable":true,"href":"https:\/\/ozonetech.com\/es\/wp-json\/wp\/v2\/comments?post=37148"}],"version-history":[{"count":6,"href":"https:\/\/ozonetech.com\/es\/wp-json\/wp\/v2\/pages\/37148\/revisions"}],"predecessor-version":[{"id":41998,"href":"https:\/\/ozonetech.com\/es\/wp-json\/wp\/v2\/pages\/37148\/revisions\/41998"}],"up":[{"embeddable":true,"href":"https:\/\/ozonetech.com\/es\/wp-json\/wp\/v2\/pages\/37129"}],"wp:attachment":[{"href":"https:\/\/ozonetech.com\/es\/wp-json\/wp\/v2\/media?parent=37148"}],"curies":[{"name":"wp","href":"https:\/\/api.w.org\/{rel}","templated":true}]}}