{"id":37139,"date":"2020-06-25T08:25:25","date_gmt":"2020-06-25T08:25:25","guid":{"rendered":"https:\/\/ozonetech.com\/productos\/generadores-de-ozono\/dct-series\/"},"modified":"2024-11-07T08:17:33","modified_gmt":"2024-11-07T07:17:33","slug":"serie-dct","status":"publish","type":"page","link":"https:\/\/ozonetech.com\/es\/productos\/generadores-de-ozono\/serie-dct\/","title":{"rendered":"Serie DCT"},"content":{"rendered":"\n<section\n    class=\"block hero hero--regular\"\n    style=\"background-image: url('https:\/\/ozonetech.com\/wp-content\/uploads\/2021\/03\/dct-series-1600x484.jpg'); --hero-opacity: 0.3\"\n>\n\n    <div class=\"container-fluid\">\n\n        <div class=\"content editor_content\">\n                         \n                <h2 class='h2'>Serie DCT<\/h2>            \n                    <\/div>\n\n            <\/div>\n<\/section>\n\n\n<section class=\"component component_breadcrumbs\">\n\t<div class=\"container-fluid\">\n  \t<\/div>\n<\/section>\n\n\n<section\n    id=\"\"\n    class=\"block content-block\"\n\tstyle=\"--cb-bg: white; --cb-content: #000; padding-top: 30px; padding-bottom: 30px;\"\n>\n    \n\n<div class=\"container-fluid editor_content content content--narrow\">\n    <div class=\"row\">\n        <div class=\"col-12 editor_content\">\n            <h1 style=\"text-align: left;\">La serie DCT, nuestros generadores de ozono m\u00e1s potentes<\/h1>\n<p class=\"preamble\">La serie DCT de generadores de ozono est\u00e1 integrada en un armario de acero inoxidable. En el lado derecho se encuentran los conectores para el ox\u00edgeno, el ozono y el agua de refrigeraci\u00f3n, y en el lado izquierdo est\u00e1n todos los conectores el\u00e9ctricos, todos de acoplamiento r\u00e1pido. El generador lee continuamente los par\u00e1metros vitales del sistema y emite una alarma a trav\u00e9s del panel de control si los par\u00e1metros est\u00e1n fuera de rango. El panel de control se puede conectar a un ordenador externo o a Internet.<\/p>\n<p>&nbsp;<\/p>\n        <\/div>\n    <\/div>\n<\/div>\n\n\n<div class=\"container-fluid content content--narrow\">\n    <div class=\"row\">\n        <div class=\"col-md-6 order-1 editor_content \">\n            <h3>Ventajas<\/h3>\n<ul>\n<li>Alta concentraci\u00f3n del ozono<\/li>\n<li>Bajo nivel de ruido<\/li>\n<li>Dise\u00f1o compacto, permite montarlo e integrarlo f\u00e1cilmente en el sistema<\/li>\n<li>Controlado por PLC con un panel de control incorporado<\/li>\n<li>Capacidades de control y monitorizaci\u00f3n a distancia<\/li>\n<li>Par\u00e1metros vitales mostrados en el panel<\/li>\n<li>Nivel de producci\u00f3n de ozono ajustable (0-100%)<\/li>\n<li>Rel\u00e9 de alarma para par\u00e1metros cr\u00edticos del sistema<\/li>\n<li>Acoplamientos r\u00e1pidos para todas las conexiones el\u00e9ctricas<\/li>\n<li>Aprobado por la CE<\/li>\n<\/ul>\n<p>&nbsp;<\/p>\n        <\/div>\n        <div class=\"col-md-6 order-2 editor_content d-flex justify-content-center\">\n                                            <figure class=\"side-image \">\n                    <img loading=\"lazy\" decoding=\"async\" width=\"425\" height=\"530\" src=\"https:\/\/ozonetech.com\/wp-content\/uploads\/2021\/03\/dct-series-ozonetech-2.jpg\" class=\"attachment-full size-full\" alt=\"\" srcset=\"https:\/\/ozonetech.com\/wp-content\/uploads\/2021\/03\/dct-series-ozonetech-2.jpg 425w, https:\/\/ozonetech.com\/wp-content\/uploads\/2021\/03\/dct-series-ozonetech-2-241x300.jpg 241w\" sizes=\"auto, (max-width: 425px) 100vw, 425px\" \/>                                    <\/figure>\n                    <\/div>\n    <\/div>\n<\/div>\n\n\n<div class=\"container-fluid editor_content content content--narrow\">\n    <div class=\"row\">\n        <div class=\"col-12 editor_content\">\n            <p>Para ver informaci\u00f3n detallada, por favor haga clic en cualquiera de los siguientes productos.<\/p>\n        <\/div>\n    <\/div>\n<\/div>\n\n<div class=\"container-fluid editor_content\">\n    <div class=\"row\">\n        <div class=\"col-12 editor_content table-wrapper wp-caption\" style=\"--table-text-color-header: #FFFFFF; --table-text-color-rows: #000000; --table-background-color-header: #5f5f5f; --table-background-color-rows-even: #efefef; --table-background-color-rows-odd: #dfdfdf; \">\n                            \n<table id=\"tablepress-320\" class=\"tablepress tablepress-id-320\" aria-describedby=\"tablepress-320-description\">\n<thead>\n<tr class=\"row-1\">\n\t<th class=\"column-1\">Modelo<\/th><th class=\"column-2\">Producci\u00f3n (m\u00e1x)<\/th><th class=\"column-3\">Conc. nominal<\/th><th class=\"column-4\">Flujo nominal<\/th><th class=\"column-5\">Peso<\/th><th class=\"column-6\">PDF<\/th>\n<\/tr>\n<\/thead>\n<tbody class=\"row-striping\">\n<tr class=\"row-2\">\n\t<td class=\"column-1\">DCT-500<\/td><td class=\"column-2\">0.5 kg\/h<\/td><td class=\"column-3\">215 g\/Nm<sup>3<\/sup><\/td><td class=\"column-4\">40 l\/min<\/td><td class=\"column-5\">150 kg<\/td><td class=\"column-6\"><a target=\"blank\" href=\"https:\/\/ozonetech.com\/wp-content\/uploads\/2020\/12\/Datasheet-Ozone-Generators-DCT-EN-v.2.0-web.pdf\" rel=\"noopener\">Ficha t\u00e9cnica<\/a><\/td>\n<\/tr>\n<tr class=\"row-3\">\n\t<td class=\"column-1\">DCT-1000<\/td><td class=\"column-2\">1.0 kg\/h<\/td><td class=\"column-3\">140 g\/Nm<sup>3<\/sup><\/td><td class=\"column-4\">120 l\/min<\/td><td class=\"column-5\">150 kg<\/td><td class=\"column-6\"><a target=\"blank\" href=\"https:\/\/ozonetech.com\/wp-content\/uploads\/2020\/12\/Datasheet-Ozone-Generators-DCT-EN-v.2.0-web.pdf\" rel=\"noopener\">Ficha t\u00e9cnica<\/a><\/td>\n<\/tr>\n<tr class=\"row-4\">\n\t<td class=\"column-1\">DCT-2000<\/td><td class=\"column-2\">2.0 kg\/h<\/td><td class=\"column-3\">140 g\/Nm<sup>3<\/sup><\/td><td class=\"column-4\">240 l\/min<\/td><td class=\"column-5\">300 kg<\/td><td class=\"column-6\"><a target=\"blank\" href=\"https:\/\/ozonetech.com\/wp-content\/uploads\/2020\/12\/Datasheet-Ozone-Generators-DCT-EN-v.2.0-web.pdf\" rel=\"noopener\">Ficha t\u00e9cnica<\/a><\/td>\n<\/tr>\n<tr class=\"row-5\">\n\t<td class=\"column-1\">DCT-3000<\/td><td class=\"column-2\">3.0 kg\/h<\/td><td class=\"column-3\">140 g\/Nm<sup>3<\/sup><\/td><td class=\"column-4\">360 l\/min<\/td><td class=\"column-5\">450 kg<\/td><td class=\"column-6\"><a target=\"blank\" href=\"https:\/\/ozonetech.com\/wp-content\/uploads\/2020\/12\/Datasheet-Ozone-Generators-DCT-EN-v.2.0-web.pdf\" rel=\"noopener\">Ficha t\u00e9cnica<\/a><\/td>\n<\/tr>\n<tr class=\"row-6\">\n\t<td class=\"column-1\">DCT-4000<\/td><td class=\"column-2\">4.0 kg\/h<\/td><td class=\"column-3\">140 g\/Nm<sup>3<\/sup><\/td><td class=\"column-4\">480 l\/min<\/td><td class=\"column-5\">600 kg<\/td><td class=\"column-6\"><a target=\"blank\" href=\"https:\/\/ozonetech.com\/wp-content\/uploads\/2020\/12\/Datasheet-Ozone-Generators-DCT-EN-v.2.0-web.pdf\" rel=\"noopener\">Ficha t\u00e9cnica<\/a><\/td>\n<\/tr>\n<tr class=\"row-7\">\n\t<td class=\"column-1\">DCT-5000<\/td><td class=\"column-2\">5.0 kg\/h<\/td><td class=\"column-3\">140 g\/Nm<sup>3<\/sup><\/td><td class=\"column-4\">600 l\/min<\/td><td class=\"column-5\">750 kg<\/td><td class=\"column-6\"><a target=\"blank\" href=\"https:\/\/ozonetech.com\/wp-content\/uploads\/2020\/12\/Datasheet-Ozone-Generators-DCT-EN-v.2.0-web.pdf\" rel=\"noopener\">Ficha t\u00e9cnica<\/a><\/td>\n<\/tr>\n<\/tbody>\n<\/table>\n<span id=\"tablepress-320-description\" class=\"tablepress-table-description tablepress-table-description-id-320\">Para niveles de producci\u00f3n de ozono de m\u00e1s de 5,0 kg\/h, por favor p\u00f3ngase en contacto con nosotros para m\u00e1s informaci\u00f3n.<\/span>\n<!-- #tablepress-320 from cache -->                                        <p class=\"wp-caption\">Para niveles de producci\u00f3n de ozono superiores a 5.0 kg\/h, por favor contacte con nosotros para m\u00e1s informaci\u00f3n.<\/p>\n                    <\/div>\n    <\/div>\n<\/div>\n\n\n<div class=\"container-fluid editor_content content content--narrower\">\n    <div class=\"row\">\n        <div class=\"col-12 editor_content\">\n            <p>&nbsp;<\/p>\n<h2>Solicitar presupuesto<\/h2>\n        <\/div>\n    <\/div>\n<\/div>\n\n\n\n<div class=\"container-fluid editor_content content content--narrow\">\n    <div class=\"row\">\n        <div class=\"col-12 editor_content\">\n            <p><!-- SharpSpring Form for DCT Quotation EN  --><br \/>\n<script type=\"text\/javascript\">\n    var ss_form = {'account': 'MzawMDE3MzI2BwA', 'formID': 'M0k0SrQ0NjXSNUlLAhJmyam6FmYWZrqpyZYpyUmJKZaWSQYA'};\n    ss_form.width = '100%';\n    ss_form.domain = 'app-3QNJA1Z2XY.marketingautomation.services';\n    ss_form.hidden = {'field_400000003544067': 'Ozonetech.com'};\n    \/\/ ss_form.target_id = 'target'; \/\/ Optional parameter: forms will be placed inside the element with the specified id\n    \/\/ ss_form.polling = true; \/\/ Optional parameter: set to true ONLY if your page loads dynamically and the id needs to be polled continually.\n<\/script><br \/>\n<script type=\"text\/javascript\" src=\"https:\/\/koi-3QNJA1Z2XY.marketingautomation.services\/client\/form.js?ver=2.0.1\"><\/script><\/p>\n        <\/div>\n    <\/div>\n<\/div>\n\n<\/section>\n","protected":false},"excerpt":{"rendered":"","protected":false},"author":21,"featured_media":0,"parent":37129,"menu_order":0,"comment_status":"closed","ping_status":"closed","template":"","meta":{"_acf_changed":false,"_seopress_robots_primary_cat":"","_seopress_titles_title":"","_seopress_titles_desc":"El generador de ozono DCT lee continuamente los par\u00e1metros vitales del sistema y puede conectarse a un ordenador externo o a Internet.","_seopress_robots_index":"","inline_featured_image":false,"footnotes":""},"class_list":["post-37139","page","type-page","status-publish","hentry"],"acf":[],"_links":{"self":[{"href":"https:\/\/ozonetech.com\/es\/wp-json\/wp\/v2\/pages\/37139","targetHints":{"allow":["GET"]}}],"collection":[{"href":"https:\/\/ozonetech.com\/es\/wp-json\/wp\/v2\/pages"}],"about":[{"href":"https:\/\/ozonetech.com\/es\/wp-json\/wp\/v2\/types\/page"}],"author":[{"embeddable":true,"href":"https:\/\/ozonetech.com\/es\/wp-json\/wp\/v2\/users\/21"}],"replies":[{"embeddable":true,"href":"https:\/\/ozonetech.com\/es\/wp-json\/wp\/v2\/comments?post=37139"}],"version-history":[{"count":9,"href":"https:\/\/ozonetech.com\/es\/wp-json\/wp\/v2\/pages\/37139\/revisions"}],"predecessor-version":[{"id":41991,"href":"https:\/\/ozonetech.com\/es\/wp-json\/wp\/v2\/pages\/37139\/revisions\/41991"}],"up":[{"embeddable":true,"href":"https:\/\/ozonetech.com\/es\/wp-json\/wp\/v2\/pages\/37129"}],"wp:attachment":[{"href":"https:\/\/ozonetech.com\/es\/wp-json\/wp\/v2\/media?parent=37139"}],"curies":[{"name":"wp","href":"https:\/\/api.w.org\/{rel}","templated":true}]}}