{"id":37124,"date":"2020-06-25T06:28:23","date_gmt":"2020-06-25T06:28:23","guid":{"rendered":"https:\/\/ozonetech.com\/productos\/ozone-equipment-closed-cooling-systems\/"},"modified":"2024-11-07T08:37:22","modified_gmt":"2024-11-07T07:37:22","slug":"equipos-de-ozono","status":"publish","type":"page","link":"https:\/\/ozonetech.com\/es\/productos\/equipos-de-ozono\/","title":{"rendered":"Equipos de ozono"},"content":{"rendered":"\n<section\n    class=\"block hero hero--regular\"\n    style=\"background-image: url('https:\/\/ozonetech.com\/wp-content\/uploads\/2021\/03\/ozone-equipment-cooling-system-1-1600x484.jpg'); --hero-opacity: 0.3\"\n>\n\n    <div class=\"container-fluid\">\n\n        <div class=\"content editor_content\">\n                         \n                <h2 class='h2'>Equipos de ozono &#038; sistemas de refrigeraci\u00f3n cerrados<\/h2>            \n                    <\/div>\n\n            <\/div>\n<\/section>\n\n\n<section class=\"component component_breadcrumbs\">\n\t<div class=\"container-fluid\">\n  \t<\/div>\n<\/section>\n\n\n<section\n    id=\"\"\n    class=\"block content-block\"\n\tstyle=\"--cb-bg: white; --cb-content: #000; padding-top: 30px; padding-bottom: 30px;\"\n>\n    \n\n<div class=\"container-fluid editor_content content content--narrow\">\n    <div class=\"row\">\n        <div class=\"col-12 editor_content\">\n            <h1 style=\"text-align: left;\">Sistemas de refrigeraci\u00f3n cerrados y otros componentes esenciales para los sistemas de ozono<\/h1>\n<p class=\"preamble\">Nuestras soluciones y sistemas de ozono y oxidaci\u00f3n llave en mano requieren muchos componentes y accesorios esenciales. Algunos de estos componentes est\u00e1n disponibles para la compra. Solicite un presupuesto.<\/p>\n<h3>Sistemas de refrigeraci\u00f3n cerrados<\/h3>\n<p>Los sistemas de refrigeraci\u00f3n cerrados son la alternativa perfecta cuando no se dispone de fuentes de refrigeraci\u00f3n externas y\/o el coste del consumo de agua para la refrigeraci\u00f3n es demasiado alto.<\/p>\n<p>Podemos suministrar cualquiera de nuestros sistemas de refrigeraci\u00f3n est\u00e1ndar con una multitud de opciones y accesorios para ofrecer una soluci\u00f3n llave en mano que cumple con sus necesidades espec\u00edficas de refrigeraci\u00f3n.<\/p>\n<p>Nuestros sistemas de refrigeraci\u00f3n cerrados pueden funcionar a temperaturas ambientales de hasta 40 grados Celsius (o 104 F) y con distintas capacidades, de hasta 165 l\/h.<\/p>\n<h3>Sistemas de control<\/h3>\n<p>Nuestro sistema de control desarrollado internamente, O3Eye\u2122, supervisa todo el sistema de ozono, incluidos todos los componentes perif\u00e9ricos conectados. La unidad tambi\u00e9n proporciona varias actualizaciones de estado y se\u00f1ales de alarma.<\/p>\n<p>Con nuestro Acuerdo de Servicio Premium, el O3Eye\u2122 de su sistema Ozonetech estar\u00e1 conectado a nuestro programa de monitorizaci\u00f3n remota en l\u00ednea, y nuestro equipo de atenci\u00f3n al cliente podr\u00e1 optimizar su plan de mantenimiento y el tiempo de funcionamiento de su sistema.<\/p>\n<p>Para obtener m\u00e1s detalles t\u00e9cnicos sobre nuestros sistemas de refrigeraci\u00f3n cerrados y sistemas de control actualmente en stock, lea las hojas de datos en la tabla siguiente:<\/p>\n        <\/div>\n    <\/div>\n<\/div>\n\n<div class=\"container-fluid editor_content\">\n    <div class=\"row\">\n        <div class=\"col-12 editor_content table-wrapper \" style=\"--table-text-color-header: #FFFFFF; --table-text-color-rows: #000000; --table-background-color-header: #5f5f5f; --table-background-color-rows-even: #efefef; --table-background-color-rows-odd: #dfdfdf; \">\n                            \n<table id=\"tablepress-316\" class=\"tablepress tablepress-id-316\" aria-describedby=\"tablepress-316-description\">\n<thead>\n<tr class=\"row-1\">\n\t<th class=\"column-1\">Modelo<\/th><th class=\"column-2\">Descripci\u00f3n<\/th><th class=\"column-3\">PDF<\/th>\n<\/tr>\n<\/thead>\n<tbody class=\"row-striping\">\n<tr class=\"row-2\">\n\t<td class=\"column-1\">O3Eye\u2122<\/td><td class=\"column-2\">Sistema de control<\/td><td class=\"column-3\"><a target=\"blank\" href=\"https:\/\/ozonetech.com\/wp-content\/uploads\/2020\/12\/Datasheet-Control-Monitor-O3Eye-EN-v.2.0-web.pdf\" rel=\"noopener\">Ficha t\u00e9cnica<\/a><\/td>\n<\/tr>\n<tr class=\"row-3\">\n\t<td class=\"column-1\">Sistema de refrigeraci\u00f3n cerrado WENR003s<\/td><td class=\"column-2\">Sistema de refrigeraci\u00f3n cerrado (3.4 kW cooling capacity)<\/td><td class=\"column-3\"><a target=\"blank\" href=\"https:\/\/ozonetech.com\/wp-content\/uploads\/2021\/03\/Datasheet-Closed-Cooling-System-WENR003s-EN-v.2.0-web.pdf\" rel=\"noopener\">Ficha t\u00e9cnica<\/a><\/td>\n<\/tr>\n<tr class=\"row-4\">\n\t<td class=\"column-1\">Sistema de refrigeraci\u00f3n cerrado WBK1224<\/td><td class=\"column-2\">Sistema de refrigeraci\u00f3n cerrado (0.8 kW capacidad de refrigeraci\u00f3n)<\/td><td class=\"column-3\"><a target=\"blank\" href=\"https:\/\/ozonetech.com\/wp-content\/uploads\/2020\/12\/Datasheet-Closed-cooling-system-WBK1224xxx-EN-v.2.0-web.pdf\" rel=\"noopener\">Ficha t\u00e9cnica<\/a><\/td>\n<\/tr>\n<tr class=\"row-5\">\n\t<td class=\"column-1\">Sistema de refrigeraci\u00f3n cerrado WBK2380s<\/td><td class=\"column-2\">Sistema de refrigeraci\u00f3n cerrado (2.0 kW capacidad de refrigeraci\u00f3n)<\/td><td class=\"column-3\"><a target=\"blank\" href=\"https:\/\/ozonetech.com\/wp-content\/uploads\/2020\/12\/Datasheet-Closed-Cooling-System-WBK-5650s-1550-2380s-EN-v.2.0-web.pdf\" rel=\"noopener\">Ficha t\u00e9cnica<\/a><\/td>\n<\/tr>\n<tr class=\"row-6\">\n\t<td class=\"column-1\">Sistema de refrigeraci\u00f3n cerrado WBK1550\/5650s<\/td><td class=\"column-2\">Sistema de refrigeraci\u00f3n cerrado (1.3 kW capacidad de refrigeraci\u00f3n)<\/td><td class=\"column-3\"><a target=\"blank\" href=\"https:\/\/ozonetech.com\/wp-content\/uploads\/2020\/12\/Datasheet-Closed-Cooling-System-WBK-5650s-1550-2380s-EN-v.2.0-web.pdf\" rel=\"noopener\">Ficha t\u00e9cnica<\/a><\/td>\n<\/tr>\n<tr class=\"row-7\">\n\t<td class=\"column-1\">Tuber\u00eda de tefl\u00f3n para ozono (PTFE)<\/td><td class=\"column-2\">Tuber\u00eda resistente al ozono (OD 4\/6\/8\/12 mm)<\/td><td class=\"column-3\">N\/A<\/td>\n<\/tr>\n<tr class=\"row-8\">\n\t<td class=\"column-1\">Junta t\u00f3rica para ozono<\/td><td class=\"column-2\">7.66&#215;1.78 &#8211; 250&#215;3.0 (FPM)<\/td><td class=\"column-3\">N\/A<\/td>\n<\/tr>\n<tr class=\"row-9\">\n\t<td class=\"column-1\">V\u00e1lvulas y conexiones de tuber\u00edas para ozono<\/td><td class=\"column-2\">Conexiones de tuber\u00edas y v\u00e1lvulas (6-12 mm)<\/td><td class=\"column-3\">N\/A<\/td>\n<\/tr>\n<\/tbody>\n<\/table>\n<span id=\"tablepress-316-description\" class=\"tablepress-table-description tablepress-table-description-id-316\"><\/span>\n<!-- #tablepress-316 from cache -->                                <\/div>\n    <\/div>\n<\/div>\n\n\n<div class=\"container-fluid editor_content content content--narrower\">\n    <div class=\"row\">\n        <div class=\"col-12 editor_content\">\n            <p>&nbsp;<\/p>\n<h2>Solicitar presupuesto<\/h2>\n        <\/div>\n    <\/div>\n<\/div>\n\n\n\n<div class=\"container-fluid editor_content content content--narrow\">\n    <div class=\"row\">\n        <div class=\"col-12 editor_content\">\n            <p><!-- SharpSpring Form for OE Quotation EN  --><br \/>\n<script type=\"text\/javascript\">\n    var ss_form = {'account': 'MzawMDE3MzI2BwA', 'formID': 'BcEJCQAACAPARAPBCRpnPv0reLdtHteOqm3wPJEyQqI0E5fcBw'};\n    ss_form.width = '100%';\n    ss_form.domain = 'app-3QNJA1Z2XY.marketingautomation.services';\n    ss_form.hidden = {'field_400000003544067': 'Ozonetech.com'};\n    \/\/ ss_form.target_id = 'target'; \/\/ Optional parameter: forms will be placed inside the element with the specified id\n    \/\/ ss_form.polling = true; \/\/ Optional parameter: set to true ONLY if your page loads dynamically and the id needs to be polled continually.\n<\/script><br \/>\n<script type=\"text\/javascript\" src=\"https:\/\/koi-3QNJA1Z2XY.marketingautomation.services\/client\/form.js?ver=2.0.1\"><\/script><\/p>\n        <\/div>\n    <\/div>\n<\/div>\n\n<\/section>\n","protected":false},"excerpt":{"rendered":"","protected":false},"author":21,"featured_media":0,"parent":37076,"menu_order":0,"comment_status":"closed","ping_status":"closed","template":"","meta":{"_acf_changed":false,"_seopress_robots_primary_cat":"","_seopress_titles_title":"","_seopress_titles_desc":"Consulte aqu\u00ed otros equipos de ozono que pueden utilizarse junto con nuestros productos y en aplicaciones de ozono.","_seopress_robots_index":"","inline_featured_image":false,"footnotes":""},"class_list":["post-37124","page","type-page","status-publish","hentry"],"acf":[],"_links":{"self":[{"href":"https:\/\/ozonetech.com\/es\/wp-json\/wp\/v2\/pages\/37124","targetHints":{"allow":["GET"]}}],"collection":[{"href":"https:\/\/ozonetech.com\/es\/wp-json\/wp\/v2\/pages"}],"about":[{"href":"https:\/\/ozonetech.com\/es\/wp-json\/wp\/v2\/types\/page"}],"author":[{"embeddable":true,"href":"https:\/\/ozonetech.com\/es\/wp-json\/wp\/v2\/users\/21"}],"replies":[{"embeddable":true,"href":"https:\/\/ozonetech.com\/es\/wp-json\/wp\/v2\/comments?post=37124"}],"version-history":[{"count":6,"href":"https:\/\/ozonetech.com\/es\/wp-json\/wp\/v2\/pages\/37124\/revisions"}],"predecessor-version":[{"id":42044,"href":"https:\/\/ozonetech.com\/es\/wp-json\/wp\/v2\/pages\/37124\/revisions\/42044"}],"up":[{"embeddable":true,"href":"https:\/\/ozonetech.com\/es\/wp-json\/wp\/v2\/pages\/37076"}],"wp:attachment":[{"href":"https:\/\/ozonetech.com\/es\/wp-json\/wp\/v2\/media?parent=37124"}],"curies":[{"name":"wp","href":"https:\/\/api.w.org\/{rel}","templated":true}]}}