{"id":37119,"date":"2020-06-25T06:21:16","date_gmt":"2020-06-25T06:21:16","guid":{"rendered":"https:\/\/ozonetech.com\/productos\/ozone-destructors\/"},"modified":"2024-11-07T10:36:10","modified_gmt":"2024-11-07T09:36:10","slug":"destructores-de-ozono","status":"publish","type":"page","link":"https:\/\/ozonetech.com\/es\/productos\/destructores-de-ozono\/","title":{"rendered":"Destructores de ozono"},"content":{"rendered":"\n<section\n    class=\"block hero hero--regular\"\n    style=\"background-image: url('https:\/\/ozonetech.com\/wp-content\/uploads\/2021\/03\/destructors-1600x484.jpg'); --hero-opacity: 0.3\"\n>\n\n    <div class=\"container-fluid\">\n\n        <div class=\"content editor_content\">\n                         \n                <h2 class='h2'>Destructores de ozono<\/h2>            \n                    <\/div>\n\n            <\/div>\n<\/section>\n\n\n<section class=\"component component_breadcrumbs\">\n\t<div class=\"container-fluid\">\n  \t<\/div>\n<\/section>\n\n\n<section\n    id=\"\"\n    class=\"block content-block\"\n\tstyle=\"--cb-bg: white; --cb-content: #000; padding-top: 30px; padding-bottom: 30px;\"\n>\n    \n\n<div class=\"container-fluid editor_content content content--narrow\">\n    <div class=\"row\">\n        <div class=\"col-12 editor_content\">\n            <h1 style=\"text-align: left;\">Destructores de ozono compactos y eficaces<\/h1>\n        <\/div>\n    <\/div>\n<\/div>\n\n\n<div class=\"container-fluid content content--narrow\">\n    <div class=\"row\">\n        <div class=\"col-md-6 order-1 editor_content \">\n            <p class=\"preamble\">El ozono es una mol\u00e9cula muy potente y altamente reactiva que puede oxidar la mayor\u00eda de los metales y sustancias org\u00e1nicas. Aunque es muy \u00fatil en muchas aplicaciones de tratamiento del aire y del agua, despu\u00e9s del tratamiento pueden seguir existiendo altas concentraciones de ozono que deben ser destruidas.<\/p>\n<p>Todos los destructores de ozono se completan con materiales catal\u00edticos y acoplamiento r\u00e1pido.<\/p>\n        <\/div>\n        <div class=\"col-md-6 order-2 editor_content d-flex justify-content-center\">\n                                            <figure class=\"side-image \">\n                    <img loading=\"lazy\" decoding=\"async\" width=\"425\" height=\"297\" src=\"https:\/\/ozonetech.com\/wp-content\/uploads\/2021\/03\/ozone-destructors-1.png\" class=\"attachment-full size-full\" alt=\"\" srcset=\"https:\/\/ozonetech.com\/wp-content\/uploads\/2021\/03\/ozone-destructors-1.png 425w, https:\/\/ozonetech.com\/wp-content\/uploads\/2021\/03\/ozone-destructors-1-300x210.png 300w\" sizes=\"auto, (max-width: 425px) 100vw, 425px\" \/>                                    <\/figure>\n                    <\/div>\n    <\/div>\n<\/div>\n\n\n<div class=\"container-fluid editor_content content content--narrow\">\n    <div class=\"row\">\n        <div class=\"col-12 editor_content\">\n            <p>Todos los destructores de ozono se completan con materiales catal\u00edticos y acoplamiento r\u00e1pido.<\/p>\n<p>Nuestros destructores de ozono convierten r\u00e1pidamente el ozono en ox\u00edgeno, sin emitir di\u00f3xido de carbono ni gases t\u00f3xicos como el mon\u00f3xido de carbono.<\/p>\n<p>Los destructores de ozono catal\u00edticos Ozonetech est\u00e1n fabricados en acero inoxidable y garantizan un m\u00e1ximo de 0,1 ppm de gas ozono, independientemente de la concentraci\u00f3n de ozono entrante.<\/p>\n<p>Cada destructor de ozono se entrega completo con accesorios, conexiones y material catal\u00edtico.<\/p>\n<p>Tambi\u00e9n ofrecemos destructores de ozono hechos a medida para rangos de flujo de gas fuera de nuestros destructores de ozono catal\u00edticos est\u00e1ndar.<\/p>\n<p>Si est\u00e1 interesado en nuestras completas soluciones para el tratamiento de grandes caudales de ozono, consulte, por favor, las soluciones de <a href=\"https:\/\/ozonetech.com\/es\/soluciones-y-sistemas\/tratamiento-de-aire\/sistema-de-destruccion-de-ozono\/\"><strong>destrucci\u00f3n de Ozono Contra<\/strong><\/a>.<\/p>\n<p>Para obtener informaci\u00f3n t\u00e9cnica detallada, le recomendamos que lea las fichas t\u00e9cnicas adjuntas a la siguiente tabla:<\/p>\n        <\/div>\n    <\/div>\n<\/div>\n\n<div class=\"container-fluid editor_content\">\n    <div class=\"row\">\n        <div class=\"col-12 editor_content table-wrapper \" style=\"--table-text-color-header: #FFFFFF; --table-text-color-rows: #000000; --table-background-color-header: #5f5f5f; --table-background-color-rows-even: #efefef; --table-background-color-rows-odd: #dfdfdf; \">\n                            \n<table id=\"tablepress-315\" class=\"tablepress tablepress-id-315\" aria-describedby=\"tablepress-315-description\">\n<thead>\n<tr class=\"row-1\">\n\t<th class=\"column-1\">Modelo<\/th><th class=\"column-2\">Capacidad<\/th><th class=\"column-3\">Generador de ozono recomendado<\/th><th class=\"column-4\">PDF<\/th>\n<\/tr>\n<\/thead>\n<tbody class=\"row-striping\">\n<tr class=\"row-2\">\n\t<td class=\"column-1\">Destructor de ozono OD-100<\/td><td class=\"column-2\">15 l\/min<\/td><td class=\"column-3\">serie ICT<\/td><td class=\"column-4\"><a target=\"blank\" href=\"https:\/\/ozonetech.com\/wp-content\/uploads\/2021\/04\/Datasheet-Ozone-Destructors-v.2.0-EN-web.pdf\" rel=\"noopener\">Ficha t\u00e9cnica<\/a><\/td>\n<\/tr>\n<tr class=\"row-3\">\n\t<td class=\"column-1\">Destructor de ozono OD-200<\/td><td class=\"column-2\">30 l\/min<\/td><td class=\"column-3\">serie ICT<\/td><td class=\"column-4\"><a target=\"blank\" href=\"https:\/\/ozonetech.com\/wp-content\/uploads\/2021\/04\/Datasheet-Ozone-Destructors-v.2.0-EN-web.pdf\" rel=\"noopener\">Ficha t\u00e9cnica<\/a><\/td>\n<\/tr>\n<tr class=\"row-4\">\n\t<td class=\"column-1\">Destructor de ozono OD-400<\/td><td class=\"column-2\">65 l\/min<\/td><td class=\"column-3\">serie ICT\/DCT<\/td><td class=\"column-4\"><a target=\"blank\" href=\"https:\/\/ozonetech.com\/wp-content\/uploads\/2021\/04\/Datasheet-Ozone-Destructors-v.2.0-EN-web.pdf\" rel=\"noopener\">Ficha t\u00e9cnica<\/a><\/td>\n<\/tr>\n<tr class=\"row-5\">\n\t<td class=\"column-1\">Destructor de ozono OD-1000<\/td><td class=\"column-2\">150 l\/min<\/td><td class=\"column-3\">serie ICT\/DCT<\/td><td class=\"column-4\"><a target=\"blank\" href=\"https:\/\/ozonetech.com\/wp-content\/uploads\/2021\/04\/Datasheet-Ozone-Destructors-v.2.0-EN-web.pdf\" rel=\"noopener\">Ficha t\u00e9cnica<\/a><\/td>\n<\/tr>\n<tr class=\"row-6\">\n\t<td class=\"column-1\">Destructor de ozono OD-5000<\/td><td class=\"column-2\">830 l\/min<\/td><td class=\"column-3\">serie ICT\/DCT<\/td><td class=\"column-4\"><a target=\"blank\" href=\"https:\/\/ozonetech.com\/wp-content\/uploads\/2021\/04\/Datasheet-Ozone-Destructors-v.2.0-EN-web.pdf\" rel=\"noopener\">Ficha t\u00e9cnica<\/a><\/td>\n<\/tr>\n<\/tbody>\n<\/table>\n<span id=\"tablepress-315-description\" class=\"tablepress-table-description tablepress-table-description-id-315\"><\/span>\n<!-- #tablepress-315 from cache -->                                <\/div>\n    <\/div>\n<\/div>\n\n\n<div class=\"container-fluid editor_content content content--narrower\">\n    <div class=\"row\">\n        <div class=\"col-12 editor_content\">\n            <p>&nbsp;<\/p>\n<h2>Solicitar presupuesto<\/h2>\n        <\/div>\n    <\/div>\n<\/div>\n\n\n\n<div class=\"container-fluid editor_content content content--narrow\">\n    <div class=\"row\">\n        <div class=\"col-12 editor_content\">\n            <p><!-- SharpSpring Form for OD Quotation EN --><br \/>\n<script type=\"text\/javascript\">\n    var ss_form = {'account': 'MzawMDE3MzI2BwA', 'formID': 'MzdMNjZOSzLRTTaxMNA1MTE20rVIMTbXNbc0SE1MMjUyT0w2BwA'};\n    ss_form.width = '100%';\n    ss_form.domain = 'app-3QNJA1Z2XY.marketingautomation.services';\n    ss_form.hidden = {'field_400000003544067': 'Ozonetech.com'};\n    \/\/ ss_form.target_id = 'target'; \/\/ Optional parameter: forms will be placed inside the element with the specified id\n    \/\/ ss_form.polling = true; \/\/ Optional parameter: set to true ONLY if your page loads dynamically and the id needs to be polled continually.\n<\/script><br \/>\n<script type=\"text\/javascript\" src=\"https:\/\/koi-3QNJA1Z2XY.marketingautomation.services\/client\/form.js?ver=2.0.1\"><\/script><\/p>\n        <\/div>\n    <\/div>\n<\/div>\n\n<\/section>\n","protected":false},"excerpt":{"rendered":"","protected":false},"author":21,"featured_media":0,"parent":37076,"menu_order":0,"comment_status":"closed","ping_status":"closed","template":"","meta":{"_acf_changed":false,"_seopress_robots_primary_cat":"","_seopress_titles_title":"","_seopress_titles_desc":"Un destructor de ozono convierte el ozono en ox\u00edgeno r\u00e1pidamente y sin emitir gases t\u00f3xicos, como el mon\u00f3xido de carbono.","_seopress_robots_index":"","inline_featured_image":false,"footnotes":""},"class_list":["post-37119","page","type-page","status-publish","hentry"],"acf":[],"_links":{"self":[{"href":"https:\/\/ozonetech.com\/es\/wp-json\/wp\/v2\/pages\/37119","targetHints":{"allow":["GET"]}}],"collection":[{"href":"https:\/\/ozonetech.com\/es\/wp-json\/wp\/v2\/pages"}],"about":[{"href":"https:\/\/ozonetech.com\/es\/wp-json\/wp\/v2\/types\/page"}],"author":[{"embeddable":true,"href":"https:\/\/ozonetech.com\/es\/wp-json\/wp\/v2\/users\/21"}],"replies":[{"embeddable":true,"href":"https:\/\/ozonetech.com\/es\/wp-json\/wp\/v2\/comments?post=37119"}],"version-history":[{"count":10,"href":"https:\/\/ozonetech.com\/es\/wp-json\/wp\/v2\/pages\/37119\/revisions"}],"predecessor-version":[{"id":42048,"href":"https:\/\/ozonetech.com\/es\/wp-json\/wp\/v2\/pages\/37119\/revisions\/42048"}],"up":[{"embeddable":true,"href":"https:\/\/ozonetech.com\/es\/wp-json\/wp\/v2\/pages\/37076"}],"wp:attachment":[{"href":"https:\/\/ozonetech.com\/es\/wp-json\/wp\/v2\/media?parent=37119"}],"curies":[{"name":"wp","href":"https:\/\/api.w.org\/{rel}","templated":true}]}}