{"id":37113,"date":"2021-03-10T15:51:51","date_gmt":"2021-03-10T14:51:51","guid":{"rendered":"https:\/\/ozonetech.com\/productos\/generadores-y-concentradores-de-oxigeno\/topaz-series\/"},"modified":"2024-11-07T11:00:58","modified_gmt":"2024-11-07T10:00:58","slug":"serie-topaz","status":"publish","type":"page","link":"https:\/\/ozonetech.com\/es\/productos\/generadores-y-concentradores-de-oxigeno\/serie-topaz\/","title":{"rendered":"Serie Topaz"},"content":{"rendered":"\n<section\n    id=\"\"\n    class=\"block content-block\"\n\tstyle=\"--cb-bg: #fff; --cb-content: #000; \"\n>\n    \n\n<div class=\"container-fluid editor_content content content--narrow\">\n    <div class=\"row\">\n        <div class=\"col-12 editor_content\">\n            <h1 class=\"h2\">Serie Topaz<\/h1>\n<p class=\"preamble\">Dise\u00f1ados espec\u00edficamente para ofrecer fiabilidad, eficiencia energ\u00e9tica y facilidad de uso, actualmente hay miles de generadores de ox\u00edgeno Topaz PSA en uso en todo el mundo.<\/p>\n<p>La capacidad del Topaz de suministrar una concentraci\u00f3n de ox\u00edgeno de hasta el 95,5% lo convierte en un producto ideal para una amplia gama de aplicaciones comerciales. Estos generadores no requieren ninguna instalaci\u00f3n especial. Simplemente conecte la salida de ox\u00edgeno a su aplicaci\u00f3n o sistema de distribuci\u00f3n de ox\u00edgeno y el cable de alimentaci\u00f3n a una tomacorriente con toma a tierra. Encienda la unidad y configure el caudal de ox\u00edgeno.<\/p>\n        <\/div>\n    <\/div>\n<\/div>\n\n\n<div class=\"container-fluid content content--narrow\">\n    <div class=\"row\">\n        <div class=\"col-md-6 order-1 editor_content \">\n            <h2><\/h2>\n<h2 class=\"h3\">Aplicaciones t\u00edpicas<\/h2>\n<h3 class=\"h4\">Fabricaci\u00f3n<\/h3>\n<ul>\n<li>Joyer\u00eda\/Soldadura blanda\/Soldadura fuerte<\/li>\n<li>Trabajo en vidrio\/soplado<\/li>\n<li>Oxidaci\u00f3n t\u00e9rmica\/qu\u00edmica<\/li>\n<\/ul>\n<h3 class=\"h4\">Environmental<\/h3>\n<ul>\n<li>Gas de alimentaci\u00f3n para generadores de ozono<\/li>\n<li>Saneamiento ambiental<\/li>\n<li>Tratamiento de aguas (residuales)<\/li>\n<\/ul>\n<h3 class=\"h4\">Adicional<\/h3>\n<ul>\n<li>Piscicultura<\/li>\n<\/ul>\n        <\/div>\n        <div class=\"col-md-6 order-2 editor_content d-flex justify-content-center\">\n                                            <figure class=\"side-image \">\n                    <img loading=\"lazy\" decoding=\"async\" width=\"425\" height=\"477\" src=\"https:\/\/ozonetech.com\/wp-content\/uploads\/2021\/03\/topaz-ozonetech-2-e1614762809551.png\" class=\"attachment-full size-full\" alt=\"\" srcset=\"https:\/\/ozonetech.com\/wp-content\/uploads\/2021\/03\/topaz-ozonetech-2-e1614762809551.png 425w, https:\/\/ozonetech.com\/wp-content\/uploads\/2021\/03\/topaz-ozonetech-2-e1614762809551-267x300.png 267w\" sizes=\"auto, (max-width: 425px) 100vw, 425px\" \/>                                    <\/figure>\n                    <\/div>\n    <\/div>\n<\/div>\n\n\n<div class=\"container-fluid editor_content content content--narrow\">\n    <div class=\"row\">\n        <div class=\"col-12 editor_content\">\n            <h3><\/h3>\n<h3>Solicite un presupuesto<\/h3>\n<p><!-- SharpSpring Form for Topaz Onyx Quotation ES  --><br \/>\n<script type=\"text\/javascript\">\n    var ss_form = {'account': 'MzawMDE3MzI2BwA', 'formID': 'MzUwMkg1NTHXTTFLTtM1sUwx1bVMTTLQtTBNM00xSUszNDA1BQA'};\n    ss_form.width = '100%';\n    ss_form.domain = 'app-3QNJA1Z2XY.marketingautomation.services';\n    ss_form.hidden = {'field_400000003544067': 'Ozonetech.com'};\n    \/\/ ss_form.target_id = 'target'; \/\/ Optional parameter: forms will be placed inside the element with the specified id\n    \/\/ ss_form.polling = true; \/\/ Optional parameter: set to true ONLY if your page loads dynamically and the id needs to be polled continually.\n<\/script><br \/>\n<script type=\"text\/javascript\" src=\"https:\/\/koi-3QNJA1Z2XY.marketingautomation.services\/client\/form.js?ver=2.0.1\"><\/script><\/p>\n        <\/div>\n    <\/div>\n<\/div>\n\n<\/section>\n","protected":false},"excerpt":{"rendered":"","protected":false},"author":21,"featured_media":0,"parent":37092,"menu_order":0,"comment_status":"closed","ping_status":"closed","template":"","meta":{"_acf_changed":false,"_seopress_robots_primary_cat":"","_seopress_titles_title":"","_seopress_titles_desc":"La capacidad del Topaz de suministrar una concentraci\u00f3n de ox\u00edgeno de hasta el 95,5% lo convierte en un producto ideal.","_seopress_robots_index":"","inline_featured_image":false,"footnotes":""},"class_list":["post-37113","page","type-page","status-publish","hentry"],"acf":[],"_links":{"self":[{"href":"https:\/\/ozonetech.com\/es\/wp-json\/wp\/v2\/pages\/37113","targetHints":{"allow":["GET"]}}],"collection":[{"href":"https:\/\/ozonetech.com\/es\/wp-json\/wp\/v2\/pages"}],"about":[{"href":"https:\/\/ozonetech.com\/es\/wp-json\/wp\/v2\/types\/page"}],"author":[{"embeddable":true,"href":"https:\/\/ozonetech.com\/es\/wp-json\/wp\/v2\/users\/21"}],"replies":[{"embeddable":true,"href":"https:\/\/ozonetech.com\/es\/wp-json\/wp\/v2\/comments?post=37113"}],"version-history":[{"count":9,"href":"https:\/\/ozonetech.com\/es\/wp-json\/wp\/v2\/pages\/37113\/revisions"}],"predecessor-version":[{"id":42077,"href":"https:\/\/ozonetech.com\/es\/wp-json\/wp\/v2\/pages\/37113\/revisions\/42077"}],"up":[{"embeddable":true,"href":"https:\/\/ozonetech.com\/es\/wp-json\/wp\/v2\/pages\/37092"}],"wp:attachment":[{"href":"https:\/\/ozonetech.com\/es\/wp-json\/wp\/v2\/media?parent=37113"}],"curies":[{"name":"wp","href":"https:\/\/api.w.org\/{rel}","templated":true}]}}