{"id":37104,"date":"2021-03-10T15:32:35","date_gmt":"2021-03-10T14:32:35","guid":{"rendered":"https:\/\/ozonetech.com\/productos\/generadores-y-concentradores-de-oxigeno\/onyx-series\/"},"modified":"2024-11-07T08:12:14","modified_gmt":"2024-11-07T07:12:14","slug":"serie-onyx","status":"publish","type":"page","link":"https:\/\/ozonetech.com\/es\/productos\/generadores-y-concentradores-de-oxigeno\/serie-onyx\/","title":{"rendered":"Serie Onyx"},"content":{"rendered":"<section class=\"component component_breadcrumbs\">\n\t<div class=\"container-fluid\">\n  \t<\/div>\n<\/section>\n\n\n<section\n    id=\"\"\n    class=\"block content-block\"\n\tstyle=\"--cb-bg: #fff; --cb-content: #000; \"\n>\n    \n\n<div class=\"container-fluid editor_content content content--narrow\">\n    <div class=\"row\">\n        <div class=\"col-12 editor_content\">\n            <h1 class=\"h2\">Serie Onyx<\/h1>\n<p class=\"preamble\">Dise\u00f1ados espec\u00edficamente para ofrecer fiabilidad, eficiencia energ\u00e9tica y facilidad de uso, actualmente hay miles de generadores de ox\u00edgeno Onyx PSA en uso en todo el mundo.<\/p>\n<p>La fiabilidad del Onyx, su bajo nivel de ruido y su capacidad para suministrar una concentraci\u00f3n de ox\u00edgeno de hasta el 95,5% lo convierten en la opci\u00f3n perfecta para muchas aplicaciones. Estos generadores no requieren ninguna instalaci\u00f3n especial. Simplemente conecte la salida de ox\u00edgeno a su aplicaci\u00f3n o sistema de distribuci\u00f3n de ox\u00edgeno y el cable de alimentaci\u00f3n a una tomacorriente con toma a tierra. Encienda la unidad y configure el caudal de ox\u00edgeno.<\/p>\n        <\/div>\n    <\/div>\n<\/div>\n\n\n<div class=\"container-fluid content content--narrow\">\n    <div class=\"row\">\n        <div class=\"col-md-6 order-1 editor_content \">\n            <h2><\/h2>\n<h2 class=\"h3\">Aplicaciones t\u00edpicas<\/h2>\n<h3 class=\"h4\">Fabricaci\u00f3n<\/h3>\n<ul>\n<li>Joyer\u00eda\/Soldadura blanda\/Soldadura fuerte<\/li>\n<li>Trabajo en vidrio\/soplado<\/li>\n<\/ul>\n<h3 class=\"h4\">Medio ambiente<\/h3>\n<ul>\n<li>Gas de alimentaci\u00f3n para generadores de ozono<\/li>\n<li>Saneamiento ambiental<\/li>\n<\/ul>\n<h3 class=\"h4\">Adicional<\/h3>\n<ul>\n<li>Piscicultura<\/li>\n<li>Bares de ox\u00edgeno<\/li>\n<li>Ejercicio con ox\u00edgeno (EWOT)<\/li>\n<li>Wellness\/spa<\/li>\n<\/ul>\n        <\/div>\n        <div class=\"col-md-6 order-2 editor_content d-flex justify-content-center\">\n                                            <figure class=\"side-image \">\n                    <img loading=\"lazy\" decoding=\"async\" width=\"425\" height=\"499\" src=\"https:\/\/ozonetech.com\/wp-content\/uploads\/2021\/03\/onyx-ozonetech-3.png\" class=\"attachment-full size-full\" alt=\"\" srcset=\"https:\/\/ozonetech.com\/wp-content\/uploads\/2021\/03\/onyx-ozonetech-3.png 425w, https:\/\/ozonetech.com\/wp-content\/uploads\/2021\/03\/onyx-ozonetech-3-256x300.png 256w\" sizes=\"auto, (max-width: 425px) 100vw, 425px\" \/>                                    <\/figure>\n                    <\/div>\n    <\/div>\n<\/div>\n\n\n<div class=\"container-fluid editor_content content content--narrow\">\n    <div class=\"row\">\n        <div class=\"col-12 editor_content\">\n            <h3>Solicite un presupuesto<\/h3>\n<p><!-- SharpSpring Form for Topaz Onyx Quotation ES  --><br \/>\n<script type=\"text\/javascript\">\n    var ss_form = {'account': 'MzawMDE3MzI2BwA', 'formID': 'MzUwMkg1NTHXTTFLTtM1sUwx1bVMTTLQtTBNM00xSUszNDA1BQA'};\n    ss_form.width = '100%';\n    ss_form.domain = 'app-3QNJA1Z2XY.marketingautomation.services';\n    ss_form.hidden = {'field_400000003544067': 'Ozonetech.com'};\n    \/\/ ss_form.target_id = 'target'; \/\/ Optional parameter: forms will be placed inside the element with the specified id\n    \/\/ ss_form.polling = true; \/\/ Optional parameter: set to true ONLY if your page loads dynamically and the id needs to be polled continually.\n<\/script><br \/>\n<script type=\"text\/javascript\" src=\"https:\/\/koi-3QNJA1Z2XY.marketingautomation.services\/client\/form.js?ver=2.0.1\"><\/script><\/p>\n        <\/div>\n    <\/div>\n<\/div>\n\n<\/section>\n","protected":false},"excerpt":{"rendered":"","protected":false},"author":21,"featured_media":0,"parent":37092,"menu_order":0,"comment_status":"closed","ping_status":"closed","template":"","meta":{"_acf_changed":false,"_seopress_robots_primary_cat":"","_seopress_titles_title":"","_seopress_titles_desc":"La fiabilidad del Onyx, su bajo nivel de ruido y su capacidad para suministrar una concentraci\u00f3n de ox\u00edgeno de hasta el 95,5%","_seopress_robots_index":"","inline_featured_image":false,"footnotes":""},"class_list":["post-37104","page","type-page","status-publish","hentry"],"acf":[],"_links":{"self":[{"href":"https:\/\/ozonetech.com\/es\/wp-json\/wp\/v2\/pages\/37104","targetHints":{"allow":["GET"]}}],"collection":[{"href":"https:\/\/ozonetech.com\/es\/wp-json\/wp\/v2\/pages"}],"about":[{"href":"https:\/\/ozonetech.com\/es\/wp-json\/wp\/v2\/types\/page"}],"author":[{"embeddable":true,"href":"https:\/\/ozonetech.com\/es\/wp-json\/wp\/v2\/users\/21"}],"replies":[{"embeddable":true,"href":"https:\/\/ozonetech.com\/es\/wp-json\/wp\/v2\/comments?post=37104"}],"version-history":[{"count":11,"href":"https:\/\/ozonetech.com\/es\/wp-json\/wp\/v2\/pages\/37104\/revisions"}],"predecessor-version":[{"id":41971,"href":"https:\/\/ozonetech.com\/es\/wp-json\/wp\/v2\/pages\/37104\/revisions\/41971"}],"up":[{"embeddable":true,"href":"https:\/\/ozonetech.com\/es\/wp-json\/wp\/v2\/pages\/37092"}],"wp:attachment":[{"href":"https:\/\/ozonetech.com\/es\/wp-json\/wp\/v2\/media?parent=37104"}],"curies":[{"name":"wp","href":"https:\/\/api.w.org\/{rel}","templated":true}]}}