{"id":37082,"date":"2020-06-25T06:35:11","date_gmt":"2020-06-25T06:35:11","guid":{"rendered":"https:\/\/ozonetech.com\/productos\/mixing-devices\/"},"modified":"2024-11-07T08:32:52","modified_gmt":"2024-11-07T07:32:52","slug":"dispositivos-de-mezclado","status":"publish","type":"page","link":"https:\/\/ozonetech.com\/es\/productos\/dispositivos-de-mezclado\/","title":{"rendered":"Dispositivos de mezclado"},"content":{"rendered":"\n<section\n    class=\"block hero hero--regular\"\n    style=\"background-image: url('https:\/\/ozonetech.com\/wp-content\/uploads\/2021\/03\/ozone-equipment-1-1600x484.jpg'); --hero-opacity: 0.3\"\n>\n\n    <div class=\"container-fluid\">\n\n        <div class=\"content editor_content\">\n                         \n                <h2 class='h2'>Dispositivos de mezclado<\/h2>            \n                    <\/div>\n\n            <\/div>\n<\/section>\n\n\n<section class=\"component component_breadcrumbs\">\n\t<div class=\"container-fluid\">\n  \t<\/div>\n<\/section>\n\n\n<section\n    id=\"\"\n    class=\"block content-block\"\n\tstyle=\"--cb-bg: white; --cb-content: #000; padding-top: 30px; padding-bottom: 30px;\"\n>\n    \n\n<div class=\"container-fluid editor_content content content--narrow\">\n    <div class=\"row\">\n        <div class=\"col-12 editor_content\">\n            <h1 style=\"text-align: left;\">Disoluci\u00f3n efectiva del ozono en agua<\/h1>\n        <\/div>\n    <\/div>\n<\/div>\n\n\n\n<div class=\"container-fluid editor_content content content--narrow\">\n    <div class=\"row\">\n        <div class=\"col-12 editor_content\">\n            <h3>Inyectores Venturi<\/h3>\n<p>Los inyectores Venturi son inyectores de presi\u00f3n diferencial con paletas de mezcla internas que crean miles de microburbujas, lo que aumenta enormemente la superficie del gas ozono en contacto con el l\u00edquido.<\/p>\n<p>Los inyectores Venturi son uno de los m\u00e9todos m\u00e1s eficaces para disolver el ozono en el agua cuando la presi\u00f3n y el flujo de agua son constantes en el tiempo.<\/p>\n<p>Nuestros inyectores Venturi funcionan en una amplia gama de presiones y s\u00f3lo requieren una m\u00ednima diferencia de presi\u00f3n entre los lados de entrada y salida para iniciar un vac\u00edo en el puerto de succi\u00f3n.<\/p>\n<p>Estos inyectores son muy fiables y se espera que tengan muchos a\u00f1os de servicio.<\/p>\n<p>Encontrar\u00e1 informaci\u00f3n t\u00e9cnica m\u00e1s detallada en las hojas de datos que se adjuntan a la tabla siguiente:<\/p>\n        <\/div>\n    <\/div>\n<\/div>\n\n<div class=\"container-fluid editor_content\">\n    <div class=\"row\">\n        <div class=\"col-12 editor_content table-wrapper \" style=\"--table-text-color-header: #FFFFFF; --table-text-color-rows: #000000; --table-background-color-header: #5f5f5f; --table-background-color-rows-even: #efefef; --table-background-color-rows-odd: #dfdfdf; \">\n                            \n<table id=\"tablepress-311\" class=\"tablepress tablepress-id-311\" aria-describedby=\"tablepress-311-description\">\n<thead>\n<tr class=\"row-1\">\n\t<th class=\"column-1\">Modelo<\/th><th class=\"column-2\">Flujo de gas<\/th><th class=\"column-3\">Flujo de agua<\/th><th class=\"column-4\">Presi\u00f3n<\/th><th class=\"column-5\">PDF<\/th>\n<\/tr>\n<\/thead>\n<tbody class=\"row-striping\">\n<tr class=\"row-2\">\n\t<td class=\"column-1\">Inyector de ozono I-287<\/td><td class=\"column-2\">0.25 &#8211; 3.50 l\/min<\/td><td class=\"column-3\">1.10 &#8211; 5.25 l\/min<\/td><td class=\"column-4\">0.34 &#8211; 9.65 bar<\/td><td class=\"column-5\"><a target=\"blank\" href=\"https:\/\/ozonetech.com\/wp-content\/uploads\/2021\/03\/Datasheet-Ozone-Injector-287-4091-EN-v.2.1.pdf\" rel=\"noopener\">Ficha t\u00e9cnica<\/a><\/td>\n<\/tr>\n<tr class=\"row-3\">\n\t<td class=\"column-1\">Inyector de ozono I-384<\/td><td class=\"column-2\">0.25 &#8211; 8.50 l\/min<\/td><td class=\"column-3\">2.50 &#8211; 12.6 l\/min<\/td><td class=\"column-4\">0.34 &#8211; 9.65 bar<\/td><td class=\"column-5\"><a target=\"blank\" href=\"https:\/\/ozonetech.com\/wp-content\/uploads\/2021\/03\/Datasheet-Ozone-Injector-287-4091-EN-v.2.1.pdf\" rel=\"noopener\">Ficha t\u00e9cnica<\/a><\/td>\n<\/tr>\n<tr class=\"row-4\">\n\t<td class=\"column-1\">Inyector de ozono I-484<\/td><td class=\"column-2\">0.25 &#8211; 12.3 l\/min<\/td><td class=\"column-3\">3.10 &#8211; 23.5 l\/min<\/td><td class=\"column-4\">0.34 &#8211; 9.65 bar<\/td><td class=\"column-5\"><a target=\"blank\" href=\"https:\/\/ozonetech.com\/wp-content\/uploads\/2021\/03\/Datasheet-Ozone-Injector-287-4091-EN-v.2.1.pdf\" rel=\"noopener\">Ficha t\u00e9cnica<\/a><\/td>\n<\/tr>\n<tr class=\"row-5\">\n\t<td class=\"column-1\">Inyector de ozono I-584<\/td><td class=\"column-2\">0.55 &#8211; 18.9 l\/min<\/td><td class=\"column-3\">7.30 &#8211; 39.0 l\/min<\/td><td class=\"column-4\">0.34 &#8211; 9.65 bar<\/td><td class=\"column-5\"><a target=\"blank\" href=\"https:\/\/ozonetech.com\/wp-content\/uploads\/2021\/03\/Datasheet-Ozone-Injector-287-4091-EN-v.2.1.pdf\" rel=\"noopener\">Ficha t\u00e9cnica<\/a><\/td>\n<\/tr>\n<tr class=\"row-6\">\n\t<td class=\"column-1\">Inyector de ozono I-684<\/td><td class=\"column-2\">0.50 &#8211; 18.9 l\/min<\/td><td class=\"column-3\">11.0 &#8211; 57.5 l\/min<\/td><td class=\"column-4\">0.34 &#8211; 8.28 bar<\/td><td class=\"column-5\"><a target=\"blank\" href=\"https:\/\/ozonetech.com\/wp-content\/uploads\/2021\/03\/Datasheet-Ozone-Injector-287-4091-EN-v.2.1.pdf\" rel=\"noopener\">Ficha t\u00e9cnica<\/a><\/td>\n<\/tr>\n<tr class=\"row-7\">\n\t<td class=\"column-1\">Inyector de ozono I-878<\/td><td class=\"column-2\">0.50 &#8211; 59.9 l\/min<\/td><td class=\"column-3\">15.1 &#8211; 73.1 l\/min<\/td><td class=\"column-4\">0.34 &#8211; 9.65 bar<\/td><td class=\"column-5\"><a target=\"blank\" href=\"https:\/\/ozonetech.com\/wp-content\/uploads\/2021\/03\/Datasheet-Ozone-Injector-287-4091-EN-v.2.1.pdf\" rel=\"noopener\">Ficha t\u00e9cnica<\/a><\/td>\n<\/tr>\n<tr class=\"row-8\">\n\t<td class=\"column-1\">Inyector de ozono I-978<\/td><td class=\"column-2\">0.50 &#8211; 56.6 l\/min<\/td><td class=\"column-3\">17.0 &#8211; 87.1 l\/min<\/td><td class=\"column-4\">0.34 &#8211; 9.65 bar<\/td><td class=\"column-5\"><a target=\"blank\" href=\"https:\/\/ozonetech.com\/wp-content\/uploads\/2021\/03\/Datasheet-Ozone-Injector-287-4091-EN-v.2.1.pdf\" rel=\"noopener\">Ficha t\u00e9cnica<\/a><\/td>\n<\/tr>\n<tr class=\"row-9\">\n\t<td class=\"column-1\">Inyector de ozono I-1078<\/td><td class=\"column-2\">1 &#8211; 77.9 l\/min<\/td><td class=\"column-3\">20.8 &#8211; 106 l\/min<\/td><td class=\"column-4\">0.34 &#8211; 9.65 bar<\/td><td class=\"column-5\"><a target=\"blank\" href=\"https:\/\/ozonetech.com\/wp-content\/uploads\/2021\/03\/Datasheet-Ozone-Injector-287-4091-EN-v.2.1.pdf\" rel=\"noopener\">Ficha t\u00e9cnica<\/a><\/td>\n<\/tr>\n<tr class=\"row-10\">\n\t<td class=\"column-1\">Inyector de ozono I-1583<\/td><td class=\"column-2\">1 &#8211; 208 l\/min<\/td><td class=\"column-3\">40.5 &#8211; 209 l\/min<\/td><td class=\"column-4\">0.34 &#8211; 9.65 bar<\/td><td class=\"column-5\"><a target=\"blank\" href=\"https:\/\/ozonetech.com\/wp-content\/uploads\/2021\/03\/Datasheet-Ozone-Injector-287-4091-EN-v.2.1.pdf\" rel=\"noopener\">Ficha t\u00e9cnica<\/a><\/td>\n<\/tr>\n<tr class=\"row-11\">\n\t<td class=\"column-1\">Inyector de ozono I-1584<\/td><td class=\"column-2\">1 &#8211; 153 l\/min<\/td><td class=\"column-3\">71.9 &#8211; 367 l\/min<\/td><td class=\"column-4\">0.34 &#8211; 9.65 bar<\/td><td class=\"column-5\"><a target=\"blank\" href=\"https:\/\/ozonetech.com\/wp-content\/uploads\/2021\/03\/Datasheet-Ozone-Injector-287-4091-EN-v.2.1.pdf\" rel=\"noopener\">Ficha t\u00e9cnica<\/a><\/td>\n<\/tr>\n<tr class=\"row-12\">\n\t<td class=\"column-1\">Inyector de ozono I-2081<\/td><td class=\"column-2\">5 &#8211; 453 l\/min<\/td><td class=\"column-3\">133 &#8211; 591 l\/min<\/td><td class=\"column-4\">0.34 &#8211; 8.28 bar<\/td><td class=\"column-5\"><a target=\"blank\" href=\"https:\/\/ozonetech.com\/wp-content\/uploads\/2021\/03\/Datasheet-Ozone-Injector-287-4091-EN-v.2.1.pdf\" rel=\"noopener\">Ficha t\u00e9cnica<\/a><\/td>\n<\/tr>\n<tr class=\"row-13\">\n\t<td class=\"column-1\">Inyector de ozono I-3090<\/td><td class=\"column-2\">18.9 &#8211; 1107 l\/min<\/td><td class=\"column-3\">287 &#8211; 1376 l\/min<\/td><td class=\"column-4\">0.35 &#8211; 8.44  bar<\/td><td class=\"column-5\"><a target=\"blank\" href=\"https:\/\/ozonetech.com\/wp-content\/uploads\/2021\/03\/Datasheet-Ozone-Injector-287-4091-EN-v.2.1.pdf\" rel=\"noopener\">Ficha t\u00e9cnica<\/a><\/td>\n<\/tr>\n<tr class=\"row-14\">\n\t<td class=\"column-1\">Inyector de ozono I-4091<\/td><td class=\"column-2\">10 &#8211; 2548 l\/min<\/td><td class=\"column-3\">473 &#8211; 2192 l\/min<\/td><td class=\"column-4\">0.34 &#8211; 6.89 bar\t<\/td><td class=\"column-5\"><a target=\"blank\" href=\"https:\/\/ozonetech.com\/wp-content\/uploads\/2021\/03\/Datasheet-Ozone-Injector-287-4091-EN-v.2.1.pdf\" rel=\"noopener\">Ficha t\u00e9cnica<\/a><\/td>\n<\/tr>\n<\/tbody>\n<\/table>\n<span id=\"tablepress-311-description\" class=\"tablepress-table-description tablepress-table-description-id-311\"><\/span>\n<!-- #tablepress-311 from cache -->                                <\/div>\n    <\/div>\n<\/div>\n\n\n<div class=\"container-fluid editor_content content content--narrow\">\n    <div class=\"row\">\n        <div class=\"col-12 editor_content\">\n            <h3>Boquillas inyectoras<\/h3>\n<p>Utilizar boquillas en combinaci\u00f3n con inyectores venturi permite la mezcla din\u00e1mica, resultando en mayores transferencias de masa y, de esta forma una mejor disoluci\u00f3n del ozono en el agua, facilitando la distribuci\u00f3n del gas a cualquier profundidad. Esto mejora considerablemente el rendimiento de nuestros sistemas.<\/p>\n<p>Nuestras boquillas inyectoras proporcionan:<\/p>\n<ul>\n<li>Renovaci\u00f3n mejorada de la interfaz gas\/l\u00edquido<\/li>\n<li>Mezcla din\u00e1mica bajo presi\u00f3n para una mayor transferencia de masa<\/li>\n<li>Contrapresi\u00f3n deseada en el inyector<\/li>\n<li>Suministro de gases de tratamiento a cualquier profundidad<\/li>\n<li>Dise\u00f1o compacto para un funcionamiento sin problemas y una instalaci\u00f3n sencilla<\/li>\n<li>Fabricaci\u00f3n en polipropileno (PP) para boquillas de 3 pulgadas y mayores<\/li>\n<li>Fabricaci\u00f3n en fluoruro de polivinilideno (PVDF) para boquillas de 2 pulgadas y menores<\/li>\n<li>B16A amplia gama de modelos dise\u00f1ados para adaptarse a su aplicaci\u00f3n.<\/li>\n<\/ul>\n<p>Encontrar\u00e1 m\u00e1s informaci\u00f3n t\u00e9cnica en las fichas t\u00e9cnicas adjuntadas en las siguientes tablas:<\/p>\n        <\/div>\n    <\/div>\n<\/div>\n\n<div class=\"container-fluid editor_content\">\n    <div class=\"row\">\n        <div class=\"col-12 editor_content table-wrapper \" style=\"--table-text-color-header: #FFFFFF; --table-text-color-rows: #000000; --table-background-color-header: #5f5f5f; --table-background-color-rows-even: #efefef; --table-background-color-rows-odd: #dfdfdf; \">\n                            \n<table id=\"tablepress-312\" class=\"tablepress tablepress-id-312\" aria-describedby=\"tablepress-312-description\">\n<thead>\n<tr class=\"row-1\">\n\t<th class=\"column-1\">Modelo<\/th><th class=\"column-2\">Flujo de gas<\/th><th class=\"column-3\">PDF<\/th>\n<\/tr>\n<\/thead>\n<tbody class=\"row-striping\">\n<tr class=\"row-2\">\n\t<td class=\"column-1\">Boquilla de ozono N-12<\/td><td class=\"column-2\">28 &#8211; 64 l\/min<\/td><td class=\"column-3\"><a target=\"blank\" href=\"https:\/\/ozonetech.com\/wp-content\/uploads\/2020\/12\/Datasheet-Injector-Nozzle-EN-v.3.0-web.pdf\" rel=\"noopener\">Ficha t\u00e9cnica<\/a><\/td>\n<\/tr>\n<tr class=\"row-3\">\n\t<td class=\"column-1\">Boquilla de ozono N-13<\/td><td class=\"column-2\">57 &#8211; 129 l\/min<\/td><td class=\"column-3\"><a target=\"blank\" href=\"https:\/\/ozonetech.com\/wp-content\/uploads\/2020\/12\/Datasheet-Injector-Nozzle-EN-v.3.0-web.pdf\" rel=\"noopener\">Ficha t\u00e9cnica<\/a><\/td>\n<\/tr>\n<tr class=\"row-4\">\n\t<td class=\"column-1\">Boquilla de ozono N-22<\/td><td class=\"column-2\">189 &#8211; 424 l\/min<\/td><td class=\"column-3\"><a target=\"blank\" href=\"https:\/\/ozonetech.com\/wp-content\/uploads\/2020\/12\/Datasheet-Injector-Nozzle-EN-v.3.0-web.pdf\" rel=\"noopener\">Ficha t\u00e9cnica<\/a><\/td>\n<\/tr>\n<tr class=\"row-5\">\n\t<td class=\"column-1\">Boquilla de ozono N-25<\/td><td class=\"column-2\">284 &#8211; 644 l\/min<\/td><td class=\"column-3\"><a target=\"blank\" href=\"https:\/\/ozonetech.com\/wp-content\/uploads\/2020\/12\/Datasheet-Injector-Nozzle-EN-v.3.0-web.pdf\" rel=\"noopener\">Ficha t\u00e9cnica<\/a><\/td>\n<\/tr>\n<tr class=\"row-6\">\n\t<td class=\"column-1\">Boquilla de ozono N-45<\/td><td class=\"column-2\">1136 &#8211; 2555 l\/min<\/td><td class=\"column-3\"><a target=\"blank\" href=\"https:\/\/ozonetech.com\/wp-content\/uploads\/2020\/12\/Datasheet-Injector-Nozzle-EN-v.3.0-web.pdf\" rel=\"noopener\">Ficha t\u00e9cnica<\/a><\/td>\n<\/tr>\n<\/tbody>\n<\/table>\n<span id=\"tablepress-312-description\" class=\"tablepress-table-description tablepress-table-description-id-312\"><\/span>\n<!-- #tablepress-312 from cache -->                                <\/div>\n    <\/div>\n<\/div>\n\n\n<div class=\"container-fluid editor_content content content--narrower\">\n    <div class=\"row\">\n        <div class=\"col-12 editor_content\">\n            <p>&nbsp;<\/p>\n<h2>Solicitar presupuesto<\/h2>\n        <\/div>\n    <\/div>\n<\/div>\n\n\n\n<div class=\"container-fluid editor_content content content--narrow\">\n    <div class=\"row\">\n        <div class=\"col-12 editor_content\">\n            <p><!-- SharpSpring Form for Mixing devices Quotation ES  --><br \/>\n<script type=\"text\/javascript\">\n    var ss_form = {'account': 'MzawMDE3MzI2BwA', 'formID': 'M7A0NEoyS07TtTQxT9Q1SbWw0LVIMU7VTTVJMzc1MzM3M0pMBAA'};\n    ss_form.width = '100%';\n    ss_form.domain = 'app-3QNJA1Z2XY.marketingautomation.services';\n    ss_form.hidden = {'field_400000003544067': 'Ozonetech.com'};\n    \/\/ ss_form.target_id = 'target'; \/\/ Optional parameter: forms will be placed inside the element with the specified id\n    \/\/ ss_form.polling = true; \/\/ Optional parameter: set to true ONLY if your page loads dynamically and the id needs to be polled continually.\n<\/script><br \/>\n<script type=\"text\/javascript\" src=\"https:\/\/koi-3QNJA1Z2XY.marketingautomation.services\/client\/form.js?ver=2.0.1\"><\/script><\/p>\n        <\/div>\n    <\/div>\n<\/div>\n\n<\/section>\n","protected":false},"excerpt":{"rendered":"","protected":false},"author":21,"featured_media":0,"parent":37076,"menu_order":0,"comment_status":"closed","ping_status":"closed","template":"","meta":{"_acf_changed":false,"_seopress_robots_primary_cat":"","_seopress_titles_title":"","_seopress_titles_desc":"Inyectores de ozono para disolver el ozono en el agua. Boquillas que mejoran el rendimiento de los sistemas junto con los inyectores.","_seopress_robots_index":"","inline_featured_image":false,"footnotes":""},"class_list":["post-37082","page","type-page","status-publish","hentry"],"acf":[],"_links":{"self":[{"href":"https:\/\/ozonetech.com\/es\/wp-json\/wp\/v2\/pages\/37082","targetHints":{"allow":["GET"]}}],"collection":[{"href":"https:\/\/ozonetech.com\/es\/wp-json\/wp\/v2\/pages"}],"about":[{"href":"https:\/\/ozonetech.com\/es\/wp-json\/wp\/v2\/types\/page"}],"author":[{"embeddable":true,"href":"https:\/\/ozonetech.com\/es\/wp-json\/wp\/v2\/users\/21"}],"replies":[{"embeddable":true,"href":"https:\/\/ozonetech.com\/es\/wp-json\/wp\/v2\/comments?post=37082"}],"version-history":[{"count":12,"href":"https:\/\/ozonetech.com\/es\/wp-json\/wp\/v2\/pages\/37082\/revisions"}],"predecessor-version":[{"id":42024,"href":"https:\/\/ozonetech.com\/es\/wp-json\/wp\/v2\/pages\/37082\/revisions\/42024"}],"up":[{"embeddable":true,"href":"https:\/\/ozonetech.com\/es\/wp-json\/wp\/v2\/pages\/37076"}],"wp:attachment":[{"href":"https:\/\/ozonetech.com\/es\/wp-json\/wp\/v2\/media?parent=37082"}],"curies":[{"name":"wp","href":"https:\/\/api.w.org\/{rel}","templated":true}]}}