{"id":37071,"date":"2020-12-03T14:52:07","date_gmt":"2020-12-03T14:52:07","guid":{"rendered":"https:\/\/ozonetech.com\/home\/"},"modified":"2025-01-03T15:04:20","modified_gmt":"2025-01-03T14:04:20","slug":"home","status":"publish","type":"page","link":"https:\/\/ozonetech.com\/es\/","title":{"rendered":"Ozonetech"},"content":{"rendered":"\n<section class=\"hero-carousel-block\">\n  <div class=\"hero-carousel\">\n                  <div class=\"content\">\n          <div class=\"bg-one\" style=\"background-image: url('https:\/\/ozonetech.com\/wp-content\/uploads\/2021\/03\/OTS-carousel-2021-2-EN-3.jpg');\">\n            <div class=\"full-opacity\">\n              <div class=\"opacity\" style=\"opacity: 0.2;\"><\/div>\n              <div class=\"hero-carousel-content\" style=\"display: none;\">\n                <h1 style=\"color: ;\">Limpieza del aire y del agua en 46 pa\u00edses<\/h1>\n                              <\/div>\n            <\/div>\n          <\/div>\n        <\/div>\n                        <div class=\"content\">\n          <div class=\"bg-one\" style=\"background-image: url('https:\/\/ozonetech.com\/wp-content\/uploads\/2024\/10\/rena-vivo-delivery-2-front.png');\">\n            <div class=\"full-opacity\">\n              <div class=\"opacity\" style=\"opacity: 0;\"><\/div>\n              <div class=\"hero-carousel-content\" style=\"display: none;\">\n                <h1 style=\"color: ;\">Ozonetech forma parte de Mellifiq<\/h1>\n                <p style=\"text-align: center;\">&#8211; todav\u00eda con la misma l\u00ednea premium de generadores de ozono, sistemas e instrumentaci\u00f3n y sensores<\/p>\n<p><a href=\"https:\/\/mellifiq.com\/\" target=\"_blank\" rel=\"noopener\"><img loading=\"lazy\" decoding=\"async\" class=\"size-medium wp-image-25427 aligncenter\" src=\"https:\/\/ozonetech.com\/wp-content\/uploads\/2021\/03\/Mellifiq-logo-rgb-vit-300x109.png\" alt=\"\" width=\"300\" height=\"109\" srcset=\"https:\/\/ozonetech.com\/wp-content\/uploads\/2021\/03\/Mellifiq-logo-rgb-vit-300x109.png 300w, https:\/\/ozonetech.com\/wp-content\/uploads\/2021\/03\/Mellifiq-logo-rgb-vit-1024x372.png 1024w, https:\/\/ozonetech.com\/wp-content\/uploads\/2021\/03\/Mellifiq-logo-rgb-vit-768x279.png 768w, https:\/\/ozonetech.com\/wp-content\/uploads\/2021\/03\/Mellifiq-logo-rgb-vit-1536x558.png 1536w, https:\/\/ozonetech.com\/wp-content\/uploads\/2021\/03\/Mellifiq-logo-rgb-vit-2048x744.png 2048w\" sizes=\"auto, (max-width: 300px) 100vw, 300px\" \/><\/a><\/p>\n              <\/div>\n            <\/div>\n          <\/div>\n        <\/div>\n                        <div class=\"content\">\n          <div class=\"bg-one\" style=\"background-image: url('https:\/\/ozonetech.com\/wp-content\/uploads\/2021\/10\/Lecture-2.png');\">\n            <div class=\"full-opacity\">\n              <div class=\"opacity\" style=\"opacity: 0;\"><\/div>\n              <div class=\"hero-carousel-content\" style=\"display: none;\">\n                <h1 style=\"color: #000000;\">\u00bfQuiere saber m\u00e1s?<\/h1>\n                <p><img loading=\"lazy\" decoding=\"async\" class=\"alignnone wp-image-38883 size-medium aligncenter\" src=\"https:\/\/ozonetech.com\/wp-content\/uploads\/2021\/10\/MellifiqAcademy_blue_laying-1-300x45.png\" alt=\"\" width=\"300\" height=\"45\" srcset=\"https:\/\/ozonetech.com\/wp-content\/uploads\/2021\/10\/MellifiqAcademy_blue_laying-1-300x45.png 300w, https:\/\/ozonetech.com\/wp-content\/uploads\/2021\/10\/MellifiqAcademy_blue_laying-1-1024x154.png 1024w, https:\/\/ozonetech.com\/wp-content\/uploads\/2021\/10\/MellifiqAcademy_blue_laying-1-768x115.png 768w, https:\/\/ozonetech.com\/wp-content\/uploads\/2021\/10\/MellifiqAcademy_blue_laying-1.png 1313w\" sizes=\"auto, (max-width: 300px) 100vw, 300px\" \/><\/p>\n<h3 style=\"text-align: center;\"><span style=\"color: #000000;\">Vi delar v\u00e5r kunskap<\/span><\/h3>\n              <\/div>\n            <\/div>\n          <\/div>\n        <\/div>\n            <\/div>\n<\/section>\n\n\n\n<section class=\"block our-projects-block\" style=\"--fill-bg: #299f23; --bg: #e6e6e6; --tc: #000000; --product-bg: #ffffff; --product-tc: #000000; --button-bg: ; --button-tc: ; --button-hover-bg: ; --button-hover-tc: ;\">\n    <div class=\"container-fluid container-max-width\">\n                  <div class=\"content\" style=\"text-align: center;\">\n                    <h2 class='h2'>Nuestros productos, soluciones y sistemas<\/h2>            <p class=\"preamble\" style=\"text-align: left;\">Ozonetech es una marca innovadora reconocida mundialmente que ofrece una gama completa de productos, soluciones y sistemas de ozono y oxidaci\u00f3n de \u00faltima generaci\u00f3n para el tratamiento del aire y el agua en diversas aplicaciones industriales y de servicios p\u00fablicos.<\/p>\n<p class=\"preamble\" style=\"text-align: left;\">Hemos acumulado m\u00e1s de 40 a\u00f1os de experiencia y conocimientos t\u00e9cnicos en el dise\u00f1o, la fabricaci\u00f3n y la puesta en marcha de soluciones y sistemas avanzados de ozono y oxidaci\u00f3n, con el fin de desarrollar las aplicaciones m\u00e1s eficientes y sostenibles que no s\u00f3lo resuelven el problema de nuestros clientes, sino que crean un valor empresarial real, adem\u00e1s de reducir el impacto medioambiental de su negocio.<\/p>\n        <\/div>\n                <div class=\"our-projects\">\n                          <a href=\"https:\/\/ozonetech.com\/es\/productos\/generadores-de-ozono\/\">\n                <div class=\"our_projects_project\">\n                  <div class=\"our_projects_center_image\">\n                    <img loading=\"lazy\" decoding=\"async\" width=\"200\" height=\"170\" src=\"https:\/\/ozonetech.com\/wp-content\/uploads\/2021\/03\/Ozone-generators-170x200-1.png\" class=\"attachment-large size-large\" alt=\"Ozone generator\" \/>                  <\/div>\n                  <h3 class=\"title\"><div style=\"font-size:14.5pt;\">Generadores de ozono<\/div><\/h3>\n                <\/div>\n              <\/a>\n                          <a href=\"https:\/\/ozonetech.com\/es\/soluciones-y-sistemas\/\">\n                <div class=\"our_projects_project\">\n                  <div class=\"our_projects_center_image\">\n                    <img loading=\"lazy\" decoding=\"async\" width=\"200\" height=\"170\" src=\"https:\/\/ozonetech.com\/wp-content\/uploads\/2021\/03\/RENA-tellus-Mellifiq-brand-170x200-1.png\" class=\"attachment-large size-large\" alt=\"\" \/>                  <\/div>\n                  <h3 class=\"title\"><div style=\"font-size:14.5pt;\">Soluci\u00f3n y sistemas<br> de ozono<\/div><\/h3>\n                <\/div>\n              <\/a>\n                          <a href=\"https:\/\/ozonetech.com\/es\/aplicaciones\/extraccion-en-cocinas-comerciales\/tratamiento-del-aire-de-escape-en-las-cocinas-comerciales\/\">\n                <div class=\"our_projects_project\">\n                  <div class=\"our_projects_center_image\">\n                    <img loading=\"lazy\" decoding=\"async\" width=\"200\" height=\"170\" src=\"https:\/\/ozonetech.com\/wp-content\/uploads\/2021\/03\/RENA-kitchen-170x200-1.png\" class=\"attachment-large size-large\" alt=\"\" \/>                  <\/div>\n                  <h3 class=\"title\"><div style=\"font-size:14.5pt;\">Tratamiento del aire de<br> escape de la cocina<\/div><\/h3>\n                <\/div>\n              <\/a>\n                          <a href=\"https:\/\/ozonetech.com\/es\/productos\/generadores-de-ozono\/\">\n                <div class=\"our_projects_project\">\n                  <div class=\"our_projects_center_image\">\n                    <img loading=\"lazy\" decoding=\"async\" width=\"200\" height=\"170\" src=\"https:\/\/ozonetech.com\/wp-content\/uploads\/2021\/03\/Oxygen-generators-170x200-1.png\" class=\"attachment-large size-large\" alt=\"\" \/>                  <\/div>\n                  <h3 class=\"title\"><div style=\"font-size:14.5pt;\">Generadores y concentradores <br> de ox\u00edgeno<\/div><\/h3>\n                <\/div>\n              <\/a>\n                          <a href=\"https:\/\/ozonetech.com\/es\/productos\/sensores-y-monitores\/\">\n                <div class=\"our_projects_project\">\n                  <div class=\"our_projects_center_image\">\n                    <img loading=\"lazy\" decoding=\"async\" width=\"200\" height=\"170\" src=\"https:\/\/ozonetech.com\/wp-content\/uploads\/2021\/03\/Sensors-and-monitors-170x200-1.png\" class=\"attachment-large size-large\" alt=\"\" \/>                  <\/div>\n                  <h3 class=\"title\"><div style=\"font-size:14.5pt;\">Sensores y monitores<\/div><\/h3>\n                <\/div>\n              <\/a>\n                          <a href=\"https:\/\/ozonetech.com\/es\/productos\/destructores-de-ozono\/\">\n                <div class=\"our_projects_project\">\n                  <div class=\"our_projects_center_image\">\n                    <img loading=\"lazy\" decoding=\"async\" width=\"200\" height=\"170\" src=\"https:\/\/ozonetech.com\/wp-content\/uploads\/2021\/03\/ozone-destructors-170x200-1.png\" class=\"attachment-large size-large\" alt=\"\" \/>                  <\/div>\n                  <h3 class=\"title\"><div style=\"font-size:14.5pt;\">Destructores de ozono<\/div><\/h3>\n                <\/div>\n              <\/a>\n                          <a href=\"https:\/\/ozonetech.com\/pharmaceutical-industry\/\">\n                <div class=\"our_projects_project\">\n                  <div class=\"our_projects_center_image\">\n                    <img loading=\"lazy\" decoding=\"async\" width=\"200\" height=\"170\" src=\"https:\/\/ozonetech.com\/wp-content\/uploads\/2021\/03\/Micro-pollutant-removal-solution-container-170x200-1.png\" class=\"attachment-large size-large\" alt=\"\" \/>                  <\/div>\n                  <h3 class=\"title\"><div style=\"font-size:14.5pt;\">Soluci\u00f3n de eliminaci\u00f3n<br> de microcontaminantes<\/div><\/h3>\n                <\/div>\n              <\/a>\n                          <a href=\"https:\/\/ozonetech.com\/es\/aplicaciones\/tratamiento-de-aire\/control-de-olores\/\">\n                <div class=\"our_projects_project\">\n                  <div class=\"our_projects_center_image\">\n                    <img loading=\"lazy\" decoding=\"async\" width=\"200\" height=\"170\" src=\"https:\/\/ozonetech.com\/wp-content\/uploads\/2021\/03\/RENA-Pro-C-170x200-1.png\" class=\"attachment-large size-large\" alt=\"\" \/>                  <\/div>\n                  <h3 class=\"title\"><div style=\"font-size:14.5pt;\">Soluci\u00f3n de control del olor<\/div><\/h3>\n                <\/div>\n              <\/a>\n                          <a href=\"https:\/\/ozonetech.com\/es\/productos\/equipos-de-ozono\/\">\n                <div class=\"our_projects_project\">\n                  <div class=\"our_projects_center_image\">\n                    <img loading=\"lazy\" decoding=\"async\" width=\"200\" height=\"170\" src=\"https:\/\/ozonetech.com\/wp-content\/uploads\/2024\/09\/Untitled-1-1.png\" class=\"attachment-large size-large\" alt=\"\" \/>                  <\/div>\n                  <h3 class=\"title\"><div style=\"font-size:14.5pt;\">Equipos de ozono<\/div><\/h3>\n                <\/div>\n              <\/a>\n                    <\/div>\n                <div class=\"btn-container\">\n                    <\/div>\n      <\/div>\n    <\/div>\n  <\/div>\n<\/section>\n\n\n\n<section class=\"block big-cta\" style=\"--cta-bg: #5f5f5f; --cta-text: #ffffff; --cta-btn: #299f23; --cta-btn-hover: #5f5f5f; --cta-btn-text-hover: #299f23; --cta-border: #299f23 \">\n    <div class=\"container-fluid d-flex flex-column align-items-center editor-content\">\n                    <figure class='image'>\n                <img loading=\"lazy\" decoding=\"async\" width=\"80\" height=\"80\" src=\"https:\/\/ozonetech.com\/wp-content\/uploads\/2021\/01\/OzoneAcademy_green_rgb_80_80.png\" class=\"attachment-large size-large\" alt=\"\" \/>            <\/figure>\n        \n        <h2 class='h3'>Difundimos nuestros conocimientos<\/h2>\n        <div class=\"content\">\n            Educamos a nuestro mundo organizando seminarios y webinars para los profesionales que quieran aprender m\u00e1s sobre el tratamiento eficiente del aire de escape de las cocinas y del aire y agua industriales.        <\/div>\n\n        <div class=\"btn-container\">\n                            <a href='https:\/\/academy.mellifiq.com\/' class='btn btn--secondary' target='_blank'>Reg\u00edstrate en academy.mellifiq.com<\/a>                    <\/div>\n    <\/div>\n<\/section>\n\n\n\n<section class=\"block sharpspring-block\">\n    <\/section>\n\n\n<section class=\"block awards\" style=\" background-color: #FFFFFF\">\n  <div class=\"container-fluid\">\n    <div class=\"awards-title\" style=\" color: #000000\">\n      <H2 class='H2'>Premios<\/H2>    <\/div>\n    <div class=\"awards-wrapper\">\n              <ul>\n                                    <li>\n                <img decoding=\"async\" src=\"https:\/\/ozonetech.com\/wp-content\/uploads\/2021\/01\/seal-of-excellence.png\" alt=\"\">\n              <\/li>\n                                                <li>\n                <img decoding=\"async\" src=\"https:\/\/ozonetech.com\/wp-content\/uploads\/2021\/01\/e-prize-2017.png\" alt=\"\">\n              <\/li>\n                                                <li>\n                <img decoding=\"async\" src=\"https:\/\/ozonetech.com\/wp-content\/uploads\/2021\/01\/gasell-2016.png\" alt=\"\">\n              <\/li>\n                                                <li>\n                <img decoding=\"async\" src=\"https:\/\/ozonetech.com\/wp-content\/uploads\/2021\/01\/gasell-2017.png\" alt=\"\">\n              <\/li>\n                                                <li>\n                <img decoding=\"async\" src=\"https:\/\/ozonetech.com\/wp-content\/uploads\/2021\/01\/gasell-2018.png\" alt=\"\">\n              <\/li>\n                                                <li>\n                <img decoding=\"async\" src=\"https:\/\/ozonetech.com\/wp-content\/uploads\/2021\/01\/gasell-mastar.png\" alt=\"\">\n              <\/li>\n                                                <li>\n                <img decoding=\"async\" src=\"https:\/\/ozonetech.com\/wp-content\/uploads\/2021\/01\/gasell-2019.png\" alt=\"\">\n              <\/li>\n                                                <li>\n                <img decoding=\"async\" src=\"https:\/\/ozonetech.com\/wp-content\/uploads\/2021\/01\/gasell-2020.png\" alt=\"\">\n              <\/li>\n                                                <li>\n                <img decoding=\"async\" src=\"https:\/\/ozonetech.com\/wp-content\/uploads\/2021\/01\/framtidsgasell.png\" alt=\"\">\n              <\/li>\n                                                <li>\n                <img decoding=\"async\" src=\"https:\/\/ozonetech.com\/wp-content\/uploads\/2021\/01\/impactgasell.png\" alt=\"\">\n              <\/li>\n                                                <li>\n                <img decoding=\"async\" src=\"https:\/\/ozonetech.com\/wp-content\/uploads\/2021\/12\/gasell-2016-400px-2.png\" alt=\"\">\n              <\/li>\n                              <\/ul>\n          <\/div>\n  <\/div>\n<\/section>\n","protected":false},"excerpt":{"rendered":"","protected":false},"author":42,"featured_media":25533,"parent":0,"menu_order":0,"comment_status":"closed","ping_status":"closed","template":"","meta":{"_acf_changed":false,"_seopress_robots_primary_cat":"","_seopress_titles_title":"","_seopress_titles_desc":"Ozonetech es una marca de Mellifiq que ofrece una gama completa de soluciones y productos para tratar aire y agua con la tecnolog\u00eda del ozono.","_seopress_robots_index":"","inline_featured_image":false,"footnotes":""},"class_list":["post-37071","page","type-page","status-publish","has-post-thumbnail","hentry"],"acf":[],"_links":{"self":[{"href":"https:\/\/ozonetech.com\/es\/wp-json\/wp\/v2\/pages\/37071","targetHints":{"allow":["GET"]}}],"collection":[{"href":"https:\/\/ozonetech.com\/es\/wp-json\/wp\/v2\/pages"}],"about":[{"href":"https:\/\/ozonetech.com\/es\/wp-json\/wp\/v2\/types\/page"}],"author":[{"embeddable":true,"href":"https:\/\/ozonetech.com\/es\/wp-json\/wp\/v2\/users\/42"}],"replies":[{"embeddable":true,"href":"https:\/\/ozonetech.com\/es\/wp-json\/wp\/v2\/comments?post=37071"}],"version-history":[{"count":26,"href":"https:\/\/ozonetech.com\/es\/wp-json\/wp\/v2\/pages\/37071\/revisions"}],"predecessor-version":[{"id":42163,"href":"https:\/\/ozonetech.com\/es\/wp-json\/wp\/v2\/pages\/37071\/revisions\/42163"}],"wp:featuredmedia":[{"embeddable":true,"href":"https:\/\/ozonetech.com\/es\/wp-json\/wp\/v2\/media\/25533"}],"wp:attachment":[{"href":"https:\/\/ozonetech.com\/es\/wp-json\/wp\/v2\/media?parent=37071"}],"curies":[{"name":"wp","href":"https:\/\/api.w.org\/{rel}","templated":true}]}}