{"id":37066,"date":"2020-06-26T06:35:32","date_gmt":"2020-06-26T06:35:32","guid":{"rendered":"https:\/\/ozonetech.com\/descargas\/water-treatment-downloads\/"},"modified":"2024-10-11T11:30:31","modified_gmt":"2024-10-11T09:30:31","slug":"descargas-sobre-tratamiento-de-agua","status":"publish","type":"page","link":"https:\/\/ozonetech.com\/es\/descargas\/descargas-sobre-tratamiento-de-agua\/","title":{"rendered":"Descargas sobre tratamiento de agua"},"content":{"rendered":"\n<section\n    class=\"block hero hero--regular\"\n    style=\"background-image: url('https:\/\/ozonetech.com\/wp-content\/uploads\/2021\/03\/advanced-water-treatment-technology-1600x484.jpg'); --hero-opacity: 0.3\"\n>\n\n    <div class=\"container-fluid\">\n\n        <div class=\"content editor_content\">\n                         \n                <h2 class='h2'>Descargas sobre tratamiento de agua<\/h2>            \n                    <\/div>\n\n            <\/div>\n<\/section>\n\n\n<section class=\"component component_breadcrumbs\">\n\t<div class=\"container-fluid\">\n  \t<\/div>\n<\/section>\n\n\n<section\n    id=\"\"\n    class=\"block content-block\"\n\tstyle=\"--cb-bg: white; --cb-content: #000; padding-top: 30px; padding-bottom: 30px;\"\n>\n    \n\n<div class=\"container-fluid editor_content content content--narrow\">\n    <div class=\"row\">\n        <div class=\"col-12 editor_content\">\n            <h1>Recopilaci\u00f3n de descargas sobre el tratamiento del agua<\/h1>\n<p class=\"preamble\">Aqu\u00ed encontrar\u00e1 todos nuestros folletos sobre tratamiento del agua industrial. Inf\u00f3rmenos si necesita m\u00e1s <a href=\"https:\/\/ozonetech.com\/es\/contact\/\"><strong>ayuda<\/strong><\/a>.<\/p>\n<p class=\"preamble\">M\u00e1s informaci\u00f3n sobre nuestros proyectos de referencia <a href=\"https:\/\/mellifiq.com\/reference-projects\/\" target=\"_blank\" rel=\"noopener\"><strong>aqu\u00ed <\/strong><\/a>(external site).<\/p>\n        <\/div>\n    <\/div>\n<\/div>\n\n<\/section>\n\n\n\n<section class=\"block downloads\"> \n    <div class=\"container-fluid\">\n        <div class=\"row\">\n            <div class=\"col-12 title\">\n                <h3 class='h3'>Folletos<\/h3>            <\/div>\n        <\/div>\n\n        <div class=\"row justify-content-center\">\n            <div class=\"col-lg-8\">\n                <div class=\"downloads\">\n                                                                        <div class=\"downloads__download\">\n                                <div class=\"downloads__download--image\">\n                                    <img loading=\"lazy\" decoding=\"async\" width=\"721\" height=\"1024\" src=\"https:\/\/ozonetech.com\/wp-content\/uploads\/2022\/11\/Skarmbild-2022-11-04-105229-721x1024.jpg\" class=\"attachment-large size-large\" alt=\"\" srcset=\"https:\/\/ozonetech.com\/wp-content\/uploads\/2022\/11\/Skarmbild-2022-11-04-105229-721x1024.jpg 721w, https:\/\/ozonetech.com\/wp-content\/uploads\/2022\/11\/Skarmbild-2022-11-04-105229-211x300.jpg 211w, https:\/\/ozonetech.com\/wp-content\/uploads\/2022\/11\/Skarmbild-2022-11-04-105229-768x1091.jpg 768w, https:\/\/ozonetech.com\/wp-content\/uploads\/2022\/11\/Skarmbild-2022-11-04-105229-1082x1536.jpg 1082w, https:\/\/ozonetech.com\/wp-content\/uploads\/2022\/11\/Skarmbild-2022-11-04-105229.jpg 1264w\" sizes=\"auto, (max-width: 721px) 100vw, 721px\" \/>                                <\/div>\n                                <div class=\"downloads__download--content\">\n                                    <h4>Shell technology introduction<\/h4>\n<p>Mellifiq supplies self-contained, complete ozone disinfection and water treatment technology for sanitation in the industrial sector.<\/p>\n                                                                            <div class=\"downloads__download--files\">\n                                            <svg version=\"1.1\" id=\"Layer_1\" xmlns=\"http:\/\/www.w3.org\/2000\/svg\" x=\"0\" y=\"0\" viewBox=\"0 0 20.83 25\" xml:space=\"preserve\"><path fill=\"currentColor\" d=\"M20.83 8.82h-5.95V0H5.95v8.82H0l10.42 10.29L20.83 8.82zM0 22.06V25h20.83v-2.94H0z\"\/><\/svg>                                            <span>Descargar<\/span>\n                                                                                            <a target=\"_blank\" href=\"https:\/\/ozonetech.com\/wp-content\/uploads\/2022\/11\/White-paper-Shell-technology-introduction.pdf\">\n                                                    Ingl\u00e9s                                                <\/a>\n                                                                                    <\/div>\n                                                                    <\/div>\n                            <\/div>\n                                                    <div class=\"downloads__download\">\n                                <div class=\"downloads__download--image\">\n                                    <img loading=\"lazy\" decoding=\"async\" width=\"240\" height=\"340\" src=\"https:\/\/ozonetech.com\/wp-content\/uploads\/2021\/03\/pharma_broschure.png\" class=\"attachment-large size-large\" alt=\"\" srcset=\"https:\/\/ozonetech.com\/wp-content\/uploads\/2021\/03\/pharma_broschure.png 240w, https:\/\/ozonetech.com\/wp-content\/uploads\/2021\/03\/pharma_broschure-212x300.png 212w\" sizes=\"auto, (max-width: 240px) 100vw, 240px\" \/>                                <\/div>\n                                <div class=\"downloads__download--content\">\n                                    <h4>Tratamiento de los residuos farmac\u00e9uticos<\/h4>\n<p>En todo el mundo se toman medidas para hacer frente a los crecientes problemas de salud causados por los residuos farmac\u00e9uticos. El tratamiento con ozono tiene la capacidad de eliminar los residuos emitidos por los hospitales y la industria farmac\u00e9utica.<\/p>\n                                                                            <div class=\"downloads__download--files\">\n                                            <svg version=\"1.1\" id=\"Layer_1\" xmlns=\"http:\/\/www.w3.org\/2000\/svg\" x=\"0\" y=\"0\" viewBox=\"0 0 20.83 25\" xml:space=\"preserve\"><path fill=\"currentColor\" d=\"M20.83 8.82h-5.95V0H5.95v8.82H0l10.42 10.29L20.83 8.82zM0 22.06V25h20.83v-2.94H0z\"\/><\/svg>                                            <span>Descargar<\/span>\n                                                                                            <a target=\"_blank\" href=\"https:\/\/ozonetech.com\/wp-content\/uploads\/2020\/12\/Brochure-Pharmaceutical-residues-in-wastewater-v1.0-EN-web.pdf\">\n                                                    Ingl\u00e9s                                                <\/a>\n                                                                                    <\/div>\n                                                                    <\/div>\n                            <\/div>\n                                                    <div class=\"downloads__download\">\n                                <div class=\"downloads__download--image\">\n                                    <img loading=\"lazy\" decoding=\"async\" width=\"240\" height=\"339\" src=\"https:\/\/ozonetech.com\/wp-content\/uploads\/2021\/03\/rena_water_solutions.png\" class=\"attachment-large size-large\" alt=\"\" srcset=\"https:\/\/ozonetech.com\/wp-content\/uploads\/2021\/03\/rena_water_solutions.png 240w, https:\/\/ozonetech.com\/wp-content\/uploads\/2021\/03\/rena_water_solutions-212x300.png 212w\" sizes=\"auto, (max-width: 240px) 100vw, 240px\" \/>                                <\/div>\n                                <div class=\"downloads__download--content\">\n                                    <h4>RENA Soluciones de tratamiento de agua<\/h4>\n<p>Esta es la gu\u00eda definitiva para conocer el dise\u00f1o de nuestros sistemas llave en mano RENA Vivo y RENA Tellus. Tambi\u00e9n presenta el concepto RENA Vitro para AOP, Procesos de Oxidaci\u00f3n Avanzada para el tratamiento de aguas residuales complejas.<\/p>\n                                                                            <div class=\"downloads__download--files\">\n                                            <svg version=\"1.1\" id=\"Layer_1\" xmlns=\"http:\/\/www.w3.org\/2000\/svg\" x=\"0\" y=\"0\" viewBox=\"0 0 20.83 25\" xml:space=\"preserve\"><path fill=\"currentColor\" d=\"M20.83 8.82h-5.95V0H5.95v8.82H0l10.42 10.29L20.83 8.82zM0 22.06V25h20.83v-2.94H0z\"\/><\/svg>                                            <span>Descargar<\/span>\n                                                                                            <a target=\"_blank\" href=\"https:\/\/ozonetech.com\/wp-content\/uploads\/2020\/12\/Brochure-Rena-Water-Treatment-Solutions-v1.3-EN-web.pdf\">\n                                                    Ingl\u00e9s,                                                <\/a>\n                                                                                            <a target=\"_blank\" href=\"https:\/\/ozonetech.com\/wp-content\/uploads\/2020\/12\/Brochure-RENA-Water-Treatment-Solutions-v1.3-FI.pdf\">\n                                                    finland\u00e9s,                                                 <\/a>\n                                                                                            <a target=\"_blank\" href=\"https:\/\/ozonetech.com\/wp-content\/uploads\/2020\/12\/Brochure-RENA-Water-Treatment-Solutions-v1.3-RU-web.pdf\">\n                                                    ruso,                                                 <\/a>\n                                                                                            <a target=\"_blank\" href=\"https:\/\/ozonetech.com\/wp-content\/uploads\/2020\/12\/Brochure-RENA-Water-Treatment-Solutions-v1.0-KR-web.pdf\">\n                                                    coreano                                                <\/a>\n                                                                                    <\/div>\n                                                                    <\/div>\n                            <\/div>\n                                                    <div class=\"downloads__download\">\n                                <div class=\"downloads__download--image\">\n                                    <img loading=\"lazy\" decoding=\"async\" width=\"240\" height=\"341\" src=\"https:\/\/ozonetech.com\/wp-content\/uploads\/2021\/03\/rena_pro_brochure_front_page.png\" class=\"attachment-large size-large\" alt=\"\" srcset=\"https:\/\/ozonetech.com\/wp-content\/uploads\/2021\/03\/rena_pro_brochure_front_page.png 240w, https:\/\/ozonetech.com\/wp-content\/uploads\/2021\/03\/rena_pro_brochure_front_page-211x300.png 211w\" sizes=\"auto, (max-width: 240px) 100vw, 240px\" \/>                                <\/div>\n                                <div class=\"downloads__download--content\">\n                                    <h4>RENA Pro Sistemas de ozono<\/h4>\n<p>RENA Pro es lo m\u00e1s moderno. Para nosotros, esto significa tres cosas. La capacidad de tratamiento es extremadamente alta. La calidad de los componentes es alta hasta el m\u00e1s m\u00ednimo detalle, lo que garantiza una larga vida \u00fatil del sistema con un rendimiento sostenido. Y por \u00faltimo, pero no menos importante, el sistema es f\u00e1cil de usar.<\/p>\n                                                                            <div class=\"downloads__download--files\">\n                                            <svg version=\"1.1\" id=\"Layer_1\" xmlns=\"http:\/\/www.w3.org\/2000\/svg\" x=\"0\" y=\"0\" viewBox=\"0 0 20.83 25\" xml:space=\"preserve\"><path fill=\"currentColor\" d=\"M20.83 8.82h-5.95V0H5.95v8.82H0l10.42 10.29L20.83 8.82zM0 22.06V25h20.83v-2.94H0z\"\/><\/svg>                                            <span>Descargar<\/span>\n                                                                                            <a target=\"_blank\" href=\"https:\/\/ozonetech.com\/wp-content\/uploads\/2020\/12\/Brochure-RENA-Pro-Ozone-Systems-v1.5-EN-web-1.pdf\">\n                                                    Ingl\u00e9s,                                                 <\/a>\n                                                                                            <a target=\"_blank\" href=\"https:\/\/ozonetech.com\/wp-content\/uploads\/2020\/12\/Brochure-RENA-Pro-Ozone-Systems-v1.5-SV-web.pdf\">\n                                                    sueco,                                                 <\/a>\n                                                                                            <a target=\"_blank\" href=\"https:\/\/ozonetech.com\/wp-content\/uploads\/2020\/12\/Brochure-RENA-Pro-Ozone-Systems-v1.0-KR-web.pdf\">\n                                                    coreano,                                                <\/a>\n                                                                                            <a target=\"_blank\" href=\"https:\/\/ozonetech.com\/wp-content\/uploads\/2020\/12\/Brochure-RENA-Pro-Ozone-Systems-v1.0-ES-web-1.pdf\">\n                                                    espa\u00f1ol                                                <\/a>\n                                                                                    <\/div>\n                                                                    <\/div>\n                            <\/div>\n                                                    <div class=\"downloads__download\">\n                                <div class=\"downloads__download--image\">\n                                    <img loading=\"lazy\" decoding=\"async\" width=\"240\" height=\"339\" src=\"https:\/\/ozonetech.com\/wp-content\/uploads\/2021\/03\/breweries_v2_0.png\" class=\"attachment-large size-large\" alt=\"\" srcset=\"https:\/\/ozonetech.com\/wp-content\/uploads\/2021\/03\/breweries_v2_0.png 240w, https:\/\/ozonetech.com\/wp-content\/uploads\/2021\/03\/breweries_v2_0-212x300.png 212w\" sizes=\"auto, (max-width: 240px) 100vw, 240px\" \/>                                <\/div>\n                                <div class=\"downloads__download--content\">\n                                    <h4>Cervecer\u00edas y producci\u00f3n de bebidas<\/h4>\n<p>Para las cervecer\u00edas y la producci\u00f3n de bebidas de cualquier tama\u00f1o, le ayudaremos a conseguir una huella medioambiental m\u00e1s suave, a reducir los costes y la manipulaci\u00f3n de productos qu\u00edmicos, a garantizar la mejor calidad posible del agua de proceso y a mejorar el tiempo de actividad de su producci\u00f3n. Lea m\u00e1s en el folleto sobre lo que podemos ofrecerle.<\/p>\n                                                                            <div class=\"downloads__download--files\">\n                                            <svg version=\"1.1\" id=\"Layer_1\" xmlns=\"http:\/\/www.w3.org\/2000\/svg\" x=\"0\" y=\"0\" viewBox=\"0 0 20.83 25\" xml:space=\"preserve\"><path fill=\"currentColor\" d=\"M20.83 8.82h-5.95V0H5.95v8.82H0l10.42 10.29L20.83 8.82zM0 22.06V25h20.83v-2.94H0z\"\/><\/svg>                                            <span>Descargar<\/span>\n                                                                                            <a target=\"_blank\" href=\"https:\/\/ozonetech.com\/wp-content\/uploads\/2020\/12\/brochure_-_brewery_v2.0_en-web-2.pdf\">\n                                                    Ingl\u00e9s,                                                <\/a>\n                                                                                            <a target=\"_blank\" href=\"https:\/\/ozonetech.com\/wp-content\/uploads\/2020\/12\/brochure_-_brewery_v1.0_es-web.pdf\">\n                                                    espa\u00f1ol                                                <\/a>\n                                                                                    <\/div>\n                                                                    <\/div>\n                            <\/div>\n                                                    <div class=\"downloads__download\">\n                                <div class=\"downloads__download--image\">\n                                    <img loading=\"lazy\" decoding=\"async\" width=\"240\" height=\"340\" src=\"https:\/\/ozonetech.com\/wp-content\/uploads\/2021\/03\/dairy_broschure.png\" class=\"attachment-large size-large\" alt=\"\" srcset=\"https:\/\/ozonetech.com\/wp-content\/uploads\/2021\/03\/dairy_broschure.png 240w, https:\/\/ozonetech.com\/wp-content\/uploads\/2021\/03\/dairy_broschure-212x300.png 212w\" sizes=\"auto, (max-width: 240px) 100vw, 240px\" \/>                                <\/div>\n                                <div class=\"downloads__download--content\">\n                                    <h4>Saneamiento con ozono para la industria l\u00e1ctea<\/h4>\n<p>La industria l\u00e1ctea es una empresa que consume mucha agua. Con los elevados requisitos de calidad para cumplir los mejores est\u00e1ndares posibles en la calidad de los productos l\u00e1cteos, el ozono puede utilizarse para recuperar cantidades masivas de agua que, de otro modo, se desechan. Junto con los procesos CIP, la salmuera del queso es un m\u00e9todo bien establecido para controlar el crecimiento microbiano.<\/p>\n                                                                            <div class=\"downloads__download--files\">\n                                            <svg version=\"1.1\" id=\"Layer_1\" xmlns=\"http:\/\/www.w3.org\/2000\/svg\" x=\"0\" y=\"0\" viewBox=\"0 0 20.83 25\" xml:space=\"preserve\"><path fill=\"currentColor\" d=\"M20.83 8.82h-5.95V0H5.95v8.82H0l10.42 10.29L20.83 8.82zM0 22.06V25h20.83v-2.94H0z\"\/><\/svg>                                            <span>Descargar<\/span>\n                                                                                            <a target=\"_blank\" href=\"https:\/\/ozonetech.com\/wp-content\/uploads\/2020\/12\/Brochure-Dairy-v1.1-EN-web.pdf\">\n                                                    Ingl\u00e9s                                                <\/a>\n                                                                                    <\/div>\n                                                                    <\/div>\n                            <\/div>\n                                                    <div class=\"downloads__download\">\n                                <div class=\"downloads__download--image\">\n                                    <img loading=\"lazy\" decoding=\"async\" width=\"240\" height=\"339\" src=\"https:\/\/ozonetech.com\/wp-content\/uploads\/2021\/03\/capture_3.png\" class=\"attachment-large size-large\" alt=\"\" srcset=\"https:\/\/ozonetech.com\/wp-content\/uploads\/2021\/03\/capture_3.png 240w, https:\/\/ozonetech.com\/wp-content\/uploads\/2021\/03\/capture_3-212x300.png 212w\" sizes=\"auto, (max-width: 240px) 100vw, 240px\" \/>                                <\/div>\n                                <div class=\"downloads__download--content\">\n                                    <h4>Alimentaci\u00f3n e higiene<\/h4>\n<p>Una planta de productos alimenticios o de higiene utiliza una gran cantidad de agua que necesita ser desinfectada o reutilizada. Tambi\u00e9n hay muchas aplicaciones CIP en las que Ozonetech ofrece multitud de soluciones para su planta. \u00bfPor qu\u00e9 no utilizar el mejor m\u00e9todo de desinfecci\u00f3n disponible?<\/p>\n                                                                            <div class=\"downloads__download--files\">\n                                            <svg version=\"1.1\" id=\"Layer_1\" xmlns=\"http:\/\/www.w3.org\/2000\/svg\" x=\"0\" y=\"0\" viewBox=\"0 0 20.83 25\" xml:space=\"preserve\"><path fill=\"currentColor\" d=\"M20.83 8.82h-5.95V0H5.95v8.82H0l10.42 10.29L20.83 8.82zM0 22.06V25h20.83v-2.94H0z\"\/><\/svg>                                            <span>Descargar<\/span>\n                                                                                            <a target=\"_blank\" href=\"https:\/\/ozonetech.com\/wp-content\/uploads\/2020\/12\/Brochure-Food-and-Hygien-v1.5-EN-web.pdf\">\n                                                    Ingl\u00e9s,                                                 <\/a>\n                                                                                            <a target=\"_blank\" href=\"https:\/\/ozonetech.com\/wp-content\/uploads\/2020\/12\/Brochure-Food-and-Hygien-v1.5-SV-web.pdf\">\n                                                    sueco                                                <\/a>\n                                                                                    <\/div>\n                                                                    <\/div>\n                            <\/div>\n                                                    <div class=\"downloads__download\">\n                                <div class=\"downloads__download--image\">\n                                    <img loading=\"lazy\" decoding=\"async\" width=\"240\" height=\"340\" src=\"https:\/\/ozonetech.com\/wp-content\/uploads\/2021\/03\/pilot_project_and_tailored_systems.png\" class=\"attachment-large size-large\" alt=\"\" srcset=\"https:\/\/ozonetech.com\/wp-content\/uploads\/2021\/03\/pilot_project_and_tailored_systems.png 240w, https:\/\/ozonetech.com\/wp-content\/uploads\/2021\/03\/pilot_project_and_tailored_systems-212x300.png 212w\" sizes=\"auto, (max-width: 240px) 100vw, 240px\" \/>                                <\/div>\n                                <div class=\"downloads__download--content\">\n                                    <h4>Proyectos piloto para el tratamiento a medida de las aguas residuales<\/h4>\n<p>Pr\u00e1cticamente todas las industrias y empresas vierten aguas contaminadas. En muchos casos se trata de una composici\u00f3n \u00fanica de materiales dif\u00edciles de descomponer que no pueden ser descompuestos por procesos biol\u00f3gicos.<\/p>\n                                                                            <div class=\"downloads__download--files\">\n                                            <svg version=\"1.1\" id=\"Layer_1\" xmlns=\"http:\/\/www.w3.org\/2000\/svg\" x=\"0\" y=\"0\" viewBox=\"0 0 20.83 25\" xml:space=\"preserve\"><path fill=\"currentColor\" d=\"M20.83 8.82h-5.95V0H5.95v8.82H0l10.42 10.29L20.83 8.82zM0 22.06V25h20.83v-2.94H0z\"\/><\/svg>                                            <span>Descargar<\/span>\n                                                                                            <a target=\"_blank\" href=\"https:\/\/ozonetech.com\/wp-content\/uploads\/2020\/12\/Brochure-Pilot-projects-and-tailored-industrial-water-treatment-systems-v1.1-EN-web.pdf\">\n                                                    Ingl\u00e9s                                                <\/a>\n                                                                                    <\/div>\n                                                                    <\/div>\n                            <\/div>\n                                                            <\/div>\n            <\/div>\n        <\/div>\n    <\/div>\n<\/section>\n","protected":false},"excerpt":{"rendered":"","protected":false},"author":21,"featured_media":0,"parent":37002,"menu_order":0,"comment_status":"closed","ping_status":"closed","template":"","meta":{"_acf_changed":false,"_seopress_robots_primary_cat":"","_seopress_titles_title":"","_seopress_titles_desc":"Aqu\u00ed encontrar\u00e1 todos nuestros folletos sobre el tratamiento del agua industrial. Inf\u00f3rmenos si necesita m\u00e1s ayuda.","_seopress_robots_index":"","inline_featured_image":false,"footnotes":""},"class_list":["post-37066","page","type-page","status-publish","hentry"],"acf":[],"_links":{"self":[{"href":"https:\/\/ozonetech.com\/es\/wp-json\/wp\/v2\/pages\/37066","targetHints":{"allow":["GET"]}}],"collection":[{"href":"https:\/\/ozonetech.com\/es\/wp-json\/wp\/v2\/pages"}],"about":[{"href":"https:\/\/ozonetech.com\/es\/wp-json\/wp\/v2\/types\/page"}],"author":[{"embeddable":true,"href":"https:\/\/ozonetech.com\/es\/wp-json\/wp\/v2\/users\/21"}],"replies":[{"embeddable":true,"href":"https:\/\/ozonetech.com\/es\/wp-json\/wp\/v2\/comments?post=37066"}],"version-history":[{"count":23,"href":"https:\/\/ozonetech.com\/es\/wp-json\/wp\/v2\/pages\/37066\/revisions"}],"predecessor-version":[{"id":41469,"href":"https:\/\/ozonetech.com\/es\/wp-json\/wp\/v2\/pages\/37066\/revisions\/41469"}],"up":[{"embeddable":true,"href":"https:\/\/ozonetech.com\/es\/wp-json\/wp\/v2\/pages\/37002"}],"wp:attachment":[{"href":"https:\/\/ozonetech.com\/es\/wp-json\/wp\/v2\/media?parent=37066"}],"curies":[{"name":"wp","href":"https:\/\/api.w.org\/{rel}","templated":true}]}}