{"id":37055,"date":"2020-06-26T08:20:32","date_gmt":"2020-06-26T08:20:32","guid":{"rendered":"https:\/\/ozonetech.com\/descargas\/science-engineering-downloads\/"},"modified":"2024-10-11T11:31:34","modified_gmt":"2024-10-11T09:31:34","slug":"descargas-sobre-ciencia-e-ingenieria-del-ozono","status":"publish","type":"page","link":"https:\/\/ozonetech.com\/es\/descargas\/descargas-sobre-ciencia-e-ingenieria-del-ozono\/","title":{"rendered":"Descargas sobre ciencia e ingenier\u00eda del ozono"},"content":{"rendered":"\n<section\n    class=\"block hero hero--regular\"\n    style=\"background-image: url('https:\/\/ozonetech.com\/wp-content\/uploads\/2021\/03\/engineering-services-tech-1600x484.jpg'); --hero-opacity: 0.3\"\n>\n\n    <div class=\"container-fluid\">\n\n        <div class=\"content editor_content\">\n                         \n                <h2 class='h2'>Descargas sobre ciencia e ingenier\u00eda del ozono<\/h2>            \n                    <\/div>\n\n            <\/div>\n<\/section>\n\n\n<section class=\"component component_breadcrumbs\">\n\t<div class=\"container-fluid\">\n  \t<\/div>\n<\/section>\n\n\n<section\n    id=\"\"\n    class=\"block content-block\"\n\tstyle=\"--cb-bg: white; --cb-content: #000; padding-top: 30px; padding-bottom: 30px;\"\n>\n    \n\n<div class=\"container-fluid editor_content content content--narrow\">\n    <div class=\"row\">\n        <div class=\"col-12 editor_content\">\n            <h1 style=\"text-align: left;\">Una colecci\u00f3n de estudios cient\u00edficos y libros blancos<\/h1>\n<p class=\"preamble\">En esta secci\u00f3n hemos reunido tanto libros blancos producidos internamente sobre nuestra tecnolog\u00eda y experiencia, como informes externos de instituciones independientes, relativos a la eficacia del ozono. Lea m\u00e1s en las descripciones siguientes y descargue estos documentos. Inf\u00f3rmenos si necesita m\u00e1s <a href=\"https:\/\/ozonetech.com\/es\/contact\/\" target=\"_blank\" rel=\"noopener\"><strong>ayuda<\/strong><\/a>.<\/p>\n        <\/div>\n    <\/div>\n<\/div>\n\n<\/section>\n\n\n\n<section class=\"block downloads\"> \n    <div class=\"container-fluid\">\n        <div class=\"row\">\n            <div class=\"col-12 title\">\n                <h3 class='h3'>Investigaci\u00f3n cient\u00edfica<\/h3>            <\/div>\n        <\/div>\n\n        <div class=\"row justify-content-center\">\n            <div class=\"col-lg-8\">\n                <div class=\"downloads\">\n                                                                        <div class=\"downloads__download\">\n                                <div class=\"downloads__download--image\">\n                                    <img loading=\"lazy\" decoding=\"async\" width=\"306\" height=\"460\" src=\"https:\/\/ozonetech.com\/wp-content\/uploads\/2021\/03\/uv_cover_0.png\" class=\"attachment-large size-large\" alt=\"\" srcset=\"https:\/\/ozonetech.com\/wp-content\/uploads\/2021\/03\/uv_cover_0.png 306w, https:\/\/ozonetech.com\/wp-content\/uploads\/2021\/03\/uv_cover_0-200x300.png 200w\" sizes=\"auto, (max-width: 306px) 100vw, 306px\" \/>                                <\/div>\n                                <div class=\"downloads__download--content\">\n                                    <h4>Mitos sobre el tratamiento UV para la extracci\u00f3n de las cocinas<\/h4>\n<p>En este documento se presentan diferentes m\u00e9todos que utilizan luz UV para eliminar los olores y la grasa emitidos por la extracci\u00f3n de las cocinas y se exponen cinco mitos comunes sobre el tratamiento UV, que todav\u00eda afectan al mercado actual.<\/p>\n                                                                            <span>Descargar<\/span>\n                                        <a target='_blank' href='https:\/\/www.mellifiq.com\/contact' >On request only<\/a>                                                                    <\/div>\n                            <\/div>\n                                                    <div class=\"downloads__download\">\n                                <div class=\"downloads__download--image\">\n                                    <img loading=\"lazy\" decoding=\"async\" width=\"306\" height=\"460\" src=\"https:\/\/ozonetech.com\/wp-content\/uploads\/2021\/03\/h2s_cover_0.png\" class=\"attachment-large size-large\" alt=\"\" srcset=\"https:\/\/ozonetech.com\/wp-content\/uploads\/2021\/03\/h2s_cover_0.png 306w, https:\/\/ozonetech.com\/wp-content\/uploads\/2021\/03\/h2s_cover_0-200x300.png 200w\" sizes=\"auto, (max-width: 306px) 100vw, 306px\" \/>                                <\/div>\n                                <div class=\"downloads__download--content\">\n                                    <h4>Comparaci\u00f3n de tecnolog\u00edas para la eliminaci\u00f3n del sulfuro de hidr\u00f3geno (H<sub>2<\/sub>S)<\/h4>\n<p>Este libro blanco presenta una comparaci\u00f3n entre dos tecnolog\u00edas -la adsorci\u00f3n y la oxidaci\u00f3n catal\u00edtica- con consideraciones relevantes para elegir el m\u00e9todo m\u00e1s rentable.<\/p>\n                                                                            <span>Descargar<\/span>\n                                        <a target='_blank' href='https:\/\/www.mellifiq.com\/contact' >On request only<\/a>                                                                    <\/div>\n                            <\/div>\n                                                    <div class=\"downloads__download\">\n                                <div class=\"downloads__download--image\">\n                                    <img loading=\"lazy\" decoding=\"async\" width=\"306\" height=\"460\" src=\"https:\/\/ozonetech.com\/wp-content\/uploads\/2021\/03\/white_paper_-_hels_0.png\" class=\"attachment-large size-large\" alt=\"\" srcset=\"https:\/\/ozonetech.com\/wp-content\/uploads\/2021\/03\/white_paper_-_hels_0.png 306w, https:\/\/ozonetech.com\/wp-content\/uploads\/2021\/03\/white_paper_-_hels_0-200x300.png 200w\" sizes=\"auto, (max-width: 306px) 100vw, 306px\" \/>                                <\/div>\n                                <div class=\"downloads__download--content\">\n                                    <h4>Bienvenido a HELS &#8211; Tecnolog\u00eda de ozono fiable, eficiente y sin electrodos<\/h4>\n<p>\u00bfSab\u00eda que nuestra tecnolog\u00eda de ozono es \u00fanica y ofrece los generadores de ozono m\u00e1s compactos del mercado? Este libro blanco destaca las caracter\u00edsticas clave que hacen que nuestros sistemas y productos sean especiales.<\/p>\n                                                                            <span>Descargar<\/span>\n                                        <a target='_blank' href='https:\/\/www.mellifiq.com\/contact' >On request only<\/a>                                                                    <\/div>\n                            <\/div>\n                                                    <div class=\"downloads__download\">\n                                <div class=\"downloads__download--image\">\n                                    <img loading=\"lazy\" decoding=\"async\" width=\"300\" height=\"460\" src=\"https:\/\/ozonetech.com\/wp-content\/uploads\/2021\/03\/white_paper_-_design_of_water_systems_0.png\" class=\"attachment-large size-large\" alt=\"\" srcset=\"https:\/\/ozonetech.com\/wp-content\/uploads\/2021\/03\/white_paper_-_design_of_water_systems_0.png 300w, https:\/\/ozonetech.com\/wp-content\/uploads\/2021\/03\/white_paper_-_design_of_water_systems_0-196x300.png 196w\" sizes=\"auto, (max-width: 300px) 100vw, 300px\" \/>                                <\/div>\n                                <div class=\"downloads__download--content\">\n                                    <h4>Dise\u00f1o de sistemas de agua con ozono de alta eficiencia &#8211; Factores clave para el \u00e9xito<\/h4>\n<p>El tratamiento del agua con ozono es un mercado en crecimiento. Sin embargo, son muchos los factores a considerar para tener \u00e9xito con la aplicaci\u00f3n, resultados fiables y la mayor eficiencia posible. Ozonetech suministra sistemas completos llave en mano en los que se tienen en cuenta todos los aspectos del alto rendimiento. Lea c\u00f3mo lo hacemos en este nuevo libro blanco.<\/p>\n                                                                            <span>Descargar<\/span>\n                                        <a target='_blank' href='https:\/\/www.mellifiq.com\/contact' >On request only<\/a>                                                                    <\/div>\n                            <\/div>\n                                                    <div class=\"downloads__download\">\n                                <div class=\"downloads__download--image\">\n                                    <img loading=\"lazy\" decoding=\"async\" width=\"306\" height=\"460\" src=\"https:\/\/ozonetech.com\/wp-content\/uploads\/2021\/03\/0_mcdonalds.png\" class=\"attachment-large size-large\" alt=\"\" srcset=\"https:\/\/ozonetech.com\/wp-content\/uploads\/2021\/03\/0_mcdonalds.png 306w, https:\/\/ozonetech.com\/wp-content\/uploads\/2021\/03\/0_mcdonalds-200x300.png 200w\" sizes=\"auto, (max-width: 306px) 100vw, 306px\" \/>                                <\/div>\n                                <div class=\"downloads__download--content\">\n                                    <h4>Informe de 12 meses de McDonald\u2019s, Kivikko Finlandia<\/h4>\n<p>El informe ha sido elaborado por Are Oy, una empresa finlandesa de servicios de construcci\u00f3n y mantenimiento. Proporciona fotos tomadas en cuatro ocasiones de los conductos de la cocina sin nuestro tratamiento de ozono, antes y despu\u00e9s de la limpieza manual por Are Oy. Tambi\u00e9n proporciona fotos en las mismas cuatro ocasiones de los conductos en los que se ha instalado nuestro tratamiento de ozono. La diferencia es evidente.<\/p>\n                                                                            <span>Descargar<\/span>\n                                        <a target='_blank' href='https:\/\/www.mellifiq.com\/contact' >On request only<\/a>                                                                    <\/div>\n                            <\/div>\n                                                    <div class=\"downloads__download\">\n                                <div class=\"downloads__download--image\">\n                                    <img loading=\"lazy\" decoding=\"async\" width=\"306\" height=\"460\" src=\"https:\/\/ozonetech.com\/wp-content\/uploads\/2021\/03\/0_nox.png\" class=\"attachment-large size-large\" alt=\"\" srcset=\"https:\/\/ozonetech.com\/wp-content\/uploads\/2021\/03\/0_nox.png 306w, https:\/\/ozonetech.com\/wp-content\/uploads\/2021\/03\/0_nox-200x300.png 200w\" sizes=\"auto, (max-width: 306px) 100vw, 306px\" \/>                                <\/div>\n                                <div class=\"downloads__download--content\">\n                                    <h4>Emisiones de NOx y formaci\u00f3n de HNO<sub>3<\/sub>: contaminaci\u00f3n atmosf\u00e9rica con an\u00e1lisis de los generadores de ozono alimentados por aire<\/h4>\n<p>Este informe revisa el peligro que suponen las emisiones de NOx en el aire, prestando especial atenci\u00f3n a la posible contribuci\u00f3n de los generadores de ozono alimentados por aire.<\/p>\n                                                                            <span>Descargar<\/span>\n                                        <a target='_blank' href='https:\/\/www.mellifiq.com\/contact' >On request only<\/a>                                                                    <\/div>\n                            <\/div>\n                                                    <div class=\"downloads__download\">\n                                <div class=\"downloads__download--image\">\n                                    <img loading=\"lazy\" decoding=\"async\" width=\"306\" height=\"460\" src=\"https:\/\/ozonetech.com\/wp-content\/uploads\/2021\/03\/0_corona.png\" class=\"attachment-large size-large\" alt=\"\" srcset=\"https:\/\/ozonetech.com\/wp-content\/uploads\/2021\/03\/0_corona.png 306w, https:\/\/ozonetech.com\/wp-content\/uploads\/2021\/03\/0_corona-200x300.png 200w\" sizes=\"auto, (max-width: 306px) 100vw, 306px\" \/>                                <\/div>\n                                <div class=\"downloads__download--content\">\n                                    <h4>Evaluaci\u00f3n bibliogr\u00e1fica de los subproductos del generador de ozono por descarga de corona<\/h4>\n<p>A petici\u00f3n de Ozonetech, Exponent International Ltd ha realizado una evaluaci\u00f3n bibliogr\u00e1fica de los subproductos t\u00edpicos producidos tras la generaci\u00f3n de ozono por descarga de corona.<\/p>\n                                                                            <span>Descargar<\/span>\n                                        <a target='_blank' href='https:\/\/www.mellifiq.com\/contact' >On request only<\/a>                                                                    <\/div>\n                            <\/div>\n                                                    <div class=\"downloads__download\">\n                                <div class=\"downloads__download--image\">\n                                    <img loading=\"lazy\" decoding=\"async\" width=\"328\" height=\"460\" src=\"https:\/\/ozonetech.com\/wp-content\/uploads\/2021\/03\/epa_-_water_treatment_manual.png\" class=\"attachment-large size-large\" alt=\"\" srcset=\"https:\/\/ozonetech.com\/wp-content\/uploads\/2021\/03\/epa_-_water_treatment_manual.png 328w, https:\/\/ozonetech.com\/wp-content\/uploads\/2021\/03\/epa_-_water_treatment_manual-214x300.png 214w, https:\/\/ozonetech.com\/wp-content\/uploads\/2021\/03\/epa_-_water_treatment_manual-170x238.png 170w\" sizes=\"auto, (max-width: 328px) 100vw, 328px\" \/>                                <\/div>\n                                <div class=\"downloads__download--content\">\n                                    <h4>Agencia de Protecci\u00f3n Ambiental &#8211; Manual de tratamiento del agua: Desinfecci\u00f3n<\/h4>\n<p>La desinfecci\u00f3n del agua potable en todo el mundo se lleva a cabo con un alto nivel de exigencia. Este informe de referencia compara todas las tecnolog\u00edas de desinfecci\u00f3n disponibles en la actualidad. Estos estudios independientes confirman que el ozono es el m\u00e9todo de desinfecci\u00f3n comercialmente m\u00e1s eficiente en la actualidad. El informe cuantifica los indicadores clave de rendimiento y ofrece una visi\u00f3n general de los retos t\u00e9cnicos de todas las tecnolog\u00edas cubiertas.<\/p>\n                                                                            <div class=\"downloads__download--files\">\n                                            <svg version=\"1.1\" id=\"Layer_1\" xmlns=\"http:\/\/www.w3.org\/2000\/svg\" x=\"0\" y=\"0\" viewBox=\"0 0 20.83 25\" xml:space=\"preserve\"><path fill=\"currentColor\" d=\"M20.83 8.82h-5.95V0H5.95v8.82H0l10.42 10.29L20.83 8.82zM0 22.06V25h20.83v-2.94H0z\"\/><\/svg>                                            <span>Descargar<\/span>\n                                                                                            <a target=\"_blank\" href=\"https:\/\/ozonetech.com\/wp-content\/uploads\/2020\/12\/2011-EPA-Water-treatment-manual-disinfection_compressed-2.pdf\">\n                                                    Ingl\u00e9s                                                <\/a>\n                                                                                    <\/div>\n                                                                    <\/div>\n                            <\/div>\n                                                    <div class=\"downloads__download\">\n                                <div class=\"downloads__download--image\">\n                                    <img loading=\"lazy\" decoding=\"async\" width=\"327\" height=\"460\" src=\"https:\/\/ozonetech.com\/wp-content\/uploads\/2021\/03\/who_-_water_treatment_pathogen_control.png\" class=\"attachment-large size-large\" alt=\"\" srcset=\"https:\/\/ozonetech.com\/wp-content\/uploads\/2021\/03\/who_-_water_treatment_pathogen_control.png 327w, https:\/\/ozonetech.com\/wp-content\/uploads\/2021\/03\/who_-_water_treatment_pathogen_control-213x300.png 213w, https:\/\/ozonetech.com\/wp-content\/uploads\/2021\/03\/who_-_water_treatment_pathogen_control-170x238.png 170w\" sizes=\"auto, (max-width: 327px) 100vw, 327px\" \/>                                <\/div>\n                                <div class=\"downloads__download--content\">\n                                    <h4>Organizaci\u00f3n Mundial de la Salud &#8211; Tratamiento del agua y control de pat\u00f3genos<\/h4>\n<p>Este informe de la OMS analiza los factores de \u00e9xito para eliminar con la mayor eficacia posible diversos pat\u00f3genos en el agua potable, que plantean graves problemas a las poblaciones de todo el mundo. El ozono se destaca como un m\u00e9todo seguro, probado y fiable para eliminar todo el espectro de pat\u00f3genos.<\/p>\n                                                                            <div class=\"downloads__download--files\">\n                                            <svg version=\"1.1\" id=\"Layer_1\" xmlns=\"http:\/\/www.w3.org\/2000\/svg\" x=\"0\" y=\"0\" viewBox=\"0 0 20.83 25\" xml:space=\"preserve\"><path fill=\"currentColor\" d=\"M20.83 8.82h-5.95V0H5.95v8.82H0l10.42 10.29L20.83 8.82zM0 22.06V25h20.83v-2.94H0z\"\/><\/svg>                                            <span>Descargar<\/span>\n                                                                                            <a target=\"_blank\" href=\"https:\/\/ozonetech.com\/wp-content\/uploads\/2020\/12\/2001-WHO-Water-Treatment-and-Pathogen-Control.pdf\">\n                                                    Ingl\u00e9s                                                <\/a>\n                                                                                    <\/div>\n                                                                    <\/div>\n                            <\/div>\n                                                            <\/div>\n            <\/div>\n        <\/div>\n    <\/div>\n<\/section>\n","protected":false},"excerpt":{"rendered":"","protected":false},"author":21,"featured_media":0,"parent":37002,"menu_order":0,"comment_status":"closed","ping_status":"closed","template":"","meta":{"_acf_changed":false,"_seopress_robots_primary_cat":"","_seopress_titles_title":"","_seopress_titles_desc":"En esta secci\u00f3n hemos reunido los dos libros blancos producidos internamente seg\u00fan nuestras investigaciones acerca del ozono.","_seopress_robots_index":"","inline_featured_image":false,"footnotes":""},"class_list":["post-37055","page","type-page","status-publish","hentry"],"acf":[],"_links":{"self":[{"href":"https:\/\/ozonetech.com\/es\/wp-json\/wp\/v2\/pages\/37055","targetHints":{"allow":["GET"]}}],"collection":[{"href":"https:\/\/ozonetech.com\/es\/wp-json\/wp\/v2\/pages"}],"about":[{"href":"https:\/\/ozonetech.com\/es\/wp-json\/wp\/v2\/types\/page"}],"author":[{"embeddable":true,"href":"https:\/\/ozonetech.com\/es\/wp-json\/wp\/v2\/users\/21"}],"replies":[{"embeddable":true,"href":"https:\/\/ozonetech.com\/es\/wp-json\/wp\/v2\/comments?post=37055"}],"version-history":[{"count":11,"href":"https:\/\/ozonetech.com\/es\/wp-json\/wp\/v2\/pages\/37055\/revisions"}],"predecessor-version":[{"id":41477,"href":"https:\/\/ozonetech.com\/es\/wp-json\/wp\/v2\/pages\/37055\/revisions\/41477"}],"up":[{"embeddable":true,"href":"https:\/\/ozonetech.com\/es\/wp-json\/wp\/v2\/pages\/37002"}],"wp:attachment":[{"href":"https:\/\/ozonetech.com\/es\/wp-json\/wp\/v2\/media?parent=37055"}],"curies":[{"name":"wp","href":"https:\/\/api.w.org\/{rel}","templated":true}]}}