{"id":37047,"date":"2020-06-25T12:28:08","date_gmt":"2020-06-25T12:28:08","guid":{"rendered":"https:\/\/ozonetech.com\/descargas\/other-downloads\/"},"modified":"2024-10-11T11:26:20","modified_gmt":"2024-10-11T09:26:20","slug":"otras-descargas","status":"publish","type":"page","link":"https:\/\/ozonetech.com\/es\/descargas\/otras-descargas\/","title":{"rendered":"Otras descargas"},"content":{"rendered":"\n<section\n    class=\"block hero hero--regular\"\n    style=\"background-image: url('https:\/\/ozonetech.com\/wp-content\/uploads\/2021\/03\/other-downloads-ots-1600x484.jpg'); --hero-opacity: 0.2\"\n>\n\n    <div class=\"container-fluid\">\n\n        <div class=\"content editor_content\">\n                         \n                <h2 class='h2'>Otras descargas<\/h2>            \n                    <\/div>\n\n            <\/div>\n<\/section>\n\n\n<section class=\"component component_breadcrumbs\">\n\t<div class=\"container-fluid\">\n  \t<\/div>\n<\/section>\n\n\n\n\n\n\n\n\n<section\n    id=\"\"\n    class=\"block content-block\"\n\tstyle=\"--cb-bg: white; --cb-content: #000; padding-top: 30px; padding-bottom: 30px;\"\n>\n    \n\n<div class=\"container-fluid editor_content content content--narrow\">\n    <div class=\"row\">\n        <div class=\"col-12 editor_content\">\n            <h1>Recopilaci\u00f3n de otras descargas<\/h1>\n<p class=\"preamble\">Aqu\u00ed encontrar\u00e1 todos nuestros folletos sobre accesorios. Inf\u00f3rmenos si necesita m\u00e1s <a href=\"https:\/\/ozonetech.com\/es\/contact\/\"><strong>ayuda<\/strong><\/a>.<\/p>\n<p class=\"preamble\">M\u00e1s informaci\u00f3n sobre nuestros proyectos de referencia <a href=\"https:\/\/mellifiq.com\/reference-projects\/\" target=\"_blank\" rel=\"noopener\"><strong>aqu\u00ed<\/strong><\/a> (external site).<\/p>\n        <\/div>\n    <\/div>\n<\/div>\n\n<\/section>\n\n\n\n\n\n\n<section class=\"block downloads\"> \n    <div class=\"container-fluid\">\n        <div class=\"row\">\n            <div class=\"col-12 title\">\n                <h3 class='h3'>Folletos<\/h3>            <\/div>\n        <\/div>\n\n        <div class=\"row justify-content-center\">\n            <div class=\"col-lg-8\">\n                <div class=\"downloads\">\n                                                                        <div class=\"downloads__download\">\n                                <div class=\"downloads__download--image\">\n                                    <img loading=\"lazy\" decoding=\"async\" width=\"240\" height=\"339\" src=\"https:\/\/ozonetech.com\/wp-content\/uploads\/2021\/03\/offprint_automation.png\" class=\"attachment-large size-large\" alt=\"\" srcset=\"https:\/\/ozonetech.com\/wp-content\/uploads\/2021\/03\/offprint_automation.png 240w, https:\/\/ozonetech.com\/wp-content\/uploads\/2021\/03\/offprint_automation-212x300.png 212w\" sizes=\"auto, (max-width: 240px) 100vw, 240px\" \/>                                <\/div>\n                                <div class=\"downloads__download--content\">\n                                    <h4>Separata &#8211; Los refugiados que se convirtieron en pioneros de la tecnolog\u00eda medioambiental<\/h4>\n<p>Este art\u00edculo de seis p\u00e1ginas trata de la historia de Ozonetech, del fuerte car\u00e1cter empresarial de los hermanos Gilanpour, de su t\u00e9cnica innovadora y del premio recibido como Empresario del A\u00f1o de manos de Su Majestad el Rey Carlos XVI Gustavo en el Castillo Real de Estocolmo.<\/p>\n                                                                            <div class=\"downloads__download--files\">\n                                            <svg version=\"1.1\" id=\"Layer_1\" xmlns=\"http:\/\/www.w3.org\/2000\/svg\" x=\"0\" y=\"0\" viewBox=\"0 0 20.83 25\" xml:space=\"preserve\"><path fill=\"currentColor\" d=\"M20.83 8.82h-5.95V0H5.95v8.82H0l10.42 10.29L20.83 8.82zM0 22.06V25h20.83v-2.94H0z\"\/><\/svg>                                            <span>Descargar<\/span>\n                                                                                            <a target=\"_blank\" href=\"https:\/\/ozonetech.com\/wp-content\/uploads\/2020\/12\/Offprint-Entreprenor-v1.0-SV-web.pdf\">\n                                                    Sueco                                                <\/a>\n                                                                                    <\/div>\n                                                                    <\/div>\n                            <\/div>\n                                                    <div class=\"downloads__download\">\n                                <div class=\"downloads__download--image\">\n                                    <img loading=\"lazy\" decoding=\"async\" width=\"240\" height=\"298\" src=\"https:\/\/ozonetech.com\/wp-content\/uploads\/2021\/03\/offprint_automation2.png\" class=\"attachment-large size-large\" alt=\"\" \/>                                <\/div>\n                                <div class=\"downloads__download--content\">\n                                    <h4>Separata &#8211; art\u00edculo sobre la prestigiosa instalaci\u00f3n de 25 sistemas RENA en el Mall of Scandinavia<\/h4>\n<p>Extenso art\u00edculo de cuatro p\u00e1ginas de la periodista Dagmar Zitkova, con fotograf\u00edas.<\/p>\n                                                                            <div class=\"downloads__download--files\">\n                                            <svg version=\"1.1\" id=\"Layer_1\" xmlns=\"http:\/\/www.w3.org\/2000\/svg\" x=\"0\" y=\"0\" viewBox=\"0 0 20.83 25\" xml:space=\"preserve\"><path fill=\"currentColor\" d=\"M20.83 8.82h-5.95V0H5.95v8.82H0l10.42 10.29L20.83 8.82zM0 22.06V25h20.83v-2.94H0z\"\/><\/svg>                                            <span>Descargar<\/span>\n                                                                                            <a target=\"_blank\" href=\"https:\/\/ozonetech.com\/wp-content\/uploads\/2020\/12\/Offprint-Automation-v1.0-SV-web.pdf\">\n                                                    Sueco                                                <\/a>\n                                                                                    <\/div>\n                                                                    <\/div>\n                            <\/div>\n                                                    <div class=\"downloads__download\">\n                                <div class=\"downloads__download--image\">\n                                    <img loading=\"lazy\" decoding=\"async\" width=\"240\" height=\"340\" src=\"https:\/\/ozonetech.com\/wp-content\/uploads\/2021\/03\/capture_7.png\" class=\"attachment-large size-large\" alt=\"\" srcset=\"https:\/\/ozonetech.com\/wp-content\/uploads\/2021\/03\/capture_7.png 240w, https:\/\/ozonetech.com\/wp-content\/uploads\/2021\/03\/capture_7-212x300.png 212w\" sizes=\"auto, (max-width: 240px) 100vw, 240px\" \/>                                <\/div>\n                                <div class=\"downloads__download--content\">\n                                    <h3>La campa\u00f1a \u00abMant\u00e9n Suecia limpia\u00bb dio origen a la visi\u00f3n de Ozonetech<\/h3>\n<p>La larga campa\u00f1a sueca \u00abMant\u00e9n Suecia limpia\u00bb fue una de las primeras impresiones que se llevaron los hermanos Gilanpour al llegar a su nuevo pa\u00eds.<\/p>\n                                                                            <div class=\"downloads__download--files\">\n                                            <svg version=\"1.1\" id=\"Layer_1\" xmlns=\"http:\/\/www.w3.org\/2000\/svg\" x=\"0\" y=\"0\" viewBox=\"0 0 20.83 25\" xml:space=\"preserve\"><path fill=\"currentColor\" d=\"M20.83 8.82h-5.95V0H5.95v8.82H0l10.42 10.29L20.83 8.82zM0 22.06V25h20.83v-2.94H0z\"\/><\/svg>                                            <span>Descargar<\/span>\n                                                                                            <a target=\"_blank\" href=\"https:\/\/ozonetech.com\/wp-content\/uploads\/2020\/12\/Brochure-Vision-v1.0-EN-web.pdf\">\n                                                    Ingl\u00e9s,                                                 <\/a>\n                                                                                            <a target=\"_blank\" href=\"https:\/\/ozonetech.com\/wp-content\/uploads\/2020\/12\/Brochure-Vision-v1.0-SV-web.pdf\">\n                                                    sueco,                                                 <\/a>\n                                                                                            <a target=\"_blank\" href=\"https:\/\/ozonetech.com\/wp-content\/uploads\/2020\/12\/Brochure-Vision-v1.0-DE-web.pdf\">\n                                                    alem\u00e1n                                                <\/a>\n                                                                                    <\/div>\n                                                                    <\/div>\n                            <\/div>\n                                                    <div class=\"downloads__download\">\n                                <div class=\"downloads__download--image\">\n                                    <img loading=\"lazy\" decoding=\"async\" width=\"240\" height=\"342\" src=\"https:\/\/ozonetech.com\/wp-content\/uploads\/2021\/03\/capture_8.png\" class=\"attachment-large size-large\" alt=\"\" srcset=\"https:\/\/ozonetech.com\/wp-content\/uploads\/2021\/03\/capture_8.png 240w, https:\/\/ozonetech.com\/wp-content\/uploads\/2021\/03\/capture_8-211x300.png 211w\" sizes=\"auto, (max-width: 240px) 100vw, 240px\" \/>                                <\/div>\n                                <div class=\"downloads__download--content\">\n                                    <h4>Una gu\u00eda compacta sobre el uso del ozono<\/h4>\n<p>El ozono es un oxidante fuerte y polivalente que hace que el mundo sea m\u00e1s sostenible. Este folleto ofrece una breve descripci\u00f3n de d\u00f3nde utilizar el ozono y para qu\u00e9 fines.<\/p>\n                                                                            <div class=\"downloads__download--files\">\n                                            <svg version=\"1.1\" id=\"Layer_1\" xmlns=\"http:\/\/www.w3.org\/2000\/svg\" x=\"0\" y=\"0\" viewBox=\"0 0 20.83 25\" xml:space=\"preserve\"><path fill=\"currentColor\" d=\"M20.83 8.82h-5.95V0H5.95v8.82H0l10.42 10.29L20.83 8.82zM0 22.06V25h20.83v-2.94H0z\"\/><\/svg>                                            <span>Descargar<\/span>\n                                                                                            <a target=\"_blank\" href=\"https:\/\/ozonetech.com\/wp-content\/uploads\/2020\/12\/Brochure-B2B-v1.0-EN-web.pdf\">\n                                                    Ingl\u00e9s,                                                 <\/a>\n                                                                                            <a target=\"_blank\" href=\"https:\/\/ozonetech.com\/wp-content\/uploads\/2020\/12\/Brochure-B2B-v1.0-SV-web.pdf\">\n                                                    sueco,                                                 <\/a>\n                                                                                            <a target=\"_blank\" href=\"https:\/\/ozonetech.com\/wp-content\/uploads\/2020\/12\/Brochure-B2B-v1.0-DE-web.pdf\">\n                                                    alem\u00e1n,                                                 <\/a>\n                                                                                            <a target=\"_blank\" href=\"https:\/\/ozonetech.com\/wp-content\/uploads\/2020\/12\/Brochure-B2B-v1.0-FI-web.pdf\">\n                                                    finland\u00e9s                                                <\/a>\n                                                                                    <\/div>\n                                                                    <\/div>\n                            <\/div>\n                                                            <\/div>\n            <\/div>\n        <\/div>\n    <\/div>\n<\/section>\n","protected":false},"excerpt":{"rendered":"","protected":false},"author":21,"featured_media":0,"parent":37002,"menu_order":0,"comment_status":"closed","ping_status":"closed","template":"","meta":{"_acf_changed":false,"_seopress_robots_primary_cat":"","_seopress_titles_title":"","_seopress_titles_desc":"Descargue las publicaciones y los folletos que cuentan la historia del \u00e9xito de Ozonetech y comparten nuestra visi\u00f3n sobre la sostenibilidad.","_seopress_robots_index":"","inline_featured_image":false,"footnotes":""},"class_list":["post-37047","page","type-page","status-publish","hentry"],"acf":[],"_links":{"self":[{"href":"https:\/\/ozonetech.com\/es\/wp-json\/wp\/v2\/pages\/37047","targetHints":{"allow":["GET"]}}],"collection":[{"href":"https:\/\/ozonetech.com\/es\/wp-json\/wp\/v2\/pages"}],"about":[{"href":"https:\/\/ozonetech.com\/es\/wp-json\/wp\/v2\/types\/page"}],"author":[{"embeddable":true,"href":"https:\/\/ozonetech.com\/es\/wp-json\/wp\/v2\/users\/21"}],"replies":[{"embeddable":true,"href":"https:\/\/ozonetech.com\/es\/wp-json\/wp\/v2\/comments?post=37047"}],"version-history":[{"count":11,"href":"https:\/\/ozonetech.com\/es\/wp-json\/wp\/v2\/pages\/37047\/revisions"}],"predecessor-version":[{"id":41443,"href":"https:\/\/ozonetech.com\/es\/wp-json\/wp\/v2\/pages\/37047\/revisions\/41443"}],"up":[{"embeddable":true,"href":"https:\/\/ozonetech.com\/es\/wp-json\/wp\/v2\/pages\/37002"}],"wp:attachment":[{"href":"https:\/\/ozonetech.com\/es\/wp-json\/wp\/v2\/media?parent=37047"}],"curies":[{"name":"wp","href":"https:\/\/api.w.org\/{rel}","templated":true}]}}