{"id":37038,"date":"2020-06-26T07:45:29","date_gmt":"2020-06-26T06:45:29","guid":{"rendered":"https:\/\/ozonetech.com\/descargas\/odor-sanitation-downloads\/"},"modified":"2024-10-11T11:31:05","modified_gmt":"2024-10-11T09:31:05","slug":"descargas-sobre-olor-y-saneamiento","status":"publish","type":"page","link":"https:\/\/ozonetech.com\/es\/descargas\/descargas-sobre-olor-y-saneamiento\/","title":{"rendered":"Descargas sobre olor y saneamiento"},"content":{"rendered":"\n<section\n    class=\"block hero hero--regular\"\n    style=\"background-image: url('https:\/\/ozonetech.com\/wp-content\/uploads\/2021\/03\/odor-and-sanitation-1-1600x484.jpg'); --hero-opacity: 0.3\"\n>\n\n    <div class=\"container-fluid\">\n\n        <div class=\"content editor_content\">\n                         \n                <h2 class='h2'>Descargas sobre olor y saneamiento<\/h2>            \n                    <\/div>\n\n            <\/div>\n<\/section>\n\n\n<section class=\"component component_breadcrumbs\">\n\t<div class=\"container-fluid\">\n  \t<\/div>\n<\/section>\n\n\n<section\n    id=\"\"\n    class=\"block content-block\"\n\tstyle=\"--cb-bg: white; --cb-content: #000; padding-top: 30px; padding-bottom: 30px;\"\n>\n    \n\n<div class=\"container-fluid editor_content content content--narrow\">\n    <div class=\"row\">\n        <div class=\"col-12 editor_content\">\n            <h1>Recopilaci\u00f3n de descargas sobre olores y saneamiento<\/h1>\n<p class=\"preamble\">Aqu\u00ed encontrar\u00e1 todos nuestros folletos sobre olores y saneamiento. Inf\u00f3rmenos si necesita m\u00e1s <a href=\"https:\/\/ozonetech.com\/es\/contact\/\"><strong>ayuda<\/strong><\/a>.<\/p>\n<p class=\"preamble\">M\u00e1s informaci\u00f3n sobre nuestros proyectos de referencia <a href=\"https:\/\/mellifiq.com\/reference-projects\/\" target=\"_blank\" rel=\"noopener\"><strong>aqu\u00ed<\/strong><\/a> (external site).<\/p>\n        <\/div>\n    <\/div>\n<\/div>\n\n<\/section>\n\n\n\n<section class=\"block downloads\"> \n    <div class=\"container-fluid\">\n        <div class=\"row\">\n            <div class=\"col-12 title\">\n                <h3 class='h3'>Folletos<\/h3>            <\/div>\n        <\/div>\n\n        <div class=\"row justify-content-center\">\n            <div class=\"col-lg-8\">\n                <div class=\"downloads\">\n                                                                        <div class=\"downloads__download\">\n                                <div class=\"downloads__download--image\">\n                                    <img loading=\"lazy\" decoding=\"async\" width=\"240\" height=\"339\" src=\"https:\/\/ozonetech.com\/wp-content\/uploads\/2021\/03\/pilot_air_brochure_omslag-2.png\" class=\"attachment-large size-large\" alt=\"\" srcset=\"https:\/\/ozonetech.com\/wp-content\/uploads\/2021\/03\/pilot_air_brochure_omslag-2.png 240w, https:\/\/ozonetech.com\/wp-content\/uploads\/2021\/03\/pilot_air_brochure_omslag-2-212x300.png 212w\" sizes=\"auto, (max-width: 240px) 100vw, 240px\" \/>                                <\/div>\n                                <div class=\"downloads__download--content\">\n                                    <h4>El tratamiento eficaz de las emisiones de aire industrial es una tarea dif\u00edcil<\/h4>\n<p>Cada proceso es \u00fanico y tambi\u00e9n lo son las emisiones que salen de la chimenea. Para encontrar la soluci\u00f3n \u00f3ptima de tratamiento del aire es necesario realizar meticulosas pruebas piloto en la empresa.<\/p>\n                                                                            <div class=\"downloads__download--files\">\n                                            <svg version=\"1.1\" id=\"Layer_1\" xmlns=\"http:\/\/www.w3.org\/2000\/svg\" x=\"0\" y=\"0\" viewBox=\"0 0 20.83 25\" xml:space=\"preserve\"><path fill=\"currentColor\" d=\"M20.83 8.82h-5.95V0H5.95v8.82H0l10.42 10.29L20.83 8.82zM0 22.06V25h20.83v-2.94H0z\"\/><\/svg>                                            <span>Descargar<\/span>\n                                                                                            <a target=\"_blank\" href=\"https:\/\/ozonetech.com\/wp-content\/uploads\/2020\/12\/Brochure-Pilot-projects-and-tailored-industrial-air-treatment-systems-v1.0-EN-web.pdf\">\n                                                    Ingl\u00e9s                                                <\/a>\n                                                                                    <\/div>\n                                                                    <\/div>\n                            <\/div>\n                                                    <div class=\"downloads__download\">\n                                <div class=\"downloads__download--image\">\n                                    <img loading=\"lazy\" decoding=\"async\" width=\"240\" height=\"339\" src=\"https:\/\/ozonetech.com\/wp-content\/uploads\/2021\/03\/biogas_brochure_omslag.png\" class=\"attachment-large size-large\" alt=\"\" srcset=\"https:\/\/ozonetech.com\/wp-content\/uploads\/2021\/03\/biogas_brochure_omslag.png 240w, https:\/\/ozonetech.com\/wp-content\/uploads\/2021\/03\/biogas_brochure_omslag-212x300.png 212w\" sizes=\"auto, (max-width: 240px) 100vw, 240px\" \/>                                <\/div>\n                                <div class=\"downloads__download--content\">\n                                    <h4>Eliminaci\u00f3n de H<sub>2<\/sub>S y olores en las plantas de biog\u00e1s<\/h4>\n<p>Uno de los retos de las plantas de biog\u00e1s es el estricto requisito de eliminar el H<sub>2<\/sub>S despu\u00e9s de la etapa de digesti\u00f3n anaeroba, antes de la mejora. Otra fuente constante de preocupaci\u00f3n son los olores emitidos por la planta de biog\u00e1s. Hoy en d\u00eda, ambas cosas pueden resolverse de forma eficaz y ecol\u00f3gica. D\u00e9jenos ayudarle.<\/p>\n                                                                            <div class=\"downloads__download--files\">\n                                            <svg version=\"1.1\" id=\"Layer_1\" xmlns=\"http:\/\/www.w3.org\/2000\/svg\" x=\"0\" y=\"0\" viewBox=\"0 0 20.83 25\" xml:space=\"preserve\"><path fill=\"currentColor\" d=\"M20.83 8.82h-5.95V0H5.95v8.82H0l10.42 10.29L20.83 8.82zM0 22.06V25h20.83v-2.94H0z\"\/><\/svg>                                            <span>Descargar<\/span>\n                                                                                            <a target=\"_blank\" href=\"https:\/\/ozonetech.com\/wp-content\/uploads\/2020\/12\/Brochure-H2S-and-biogas-removal-at-biogas-plants-v1.0-EN-web.pdf\">\n                                                    Ingl\u00e9s                                                <\/a>\n                                                                                    <\/div>\n                                                                    <\/div>\n                            <\/div>\n                                                    <div class=\"downloads__download\">\n                                <div class=\"downloads__download--image\">\n                                    <img loading=\"lazy\" decoding=\"async\" width=\"240\" height=\"339\" src=\"https:\/\/ozonetech.com\/wp-content\/uploads\/2021\/03\/mold_en.png\" class=\"attachment-large size-large\" alt=\"\" srcset=\"https:\/\/ozonetech.com\/wp-content\/uploads\/2021\/03\/mold_en.png 240w, https:\/\/ozonetech.com\/wp-content\/uploads\/2021\/03\/mold_en-212x300.png 212w\" sizes=\"auto, (max-width: 240px) 100vw, 240px\" \/>                                <\/div>\n                                <div class=\"downloads__download--content\">\n                                    <h4>Eliminaci\u00f3n de moho y olores<\/h4>\n<p>Las esporas del moho no s\u00f3lo causan mal olor y malestar, sino que tambi\u00e9n es una fuente de mala salud y alergias. En zonas mal ventiladas y con mayor humedad, el moho puede adherirse f\u00e1cilmente y causar molestias mucho tiempo antes de que sea visible a la vista. Nuestros generadores de ozono ACT 3000 y ACT 5000 pueden encargarse del problema.<\/p>\n                                                                            <div class=\"downloads__download--files\">\n                                            <svg version=\"1.1\" id=\"Layer_1\" xmlns=\"http:\/\/www.w3.org\/2000\/svg\" x=\"0\" y=\"0\" viewBox=\"0 0 20.83 25\" xml:space=\"preserve\"><path fill=\"currentColor\" d=\"M20.83 8.82h-5.95V0H5.95v8.82H0l10.42 10.29L20.83 8.82zM0 22.06V25h20.83v-2.94H0z\"\/><\/svg>                                            <span>Descargar<\/span>\n                                                                                            <a target=\"_blank\" href=\"https:\/\/ozonetech.com\/wp-content\/uploads\/2020\/12\/Brochure-Mold-and-odor-removal-v1.0-EN-web.pdf\">\n                                                    Ingl\u00e9s,                                                 <\/a>\n                                                                                            <a target=\"_blank\" href=\"https:\/\/ozonetech.com\/wp-content\/uploads\/2020\/12\/Brochure-Mogel-luktsanering-v1.1-SV-web.pdf\">\n                                                    sueco                                                <\/a>\n                                                                                    <\/div>\n                                                                    <\/div>\n                            <\/div>\n                                                    <div class=\"downloads__download\">\n                                <div class=\"downloads__download--image\">\n                                    <img loading=\"lazy\" decoding=\"async\" width=\"240\" height=\"341\" src=\"https:\/\/ozonetech.com\/wp-content\/uploads\/2021\/03\/avfallsrum_fettavskilare.png\" class=\"attachment-large size-large\" alt=\"\" srcset=\"https:\/\/ozonetech.com\/wp-content\/uploads\/2021\/03\/avfallsrum_fettavskilare.png 240w, https:\/\/ozonetech.com\/wp-content\/uploads\/2021\/03\/avfallsrum_fettavskilare-211x300.png 211w\" sizes=\"auto, (max-width: 240px) 100vw, 240px\" \/>                                <\/div>\n                                <div class=\"downloads__download--content\">\n                                    <h4>Cuartos de basura y separadores de grasa sin olor con ozono<\/h4>\n<p>El ozono es un m\u00e9todo eficaz y de bajo coste para eliminar los olores. Los costes de adquisici\u00f3n y funcionamiento son muy bajos, lo que hace que el coste total a lo largo del tiempo sea significativamente menor que el de las soluciones de limpieza basadas en la refrigeraci\u00f3n y las bacterias. El ozono es la mejor opci\u00f3n para los cuartos de basura y los separadores de grasa.<\/p>\n                                                                            <div class=\"downloads__download--files\">\n                                            <svg version=\"1.1\" id=\"Layer_1\" xmlns=\"http:\/\/www.w3.org\/2000\/svg\" x=\"0\" y=\"0\" viewBox=\"0 0 20.83 25\" xml:space=\"preserve\"><path fill=\"currentColor\" d=\"M20.83 8.82h-5.95V0H5.95v8.82H0l10.42 10.29L20.83 8.82zM0 22.06V25h20.83v-2.94H0z\"\/><\/svg>                                            <span>Descargar<\/span>\n                                                                                            <a target=\"_blank\" href=\"https:\/\/ozonetech.com\/wp-content\/uploads\/2021\/01\/brochure_-_avfallsrum_fettavskiljare_v1.5_sv-web_0.pdf\">\n                                                    Sueco                                                <\/a>\n                                                                                    <\/div>\n                                                                    <\/div>\n                            <\/div>\n                                                    <div class=\"downloads__download\">\n                                <div class=\"downloads__download--image\">\n                                    <img loading=\"lazy\" decoding=\"async\" width=\"724\" height=\"1024\" src=\"https:\/\/ozonetech.com\/wp-content\/uploads\/2022\/06\/Skarmbild-2022-06-28-160532-724x1024.png\" class=\"attachment-large size-large\" alt=\"\" srcset=\"https:\/\/ozonetech.com\/wp-content\/uploads\/2022\/06\/Skarmbild-2022-06-28-160532-724x1024.png 724w, https:\/\/ozonetech.com\/wp-content\/uploads\/2022\/06\/Skarmbild-2022-06-28-160532-212x300.png 212w, https:\/\/ozonetech.com\/wp-content\/uploads\/2022\/06\/Skarmbild-2022-06-28-160532-768x1086.png 768w, https:\/\/ozonetech.com\/wp-content\/uploads\/2022\/06\/Skarmbild-2022-06-28-160532-1086x1536.png 1086w, https:\/\/ozonetech.com\/wp-content\/uploads\/2022\/06\/Skarmbild-2022-06-28-160532-240x339.png 240w, https:\/\/ozonetech.com\/wp-content\/uploads\/2022\/06\/Skarmbild-2022-06-28-160532.png 1191w\" sizes=\"auto, (max-width: 724px) 100vw, 724px\" \/>                                <\/div>\n                                <div class=\"downloads__download--content\">\n                                    <h4>Cuartos de basura frescos, sin olores y con refrigeraci\u00f3n<\/h4>\n<p>Los cuartos de basura, las salas de clasificaci\u00f3n de basura y espacios similares sufren naturalmente de malos olores. Pero no tiene por qu\u00e9 ser as\u00ed. Descargue la carpeta, que incluye una comparaci\u00f3n de costes de las principales soluciones disponibles en el mercado. No es sorprendente que el ozono se encargue de los olores a un coste mucho menor que las alternativas.<\/p>\n                                                                            <div class=\"downloads__download--files\">\n                                            <svg version=\"1.1\" id=\"Layer_1\" xmlns=\"http:\/\/www.w3.org\/2000\/svg\" x=\"0\" y=\"0\" viewBox=\"0 0 20.83 25\" xml:space=\"preserve\"><path fill=\"currentColor\" d=\"M20.83 8.82h-5.95V0H5.95v8.82H0l10.42 10.29L20.83 8.82zM0 22.06V25h20.83v-2.94H0z\"\/><\/svg>                                            <span>Descargar<\/span>\n                                                                                            <a target=\"_blank\" href=\"https:\/\/ozonetech.com\/wp-content\/uploads\/2022\/06\/Brochure-Fresh-garbage-rooms-using-ozone-v1.2-EN.pdf\">\n                                                    Ingl\u00e9s,                                                <\/a>\n                                                                                            <a target=\"_blank\" href=\"https:\/\/ozonetech.com\/wp-content\/uploads\/2022\/06\/Brochure-Alla-har-ratt-till-ett-frascht-miljorum-SV.pdf\">\n                                                    sueco                                                <\/a>\n                                                                                    <\/div>\n                                                                    <\/div>\n                            <\/div>\n                                                    <div class=\"downloads__download\">\n                                <div class=\"downloads__download--image\">\n                                    <img loading=\"lazy\" decoding=\"async\" width=\"240\" height=\"339\" src=\"https:\/\/ozonetech.com\/wp-content\/uploads\/2021\/03\/odorless.png\" class=\"attachment-large size-large\" alt=\"\" srcset=\"https:\/\/ozonetech.com\/wp-content\/uploads\/2021\/03\/odorless.png 240w, https:\/\/ozonetech.com\/wp-content\/uploads\/2021\/03\/odorless-212x300.png 212w\" sizes=\"auto, (max-width: 240px) 100vw, 240px\" \/>                                <\/div>\n                                <div class=\"downloads__download--content\">\n                                    <h4>Desgasificaci\u00f3n sin olores del separador de grasa<\/h4>\n<p>La formaci\u00f3n de grasa y bacterias en el separador de grasa puede causar importantes problemas de olor. Este folleto explica c\u00f3mo se pueden reducir r\u00e1pidamente los problemas y c\u00f3mo instalar el sistema de ozono.<\/p>\n                                                                            <div class=\"downloads__download--files\">\n                                            <svg version=\"1.1\" id=\"Layer_1\" xmlns=\"http:\/\/www.w3.org\/2000\/svg\" x=\"0\" y=\"0\" viewBox=\"0 0 20.83 25\" xml:space=\"preserve\"><path fill=\"currentColor\" d=\"M20.83 8.82h-5.95V0H5.95v8.82H0l10.42 10.29L20.83 8.82zM0 22.06V25h20.83v-2.94H0z\"\/><\/svg>                                            <span>Descargar<\/span>\n                                                                                            <a target=\"_blank\" href=\"https:\/\/ozonetech.com\/wp-content\/uploads\/2020\/12\/Brochure-Odorless-exhaust-air-from-grease-traps-v1.0-EN-web.pdf\">\n                                                    Ingl\u00e9s,                                                 <\/a>\n                                                                                            <a target=\"_blank\" href=\"https:\/\/ozonetech.com\/wp-content\/uploads\/2020\/12\/Brochure-Luktfri-avluftning-fran-fettavskiljare-v1.6-SV-web.pdf\">\n                                                    sueco                                                <\/a>\n                                                                                    <\/div>\n                                                                    <\/div>\n                            <\/div>\n                                                    <div class=\"downloads__download\">\n                                <div class=\"downloads__download--image\">\n                                    <img loading=\"lazy\" decoding=\"async\" width=\"240\" height=\"339\" src=\"https:\/\/ozonetech.com\/wp-content\/uploads\/2021\/03\/pump_en.png\" class=\"attachment-large size-large\" alt=\"\" srcset=\"https:\/\/ozonetech.com\/wp-content\/uploads\/2021\/03\/pump_en.png 240w, https:\/\/ozonetech.com\/wp-content\/uploads\/2021\/03\/pump_en-212x300.png 212w\" sizes=\"auto, (max-width: 240px) 100vw, 240px\" \/>                                <\/div>\n                                <div class=\"downloads__download--content\">\n                                    <h4>Estaciones de bombeo y plantas de tratamiento<\/h4>\n<p>El crecimiento de las bacterias en las aguas residuales puede dar lugar a gases desagradables y malignos en condiciones de ausencia de \u00e1cidos. Dos ejemplos son el sulfuro de hidr\u00f3geno en las estaciones de bombeo y las plantas de tratamiento. La zona que rodea una casa de bombas o una planta de tratamiento de agua tambi\u00e9n se ve afectada. No es raro que las personas que viven cerca se vean afectadas por los olores.<\/p>\n                                                                            <div class=\"downloads__download--files\">\n                                            <svg version=\"1.1\" id=\"Layer_1\" xmlns=\"http:\/\/www.w3.org\/2000\/svg\" x=\"0\" y=\"0\" viewBox=\"0 0 20.83 25\" xml:space=\"preserve\"><path fill=\"currentColor\" d=\"M20.83 8.82h-5.95V0H5.95v8.82H0l10.42 10.29L20.83 8.82zM0 22.06V25h20.83v-2.94H0z\"\/><\/svg>                                            <span>Descargar<\/span>\n                                                                                            <a target=\"_blank\" href=\"https:\/\/ozonetech.com\/wp-content\/uploads\/2020\/12\/Brochure-Pump-stations-and-treatment-plants-v1.0-EN-web.pdf\">\n                                                    Ingl\u00e9s,                                                 <\/a>\n                                                                                            <a target=\"_blank\" href=\"https:\/\/ozonetech.com\/wp-content\/uploads\/2020\/12\/Brochure-Pumpstationer-och-reningsverk-v1.4-SV-web.pdf\">\n                                                    sueco                                                <\/a>\n                                                                                    <\/div>\n                                                                    <\/div>\n                            <\/div>\n                                                            <\/div>\n            <\/div>\n        <\/div>\n    <\/div>\n<\/section>\n","protected":false},"excerpt":{"rendered":"","protected":false},"author":21,"featured_media":0,"parent":37002,"menu_order":0,"comment_status":"closed","ping_status":"closed","template":"","meta":{"_acf_changed":false,"_seopress_robots_primary_cat":"","_seopress_titles_title":"","_seopress_titles_desc":"Aqu\u00ed encontrar\u00e1 todos nuestros folletos para aplicaciones de olores y saneamiento industrial. Inf\u00f3rmenos si necesita m\u00e1s ayuda.","_seopress_robots_index":"","inline_featured_image":false,"footnotes":""},"class_list":["post-37038","page","type-page","status-publish","hentry"],"acf":[],"_links":{"self":[{"href":"https:\/\/ozonetech.com\/es\/wp-json\/wp\/v2\/pages\/37038","targetHints":{"allow":["GET"]}}],"collection":[{"href":"https:\/\/ozonetech.com\/es\/wp-json\/wp\/v2\/pages"}],"about":[{"href":"https:\/\/ozonetech.com\/es\/wp-json\/wp\/v2\/types\/page"}],"author":[{"embeddable":true,"href":"https:\/\/ozonetech.com\/es\/wp-json\/wp\/v2\/users\/21"}],"replies":[{"embeddable":true,"href":"https:\/\/ozonetech.com\/es\/wp-json\/wp\/v2\/comments?post=37038"}],"version-history":[{"count":14,"href":"https:\/\/ozonetech.com\/es\/wp-json\/wp\/v2\/pages\/37038\/revisions"}],"predecessor-version":[{"id":41475,"href":"https:\/\/ozonetech.com\/es\/wp-json\/wp\/v2\/pages\/37038\/revisions\/41475"}],"up":[{"embeddable":true,"href":"https:\/\/ozonetech.com\/es\/wp-json\/wp\/v2\/pages\/37002"}],"wp:attachment":[{"href":"https:\/\/ozonetech.com\/es\/wp-json\/wp\/v2\/media?parent=37038"}],"curies":[{"name":"wp","href":"https:\/\/api.w.org\/{rel}","templated":true}]}}