{"id":37018,"date":"2020-06-25T13:17:13","date_gmt":"2020-06-25T13:17:13","guid":{"rendered":"https:\/\/ozonetech.com\/descargas\/air-treatment-downloads\/"},"modified":"2024-10-11T10:33:35","modified_gmt":"2024-10-11T08:33:35","slug":"descargas-tratamiento-de-aire","status":"publish","type":"page","link":"https:\/\/ozonetech.com\/es\/descargas\/descargas-tratamiento-de-aire\/","title":{"rendered":"Descargas sobre el tratamiento de aire"},"content":{"rendered":"\n<section\n    class=\"block hero hero--regular\"\n    style=\"background-image: url('https:\/\/ozonetech.com\/wp-content\/uploads\/2021\/03\/industrial-air-treatment-1600x484.jpg'); --hero-opacity: 0.2\"\n>\n\n    <div class=\"container-fluid\">\n\n        <div class=\"content editor_content\">\n                         \n                <h2 class='h2'>Descargas sobre tratamiento de aire<\/h2>            \n                    <\/div>\n\n            <\/div>\n<\/section>\n\n\n<section class=\"component component_breadcrumbs\">\n\t<div class=\"container-fluid\">\n  \t<\/div>\n<\/section>\n\n\n<section\n    id=\"\"\n    class=\"block content-block\"\n\tstyle=\"--cb-bg: #fff; --cb-content: #000; \"\n>\n    \n\n<div class=\"container-fluid editor_content content content--narrow\">\n    <div class=\"row\">\n        <div class=\"col-12 editor_content\">\n            <h1 style=\"text-align: left;\">Recopilaci\u00f3n de descargas sobre el tratamiento del aire<\/h1>\n<p class=\"preamble\">Aqu\u00ed encontrar\u00e1 todos nuestros folletos sobre tratamiento del aire industrial. Inf\u00f3rmenos si necesita m\u00e1s <a href=\"https:\/\/ozonetech.com\/contact\/\"><strong>ayuda<\/strong><\/a>.<\/p>\n<p class=\"preamble\">M\u00e1s informaci\u00f3n sobre nuestros proyectos de referencia <a href=\"https:\/\/mellifiq.com\/reference-projects\/\" target=\"_blank\" rel=\"noopener\"><strong>aqu\u00ed<\/strong><\/a> (external site).<\/p>\n        <\/div>\n    <\/div>\n<\/div>\n\n<\/section>\n\n\n\n<section class=\"block downloads\"> \n    <div class=\"container-fluid\">\n        <div class=\"row\">\n            <div class=\"col-12 title\">\n                <h3 class='h3'>Folletos<\/h3>            <\/div>\n        <\/div>\n\n        <div class=\"row justify-content-center\">\n            <div class=\"col-lg-8\">\n                <div class=\"downloads\">\n                                                                        <div class=\"downloads__download\">\n                                <div class=\"downloads__download--image\">\n                                    <img loading=\"lazy\" decoding=\"async\" width=\"240\" height=\"339\" src=\"https:\/\/ozonetech.com\/wp-content\/uploads\/2021\/03\/pilot_air_brochure_omslag-1.png\" class=\"attachment-large size-large\" alt=\"\" srcset=\"https:\/\/ozonetech.com\/wp-content\/uploads\/2021\/03\/pilot_air_brochure_omslag-1.png 240w, https:\/\/ozonetech.com\/wp-content\/uploads\/2021\/03\/pilot_air_brochure_omslag-1-212x300.png 212w\" sizes=\"auto, (max-width: 240px) 100vw, 240px\" \/>                                <\/div>\n                                <div class=\"downloads__download--content\">\n                                    <h4>El tratamiento eficaz de las emisiones de aire industrial es una tarea dif\u00edcil<\/h4>\n<p>Cada proceso es \u00fanico y tambi\u00e9n lo son las emisiones que salen de la chimenea. Para encontrar la soluci\u00f3n \u00f3ptima de tratamiento del aire es necesario realizar meticulosas pruebas piloto en la empresa.<\/p>\n                                                                            <div class=\"downloads__download--files\">\n                                            <svg version=\"1.1\" id=\"Layer_1\" xmlns=\"http:\/\/www.w3.org\/2000\/svg\" x=\"0\" y=\"0\" viewBox=\"0 0 20.83 25\" xml:space=\"preserve\"><path fill=\"currentColor\" d=\"M20.83 8.82h-5.95V0H5.95v8.82H0l10.42 10.29L20.83 8.82zM0 22.06V25h20.83v-2.94H0z\"\/><\/svg>                                            <span>Descargar<\/span>\n                                                                                            <a target=\"_blank\" href=\"https:\/\/ozonetech.com\/wp-content\/uploads\/2020\/12\/Brochure-Pilot-projects-and-tailored-industrial-air-treatment-systems-v1.0-EN-web.pdf\">\n                                                    Ingl\u00e9s                                                <\/a>\n                                                                                    <\/div>\n                                                                    <\/div>\n                            <\/div>\n                                                    <div class=\"downloads__download\">\n                                <div class=\"downloads__download--image\">\n                                    <img loading=\"lazy\" decoding=\"async\" width=\"240\" height=\"339\" src=\"https:\/\/ozonetech.com\/wp-content\/uploads\/2021\/03\/biogas_brochure_omslag.png\" class=\"attachment-large size-large\" alt=\"\" srcset=\"https:\/\/ozonetech.com\/wp-content\/uploads\/2021\/03\/biogas_brochure_omslag.png 240w, https:\/\/ozonetech.com\/wp-content\/uploads\/2021\/03\/biogas_brochure_omslag-212x300.png 212w\" sizes=\"auto, (max-width: 240px) 100vw, 240px\" \/>                                <\/div>\n                                <div class=\"downloads__download--content\">\n                                    <h4>Eliminaci\u00f3n de H<sub>2<\/sub>S y olores en las plantas de biog\u00e1s<\/h4>\n<p>Uno de los retos de las plantas de biog\u00e1s es el estricto requisito de eliminar el H<sub>2<\/sub>S despu\u00e9s de la etapa de digesti\u00f3n anaeroba, antes de la mejora. Otra fuente constante de preocupaci\u00f3n son los olores emitidos por la planta de biog\u00e1s. Hoy en d\u00eda, ambas cosas pueden resolverse de forma eficaz y ecol\u00f3gica. Permita que le ayudemos.<\/p>\n                                                                            <div class=\"downloads__download--files\">\n                                            <svg version=\"1.1\" id=\"Layer_1\" xmlns=\"http:\/\/www.w3.org\/2000\/svg\" x=\"0\" y=\"0\" viewBox=\"0 0 20.83 25\" xml:space=\"preserve\"><path fill=\"currentColor\" d=\"M20.83 8.82h-5.95V0H5.95v8.82H0l10.42 10.29L20.83 8.82zM0 22.06V25h20.83v-2.94H0z\"\/><\/svg>                                            <span>Descargar<\/span>\n                                                                                            <a target=\"_blank\" href=\"https:\/\/ozonetech.com\/wp-content\/uploads\/2020\/12\/Brochure-H2S-and-biogas-removal-at-biogas-plants-v1.0-EN-web.pdf\">\n                                                    Ingl\u00e9s                                                <\/a>\n                                                                                    <\/div>\n                                                                    <\/div>\n                            <\/div>\n                                                    <div class=\"downloads__download\">\n                                <div class=\"downloads__download--image\">\n                                    <img loading=\"lazy\" decoding=\"async\" width=\"240\" height=\"339\" src=\"https:\/\/ozonetech.com\/wp-content\/uploads\/2021\/03\/cover_bpr_en.png\" class=\"attachment-large size-large\" alt=\"\" srcset=\"https:\/\/ozonetech.com\/wp-content\/uploads\/2021\/03\/cover_bpr_en.png 240w, https:\/\/ozonetech.com\/wp-content\/uploads\/2021\/03\/cover_bpr_en-212x300.png 212w\" sizes=\"auto, (max-width: 240px) 100vw, 240px\" \/>                                <\/div>\n                                <div class=\"downloads__download--content\">\n                                    <h4>BPR REACH &#8211; \u00bfProduce usted ozono en su empresa?<\/h4>\n<p>Entonces debe seguir la nueva normativa de la UE, REACH y BPR. Hemos reunido informaci\u00f3n para ayudarle a decidir si necesita o no tomar medidas. Tambi\u00e9n ofrecemos servicios para gestionar estos procesos.<\/p>\n                                                                            <span>Descargar<\/span>\n                                        <a target='_blank' href='https:\/\/www.mellifiq.com\/contact' >On request only<\/a>                                                                    <\/div>\n                            <\/div>\n                                                    <div class=\"downloads__download\">\n                                <div class=\"downloads__download--image\">\n                                    <img loading=\"lazy\" decoding=\"async\" width=\"240\" height=\"341\" src=\"https:\/\/ozonetech.com\/wp-content\/uploads\/2021\/03\/rena_pro_brochure_front_page-1.png\" class=\"attachment-large size-large\" alt=\"\" srcset=\"https:\/\/ozonetech.com\/wp-content\/uploads\/2021\/03\/rena_pro_brochure_front_page-1.png 240w, https:\/\/ozonetech.com\/wp-content\/uploads\/2021\/03\/rena_pro_brochure_front_page-1-211x300.png 211w\" sizes=\"auto, (max-width: 240px) 100vw, 240px\" \/>                                <\/div>\n                                <div class=\"downloads__download--content\">\n                                    <h4>Soluci\u00f3n de ozono fiable, f\u00e1cil de manejar y de alto rendimiento<\/h4>\n<p>RENA Pro es lo m\u00e1s moderno. Para nosotros, esto significa tres cosas. La capacidad de tratamiento es extremadamente alta. La calidad de los componentes es alta hasta el m\u00e1s m\u00ednimo detalle, lo que garantiza una larga vida \u00fatil del sistema con un rendimiento sostenido.<\/p>\n                                                                            <div class=\"downloads__download--files\">\n                                            <svg version=\"1.1\" id=\"Layer_1\" xmlns=\"http:\/\/www.w3.org\/2000\/svg\" x=\"0\" y=\"0\" viewBox=\"0 0 20.83 25\" xml:space=\"preserve\"><path fill=\"currentColor\" d=\"M20.83 8.82h-5.95V0H5.95v8.82H0l10.42 10.29L20.83 8.82zM0 22.06V25h20.83v-2.94H0z\"\/><\/svg>                                            <span>Descargar<\/span>\n                                                                                            <a target=\"_blank\" href=\"https:\/\/ozonetech.com\/wp-content\/uploads\/2020\/12\/Brochure-RENA-Pro-Ozone-Systems-v1.5-EN-web-1.pdf\">\n                                                    Ingl\u00e9s,                                                 <\/a>\n                                                                                            <a target=\"_blank\" href=\"https:\/\/ozonetech.com\/wp-content\/uploads\/2020\/12\/Brochure-RENA-Pro-Ozone-Systems-v1.5-SV-web.pdf\">\n                                                    sueco,                                                <\/a>\n                                                                                            <a target=\"_blank\" href=\"https:\/\/ozonetech.com\/wp-content\/uploads\/2020\/12\/Brochure-RENA-Pro-Ozone-Systems-v1.0-ES-web.pdf\">\n                                                    espa\u00f1o,                                                <\/a>\n                                                                                            <a target=\"_blank\" href=\"https:\/\/ozonetech.com\/wp-content\/uploads\/2020\/12\/Brochure-RENA-Pro-Ozone-Systems-v1.0-KR-web.pdf\">\n                                                    coreano                                                <\/a>\n                                                                                    <\/div>\n                                                                    <\/div>\n                            <\/div>\n                                                    <div class=\"downloads__download\">\n                                <div class=\"downloads__download--image\">\n                                    <img loading=\"lazy\" decoding=\"async\" width=\"240\" height=\"340\" src=\"https:\/\/ozonetech.com\/wp-content\/uploads\/2021\/03\/biogas_front.png\" class=\"attachment-large size-large\" alt=\"\" srcset=\"https:\/\/ozonetech.com\/wp-content\/uploads\/2021\/03\/biogas_front.png 240w, https:\/\/ozonetech.com\/wp-content\/uploads\/2021\/03\/biogas_front-212x300.png 212w\" sizes=\"auto, (max-width: 240px) 100vw, 240px\" \/>                                <\/div>\n                                <div class=\"downloads__download--content\">\n                                    <h4>Reducci\u00f3n de olores para plantas de biog\u00e1s<\/h4>\n<p>Una planta de biog\u00e1s produce muchos olores en sus operaciones. Por ejemplo, en la recepci\u00f3n, clasificaci\u00f3n, higienizaci\u00f3n, digesti\u00f3n, descarga, etc. Estos olores suelen molestar a las zonas adyacentes y tambi\u00e9n pueden ser perjudiciales para las personas que se encuentran en la planta. El sistema RENA Pro ofrece una soluci\u00f3n eficaz. Descargue el folleto para obtener m\u00e1s informaci\u00f3n.<\/p>\n                                                                            <div class=\"downloads__download--files\">\n                                            <svg version=\"1.1\" id=\"Layer_1\" xmlns=\"http:\/\/www.w3.org\/2000\/svg\" x=\"0\" y=\"0\" viewBox=\"0 0 20.83 25\" xml:space=\"preserve\"><path fill=\"currentColor\" d=\"M20.83 8.82h-5.95V0H5.95v8.82H0l10.42 10.29L20.83 8.82zM0 22.06V25h20.83v-2.94H0z\"\/><\/svg>                                            <span>Descargar<\/span>\n                                                                                            <a target=\"_blank\" href=\"https:\/\/ozonetech.com\/wp-content\/uploads\/2020\/12\/Brochure-Luktreduktion-for-biogasanlaggningar-v1.2-SV-web.pdf\">\n                                                    Sueco                                                <\/a>\n                                                                                    <\/div>\n                                                                    <\/div>\n                            <\/div>\n                                                            <\/div>\n            <\/div>\n        <\/div>\n    <\/div>\n<\/section>\n\n\n\n","protected":false},"excerpt":{"rendered":"","protected":false},"author":21,"featured_media":0,"parent":37002,"menu_order":0,"comment_status":"closed","ping_status":"closed","template":"","meta":{"_acf_changed":false,"_seopress_robots_primary_cat":"","_seopress_titles_title":"","_seopress_titles_desc":"Aqu\u00ed encontrar\u00e1 todos nuestros folletos sobre el tratamiento del aire industrial. Inf\u00f3rmenos si necesita m\u00e1s ayuda.","_seopress_robots_index":"","inline_featured_image":false,"footnotes":""},"class_list":["post-37018","page","type-page","status-publish","hentry"],"acf":[],"_links":{"self":[{"href":"https:\/\/ozonetech.com\/es\/wp-json\/wp\/v2\/pages\/37018","targetHints":{"allow":["GET"]}}],"collection":[{"href":"https:\/\/ozonetech.com\/es\/wp-json\/wp\/v2\/pages"}],"about":[{"href":"https:\/\/ozonetech.com\/es\/wp-json\/wp\/v2\/types\/page"}],"author":[{"embeddable":true,"href":"https:\/\/ozonetech.com\/es\/wp-json\/wp\/v2\/users\/21"}],"replies":[{"embeddable":true,"href":"https:\/\/ozonetech.com\/es\/wp-json\/wp\/v2\/comments?post=37018"}],"version-history":[{"count":17,"href":"https:\/\/ozonetech.com\/es\/wp-json\/wp\/v2\/pages\/37018\/revisions"}],"predecessor-version":[{"id":41339,"href":"https:\/\/ozonetech.com\/es\/wp-json\/wp\/v2\/pages\/37018\/revisions\/41339"}],"up":[{"embeddable":true,"href":"https:\/\/ozonetech.com\/es\/wp-json\/wp\/v2\/pages\/37002"}],"wp:attachment":[{"href":"https:\/\/ozonetech.com\/es\/wp-json\/wp\/v2\/media?parent=37018"}],"curies":[{"name":"wp","href":"https:\/\/api.w.org\/{rel}","templated":true}]}}