{"id":37009,"date":"2020-06-25T11:55:51","date_gmt":"2020-06-25T10:55:51","guid":{"rendered":"https:\/\/ozonetech.com\/descargas\/accessories-downloads\/"},"modified":"2024-10-11T10:49:36","modified_gmt":"2024-10-11T08:49:36","slug":"descargas-de-accesorios","status":"publish","type":"page","link":"https:\/\/ozonetech.com\/es\/descargas\/descargas-de-accesorios\/","title":{"rendered":"Descargas de accesorios"},"content":{"rendered":"\n<section\n    class=\"block hero hero--regular\"\n    style=\"background-image: url('https:\/\/ozonetech.com\/wp-content\/uploads\/2021\/03\/accessories-1600x484.jpg'); --hero-opacity: 0.3\"\n>\n\n    <div class=\"container-fluid\">\n\n        <div class=\"content editor_content\">\n                         \n                <h2 class='h2'>Descargas de accesorios<\/h2>            \n                    <\/div>\n\n            <\/div>\n<\/section>\n\n\n<section class=\"component component_breadcrumbs\">\n\t<div class=\"container-fluid\">\n  \t<\/div>\n<\/section>\n\n\n<section\n    id=\"\"\n    class=\"block content-block\"\n\tstyle=\"--cb-bg: white; --cb-content: #000; padding-top: 30px; padding-bottom: 30px;\"\n>\n    \n\n<div class=\"container-fluid editor_content content content--narrow\">\n    <div class=\"row\">\n        <div class=\"col-12 editor_content\">\n            <h1>Una gu\u00eda r\u00e1pida de componentes y piezas de recambio<\/h1>\n<p class=\"preamble\">Aqu\u00ed encontrar\u00e1 todos nuestros folletos sobre accesorios. Inf\u00f3rmenos si necesita m\u00e1s <a href=\"https:\/\/ozonetech.com\/contact\/\"><strong>ayuda<\/strong><\/a>.<\/p>\n<p class=\"preamble\">M\u00e1s informaci\u00f3n sobre nuestros proyectos de referencia <a href=\"https:\/\/mellifiq.com\/reference-projects\/\"><strong>aqu\u00ed<\/strong><\/a> (external site).<\/p>\n        <\/div>\n    <\/div>\n<\/div>\n\n<\/section>\n\n\n\n\n\n\n<section class=\"block downloads\"> \n    <div class=\"container-fluid\">\n        <div class=\"row\">\n            <div class=\"col-12 title\">\n                <h3 class='h3'>Folletos<\/h3>            <\/div>\n        <\/div>\n\n        <div class=\"row justify-content-center\">\n            <div class=\"col-lg-8\">\n                <div class=\"downloads\">\n                                                                        <div class=\"downloads__download\">\n                                <div class=\"downloads__download--image\">\n                                    <img loading=\"lazy\" decoding=\"async\" width=\"240\" height=\"340\" src=\"https:\/\/ozonetech.com\/wp-content\/uploads\/2021\/03\/hose-directory-brochure-front-page.png\" class=\"attachment-large size-large\" alt=\"\" srcset=\"https:\/\/ozonetech.com\/wp-content\/uploads\/2021\/03\/hose-directory-brochure-front-page.png 240w, https:\/\/ozonetech.com\/wp-content\/uploads\/2021\/03\/hose-directory-brochure-front-page-212x300.png 212w\" sizes=\"auto, (max-width: 240px) 100vw, 240px\" \/>                                <\/div>\n                                <div class=\"downloads__download--content\">\n                                    <h4>Directorio de mangueras<\/h4>\n<p>Una gu\u00eda completa de nuestras mangueras y piezas que utilizamos para nuestros sistemas de ozono.<\/p>\n                                                                            <div class=\"downloads__download--files\">\n                                            <svg version=\"1.1\" id=\"Layer_1\" xmlns=\"http:\/\/www.w3.org\/2000\/svg\" x=\"0\" y=\"0\" viewBox=\"0 0 20.83 25\" xml:space=\"preserve\"><path fill=\"currentColor\" d=\"M20.83 8.82h-5.95V0H5.95v8.82H0l10.42 10.29L20.83 8.82zM0 22.06V25h20.83v-2.94H0z\"\/><\/svg>                                            <span>Descargar<\/span>\n                                                                                            <a target=\"_blank\" href=\"https:\/\/ozonetech.com\/wp-content\/uploads\/2020\/12\/Datasheet-Hose-Directory-v1.0-EN-web.pdf\">\n                                                    Ingl\u00e9s,                                                 <\/a>\n                                                                                            <a target=\"_blank\" href=\"https:\/\/ozonetech.com\/wp-content\/uploads\/2020\/12\/Datasheet-Hose-Directory-v1.0-SV-web.pdf\">\n                                                    Sueco                                                <\/a>\n                                                                                    <\/div>\n                                                                    <\/div>\n                            <\/div>\n                                                            <\/div>\n            <\/div>\n        <\/div>\n    <\/div>\n<\/section>\n","protected":false},"excerpt":{"rendered":"","protected":false},"author":21,"featured_media":0,"parent":37002,"menu_order":0,"comment_status":"closed","ping_status":"closed","template":"","meta":{"_acf_changed":false,"_seopress_robots_primary_cat":"","_seopress_titles_title":"","_seopress_titles_desc":"Lea m\u00e1s y descargue la gu\u00eda completa en ingl\u00e9s y sueco de nuestras mangueras y piezas compatibles con nuestros sistemas de ozono","_seopress_robots_index":"","inline_featured_image":false,"footnotes":""},"class_list":["post-37009","page","type-page","status-publish","hentry"],"acf":[],"_links":{"self":[{"href":"https:\/\/ozonetech.com\/es\/wp-json\/wp\/v2\/pages\/37009","targetHints":{"allow":["GET"]}}],"collection":[{"href":"https:\/\/ozonetech.com\/es\/wp-json\/wp\/v2\/pages"}],"about":[{"href":"https:\/\/ozonetech.com\/es\/wp-json\/wp\/v2\/types\/page"}],"author":[{"embeddable":true,"href":"https:\/\/ozonetech.com\/es\/wp-json\/wp\/v2\/users\/21"}],"replies":[{"embeddable":true,"href":"https:\/\/ozonetech.com\/es\/wp-json\/wp\/v2\/comments?post=37009"}],"version-history":[{"count":11,"href":"https:\/\/ozonetech.com\/es\/wp-json\/wp\/v2\/pages\/37009\/revisions"}],"predecessor-version":[{"id":41395,"href":"https:\/\/ozonetech.com\/es\/wp-json\/wp\/v2\/pages\/37009\/revisions\/41395"}],"up":[{"embeddable":true,"href":"https:\/\/ozonetech.com\/es\/wp-json\/wp\/v2\/pages\/37002"}],"wp:attachment":[{"href":"https:\/\/ozonetech.com\/es\/wp-json\/wp\/v2\/media?parent=37009"}],"curies":[{"name":"wp","href":"https:\/\/api.w.org\/{rel}","templated":true}]}}