{"id":36997,"date":"2020-06-24T06:10:46","date_gmt":"2020-06-24T06:10:46","guid":{"rendered":"https:\/\/ozonetech.com\/aplicaciones\/tratamiento-de-agua\/water-disinfection-ozone\/"},"modified":"2024-10-10T09:45:48","modified_gmt":"2024-10-10T07:45:48","slug":"desinfeccion-de-agua-con-ozono","status":"publish","type":"page","link":"https:\/\/ozonetech.com\/es\/aplicaciones\/tratamiento-de-agua\/desinfeccion-de-agua-con-ozono\/","title":{"rendered":"Desinfecci\u00f3n de agua con ozono"},"content":{"rendered":"\n<section\n    class=\"block hero hero--regular\"\n    style=\"background-image: url('https:\/\/ozonetech.com\/wp-content\/uploads\/2021\/03\/ozone-water-disinfection-1600x484.jpg'); --hero-opacity: 0.2\"\n>\n\n    <div class=\"container-fluid\">\n\n        <div class=\"content editor_content\">\n                         \n                <h2 class='h2'>Desinfecci\u00f3n de agua con ozono<\/h2>            \n                    <\/div>\n\n            <\/div>\n<\/section>\n\n\n<section class=\"component component_breadcrumbs\">\n\t<div class=\"container-fluid\">\n  \t<\/div>\n<\/section>\n\n\n<section\n    id=\"\"\n    class=\"block content-block\"\n\tstyle=\"--cb-bg: white; --cb-content: #000; padding-top: 30px; padding-bottom: 30px;\"\n>\n    \n\n<div class=\"container-fluid editor_content content content--narrow\">\n    <div class=\"row\">\n        <div class=\"col-12 editor_content\">\n            <h1>La m\u00e1s efectiva manera de tratar agua mientras se eliminan los pat\u00f3genos y los contaminantes<\/h1>\n<p class=\"preamble\">Ozonetech ofrece una tecnolog\u00eda de desinfecci\u00f3n de primera calidad a trav\u00e9s de nuestros sistemas de generaci\u00f3n de ozono de dise\u00f1o y producci\u00f3n propios. El sistema de ozono puede instalarse f\u00e1cilmente en una corriente lateral de un sistema de tratamiento de agua existente o en l\u00ednea. Ozonetech tambi\u00e9n ofrece sistemas completos de tratamiento de agua. Por lo tanto, tenemos experiencia en tecnolog\u00edas probadas como tratamiento UV y cloraci\u00f3n. El siguiente texto proporciona algunos fundamentos en desinfecci\u00f3n de agua para ofrecer una mejor comprensi\u00f3n de las mejores tecnolog\u00edas disponibles para los distintos casos.<\/p>\n        <\/div>\n    <\/div>\n<\/div>\n\n\n<div class=\"container-fluid editor_content content content--narrow\">\n    <div class=\"row\">\n        <div class=\"col-md-6\">\n            <h3>Ventaja del ozono en la desinfecci\u00f3n de agua<\/h3>\n<p>La desinfecci\u00f3n de agua usando ozono presenta ventajas en comparaci\u00f3n con m\u00e9todos m\u00e1s tradicionales tales como el cloro o desinfecci\u00f3n UV. En primer lugar, el ozono es m\u00e1s eficaz desactivando virus y bacterias que cualquier otro tratamiento de desinfecci\u00f3n, mientras que al mismo tiempo requiere muy poco tiempo de contacto, reduciendo as\u00ed el tiempo total del tratamiento y ademas no deja residuos qu\u00edmicos.<\/p>\n<p>Debido a su elevado potencial de oxidaci\u00f3n, el ozono degradar\u00e1 eficazmente microbios y virus, causando la ruptura de la membrana celular y la descomposici\u00f3n de compuestos biomoleculares esenciales en, por ejemplo, bacterias. Como se puede observar en la imagen inferior, el ozono puede ser utilizado para oxidar los hidrocarbonos de las bicapas celulares lip\u00eddicas para matar microbios contaminantes.<\/p>\n        <\/div>\n        <div class=\"col-md-6\">\n            <div id=\"attachment_13364\" style=\"width: 1034px\" class=\"wp-caption aligncenter\"><img loading=\"lazy\" decoding=\"async\" aria-describedby=\"caption-attachment-13364\" class=\"wp-image-13364 size-large\" src=\"https:\/\/ozonetech.com\/wp-content\/uploads\/2021\/01\/ozone-oxidation-reaction-molecules-1024x605.png\" alt=\"\" width=\"1024\" height=\"605\" srcset=\"https:\/\/ozonetech.com\/wp-content\/uploads\/2021\/01\/ozone-oxidation-reaction-molecules-1024x605.png 1024w, https:\/\/ozonetech.com\/wp-content\/uploads\/2021\/01\/ozone-oxidation-reaction-molecules-300x177.png 300w, https:\/\/ozonetech.com\/wp-content\/uploads\/2021\/01\/ozone-oxidation-reaction-molecules-768x454.png 768w, https:\/\/ozonetech.com\/wp-content\/uploads\/2021\/01\/ozone-oxidation-reaction-molecules.png 1253w\" sizes=\"auto, (max-width: 1024px) 100vw, 1024px\" \/><p id=\"caption-attachment-13364\" class=\"wp-caption-text\"><em>Oxidaci\u00f3n hidrocarbono-ozono<\/em><\/p><\/div>\n<p>&nbsp;<\/p>\n<p>B\u00e1sicamente no quedan residuos nocivos tras el uso de ozono ya que este, de manera natural, se descompone en el agua. El tratamiento con ozono tambi\u00e9n previene el crecimiento de nuevos microorganismos siempre y cuando los otros procesos implicados en el proceso de desinfecci\u00f3n hayan sido eficaces en reducir las part\u00edculas presentes en la corriente de aguas residuales. El ozono tambi\u00e9n se produce in situ, y no requiere env\u00edo ni manipulaci\u00f3n, eliminando as\u00ed complicaciones de seguridad y medioambientales asociados a la manipulaci\u00f3n de productos qu\u00edmicos.<\/p>\n        <\/div>\n    <\/div>\n<\/div>\n\n<div class=\"container-fluid editor_content content content--narrow\">\n    <div class=\"row\">\n        <div class=\"col-12 editor_content\">\n            <h3>Eficacia de la desinfecci\u00f3n<\/h3>\n<p>Como ya se ha mencionado anteriormente, la ozonizaci\u00f3n permite una desinfecci\u00f3n eficaz. Esto se mide habitualmente utilizando el valor CT (concentraci\u00f3n multiplicado por tiempo). En la imagen inferior se muestra una comparaci\u00f3n entre ozono y alternativas de cloraci\u00f3n.<\/p>\n<p>La ozonizaci\u00f3n proporciona protecci\u00f3n contra pr\u00e1cticamente todos los microbios t\u00f3xicos y nocivos no deseados. En la tabla inferior se enumeran los valores CT para una serie de g\u00e9rmenes.<\/p>\n        <\/div>\n    <\/div>\n<\/div>\n\n<\/section>\n\n\n\n\n\n\n<section\n    id=\"\"\n    class=\"block content-block\"\n\tstyle=\"--cb-bg: white; --cb-content: #000; padding-top: 30px; padding-bottom: 30px;\"\n>\n    <div class=\"container-fluid editor_content\">\n    <div class=\"row\">\n        <div class=\"col-12 editor_content table-wrapper \" style=\"--table-text-color-header: #FFFFFF; --table-text-color-rows: #000000; --table-background-color-header: #5f5f5f; --table-background-color-rows-even: #efefef; --table-background-color-rows-odd: #dfdfdf; \">\n                            \n<table id=\"tablepress-20\" class=\"tablepress tablepress-id-20\" aria-describedby=\"tablepress-20-description\">\n<thead>\n<tr class=\"row-1\">\n\t<th class=\"column-1\">Microorganism<\/th><th class=\"column-2\">Required dose, CT-value (mg.min\/L)<\/th>\n<\/tr>\n<\/thead>\n<tbody class=\"row-striping\">\n<tr class=\"row-2\">\n\t<td class=\"column-1\">Bacillus<\/td><td class=\"column-2\">0.1<\/td>\n<\/tr>\n<tr class=\"row-3\">\n\t<td class=\"column-1\">Clostridium botulinum spores\t<\/td><td class=\"column-2\">0.4<\/td>\n<\/tr>\n<tr class=\"row-4\">\n\t<td class=\"column-1\">Cryptosporidium<\/td><td class=\"column-2\">7<\/td>\n<\/tr>\n<tr class=\"row-5\">\n\t<td class=\"column-1\">E. coli<\/td><td class=\"column-2\">0.5<\/td>\n<\/tr>\n<tr class=\"row-6\">\n\t<td class=\"column-1\">Encephalomyocarditis virus<\/td><td class=\"column-2\">0.25<\/td>\n<\/tr>\n<tr class=\"row-7\">\n\t<td class=\"column-1\">Giardia cycts<\/td><td class=\"column-2\">0.5<\/td>\n<\/tr>\n<tr class=\"row-8\">\n\t<td class=\"column-1\">Legionella pneumophila<\/td><td class=\"column-2\">0.1<\/td>\n<\/tr>\n<tr class=\"row-9\">\n\t<td class=\"column-1\">Polio virus type 1<\/td><td class=\"column-2\">0.5<\/td>\n<\/tr>\n<tr class=\"row-10\">\n\t<td class=\"column-1\">Pseudomonas<\/td><td class=\"column-2\">1.5 &#8211; 2<\/td>\n<\/tr>\n<tr class=\"row-11\">\n\t<td class=\"column-1\">Salmonella<\/td><td class=\"column-2\">0.1 &#8211; 0.4<\/td>\n<\/tr>\n<tr class=\"row-12\">\n\t<td class=\"column-1\">Staphulococcus<\/td><td class=\"column-2\">1.5 &#8211; 2<\/td>\n<\/tr>\n<tr class=\"row-13\">\n\t<td class=\"column-1\">Streptococcus<\/td><td class=\"column-2\">0.1<\/td>\n<\/tr>\n<\/tbody>\n<\/table>\n<span id=\"tablepress-20-description\" class=\"tablepress-table-description tablepress-table-description-id-20\"><\/span>\n<!-- #tablepress-20 from cache -->                                <\/div>\n    <\/div>\n<\/div>\n\n\n<div class=\"container-fluid editor_content content content--narrow\">\n    <div class=\"row\">\n        <div class=\"col-12 editor_content\">\n            <p>Con el fin de comparar varios agentes de desinfecci\u00f3n, se presenta seguidamente una tabla resumen para varios tipos comunes de microbios que la Agencia de Protecci\u00f3n Medioambiental (EPA en ingl\u00e9s) de EE.UU y la Organizaci\u00f3n Mundial de la Salud (WHO en ingl\u00e9s) suelen utilizar para la evaluaci\u00f3n compartiva de la eficacia de la desinfecci\u00f3n entre diferentes m\u00e9todos.<\/p>\n        <\/div>\n    <\/div>\n<\/div>\n\n\n\n<div class=\"container-fluid editor_content content content--narrow\">\n    <div class=\"row\">\n        <div class=\"col-12 editor_content\">\n            <p><em>Tabla de referencia para la comparaci\u00f3n de varios agentes de desinfecci\u00f3ny su eficiencia usando valores CT (mg.min\/L)*. Tomados de la EPA de EE.EE, Centro para el Control de y la Prevenci\u00f3n de Enfermedades (CDC) and OMS.<\/em><\/p>\n        <\/div>\n    <\/div>\n<\/div>\n\n<div class=\"container-fluid editor_content\">\n    <div class=\"row\">\n        <div class=\"col-12 editor_content table-wrapper wp-caption\" style=\"--table-text-color-header: #FFFFFF; --table-text-color-rows: #000000; --table-background-color-header: #5f5f5f; --table-background-color-rows-even: #efefef; --table-background-color-rows-odd: #dfdfdf; \">\n                            \n<table id=\"tablepress-307\" class=\"tablepress tablepress-id-307\" aria-describedby=\"tablepress-307-description\">\n<thead>\n<tr class=\"row-1\">\n\t<th class=\"column-1\">Tipo<\/th><th class=\"column-2\">Registro de inactivaci\u00f3n<\/th><th class=\"column-3\">Ozono<\/th><th class=\"column-4\">Hipocloritos<\/th><th class=\"column-5\">Di\u00f3xido de cloro<\/th><th class=\"column-6\">Cloro libre<\/th><th class=\"column-7\">\u00c1cido perac\u00e9tico (PAA)<\/th>\n<\/tr>\n<\/thead>\n<tbody class=\"row-striping\">\n<tr class=\"row-2\">\n\t<td class=\"column-1\">E. coli<\/td><td class=\"column-2\">2<\/td><td class=\"column-3\"><0.02<\/td><td class=\"column-4\">25-30<\/td><td class=\"column-5\"><1<\/td><td class=\"column-6\"><0.05<\/td><td class=\"column-7\">25-30<\/td>\n<\/tr>\n<tr class=\"row-3\">\n\t<td class=\"column-1\">Virus<\/td><td class=\"column-2\">4<\/td><td class=\"column-3\"><0.1<\/td><td class=\"column-4\"><0.1<\/td><td class=\"column-5\">25-30<\/td><td class=\"column-6\">6<\/td><td class=\"column-7\">Pocos estudios<\/td>\n<\/tr>\n<tr class=\"row-4\">\n\t<td class=\"column-1\">Protozoos<\/td><td class=\"column-2\">3<\/td><td class=\"column-3\">1-2<\/td><td class=\"column-4\">10-20<\/td><td class=\"column-5\">15-25<\/td><td class=\"column-6\">>100<\/td><td class=\"column-7\">Pocos estudios<\/td>\n<\/tr>\n<\/tbody>\n<\/table>\n<span id=\"tablepress-307-description\" class=\"tablepress-table-description tablepress-table-description-id-307\">* Es importante tener en cuenta que la mensurabilidad de los valores CT no es exacta y diferentes investigaciones comunican distintos valores de eficiencia de inactivaci\u00f3n logar\u00edtmica, pero con valores relativos consistentes. Por favor utilice la tabla superior solo como referencia<\/span>\n<!-- #tablepress-307 from cache -->                                        <p class=\"wp-caption\">*Es importante se\u00f1alar que la medida de los valores de la TC no es exacta y que la investigaci\u00f3n pone de manifiesto diferentes eficiencias de inactivaci\u00f3n, pero con valores relativos consistentes. Utilice, por favor, la tabla de arriba como indicaci\u00f3n.<\/p>\n                    <\/div>\n    <\/div>\n<\/div>\n\n\n<div class=\"container-fluid editor_content content content--narrow\">\n    <div class=\"row\">\n        <div class=\"col-12 editor_content\">\n            <p>De forma general se puede decir que las esporas son mucho m\u00e1s resistentes. Generalmente muestran valores de CT de diez a quince veces m\u00e1s altos que la forma activa. Tambi\u00e9n es importante mencionar que en la mayor\u00eda de los casos existe un \u00abumbral\u00bb de desinfecci\u00f3n. Hasta este punto, el tratamiento tendr\u00e1 un efecto limitado o bajo sobre los microorganismos. Sin embargo, por encima del valor umbral, se destruir\u00e1n todos los microbios de la misma especie.<\/p>\n        <\/div>\n    <\/div>\n<\/div>\n\n\n\n<div class=\"container-fluid editor_content content content--narrow\">\n    <div class=\"row\">\n        <div class=\"col-12 editor_content\">\n            <h3>Tecnolog\u00edas comunes de desinfecci\u00f3n del agua<\/h3>\n<div class=\"pane-content\">\n<div class=\"field field-name-body field-type-text-with-summary field-label-hidden\">\n<div class=\"field-items\">\n<div class=\"field-item even\">\n<p>Hay una variedad de tecnolog\u00edas para desinfectar fluidos y superficies. Ozonetech puede suministrar varias tecnolog\u00edas de desinfecci\u00f3n con \u00e9nfasis en las soluciones amigables con el medio ambiente. Estas tecnolog\u00edas lo son:<\/p>\n<ul>\n<li>Ozonizaci\u00f3n &#8211; Disoluci\u00f3n de una baja concentraci\u00f3n de ozono en el agua, proporcionando una desinfecci\u00f3n r\u00e1pida y eficiente.<\/li>\n<li>Ultravioleta (UV) \u2013 Irradiaci\u00f3n del agua con rayos UV.<\/li>\n<li>Cloraci\u00f3n &#8211; Dosificaci\u00f3n de compuestos de cloro en el agua, resultando en una concentraci\u00f3n qu\u00edmica de desinfecci\u00f3n residual.<\/li>\n<li>Otras tecnolog\u00edas incluyen, por ejemplo, bromo, \u00e1cido perac\u00e9tico, yodo, iones de cobre y plata, permanganato de potasio, fenoles, detergentes, per\u00f3xido de hidr\u00f3geno, ultrasonido y calor.<\/li>\n<\/ul>\n<p>Cada t\u00e9cnica tiene sus ventajas espec\u00edficas y su propio campo de aplicaci\u00f3n. En la siguiente tabla se muestran algunas de las ventajas y desventajas. Los atributos de cada tecnolog\u00eda se clasifican de 1 (d\u00e9bil) a 5 (fuerte):<\/p>\n<\/div>\n<\/div>\n<\/div>\n<\/div>\n        <\/div>\n    <\/div>\n<\/div>\n\n<\/section>\n\n\n\n<section\n    id=\"\"\n    class=\"block content-block\"\n\tstyle=\"--cb-bg: light-gray; --cb-content: #000; padding-top: 30px; padding-bottom: 30px;\"\n>\n    <div class=\"container-fluid editor_content\">\n    <div class=\"row\">\n        <div class=\"col-12 editor_content table-wrapper \" style=\"--table-text-color-header: #FFFFFF; --table-text-color-rows: #000000; --table-background-color-header: #5f5f5f; --table-background-color-rows-even: #efefef; --table-background-color-rows-odd: #dfdfdf; \">\n                            \n<table id=\"tablepress-22\" class=\"tablepress tablepress-id-22\" aria-describedby=\"tablepress-22-description\">\n<thead>\n<tr class=\"row-1\">\n\t<th class=\"column-1\">Technology<\/th><th class=\"column-2\">Ozone<\/th><th class=\"column-3\">UV<\/th><th class=\"column-4\">Chlorine Dioxide<\/th><th class=\"column-5\">Chlorine Gas<\/th><th class=\"column-6\">Peracetic Acid<\/th><th class=\"column-7\">Hypochlorite<\/th>\n<\/tr>\n<\/thead>\n<tbody class=\"row-striping\">\n<tr class=\"row-2\">\n\t<td class=\"column-1\">Environmentally friendly<\/td><td class=\"column-2\">5<\/td><td class=\"column-3\">5<\/td><td class=\"column-4\">3<\/td><td class=\"column-5\">1<\/td><td class=\"column-6\">2<\/td><td class=\"column-7\">1<\/td>\n<\/tr>\n<tr class=\"row-3\">\n\t<td class=\"column-1\">By-products<\/td><td class=\"column-2\">5<\/td><td class=\"column-3\">5<\/td><td class=\"column-4\">2<\/td><td class=\"column-5\">1<\/td><td class=\"column-6\">2<\/td><td class=\"column-7\">1<\/td>\n<\/tr>\n<tr class=\"row-4\">\n\t<td class=\"column-1\">Efficiency<\/td><td class=\"column-2\">5<\/td><td class=\"column-3\">3<\/td><td class=\"column-4\">3<\/td><td class=\"column-5\">2<\/td><td class=\"column-6\">2<\/td><td class=\"column-7\">2<\/td>\n<\/tr>\n<tr class=\"row-5\">\n\t<td class=\"column-1\">Investment<\/td><td class=\"column-2\">2<\/td><td class=\"column-3\">3<\/td><td class=\"column-4\">4<\/td><td class=\"column-5\">4<\/td><td class=\"column-6\">4<\/td><td class=\"column-7\">4<\/td>\n<\/tr>\n<tr class=\"row-6\">\n\t<td class=\"column-1\">Operational costs<\/td><td class=\"column-2\">5<\/td><td class=\"column-3\">4<\/td><td class=\"column-4\">3<\/td><td class=\"column-5\">4<\/td><td class=\"column-6\">4<\/td><td class=\"column-7\">4<\/td>\n<\/tr>\n<tr class=\"row-7\">\n\t<td class=\"column-1\">Fluids<\/td><td class=\"column-2\">5<\/td><td class=\"column-3\">4<\/td><td class=\"column-4\">5<\/td><td class=\"column-5\">3<\/td><td class=\"column-6\">3<\/td><td class=\"column-7\">3<\/td>\n<\/tr>\n<tr class=\"row-8\">\n\t<td class=\"column-1\">Surfaces<\/td><td class=\"column-2\">5<\/td><td class=\"column-3\">5<\/td><td class=\"column-4\">1<\/td><td class=\"column-5\">1<\/td><td class=\"column-6\">1<\/td><td class=\"column-7\">1<\/td>\n<\/tr>\n<tr class=\"row-9\">\n\t<td class=\"column-1\">Residual Disinfection<\/td><td class=\"column-2\">3<\/td><td class=\"column-3\">1<\/td><td class=\"column-4\">5<\/td><td class=\"column-5\">5<\/td><td class=\"column-6\">4<\/td><td class=\"column-7\">5<\/td>\n<\/tr>\n<tr class=\"row-10\">\n\t<td class=\"column-1\">Handling<\/td><td class=\"column-2\">5<\/td><td class=\"column-3\">4<\/td><td class=\"column-4\">3<\/td><td class=\"column-5\">3<\/td><td class=\"column-6\">2<\/td><td class=\"column-7\">2<\/td>\n<\/tr>\n<tr class=\"row-11\">\n\t<td class=\"column-1\">SCORE<\/td><td class=\"column-2\">40<\/td><td class=\"column-3\">34<\/td><td class=\"column-4\">29<\/td><td class=\"column-5\">24<\/td><td class=\"column-6\">24<\/td><td class=\"column-7\">23<\/td>\n<\/tr>\n<\/tbody>\n<\/table>\n<span id=\"tablepress-22-description\" class=\"tablepress-table-description tablepress-table-description-id-22\"><\/span>\n<!-- #tablepress-22 from cache -->                                <\/div>\n    <\/div>\n<\/div>\n\n\n<div class=\"container-fluid editor_content content content--narrow\">\n    <div class=\"row\">\n        <div class=\"col-12 editor_content\">\n            <p>Es dif\u00edcil hacer una comparaci\u00f3n general para representar todas las aplicaciones y calidades de agua. Sin embargo, como puede verse en la tabla anterior, al comparar los atributos t\u00edpicos de la desinfecci\u00f3n del agua, la ozonizaci\u00f3n se destaca como un tratamiento de desinfecci\u00f3n del agua respetuoso con el medio ambiente, robusto, combatible y eficaz.<\/p>\n<p>En la siguiente tabla se pueden encontrar algunas aplicaciones:<\/p>\n        <\/div>\n    <\/div>\n<\/div>\n\n<div class=\"container-fluid editor_content\">\n    <div class=\"row\">\n        <div class=\"col-12 editor_content table-wrapper \" style=\"--table-text-color-header: #FFFFFF; --table-text-color-rows: #000000; --table-background-color-header: #5f5f5f; --table-background-color-rows-even: #efefef; --table-background-color-rows-odd: #dfdfdf; \">\n                            \n<table id=\"tablepress-23\" class=\"tablepress tablepress-id-23\" aria-describedby=\"tablepress-23-description\">\n<thead>\n<tr class=\"row-1\">\n\t<th class=\"column-1\">Technology<\/th><th class=\"column-2\">Applications and Industries<\/th>\n<\/tr>\n<\/thead>\n<tbody class=\"row-striping\">\n<tr class=\"row-2\">\n\t<td class=\"column-1\">Ozone disinfection<\/td><td class=\"column-2\">Process feed and effluent water<br \/>\nDrinking water<br \/>\nUltra pure water<br \/>\nSurface disinfection<br \/>\nPharmaceutical industry<br \/>\nSwimming pool<br \/>\nLegionella treatment<br \/>\nContinous residual disinfection og e.g. piping<\/td>\n<\/tr>\n<tr class=\"row-3\">\n\t<td class=\"column-1\">UV disinfection<\/td><td class=\"column-2\">Process feed and effluent water<br \/>\nDrinking water<br \/>\nOzone destruction<br \/>\nUltra pure water<br \/>\nSurface disinfection<br \/>\nSwimming pool<br \/>\nLegionella treatment<\/td>\n<\/tr>\n<tr class=\"row-4\">\n\t<td class=\"column-1\">Chlorination<\/td><td class=\"column-2\">Drinking water<br \/>\nSwimming pool<br \/>\nResidual disinfection of e.g. piping<\/td>\n<\/tr>\n<\/tbody>\n<\/table>\n<span id=\"tablepress-23-description\" class=\"tablepress-table-description tablepress-table-description-id-23\"><\/span>\n<!-- #tablepress-23 from cache -->                                <\/div>\n    <\/div>\n<\/div>\n\n\n<div class=\"container-fluid editor_content content content--narrow\">\n    <div class=\"row\">\n        <div class=\"col-12 editor_content\">\n            <h3>Requisitos previos para la desinfecci\u00f3n<\/h3>\n<p>La desinfecci\u00f3n del agua potable est\u00e1 vinculada a otros pasos de la purificaci\u00f3n del agua. Una adecuada desinfecci\u00f3n s\u00f3lo puede tener lugar cuando el agua est\u00e1 suficientemente tratada. En muchos casos, el proceso de desinfecci\u00f3n es uno de los \u00faltimos pasos del sistema de tratamiento de agua. En el tratamiento de agua potable, por ejemplo, el paso de desinfecci\u00f3n est\u00e1 precedido por el tamizado, la sedimentaci\u00f3n, la floculaci\u00f3n y la filtraci\u00f3n de arena. En este punto, el agua est\u00e1 lista para la desinfecci\u00f3n final.<\/p>\n<p>Las part\u00edculas disueltas e insolubles deben ser eliminadas del agua, debido a que pueden causar subproductos (especialmente cuando se utiliza cloraci\u00f3n) y tambi\u00e9n porque las part\u00edculas pueden contener sustrato (alimento) para el crecimiento pat\u00f3geno. Adem\u00e1s, los microorganismos son m\u00e1s dif\u00edciles de eliminar del agua cuando se adsorben a las part\u00edculas. Las concentraciones de part\u00edculas no disueltas en el agua deben reducirse por debajo de 1 mg\/l antes de la desinfecci\u00f3n.<\/p>\n<p>Otros compuestos qu\u00edmicos bien de origen humano bien natural influyen tambi\u00e9n en el rendimiento del tratamiento de desinfecci\u00f3n. Las sustancias pueden reaccionar con desinfectantes a los subproductos de la desinfecci\u00f3n. Esto puede aumentar la cantidad de desinfectante necesario para eliminar microorganismos y virus. Tambi\u00e9n provocar\u00e1 dificultades para mantener una concentraci\u00f3n residual.<\/p>\n        <\/div>\n    <\/div>\n<\/div>\n\n<\/section>\n","protected":false},"excerpt":{"rendered":"","protected":false},"author":21,"featured_media":0,"parent":36779,"menu_order":0,"comment_status":"closed","ping_status":"closed","template":"","meta":{"_acf_changed":false,"_seopress_robots_primary_cat":"","_seopress_titles_title":"","_seopress_titles_desc":"El ozono es m\u00e1s eficaz para desactivar los virus y las bacterias que cualquier otro tratamiento de desinfecci\u00f3n, como el cloro y los rayos UV","_seopress_robots_index":"","inline_featured_image":false,"footnotes":""},"class_list":["post-36997","page","type-page","status-publish","hentry"],"acf":[],"_links":{"self":[{"href":"https:\/\/ozonetech.com\/es\/wp-json\/wp\/v2\/pages\/36997","targetHints":{"allow":["GET"]}}],"collection":[{"href":"https:\/\/ozonetech.com\/es\/wp-json\/wp\/v2\/pages"}],"about":[{"href":"https:\/\/ozonetech.com\/es\/wp-json\/wp\/v2\/types\/page"}],"author":[{"embeddable":true,"href":"https:\/\/ozonetech.com\/es\/wp-json\/wp\/v2\/users\/21"}],"replies":[{"embeddable":true,"href":"https:\/\/ozonetech.com\/es\/wp-json\/wp\/v2\/comments?post=36997"}],"version-history":[{"count":6,"href":"https:\/\/ozonetech.com\/es\/wp-json\/wp\/v2\/pages\/36997\/revisions"}],"predecessor-version":[{"id":40467,"href":"https:\/\/ozonetech.com\/es\/wp-json\/wp\/v2\/pages\/36997\/revisions\/40467"}],"up":[{"embeddable":true,"href":"https:\/\/ozonetech.com\/es\/wp-json\/wp\/v2\/pages\/36779"}],"wp:attachment":[{"href":"https:\/\/ozonetech.com\/es\/wp-json\/wp\/v2\/media?parent=36997"}],"curies":[{"name":"wp","href":"https:\/\/api.w.org\/{rel}","templated":true}]}}