{"id":36986,"date":"2020-06-24T06:23:28","date_gmt":"2020-06-24T06:23:28","guid":{"rendered":"https:\/\/ozonetech.com\/aplicaciones\/tratamiento-de-agua\/pfc-removal\/"},"modified":"2021-08-05T07:47:00","modified_gmt":"2021-08-05T05:47:00","slug":"eliminacion-de-pfc","status":"publish","type":"page","link":"https:\/\/ozonetech.com\/es\/aplicaciones\/tratamiento-de-agua\/eliminacion-de-pfc\/","title":{"rendered":"Eliminaci\u00f3n de PFC"},"content":{"rendered":"\n<section\n    class=\"block hero hero--regular\"\n    style=\"background-image: url('https:\/\/ozonetech.com\/wp-content\/uploads\/2021\/02\/PFC-removal-1600x484.jpg'); --hero-opacity: 0.3\"\n>\n\n    <div class=\"container-fluid\">\n\n        <div class=\"content editor_content\">\n                         \n                <h1 class='h1'>Eliminaci\u00f3n de PFC<\/h1>            \n                    <\/div>\n\n            <\/div>\n<\/section>\n\n\n<section class=\"component component_breadcrumbs\">\n\t<div class=\"container-fluid\">\n  \t<\/div>\n<\/section>\n\n\n<section\n    id=\"\"\n    class=\"block content-block\"\n\tstyle=\"--cb-bg: light-gray; --cb-content: #000; padding-top: 30px; padding-bottom: 30px;\"\n>\n    \n\n<div class=\"container-fluid editor_content content content--narrow\">\n    <div class=\"row\">\n        <div class=\"col-12 editor_content\">\n            <h2>Degradando los contaminantes persistentes<\/h2>\n<p><img loading=\"lazy\" decoding=\"async\" class=\"aligncenter wp-image-19079 size-large\" src=\"https:\/\/ozonetech.com\/wp-content\/uploads\/2021\/02\/pfas-molecule-1-1024x368.png\" alt=\"\" width=\"1024\" height=\"368\" srcset=\"https:\/\/ozonetech.com\/wp-content\/uploads\/2021\/02\/pfas-molecule-1-1024x368.png 1024w, https:\/\/ozonetech.com\/wp-content\/uploads\/2021\/02\/pfas-molecule-1-300x108.png 300w, https:\/\/ozonetech.com\/wp-content\/uploads\/2021\/02\/pfas-molecule-1-768x276.png 768w, https:\/\/ozonetech.com\/wp-content\/uploads\/2021\/02\/pfas-molecule-1.png 1501w\" sizes=\"auto, (max-width: 1024px) 100vw, 1024px\" \/><\/p>\n<h3>\u00bfQu\u00e9 son PFC, PFAA, PFOS Y PFOA?<\/h3>\n<p>Los compuestos perfluorados (PFC), tales como los \u00e1cidos alquil perfluorados (PFAA), son diversos grupos de estructuras qu\u00edmicas sint\u00e9ticas con propiedades \u00fanicas, como la estabilidad t\u00e9rmica y la capacidad de crear superficies lisas que repelen el agua, el aceite y la suciedad. Esto hace de los PFC unos componentes \u00fatiles en una amplia variedad de productos de consumo e industriales, incluyendo conservantes, lubricantes, pinturas, espumas, utensilios de cocina antiadherentes, envases de alimentos, ropa impermeable, protectores contra manchas en tejidos y espumas contra incendios.Los PFOA y PFOS se encuentran entre los compuestos m\u00e1s conocidos, habitualmente definidos como mol\u00e9culas perfluoradas que contienen ocho \u00e1tomos de carbono fluorados.<\/p>\n<h3>Contaminantes emergentes<\/h3>\n<p>Se han producido grandes cantidades de PFC desde la d\u00e9cada de 1950 y en a\u00f1os recientes la producci\u00f3n ha cambiado m\u00e1s hacia compuestos de cadena corta y \u00e1cidos carbox\u00edlicos de perfluoro\u00e9ter y sulf\u00f3nicos, que ya se ha reflejado en aguas del medio ambiente. Sin embargo, dichos compuestos espec\u00edficos representan solamente una fracci\u00f3n de los PFAS comercializados globalmente. Una parte de la producci\u00f3n ha sido sustituida por otros compuestos altamente fluorados tales como los alcoholes de fluorotel\u00f3mero que pueden degradarse lentamente a PFOA.<\/p>\n<p>El elevado volumen de la producci\u00f3n de PFC ha llevado a una distribuci\u00f3n extendida de la sustancia en el medio ambiente, particularmente en el agua, donde son transportados m\u00e1s f\u00e1cilmente. Las propiedades qu\u00edmicas estables combinadas con la solubilidad en el agua de los PFC han contribuido a la detecci\u00f3n de PFAS por todo el medio acu\u00e1tico, incluidas las aguas superficiales, aguas residuales y agua potable.<\/p>\n<p>El PFOA ejerce un efecto negativo en los \u00f3rganos reproductores y es sospechoso de ser cancer\u00edgeno para los humanos, estando tambi\u00e9n calificado como muy persistente y muy bioacumulativo (mPmB) y, por tanto, incluido en la lista de candidatos de la UE de sustancias extremadamente preocupantes.<\/p>\n<p>Los PFC est\u00e1n reconocidos por un n\u00famero cada vez mayor de miembros de la comunidad cient\u00edfica como contaminantes medioambientales emergentes debido a su estabilidad qu\u00edmica y sus efectos t\u00f3xicos combinados con su presencia generalizada en el medio ambiente, la biota y los humanos. Las v\u00edas de exposici\u00f3n directa de estos qu\u00edmicos para los humanos son un tanto confusas y la preocupaci\u00f3n por las fuentes de agua contaminadas con PFC han aumentado espectacularmente en los \u00faltimos a\u00f1os a los ojos de la opini\u00f3n p\u00fablica de todo el mundo. El agua del grifo y el agua embotellada son dos fuentes potenciales de PFC, lo que explica parte de su presencia en la sangre humana.<\/p>\n<h3>Tratamiento de PFC<\/h3>\n<p>Los compuestos qu\u00edmicamente muy estables de PFC complican cualquier proceso de descomposici\u00f3n potencial de la sustancia. Se han investigado varios m\u00e9todos en un esfuerzo para descomponer y\/o eliminar los PFC del agua contaminada, y resulta que es necesario utilizar agentes oxidantes fuertes.En los esfuerzos por alcanzar un potencial de oxidaci\u00f3n suficientemente alto, hay que considerar una combinaci\u00f3n de diferentes t\u00e9cnicas del Proceso de Oxidaci\u00f3n Avanzada (POA), por ejemplo, una combinaci\u00f3n de ozono y formaci\u00f3n de hidroxilo catalizado. Otras complicaciones incluyen la matriz de la muestra a tratar.<\/p>\n<p>Por ejemplo, el agua rica en part\u00edculas org\u00e1nicas TOC (Contenido Org\u00e1nico Total) causa problemas para la eliminaci\u00f3n de PFAA debido a la tendencia del agente oxidante a reaccionar principalmente con compuestos org\u00e1nicos menos estables. Tiene una importancia medioambiental y social descomponer y eliminar los PFC de manera efectiva en el tratamiento del agua potable.<\/p>\n<h3>Soluci\u00f3n<\/h3>\n<p>Los compuestos de PFC se pueden reducir, degradar o eliminar completamente por medio de varios m\u00e9todos seg\u00fan figuran a continuaci\u00f3n y, en muchos casos, la soluci\u00f3n definitiva para resolver el problema es una combinaci\u00f3n de t\u00e9cnicas.<\/p>\n        <\/div>\n    <\/div>\n<\/div>\n\n\n<div class=\"container-fluid editor_content content content--narrow\">\n    <div class=\"row\">\n        <div class=\"col-md-6\">\n            <h4>Oxidaci\u00f3n<\/h4>\n<p>Para descomponer los compuestos de PFC en el agua, normalmente se necesitan oxidantes m\u00e1s fuertes que los \u00abnormales\u00bb.<\/p>\n<p>Las t\u00e9cnicas de oxidaci\u00f3n avanzadas, que combinan diferentes oxidantes, han demostrado ser efectivas con la t\u00e9cnica de mezclado correcta. Una combinaci\u00f3n, por ejemplo, de ozono y per\u00f3xido de hidr\u00f3geno (H<sub>2<\/sub>O<sub>2<\/sub>) y\/o catalizadores especiales incrementan el potencial de oxidaci\u00f3n que permite la degradaci\u00f3n de los PFC.<\/p>\n        <\/div>\n        <div class=\"col-md-6\">\n            <h4>\u00d3smosis inversa<\/h4>\n<p>La \u00f3smosis inversa (RO) es un m\u00e9todo de purificaci\u00f3n sencillo y tradicional que ya se emplea en muchos sistemas de tratamiento de aguas.<\/p>\n<p>Nuestros sistemas RENA RO pueden eliminar los contaminantes antes de que el agua se suministre a los hogares en los municipios afectados. La tecnolog\u00eda de \u00f3smosis inversa utilizada separa eficazmente las sales del agua y hace que este m\u00e9todo sea apto para dicha reducci\u00f3n de contaminantes PFAA en el agua potable.<\/p>\n<p>Ozonetech ofrece una variedad de sistemas de tratamiento de aguas de vanguardia y llave en mano basados en nuestra propia tecnolog\u00eda de ozono combinada con nuestra tecnolog\u00eda AOP desarrollada internamente para descomponer y eliminar los PFC en el agua.<\/p>\n        <\/div>\n    <\/div>\n<\/div>\n\n<div class=\"container-fluid editor_content content content--narrow\">\n    <div class=\"row\">\n        <div class=\"col-12 editor_content\">\n            <h3>Proyecto piloto<\/h3>\n<p>La reducci\u00f3n o eliminaci\u00f3n de los PFC es una tarea compleja y requiere una soluci\u00f3n a gran escala y a medida.<br \/>\nEl proceso de dise\u00f1o empieza con el estudio piloto de nuestros ingenieros dando como resultado una configuraci\u00f3n que incluye los posibles par\u00e1metros cr\u00edticos y las mejores tecnolog\u00edas disponibles para conseguir el dise\u00f1o de proceso \u00f3ptimo. Mediante la realizaci\u00f3n de m\u00faltiples ejecuciones piloto y, al mismo tiempo, el ajuste progresivo de cada par\u00e1metro del sistema hecho individualmente.<br \/>\nNuestros ingenieros determinan el dise\u00f1o \u00f3ptimo para un sistema a gran escala. Se toman muestras del agua a lo largo de todo el proceso piloto y se entregan a un laboratorio externo para su an\u00e1lisis y verificaci\u00f3n los resultados.<br \/>\nLea m\u00e1s acerca de\u00a0los <a href=\"https:\/\/ozonetech.com\/es\/soluciones-y-sistemas\/tratamiento-de-agua\/proyectos-a-medida-para-el-tratamiento-de-aguas-residuales\/\"><strong>proyectos piloto y los sistemas a medida\u00a0<\/strong><\/a>y acerca de nuestro\u00a0<a href=\"https:\/\/ozonetech.com\/es\/soluciones-y-sistemas\/tratamiento-de-agua\/sistema-poa-rena-vitro\/\"><strong>sistema AOP RENA Vitro<\/strong><\/a>.<\/p>\n<p><img loading=\"lazy\" decoding=\"async\" class=\"aligncenter wp-image-19139 size-large\" src=\"https:\/\/ozonetech.com\/wp-content\/uploads\/2021\/02\/pilot-projects-1024x683.jpg\" alt=\"\" width=\"1024\" height=\"683\" srcset=\"https:\/\/ozonetech.com\/wp-content\/uploads\/2021\/02\/pilot-projects-1024x683.jpg 1024w, https:\/\/ozonetech.com\/wp-content\/uploads\/2021\/02\/pilot-projects-300x200.jpg 300w, https:\/\/ozonetech.com\/wp-content\/uploads\/2021\/02\/pilot-projects-768x512.jpg 768w, https:\/\/ozonetech.com\/wp-content\/uploads\/2021\/02\/pilot-projects.jpg 1500w\" sizes=\"auto, (max-width: 1024px) 100vw, 1024px\" \/><\/p>\n        <\/div>\n    <\/div>\n<\/div>\n\n<\/section>\n\n\n\n\n\n\n<section class=\"block brochures\" style=\"--career-bgc: #5f5f5f; --career-c: #ffffff;\">\n    <div class=\"container-fluid\">\n\n        <h3 class='h3'>M\u00e1s informaci\u00f3n<\/h3>\n                    <div class=\"brochures__list\">\n                                    <div class=\"brochures__list--item\">\n                                                    <a target=\"_blank\" href=\"https:\/\/ozonetech.com\/wp-content\/uploads\/2020\/12\/Brochure-Pilot-projects-and-tailored-industrial-water-treatment-systems-v1.1-EN-web.pdf\">\n                                <img loading=\"lazy\" decoding=\"async\" width=\"170\" height=\"240\" src=\"https:\/\/ozonetech.com\/wp-content\/uploads\/2021\/03\/tailored-wastewater-treatment-systems.jpg\" class=\"attachment-brochure size-brochure\" alt=\"\" \/>                            <\/a>\n                                            <\/div>\n                                    <div class=\"brochures__list--item\">\n                                                    <a target=\"_blank\" href=\"https:\/\/ozonetech.com\/wp-content\/uploads\/2020\/12\/Brochure-Rena-Water-Treatment-Solutions-v1.3-EN-web.pdf\">\n                                <img loading=\"lazy\" decoding=\"async\" width=\"170\" height=\"240\" src=\"https:\/\/ozonetech.com\/wp-content\/uploads\/2021\/03\/rena-water-treatment-solutions.jpg\" class=\"attachment-brochure size-brochure\" alt=\"\" \/>                            <\/a>\n                                            <\/div>\n                                    <div class=\"brochures__list--item\">\n                                                    <a target=\"_blank\" href=\"https:\/\/ozonetech.com\/wp-content\/uploads\/2020\/12\/Brochure-Pharmaceutical-residues-in-wastewater-v1.0-EN-web.pdf\">\n                                <img loading=\"lazy\" decoding=\"async\" width=\"170\" height=\"240\" src=\"https:\/\/ozonetech.com\/wp-content\/uploads\/2021\/03\/pharmaceuticals-in-wastewater.jpg\" class=\"attachment-brochure size-brochure\" alt=\"\" \/>                            <\/a>\n                                            <\/div>\n                                    <div class=\"brochures__list--item\">\n                                                    <a target=\"_blank\" href=\"https:\/\/ozonetech.com\/wp-content\/uploads\/2020\/12\/Brochure-RENA-Pro-Ozone-Systems-v1.0-ES-web-1.pdf\">\n                                <img loading=\"lazy\" decoding=\"async\" width=\"169\" height=\"240\" src=\"https:\/\/ozonetech.com\/wp-content\/uploads\/2021\/03\/rena-pro-ozone-systems.jpg\" class=\"attachment-brochure size-brochure\" alt=\"\" \/>                            <\/a>\n                                            <\/div>\n                            <\/div>\n                \n        <div class=\"btn-container\">\n                    <\/div>\n    <\/div>\n<\/section>\n","protected":false},"excerpt":{"rendered":"","protected":false},"author":21,"featured_media":0,"parent":36779,"menu_order":0,"comment_status":"closed","ping_status":"closed","template":"","meta":{"_acf_changed":false,"_seopress_robots_primary_cat":"","_seopress_titles_title":"","_seopress_titles_desc":"Los compuestos PFC pueden reducirse, degradarse o eliminarse por completo mediante diversos m\u00e9todos, como la oxidaci\u00f3n o la \u00f3smosis inversa.","_seopress_robots_index":"","inline_featured_image":false,"footnotes":""},"class_list":["post-36986","page","type-page","status-publish","hentry"],"acf":[],"_links":{"self":[{"href":"https:\/\/ozonetech.com\/es\/wp-json\/wp\/v2\/pages\/36986","targetHints":{"allow":["GET"]}}],"collection":[{"href":"https:\/\/ozonetech.com\/es\/wp-json\/wp\/v2\/pages"}],"about":[{"href":"https:\/\/ozonetech.com\/es\/wp-json\/wp\/v2\/types\/page"}],"author":[{"embeddable":true,"href":"https:\/\/ozonetech.com\/es\/wp-json\/wp\/v2\/users\/21"}],"replies":[{"embeddable":true,"href":"https:\/\/ozonetech.com\/es\/wp-json\/wp\/v2\/comments?post=36986"}],"version-history":[{"count":6,"href":"https:\/\/ozonetech.com\/es\/wp-json\/wp\/v2\/pages\/36986\/revisions"}],"predecessor-version":[{"id":38143,"href":"https:\/\/ozonetech.com\/es\/wp-json\/wp\/v2\/pages\/36986\/revisions\/38143"}],"up":[{"embeddable":true,"href":"https:\/\/ozonetech.com\/es\/wp-json\/wp\/v2\/pages\/36779"}],"wp:attachment":[{"href":"https:\/\/ozonetech.com\/es\/wp-json\/wp\/v2\/media?parent=36986"}],"curies":[{"name":"wp","href":"https:\/\/api.w.org\/{rel}","templated":true}]}}