{"id":36979,"date":"2020-06-23T13:17:52","date_gmt":"2020-06-23T13:17:52","guid":{"rendered":"https:\/\/ozonetech.com\/aplicaciones\/tratamiento-de-agua\/drinking-water\/"},"modified":"2024-10-10T09:37:00","modified_gmt":"2024-10-10T07:37:00","slug":"agua-potable","status":"publish","type":"page","link":"https:\/\/ozonetech.com\/es\/aplicaciones\/tratamiento-de-agua\/agua-potable\/","title":{"rendered":"Agua potable"},"content":{"rendered":"\n<section\n    class=\"block hero hero--regular\"\n    style=\"background-image: url('https:\/\/ozonetech.com\/wp-content\/uploads\/2021\/03\/drinking-water-1600x484.jpg'); --hero-opacity: 0.25\"\n>\n\n    <div class=\"container-fluid\">\n\n        <div class=\"content editor_content\">\n                         \n                <h2 class='h2'>Agua potable<\/h2>            \n                    <\/div>\n\n            <\/div>\n<\/section>\n\n\n<section class=\"component component_breadcrumbs\">\n\t<div class=\"container-fluid\">\n  \t<\/div>\n<\/section>\n\n\n<section\n    id=\"\"\n    class=\"block content-block\"\n\tstyle=\"--cb-bg: white; --cb-content: #000; padding-top: 30px; padding-bottom: 30px;\"\n>\n    \n\n<div class=\"container-fluid editor_content content content--narrow\">\n    <div class=\"row\">\n        <div class=\"col-12 editor_content\">\n            <h1>Tratamiento sostenible y eficiente del agua potable con ozono<\/h1>\n<p class=\"preamble\">El uso de ozono en el tratamiento de agua potable no es una t\u00e9cnica nueva. Se estima que actualmente se emplea ozono en m\u00e1s de 3000 instalaciones municipales de agua potable a nivel mundial.<\/p>\n<p>El tratamiento ofrece una serie de ventajas sobre el uso tradicional del cloro, sobre todo en la mejora del sabor, olor y la apariencia. Junto a esto, est\u00e1 su habilidad para destruir bacterias e inactivar\u00a0 virus de manera m\u00e1s eficaz que cualquier otro producto qu\u00edmico. Tambi\u00e9n reduce los metales pesados que se encuentran en el agua potable, como el hierro y el manganeso, a niveles m\u00e1s seguros a trav\u00e9s de la oxidaci\u00f3n.<\/p>\n<p>Todo esto ocurre en un proceso que es respetuoso con el medio ambiente y que produce ox\u00edgeno como principal subproducto. El tratamiento con ozono elimina el peligro de formaci\u00f3n de trihalometano (THM), lo que lo convierte en un m\u00e9todo m\u00e1s seguro y de mayor calidad.<\/p>\n        <\/div>\n    <\/div>\n<\/div>\n\n<\/section>\n","protected":false},"excerpt":{"rendered":"","protected":false},"author":21,"featured_media":0,"parent":36779,"menu_order":0,"comment_status":"closed","ping_status":"closed","template":"","meta":{"_acf_changed":false,"_seopress_robots_primary_cat":"","_seopress_titles_title":"","_seopress_titles_desc":"El ozono ofrece claras ventajas sobre el cloro: mejor sabor, olor y aspecto, reducci\u00f3n de metales pesados y desinfecci\u00f3n completa.","_seopress_robots_index":"","inline_featured_image":false,"footnotes":""},"class_list":["post-36979","page","type-page","status-publish","hentry"],"acf":[],"_links":{"self":[{"href":"https:\/\/ozonetech.com\/es\/wp-json\/wp\/v2\/pages\/36979","targetHints":{"allow":["GET"]}}],"collection":[{"href":"https:\/\/ozonetech.com\/es\/wp-json\/wp\/v2\/pages"}],"about":[{"href":"https:\/\/ozonetech.com\/es\/wp-json\/wp\/v2\/types\/page"}],"author":[{"embeddable":true,"href":"https:\/\/ozonetech.com\/es\/wp-json\/wp\/v2\/users\/21"}],"replies":[{"embeddable":true,"href":"https:\/\/ozonetech.com\/es\/wp-json\/wp\/v2\/comments?post=36979"}],"version-history":[{"count":4,"href":"https:\/\/ozonetech.com\/es\/wp-json\/wp\/v2\/pages\/36979\/revisions"}],"predecessor-version":[{"id":40440,"href":"https:\/\/ozonetech.com\/es\/wp-json\/wp\/v2\/pages\/36979\/revisions\/40440"}],"up":[{"embeddable":true,"href":"https:\/\/ozonetech.com\/es\/wp-json\/wp\/v2\/pages\/36779"}],"wp:attachment":[{"href":"https:\/\/ozonetech.com\/es\/wp-json\/wp\/v2\/media?parent=36979"}],"curies":[{"name":"wp","href":"https:\/\/api.w.org\/{rel}","templated":true}]}}