{"id":36970,"date":"2021-07-13T14:18:12","date_gmt":"2021-07-13T13:18:12","guid":{"rendered":"https:\/\/ozonetech.com\/acerca-del-ozono\/smartozone\/"},"modified":"2021-07-23T15:59:12","modified_gmt":"2021-07-23T13:59:12","slug":"smartozone","status":"publish","type":"page","link":"https:\/\/ozonetech.com\/es\/acerca-del-ozono\/smartozone\/","title":{"rendered":"SMARTOZONE\u2122"},"content":{"rendered":"\n<section\n    class=\"block hero hero--regular\"\n    style=\"background-image: url('https:\/\/ozonetech.com\/wp-content\/uploads\/2021\/03\/about-ozone-1600x484.jpg'); --hero-opacity: 0.3\"\n>\n\n    <div class=\"container-fluid\">\n\n        <div class=\"content editor_content\">\n                         \n                <h1 class='h1'>SMARTOZONE\u2122 <\/h1>            \n                    <\/div>\n\n            <\/div>\n<\/section>\n\n\n<section class=\"component component_breadcrumbs\">\n\t<div class=\"container-fluid\">\n  \t<\/div>\n<\/section>\n\n\n<section\n    id=\"\"\n    class=\"block content-block\"\n\tstyle=\"--cb-bg: #fff; --cb-content: #000; \"\n>\n    \n\n<div class=\"container-fluid editor_content content content--narrow\">\n    <div class=\"row\">\n        <div class=\"col-12 editor_content\">\n            <h2>Ingenio de ingenier\u00eda, tecnolog\u00eda de punta y facilidad de uso en un solo dise\u00f1o<\/h2>\n<p>Hemos recopilado cuatro d\u00e9cadas de experiencia y conocimientos de dise\u00f1o, fabricaci\u00f3n y puesta en servicio de sistemas y soluciones de ozono avanzados para diversas aplicaciones, empaquetados en un dise\u00f1o avanzado y muy f\u00e1cil de usar: el concepto de dise\u00f1o SMARTOZONE \u2122.<\/p>\n<p>SMARTOZONE \u2122 combina ingenio de ingenier\u00eda, tecnolog\u00eda de punta, muchos a\u00f1os de experiencia y facilidad de uso en un solo dise\u00f1o.<\/p>\n<p>Las soluciones y los sistemas de Ozonetech est\u00e1n dise\u00f1ados de acuerdo con el concepto SMARTOZONE \u2122 para proporcionar el m\u00e1ximo rendimiento optimizado en t\u00e9rminos de eficiencia del tratamiento, as\u00ed como de costos operativos y del ciclo de vida.<\/p>\n        <\/div>\n    <\/div>\n<\/div>\n\n<\/section>\n","protected":false},"excerpt":{"rendered":"","protected":false},"author":12,"featured_media":0,"parent":36933,"menu_order":0,"comment_status":"closed","ping_status":"closed","template":"","meta":{"_acf_changed":false,"_seopress_robots_primary_cat":"","_seopress_titles_title":"","_seopress_titles_desc":"SMARTOZONE\u2122 combines engineering ingenuity, state-of-the-art technology, many years of experience and user-friendliness into one design","_seopress_robots_index":"","inline_featured_image":false,"footnotes":""},"class_list":["post-36970","page","type-page","status-publish","hentry"],"acf":[],"_links":{"self":[{"href":"https:\/\/ozonetech.com\/es\/wp-json\/wp\/v2\/pages\/36970","targetHints":{"allow":["GET"]}}],"collection":[{"href":"https:\/\/ozonetech.com\/es\/wp-json\/wp\/v2\/pages"}],"about":[{"href":"https:\/\/ozonetech.com\/es\/wp-json\/wp\/v2\/types\/page"}],"author":[{"embeddable":true,"href":"https:\/\/ozonetech.com\/es\/wp-json\/wp\/v2\/users\/12"}],"replies":[{"embeddable":true,"href":"https:\/\/ozonetech.com\/es\/wp-json\/wp\/v2\/comments?post=36970"}],"version-history":[{"count":2,"href":"https:\/\/ozonetech.com\/es\/wp-json\/wp\/v2\/pages\/36970\/revisions"}],"predecessor-version":[{"id":36972,"href":"https:\/\/ozonetech.com\/es\/wp-json\/wp\/v2\/pages\/36970\/revisions\/36972"}],"up":[{"embeddable":true,"href":"https:\/\/ozonetech.com\/es\/wp-json\/wp\/v2\/pages\/36933"}],"wp:attachment":[{"href":"https:\/\/ozonetech.com\/es\/wp-json\/wp\/v2\/media?parent=36970"}],"curies":[{"name":"wp","href":"https:\/\/api.w.org\/{rel}","templated":true}]}}