{"id":36965,"date":"2020-06-23T13:15:20","date_gmt":"2020-06-23T13:15:20","guid":{"rendered":"https:\/\/ozonetech.com\/aplicaciones\/tratamiento-de-agua\/de-ionized-water\/"},"modified":"2024-10-10T09:34:46","modified_gmt":"2024-10-10T07:34:46","slug":"agua-desionizada","status":"publish","type":"page","link":"https:\/\/ozonetech.com\/es\/aplicaciones\/tratamiento-de-agua\/agua-desionizada\/","title":{"rendered":"Agua desionizada"},"content":{"rendered":"\n<section\n    class=\"block hero hero--regular\"\n    style=\"background-image: url('https:\/\/ozonetech.com\/wp-content\/uploads\/2021\/02\/De-ionized-water-2-1600x484.jpg'); --hero-opacity: 0.2\"\n>\n\n    <div class=\"container-fluid\">\n\n        <div class=\"content editor_content\">\n                         \n                <h2 class='h2'>Agua desionizada<\/h2>            \n                    <\/div>\n\n            <\/div>\n<\/section>\n\n\n<section class=\"component component_breadcrumbs\">\n\t<div class=\"container-fluid\">\n  \t<\/div>\n<\/section>\n\n\n<section\n    id=\"\"\n    class=\"block content-block\"\n\tstyle=\"--cb-bg: white; --cb-content: #000; padding-top: 30px; padding-bottom: 30px;\"\n>\n    \n\n<div class=\"container-fluid editor_content content content--narrow\">\n    <div class=\"row\">\n        <div class=\"col-12 editor_content\">\n            <h1>Desinfecta eficientemente los sistemas de desionizaci\u00f3n de agua y reutiliza el agua desionizada<\/h1>\n<p class=\"preamble\">El agua desionizada (DI por sus siglas en ingl\u00e9s) se emplea en una serie de \u00e1reas de aplicaci\u00f3n, desde la limpieza del equipos de laboratorio el enjuague y limpieza en procesos de microfabricaci\u00f3n. El problema con el agua DI es que no es posible usar desinfectantes tradicionales al comprometer de esta manera la calidad del agua. El tratamiento con ozono ofrece una soluci\u00f3n a este problema.<\/p>\n<p>El tratamiento con ozono de agua desionizada se lleva a cabo durante el saneamiento del sistema de desionizaci\u00f3n. El ozono se disuelve en el DI, y proporciona un servicio que limpia el sistema de bacteria en pocas horas, y puede ser eliminado del sistema con la misma rapidez. El uso de ozono significa que hay un un nivel reducido de unidades formadoras de colonias (recuento de), y un nivel controlado de de compuestos org\u00e1nicos totales (TOC). Tambi\u00e9n significa que el agua desionizada puede ser usado m\u00e1s de una vez, proporcionando por lo tanto \u00a0ventajas econ\u00f3micas y medioambientales.<\/p>\n        <\/div>\n    <\/div>\n<\/div>\n\n<\/section>\n","protected":false},"excerpt":{"rendered":"","protected":false},"author":21,"featured_media":0,"parent":36779,"menu_order":0,"comment_status":"closed","ping_status":"closed","template":"","meta":{"_acf_changed":false,"_seopress_robots_primary_cat":"","_seopress_titles_title":"","_seopress_titles_desc":"El tratamiento con ozono resuelve el problema de tratar el agua desionizada sin comprometer la calidad del agua.","_seopress_robots_index":"","inline_featured_image":false,"footnotes":""},"class_list":["post-36965","page","type-page","status-publish","hentry"],"acf":[],"_links":{"self":[{"href":"https:\/\/ozonetech.com\/es\/wp-json\/wp\/v2\/pages\/36965","targetHints":{"allow":["GET"]}}],"collection":[{"href":"https:\/\/ozonetech.com\/es\/wp-json\/wp\/v2\/pages"}],"about":[{"href":"https:\/\/ozonetech.com\/es\/wp-json\/wp\/v2\/types\/page"}],"author":[{"embeddable":true,"href":"https:\/\/ozonetech.com\/es\/wp-json\/wp\/v2\/users\/21"}],"replies":[{"embeddable":true,"href":"https:\/\/ozonetech.com\/es\/wp-json\/wp\/v2\/comments?post=36965"}],"version-history":[{"count":5,"href":"https:\/\/ozonetech.com\/es\/wp-json\/wp\/v2\/pages\/36965\/revisions"}],"predecessor-version":[{"id":40426,"href":"https:\/\/ozonetech.com\/es\/wp-json\/wp\/v2\/pages\/36965\/revisions\/40426"}],"up":[{"embeddable":true,"href":"https:\/\/ozonetech.com\/es\/wp-json\/wp\/v2\/pages\/36779"}],"wp:attachment":[{"href":"https:\/\/ozonetech.com\/es\/wp-json\/wp\/v2\/media?parent=36965"}],"curies":[{"name":"wp","href":"https:\/\/api.w.org\/{rel}","templated":true}]}}