{"id":36962,"date":"2020-06-25T09:57:33","date_gmt":"2020-06-25T08:57:33","guid":{"rendered":"https:\/\/ozonetech.com\/acerca-del-ozono\/ozone-safety\/"},"modified":"2024-10-11T10:05:40","modified_gmt":"2024-10-11T08:05:40","slug":"seguridad-del-ozono","status":"publish","type":"page","link":"https:\/\/ozonetech.com\/es\/acerca-del-ozono\/seguridad-del-ozono\/","title":{"rendered":"Seguridad del ozono"},"content":{"rendered":"\n<section\n    class=\"block hero hero--regular\"\n    style=\"background-image: url('https:\/\/ozonetech.com\/wp-content\/uploads\/2021\/03\/about-ozone-3-1600x484.jpg'); --hero-opacity: 0.3\"\n>\n\n    <div class=\"container-fluid\">\n\n        <div class=\"content editor_content\">\n                         \n                <h2 class='h2'>Seguridad del ozono<\/h2>            \n                    <\/div>\n\n            <\/div>\n<\/section>\n\n\n<section class=\"component component_breadcrumbs\">\n\t<div class=\"container-fluid\">\n  \t<\/div>\n<\/section>\n\n\n<section\n    id=\"\"\n    class=\"block content-block\"\n\tstyle=\"--cb-bg: white; --cb-content: #000; padding-top: 30px; padding-bottom: 30px;\"\n>\n    \n\n<div class=\"container-fluid editor_content content content--narrow\">\n    <div class=\"row\">\n        <div class=\"col-12 editor_content\">\n            <h1>Datos generales<\/h1>\n<p><a href=\"https:\/\/ozonetech.com\/wp-content\/uploads\/2021\/07\/ozone-safety-datasheet.pdf\" target=\"_blank\" rel=\"noopener\">Descargue la ficha t\u00e9cnica de seguridad en formato pdf<\/a><\/p>\n        <\/div>\n    <\/div>\n<\/div>\n\n<div class=\"container-fluid editor_content\">\n    <div class=\"row\">\n        <div class=\"col-12 editor_content table-wrapper \" style=\"--table-text-color-header: #FFFFFF; --table-text-color-rows: #000000; --table-background-color-header: #5f5f5f; --table-background-color-rows-even: #efefef; --table-background-color-rows-odd: #dfdfdf; \">\n                            \n<table id=\"tablepress-288\" class=\"tablepress tablepress-id-288\" aria-describedby=\"tablepress-288-description\">\n<thead>\n<tr class=\"row-1\">\n\t<th class=\"column-1\">Producto\/material<\/th><th class=\"column-2\">Ozono<\/th>\n<\/tr>\n<\/thead>\n<tbody class=\"row-striping\">\n<tr class=\"row-2\">\n\t<td class=\"column-1\">F\u00f3rmula molecular<\/td><td class=\"column-2\">O<sub>3<\/sub><\/td>\n<\/tr>\n<tr class=\"row-3\">\n\t<td class=\"column-1\">Caracter\u00edstica principal<\/td><td class=\"column-2\">Gas oxidante &#8211; CAS no. 10028-15-6 \/ EG no. 233-069-2<\/td>\n<\/tr>\n<tr class=\"row-4\">\n\t<td class=\"column-1\">Peso molecular<\/td><td class=\"column-2\">48.0<\/td>\n<\/tr>\n<tr class=\"row-5\">\n\t<td class=\"column-1\">Producci\u00f3n<\/td><td class=\"column-2\">Efecto corona<\/td>\n<\/tr>\n<tr class=\"row-6\">\n\t<td class=\"column-1\">Concentraci\u00f3n<\/td><td class=\"column-2\">Hasta el 18 % en peso en aire enriquecido con ox\u00edgeno\/ox\u00edgeno<\/td>\n<\/tr>\n<tr class=\"row-7\">\n\t<td class=\"column-1\">Punto de ebullici\u00f3n<\/td><td class=\"column-2\">-111.0\u00b0C<\/td>\n<\/tr>\n<tr class=\"row-8\">\n\t<td class=\"column-1\">Punto de fusi\u00f3n<\/td><td class=\"column-2\">-192.7\u00b0C<\/td>\n<\/tr>\n<tr class=\"row-9\">\n\t<td class=\"column-1\">Solubilidad en el agua por peso (a 20\u00b0C)<\/td><td class=\"column-2\">570 mg\/l<\/td>\n<\/tr>\n<tr class=\"row-10\">\n\t<td class=\"column-1\">Densidad del vapor<\/td><td class=\"column-2\">1.6 (1 = aire)<\/td>\n<\/tr>\n<tr class=\"row-11\">\n\t<td class=\"column-1\">Inflamabilidad<\/td><td class=\"column-2\">No es inflamable\/apoya vigorosamente la combusti\u00f3n<\/td>\n<\/tr>\n<tr class=\"row-12\">\n\t<td class=\"column-1\">Punto de ignici\u00f3n<\/td><td class=\"column-2\">No aplica<\/td>\n<\/tr>\n<tr class=\"row-13\">\n\t<td class=\"column-1\">Temperatura de auto-ignici\u00f3n<\/td><td class=\"column-2\">No aplica<\/td>\n<\/tr>\n<\/tbody>\n<\/table>\n<span id=\"tablepress-288-description\" class=\"tablepress-table-description tablepress-table-description-id-288\"><\/span>\n<!-- #tablepress-288 from cache -->                                <\/div>\n    <\/div>\n<\/div>\n\n\n<div class=\"container-fluid editor_content content content--narrow\">\n    <div class=\"row\">\n        <div class=\"col-12 editor_content\">\n            <h3>Apariencia y olor<\/h3>\n<p>El ozono es incoloro para todas las concentraciones experimentadas en la industria. Tiene un olor acre caracter\u00edstico que suele asociarse a las chispas el\u00e9ctricas. El olor es generalmente detectable por la nariz humana en concentraciones de 0.02 y 0.05 ppm.<\/p>\n<h3>Incendio\/explosi\u00f3n y peligrosidad<\/h3>\n<p>El ozono es un poderoso agente oxidante. La oxidaci\u00f3n con ozono genera m\u00e1s calor y normalmente se enciende a una temperatura m\u00e1s baja que la oxidaci\u00f3n con ox\u00edgeno. El ozono reacciona con compuestos org\u00e1nicos no saturados para producir ozonuros, que son inestables y pueden descomponerse de manera explosiva. El ozono es un gas inestable que, a temperaturas normales, se descompone en ox\u00edgeno biat\u00f3mico. A temperaturas elevadas, y en presencia de ciertos catalizadores como hidr\u00f3geno, hierro, cobre y cromo, esta descomposici\u00f3n puede ser explosiva.<\/p>\n        <\/div>\n    <\/div>\n<\/div>\n\n<\/section>\n\n\n\n<section\n    id=\"\"\n    class=\"block content-block\"\n\tstyle=\"--cb-bg: #e6e6e6; --cb-content: #000; padding-top: 30px; padding-bottom: 30px;\"\n>\n    \n\n<div class=\"container-fluid editor_content content content--narrow\">\n    <div class=\"row\">\n        <div class=\"col-12 editor_content\">\n            <h3>Reacciones<\/h3>\n<h4>Condiciones que contribuyen a la inestabilidad<\/h4>\n<p>El ozono se descompone espont\u00e1neamente bajo condiciones ordinarias, por lo que normalmente no se encuentra presente excepto en las inmediaciones de su producci\u00f3n. La descomposici\u00f3n se acelera por contacto con superficies s\u00f3lidas, sustancias qu\u00edmicas, y por el efecto del calor.<\/p>\n<h4>Incomatibilidades<\/h4>\n<p>El ozono es un agente oxidante potente que reacciona con todos los materiales oxidables, tanto org\u00e1nicos como inorg\u00e1nicos. Algunos productos de reacci\u00f3n son altamente explosivos<\/p>\n<h4>Productos de descomposici\u00f3n da\u00f1inos<\/h4>\n<p>Ninguno.<\/p>\n        <\/div>\n    <\/div>\n<\/div>\n\n<\/section>\n\n\n\n<section\n    id=\"\"\n    class=\"block content-block\"\n\tstyle=\"--cb-bg: #fff; --cb-content: #000; \"\n>\n    \n\n<div class=\"container-fluid editor_content content content--narrow\">\n    <div class=\"row\">\n        <div class=\"col-12 editor_content\">\n            <h3>Peligros para la salud<\/h3>\n<h4>L\u00edmites de exposici\u00f3n permisibles<\/h4>\n<p>Los siguientes l\u00edmites son ampliamente aceptados (EE.UU., Suecia, Reino Unido y otras partes de Europa):<\/p>\n<ul>\n<li>8 horas al d\u00eda\/5 d\u00edas por semana (l\u00edmite de exposici\u00f3n profesional) &#8211; 0.1 ppm<\/li>\n<li>15 minutos (l\u00edmite de exposici\u00f3n de corta duraci\u00f3n) &#8211; 0.3 ppm<\/li>\n<\/ul>\n<h4>Toxicolog\u00eda del ozono<\/h4>\n<p>Los efectos agudos y cr\u00f3nicos de la exposici\u00f3n excesiva al ozono han sido bien investigados. La exposici\u00f3n a concentraciones de ozono superiores a varias d\u00e9cimas de ppm puede causar molestias en una peque\u00f1a parte de la poblaci\u00f3n. Estas molestias puede manifestarse en forma de dolores de cabeza, sequedad de garganta y membranas mucosas de los ojos y la nariz tras exposiciones de corta duraci\u00f3n. Sin embargo, la exposici\u00f3n repetida al ozono a tales concentraciones en intervalos de 24 horas, no caus\u00f3 ning\u00fan aumento en la irritabilidad de las v\u00edas respiratorias. De hecho, despu\u00e9s de las primeras exposiciones, las exposiciones adicionales al ozono tuvieron efectos progresivamente menores, lo que sugiere que la tolerancia puede desarrollarse con el tiempo.<\/p>\n<p>Se ha demostrado que el ozono es m\u00e1s nocivo a concentraciones superiores a 2,0 ppm durante varias horas, como las que experimentan los soldadores de arco protegido con gas. El sitio que m\u00e1s sufre los efectos agudos es el pulm\u00f3n, caracterizandose por la congesti\u00f3n pulmonar. Este impacto agudo disminte en los soldadores cuando las exposiciones se reduj\u00f3 a menos de 0,2 ppm. Seg\u00fan estudios realizados en animales, se cree que la exposici\u00f3n a m\u00e1s de 10 a 20 ppm durante una hora o menos es letal para los seres humanos, aunque nunca se ha registrado una sola fatalidad atribuida a la exposici\u00f3n al ozono en m\u00e1s de 100 a\u00f1os de uso comercial. (Compare esta experiencia con el cloro, que se ha cobrado muchas v\u00edctimas tanto en tiempos de paz como de guerra).<\/p>\n<p>Con respecto a la toxicidad cr\u00f3nica o a largo plazo, el ozono es un agente radiomim\u00e9tico, es decir, los efectos de la exposici\u00f3n al ozono excesivo a largo plazo presentan los mismos efectos que la exposici\u00f3n excesiva a la luz solar. Estos efectos son la sequedad de las superficies d\u00e9rmicas y el envejecimiento general de los tejidos expuestos. El ozono no se considera ni se sospecha que sea un carcin\u00f3geno humano, ni tampoco tiene propiedades tertog\u00e9nicas o mutag\u00e9nicas.<\/p>\n<p>En caso de una fuga de ozono:<\/p>\n<ul>\n<li>Ventile la zona<\/li>\n<li>Apague inmediatamente el generador de ozono<\/li>\n<li>Pare el flujo de agua ozonizada<\/li>\n<li>En aquellas zonas en las que se alcanzan elevados niveles de ozono (mas de 0.1 ppm), todo el personal deber\u00eda abandonar el \u00e1rea afectada hasta que esta se ventile en profundidad<\/li>\n<li>Cuando los niveles de ozono presentes excedan 0.3ppm, o cuando se requiera que el personal trabaje en zonas o tanques restringidos, s\u00f3lo se permitir\u00e1 la presencia en la zona de personas que lleven un equipo de respiraci\u00f3n adecuado y se aplicar\u00e1n las pr\u00e1cticas de trabajo adecuadas y seguras para \u00e1reas confinadas.<\/li>\n<\/ul>\n        <\/div>\n    <\/div>\n<\/div>\n\n<\/section>\n\n\n\n<section\n    id=\"\"\n    class=\"block content-block\"\n\tstyle=\"--cb-bg: white; --cb-content: #000; padding-top: 30px; padding-bottom: 30px;\"\n>\n    \n\n<div class=\"container-fluid editor_content content content--narrow\">\n    <div class=\"row\">\n        <div class=\"col-12 editor_content\">\n            <h4>Eliminaci\u00f3n del gas residual de ozono<\/h4>\n<p>Es una pr\u00e1ctica aceptada, y exigida por ley en algunas jurisdicciones, que el ozono no se libere a la atm\u00f3sfera, sino que se destruya utilizando un m\u00e9todo aprobado de destrucci\u00f3n de ozono. (Catal\u00edtico, t\u00e9rmico o de absorci\u00f3n).<\/p>\n        <\/div>\n    <\/div>\n<\/div>\n\n<\/section>\n\n\n\n<section\n    id=\"\"\n    class=\"block content-block\"\n\tstyle=\"--cb-bg: #e6e6e6; --cb-content: #000; padding-top: 30px; padding-bottom: 30px;\"\n>\n    \n\n<div class=\"container-fluid editor_content content content--narrow\">\n    <div class=\"row\">\n        <div class=\"col-12 editor_content\">\n            <h4>Eliminaci\u00f3n del gas residual de ozono<\/h4>\n<p>Deben identificarse todas las posibles salidas de gas de ozono a zonas ocupadas o a la atm\u00f3sfera exterior.<\/p>\n<ol>\n<li>Todas las salidas operacionales rutinarias de ozono a las zonas ocupadas o a la atm\u00f3sfera exterior deben contenerse y pasar a trav\u00e9s de un sistema de destrucci\u00f3n del ozono (como se ha indicado anteriormente)<\/li>\n<li>Todas las zonas frecuentadas donde se genera o aplica ozono deberan estar previstas de un sistema de ventilaci\u00f3n eficaz en funci\u00f3n de la tasa de producci\u00f3n de ozono y otros factores de riesgo<\/li>\n<li>Cuando el ozono se aplica a l\u00edquidos es importante tener en cuenta que este se escapa de las disoluciones bajo la mayor\u00eda de las condiciones. Entre las precauciones a tener en cuenta se incluyen: asegurar que el recipiente contenedor de l\u00edquidos ozonizados no permita la salida de aire o se encuentra bajo condiciones negativas de presi\u00f3n para evitar el escape de ozono. Cualquier conducto en el que el ozono pueda salirse deber\u00e1 sconectarse a un sistema destructor del ozono. Cuando se descargan l\u00edquidos ozonizados, como agua de enjuagado, debe hacer a trav\u00e9s de tuber\u00edas cerradas para cerrar los desagues.<\/li>\n<\/ol>\n        <\/div>\n    <\/div>\n<\/div>\n\n<\/section>\n\n\n\n<section\n    id=\"\"\n    class=\"block content-block\"\n\tstyle=\"--cb-bg: #fff; --cb-content: #000; \"\n>\n    \n\n<div class=\"container-fluid editor_content content content--narrow\">\n    <div class=\"row\">\n        <div class=\"col-12 editor_content\">\n            <h4>Eliminaci\u00f3n del gas residual de ozono<\/h4>\n<ul>\n<li>Exposici\u00f3n de los ojos &#8211; Si el ozono entra en contacto con los ojos, l\u00e1velos inmediatamente con mucha agua, levantando el p\u00e1rpado superior e inferior de vez en cuando. Busque atenci\u00f3n m\u00e9dica tan pronto como le sea posible.<\/li>\n<li>Respiraci\u00f3n &#8211; Si una persona respira grandes cantidades de ozono, traslade a la persona a un lugar con aire caliente y no contaminado de inmediato. Si la respiraci\u00f3n se detiene, realice respiraci\u00f3n artificial. Cuando la respiraci\u00f3n es dif\u00edcil, puede ayudar personal debidamente capacitado, administrando ox\u00edgeno para respirar. Mantenga a la persona afectada caliente y en reposo. Busque atenci\u00f3n m\u00e9dica lo antes posible<\/li>\n<li>Rescate &#8211; Mueva la persona afectada a una zona segura. Si la persona ha entrado en contacto con el gas, notif\u00edquelo a otra persona y ponga en pr\u00e1ctica los procedimientos establecidos en caso de emergencia. No entre en la zona afectada sin asistencia o sin cumplir con los procedimientos de seguridad recomendados en cada instalaci\u00f3n<\/li>\n<\/ul>\n<p>&nbsp;<\/p>\n        <\/div>\n    <\/div>\n<\/div>\n\n\n\n<div class=\"container-fluid editor_content content content--narrow\">\n    <div class=\"row\">\n        <div class=\"col-12 editor_content\">\n            <p><em>Mellifiq, o cualquiera de sus subsidiarias, no es responsable de ninguna p\u00e9rdida o da\u00f1o de cualquier forma, sea cual sea su origen, relativas a la utilizaci\u00f3n o manipulaci\u00f3n del ozono o a las declaraciones contenidas u omitidas en este documento.<\/em><\/p>\n        <\/div>\n    <\/div>\n<\/div>\n\n<\/section>\n","protected":false},"excerpt":{"rendered":"","protected":false},"author":21,"featured_media":0,"parent":36933,"menu_order":0,"comment_status":"closed","ping_status":"closed","template":"","meta":{"_acf_changed":false,"_seopress_robots_primary_cat":"","_seopress_titles_title":"","_seopress_titles_desc":"Read here all the safety information about ozone, such as reaction and general, health information and disposal of waste ozone gas","_seopress_robots_index":"","inline_featured_image":false,"footnotes":""},"class_list":["post-36962","page","type-page","status-publish","hentry"],"acf":[],"_links":{"self":[{"href":"https:\/\/ozonetech.com\/es\/wp-json\/wp\/v2\/pages\/36962","targetHints":{"allow":["GET"]}}],"collection":[{"href":"https:\/\/ozonetech.com\/es\/wp-json\/wp\/v2\/pages"}],"about":[{"href":"https:\/\/ozonetech.com\/es\/wp-json\/wp\/v2\/types\/page"}],"author":[{"embeddable":true,"href":"https:\/\/ozonetech.com\/es\/wp-json\/wp\/v2\/users\/21"}],"replies":[{"embeddable":true,"href":"https:\/\/ozonetech.com\/es\/wp-json\/wp\/v2\/comments?post=36962"}],"version-history":[{"count":7,"href":"https:\/\/ozonetech.com\/es\/wp-json\/wp\/v2\/pages\/36962\/revisions"}],"predecessor-version":[{"id":41213,"href":"https:\/\/ozonetech.com\/es\/wp-json\/wp\/v2\/pages\/36962\/revisions\/41213"}],"up":[{"embeddable":true,"href":"https:\/\/ozonetech.com\/es\/wp-json\/wp\/v2\/pages\/36933"}],"wp:attachment":[{"href":"https:\/\/ozonetech.com\/es\/wp-json\/wp\/v2\/media?parent=36962"}],"curies":[{"name":"wp","href":"https:\/\/api.w.org\/{rel}","templated":true}]}}