{"id":36945,"date":"2020-06-25T09:49:15","date_gmt":"2020-06-25T08:49:15","guid":{"rendered":"https:\/\/ozonetech.com\/acerca-del-ozono\/ozone-faq\/"},"modified":"2021-07-27T11:31:36","modified_gmt":"2021-07-27T09:31:36","slug":"preguntas-frecuentes-acerca-del-ozono","status":"publish","type":"page","link":"https:\/\/ozonetech.com\/es\/acerca-del-ozono\/preguntas-frecuentes-acerca-del-ozono\/","title":{"rendered":"Preguntas frecuentes acerca del ozono"},"content":{"rendered":"\n<section\n    class=\"block hero hero--regular\"\n    style=\"background-image: url('https:\/\/ozonetech.com\/wp-content\/uploads\/2021\/03\/about-ozone-2-1600x484.jpg'); --hero-opacity: 0.3\"\n>\n\n    <div class=\"container-fluid\">\n\n        <div class=\"content editor_content\">\n                         \n                <h1 class='h1'>Preguntas frecuentes acerca del ozono<\/h1>            \n                    <\/div>\n\n            <\/div>\n<\/section>\n\n\n<section class=\"component component_breadcrumbs\">\n\t<div class=\"container-fluid\">\n  \t<\/div>\n<\/section>\n\n\n<section\n    id=\"q1\"\n    class=\"block content-block\"\n\tstyle=\"--cb-bg: white; --cb-content: #000; padding-top: 30px; padding-bottom: 30px;\"\n>\n    \n\n<div class=\"container-fluid editor_content content content--narrow\">\n    <div class=\"row\">\n        <div class=\"col-12 editor_content\">\n            <h2 style=\"text-align: left;\">Las preguntas m\u00e1s frecuentes sobre la tecnolog\u00eda del ozono<\/h2>\n<ol>\n<li><a href=\"#q1\"><strong>\u00bfC\u00f3mo generan ozono nuestros generadores?<\/strong><\/a><\/li>\n<li><a href=\"#q2\"><strong>\u00bfC\u00f3mo se disuelve el ozono en agua?<\/strong><\/a><\/li>\n<li><a href=\"#q3\"><strong>Materiales compatibles con el ozono<\/strong><\/a><\/li>\n<li><a href=\"#q4\"><strong>\u00bfC\u00f3mo tratar el gas de ozono resultante?<\/strong><\/a><\/li>\n<li><a href=\"#q5\"><strong>\u00bfCu\u00e1l es la vida media del ozono?<\/strong><\/a><\/li>\n<\/ol>\n        <\/div>\n    <\/div>\n<\/div>\n\n\n\n<div class=\"container-fluid editor_content content content--narrow\">\n    <div class=\"row\">\n        <div class=\"col-12 editor_content\">\n            <h3 id=\"q1\">1. \u00bfC\u00f3mo generan ozono nuestros generadores?<\/h3>\n<p>En Ozonetech utilizamos nuestro propio proceso patentado, a trav\u00e9s del efecto corona. Al hacer pasar gas de ox\u00edgeno a trav\u00e9s de un campo el\u00e9ctrico de alto voltaje, algunas de las mol\u00e9culas de ox\u00edgeno se dividen en \u00e1tomos cargados, que como resultado reaccionan con otras mol\u00e9culas de ox\u00edgeno, formando ozono. La concentraci\u00f3n de ox\u00edgeno afecta directamente al ritmo de producci\u00f3n de ozono. Al reducir el flujo del gas de alimentaci\u00f3n de ox\u00edgeno, la concentraci\u00f3n de ozono puede aumentar a\u00fan m\u00e1s, pero a costa de reducir la producci\u00f3n de ozono.<\/p>\n<p>[<a href=\"#top\"><strong>Ir al principio<\/strong><\/a>]<\/p>\n        <\/div>\n    <\/div>\n<\/div>\n\n\n\n<div class=\"container-fluid editor_content content content--narrow\">\n    <div class=\"row\">\n        <div class=\"col-12 editor_content\">\n            <h3 id=\"q2\">2. \u00bfC\u00f3mo se disuelve el ozono en agua?<\/h3>\n<p>Hay dos maneras distintas de disolver ozono en agua. La primera mediante <a href=\"https:\/\/ozonetech.com\/es\/productos\/dispositivos-de-mezclado\/\">inyectores<\/a> , y la segunda mediante <a href=\"https:\/\/ozonetech.com\/es\/productos\/dispositivos-de-mezclado\/\">difusores<\/a>.<\/p>\n<h4>Inyectores<\/h4>\n<p><a href=\"https:\/\/ozonetech.com\/es\/productos\/dispositivos-de-mezclado\/\">El inyector de ozono \/ venturi <\/a> es una soluci\u00f3n muy simple para la transferencia de masa del ozono. El gas de ozono se disuelve simplemente en el agua mediante succi\u00f3n, debido a la presi\u00f3n.<\/p>\n<h4>Difusores<\/h4>\n<p>Los <a href=\"https:\/\/ozonetech.com\/es\/productos\/dispositivos-de-mezclado\/\">difusores de burbujas<\/a> funcionan emitiendo ozono a trav\u00e9s de cientos de burbujas debajo de la superficie del agua, volvi\u00e9ndose m\u00e1s eficientes cuanto mayor sea la profundidad del agua. Cuanto m\u00e1s peque\u00f1as son las burbujas, m\u00e1s eficientes son. Algunos factores que convierten esto en un reto incluyen la tensi\u00f3n superficial del agua y la creaci\u00f3n de un patr\u00f3n de flujo de agua en el proceso de contacto que puede interrumpir la tendencia de las burbujas de gas a juntarse y formar burbujas mayores.<\/p>\n<p>Los difusores de burbujas finas se utilizan ampliamente debido a su capacidad para funcionar sin consumir energ\u00eda adicional, aparte de la compresi\u00f3n inicial del gas. Con este sistema, el gas de ozono sale normalmente del generador de ozono a presiones de 0.7 \u2013 1.0 Bar, lo que es suficiente para superar la altura hidrost\u00e1tica, m\u00e1s la p\u00e9rdida de altura debida a la tuber\u00eda del distribuidor de gas y a los difusores. Este sistema de difusi\u00f3n tambi\u00e9n puede ser utilizado con ozonizadores que operan bajo presi\u00f3n negativa, utilizando compresores de gas de anillo l\u00edquido de acero inoxidable para inyectar el ozono, bajo presi\u00f3n.<\/p>\n<p>[<a href=\"#top\"><strong>Ir al principio<\/strong><\/a>]<\/p>\n        <\/div>\n    <\/div>\n<\/div>\n\n\n\n<div class=\"container-fluid editor_content content content--narrow\">\n    <div class=\"row\">\n        <div class=\"col-12 editor_content\">\n            <h3 id=\"q3\">3. Materiales compatibles con el ozono<\/h3>\n<ul>\n<li>Cer\u00e1micos<\/li>\n<li>Vidrio<\/li>\n<li>Acero inoxidable 304L y 316L<\/li>\n<li>Tefl\u00f3n PTFE y ETFE<\/li>\n<li>Halar ECTFE<\/li>\n<li>Kalrez\/Chemrez<\/li>\n<li>Gor Tex<\/li>\n<li>Hypalon<\/li>\n<\/ul>\n<p>[<a href=\"#top\"><strong>Ir al principio<\/strong><\/a>]<\/p>\n        <\/div>\n    <\/div>\n<\/div>\n\n\n\n<div class=\"container-fluid editor_content content content--narrow\">\n    <div class=\"row\">\n        <div class=\"col-12 editor_content\">\n            <h3  id=\"q4\">4. \u00bfC\u00f3mo tratar el gas de ozono resultante?<\/h3>\n<p>El ozono no disuelto debe pasar a trav\u00e9s de un destructor de ozono, y de manera segura verterse a la atm\u00f3sfera abierta. El destructor contiene capas de material catal\u00edtico de di\u00f3xido de magnesio a trav\u00e9s del cu\u00e1l pasa el ozono. Estas capas son muy sensibles a la humedad y deben permanecer secas para poder funcionar con la m\u00e1xima capacidad.<\/p>\n<p>[<a href=\"#top\"><strong>Ir al principio<\/strong><\/a>]<\/p>\n        <\/div>\n    <\/div>\n<\/div>\n\n\n\n<div class=\"container-fluid editor_content content content--narrow\">\n    <div class=\"row\">\n        <div class=\"col-12 editor_content\">\n            <h3 id=\"q5\">5. \u00bfCu\u00e1l es la vida media del ozono?<\/h3>\n<p>Bajo condiciones est\u00e1ndar (21\u00b0C, 1 bar) la vida media del gas de ozono es de 20 minutos. La vida media del ozono disuelto es de 20 minutos a pH 6, 15 minutos a pH 7, y 5 minutos a pH 8. El principal factor que reduce la vida media de ozono es una mayor presi\u00f3n de temperatura y la velocidad.<\/p>\n<p>[<a href=\"#top\"><strong>Ir al principio<\/strong><\/a>]<\/p>\n        <\/div>\n    <\/div>\n<\/div>\n\n<\/section>\n","protected":false},"excerpt":{"rendered":"","protected":false},"author":21,"featured_media":0,"parent":36933,"menu_order":0,"comment_status":"closed","ping_status":"closed","template":"","meta":{"_acf_changed":false,"_seopress_robots_primary_cat":"","_seopress_titles_title":"","_seopress_titles_desc":"We use our own patented corona discharge process. Find out more how our generators work and more useful info about ozone.","_seopress_robots_index":"","inline_featured_image":false,"footnotes":""},"class_list":["post-36945","page","type-page","status-publish","hentry"],"acf":[],"_links":{"self":[{"href":"https:\/\/ozonetech.com\/es\/wp-json\/wp\/v2\/pages\/36945","targetHints":{"allow":["GET"]}}],"collection":[{"href":"https:\/\/ozonetech.com\/es\/wp-json\/wp\/v2\/pages"}],"about":[{"href":"https:\/\/ozonetech.com\/es\/wp-json\/wp\/v2\/types\/page"}],"author":[{"embeddable":true,"href":"https:\/\/ozonetech.com\/es\/wp-json\/wp\/v2\/users\/21"}],"replies":[{"embeddable":true,"href":"https:\/\/ozonetech.com\/es\/wp-json\/wp\/v2\/comments?post=36945"}],"version-history":[{"count":5,"href":"https:\/\/ozonetech.com\/es\/wp-json\/wp\/v2\/pages\/36945\/revisions"}],"predecessor-version":[{"id":37378,"href":"https:\/\/ozonetech.com\/es\/wp-json\/wp\/v2\/pages\/36945\/revisions\/37378"}],"up":[{"embeddable":true,"href":"https:\/\/ozonetech.com\/es\/wp-json\/wp\/v2\/pages\/36933"}],"wp:attachment":[{"href":"https:\/\/ozonetech.com\/es\/wp-json\/wp\/v2\/media?parent=36945"}],"curies":[{"name":"wp","href":"https:\/\/api.w.org\/{rel}","templated":true}]}}