{"id":36938,"date":"2020-06-25T09:31:11","date_gmt":"2020-06-25T08:31:11","guid":{"rendered":"https:\/\/ozonetech.com\/acerca-del-ozono\/ozone-benefits\/"},"modified":"2024-10-11T10:04:06","modified_gmt":"2024-10-11T08:04:06","slug":"beneficios-del-ozono","status":"publish","type":"page","link":"https:\/\/ozonetech.com\/es\/acerca-del-ozono\/beneficios-del-ozono\/","title":{"rendered":"Beneficios del ozono"},"content":{"rendered":"\n<section\n    class=\"block hero hero--regular\"\n    style=\"background-image: url('https:\/\/ozonetech.com\/wp-content\/uploads\/2021\/03\/about-ozone-1-1600x484.jpg'); --hero-opacity: 0.3\"\n>\n\n    <div class=\"container-fluid\">\n\n        <div class=\"content editor_content\">\n                         \n                <h2 class='h2'>Beneficios del ozono<\/h2>            \n                    <\/div>\n\n            <\/div>\n<\/section>\n\n\n<section class=\"component component_breadcrumbs\">\n\t<div class=\"container-fluid\">\n  \t<\/div>\n<\/section>\n\n\n<section\n    id=\"\"\n    class=\"block content-block\"\n\tstyle=\"--cb-bg: white; --cb-content: #000; padding-top: 30px; padding-bottom: 30px;\"\n>\n    \n\n<div class=\"container-fluid editor_content content content--narrow\">\n    <div class=\"row\">\n        <div class=\"col-12 editor_content\">\n            <h1 style=\"text-align: left;\">Las diez principales ventajas de la tecnolog\u00eda de oxidaci\u00f3n con ozono<\/h1>\n<p style=\"text-align: left;\">El ozono es una mol\u00e9cula de triox\u00edgeno con la f\u00f3rmula qu\u00edmica O<sub>3<\/sub>. Es un gas azul p\u00e1lido con un olor caracter\u00edstico, que puede ser detectado por la mayor\u00eda de los seres humanos incluso en concentraciones tan bajas como 0,1 ppm. En la naturaleza, el ozono est\u00e1 presente en bajas concentraciones y se forma en la atm\u00f3sfera terrestre a partir del ox\u00edgeno, por la acci\u00f3n de la luz ultravioleta (UV), una forma de radiaci\u00f3n electromagn\u00e9tica, y por descargas el\u00e9ctricas, por ejemplo, los rayos.<\/p>\n<p style=\"text-align: left;\">La mayor concentraci\u00f3n de ozono en la naturaleza se encuentra en la capa de ozono de la estratosfera, que absorbe la mayor parte de la radiaci\u00f3n ultravioleta (UV) emitida por el Sol.<\/p>\n<p style=\"text-align: left;\">El ozono es tambi\u00e9n un oxidante muy potente, f\u00e1cilmente soluble en agua, capaz de descomponer una gran variedad de compuestos y microorganismos. Debido a sus propiedades, el ozono es un m\u00e9todo ideal para tratar el aire y el agua contra la mayor\u00eda de los contaminantes. Para obtener m\u00e1s informaci\u00f3n relacionada con la seguridad sobre el uso del ozono, haga clic aqu\u00ed.<\/p>\n<p style=\"text-align: left;\">Las investigaciones demuestran que el ozono es el m\u00e9todo m\u00e1s eficaz para tratar el aire y el agua desde el punto de vista del tiempo y los costes, y puede aplicarse en una amplia gama de aplicaciones industriales. Adem\u00e1s, el ozono reduce la necesidad de productos qu\u00edmicos a cero y no deja ning\u00fan subproducto potencialmente da\u00f1ino, por lo que es la tecnolog\u00eda de tratamiento m\u00e1s sostenible y respetuosa con el medio ambiente.<\/p>\n<p style=\"text-align: left;\">A continuaci\u00f3n hemos enumerado las diez ventajas m\u00e1s importantes que hacen del ozono una opci\u00f3n ideal para cualquier industria que necesite aire y agua limpios:<\/p>\n<ol>\n<li>Eficaz en m\u00e1s de un 50% a la hora de romper las membranas bacterianas en comparaci\u00f3n con el cloro<\/li>\n<li>Elimina una amplia gama de bacterias, 3000 veces m\u00e1s r\u00e1pido que el cloro<\/li>\n<li>Desinfectante potente a bajas concentraciones<\/li>\n<li>Se descompone en ox\u00edgeno sin dejar subproductos<\/li>\n<li>Su contacto directo con comida est\u00e1 aprobado por la FDA, la Administraci\u00f3n de Alimentos y Medicamentos, Agencia del gobierno de Estados Unicos<\/li>\n<li>Alarga la vida \u00fatil de la mayor\u00eda de los productos alimenticios<\/li>\n<li>Eficaz eliminador de olores, sabores y colores<\/li>\n<li>Producci\u00f3n in situ f\u00e1cil y econ\u00f3mica, listo para la aplicaci\u00f3n<\/li>\n<li>F\u00e1cilmente detectable en bajas concentraciones por los seres humanos, por lo que es seguro de manejar<\/li>\n<li>Marco reglamentario vigente para la exposici\u00f3n humana en la mayor\u00eda de los pa\u00edses<\/li>\n<\/ol>\n<p>Hemos reunido en <a href=\"https:\/\/ozonetech.com\/es\/acerca-del-ozono\/\">esta p\u00e1gina<\/a> informaci\u00f3n \u00fatil sobre el ozono. No dude en consultarla.<\/p>\n        <\/div>\n    <\/div>\n<\/div>\n\n<\/section>\n","protected":false},"excerpt":{"rendered":"","protected":false},"author":21,"featured_media":0,"parent":36933,"menu_order":0,"comment_status":"closed","ping_status":"closed","template":"","meta":{"_acf_changed":false,"_seopress_robots_primary_cat":"","_seopress_titles_title":"","_seopress_titles_desc":"Ozone has the ability tto eliminate a wide range of bacteria over 3000 times faster than chlorine, saving your business precious time.","_seopress_robots_index":"","inline_featured_image":false,"footnotes":""},"class_list":["post-36938","page","type-page","status-publish","hentry"],"acf":[],"_links":{"self":[{"href":"https:\/\/ozonetech.com\/es\/wp-json\/wp\/v2\/pages\/36938","targetHints":{"allow":["GET"]}}],"collection":[{"href":"https:\/\/ozonetech.com\/es\/wp-json\/wp\/v2\/pages"}],"about":[{"href":"https:\/\/ozonetech.com\/es\/wp-json\/wp\/v2\/types\/page"}],"author":[{"embeddable":true,"href":"https:\/\/ozonetech.com\/es\/wp-json\/wp\/v2\/users\/21"}],"replies":[{"embeddable":true,"href":"https:\/\/ozonetech.com\/es\/wp-json\/wp\/v2\/comments?post=36938"}],"version-history":[{"count":8,"href":"https:\/\/ozonetech.com\/es\/wp-json\/wp\/v2\/pages\/36938\/revisions"}],"predecessor-version":[{"id":41201,"href":"https:\/\/ozonetech.com\/es\/wp-json\/wp\/v2\/pages\/36938\/revisions\/41201"}],"up":[{"embeddable":true,"href":"https:\/\/ozonetech.com\/es\/wp-json\/wp\/v2\/pages\/36933"}],"wp:attachment":[{"href":"https:\/\/ozonetech.com\/es\/wp-json\/wp\/v2\/media?parent=36938"}],"curies":[{"name":"wp","href":"https:\/\/api.w.org\/{rel}","templated":true}]}}