{"id":36933,"date":"2020-06-25T11:15:59","date_gmt":"2020-06-25T11:15:59","guid":{"rendered":"https:\/\/ozonetech.com\/about-ozone\/"},"modified":"2024-10-10T11:41:05","modified_gmt":"2024-10-10T09:41:05","slug":"acerca-del-ozono","status":"publish","type":"page","link":"https:\/\/ozonetech.com\/es\/acerca-del-ozono\/","title":{"rendered":"Acerca del ozono"},"content":{"rendered":"\n<section\n    class=\"block hero hero--regular\"\n    style=\"background-image: url('https:\/\/ozonetech.com\/wp-content\/uploads\/2021\/03\/about-ozone-1600x484.jpg'); --hero-opacity: 0.25\"\n>\n\n    <div class=\"container-fluid\">\n\n        <div class=\"content editor_content\">\n                         \n                <h2 class='h2'>Acerca del ozono<\/h2>            \n                    <\/div>\n\n            <\/div>\n<\/section>\n\n\n<section class=\"component component_breadcrumbs\">\n\t<div class=\"container-fluid\">\n  \t<\/div>\n<\/section>\n\n\n<section\n    id=\"\"\n    class=\"block content-block\"\n\tstyle=\"--cb-bg: white; --cb-content: #000; padding-top: 30px; padding-bottom: 30px;\"\n>\n    \n\n<div class=\"container-fluid editor_content content content--narrow\">\n    <div class=\"row\">\n        <div class=\"col-12 editor_content\">\n            <h1>Un potente oxidante<\/h1>\n<p class=\"preamble\">El ozono es un agente oxidante muy potente. Se disuelve f\u00e1cilmente en agua y su capacidad de eliminar los microorganismos que forman los contaminantes es muy buena. Una vez que el problema est\u00e1 solucionado, el ozono se disuelve- nuestro m\u00e9todo obliga al ozono a reaccionar con los contaminantes y degradarlos, tras lo cual el ozono residual se transforma en ox\u00edgeno.<\/p>\n<p><strong><a href=\"https:\/\/ozonetech.com\/wp-content\/uploads\/2020\/12\/Datasheet-About-Ozone-v2.0-EN-web.pdf\" target=\"_blank\" rel=\"noopener\">Descargue informaci\u00f3n sobre el ozono en formato pdf<\/a><\/strong><\/p>\n        <\/div>\n    <\/div>\n<\/div>\n\n<div class=\"container-fluid editor_content\">\n    <div class=\"row\">\n        <div class=\"col-12 editor_content table-wrapper \" style=\"--table-text-color-header: #FFFFFF; --table-text-color-rows: #000000; --table-background-color-header: #5f5f5f; --table-background-color-rows-even: #efefef; --table-background-color-rows-odd: #dfdfdf; \">\n                            \n<table id=\"tablepress-286\" class=\"tablepress tablepress-id-286\" aria-describedby=\"tablepress-286-description\">\n<thead>\n<tr class=\"row-1\">\n\t<th class=\"column-1\">F\u00f3rmula qu\u00edmica<\/th><th class=\"column-2\">O<sub>3<\/sub><\/th>\n<\/tr>\n<\/thead>\n<tbody class=\"row-striping\">\n<tr class=\"row-2\">\n\t<td class=\"column-1\">Peso molecular<\/td><td class=\"column-2\">47.998 g\/mol<\/td>\n<\/tr>\n<tr class=\"row-3\">\n\t<td class=\"column-1\">Densidad, gas (0\u00b0C, 101.3 kPa)<\/td><td class=\"column-2\">2.144 kg\/m<sup>3<\/sup><\/td>\n<\/tr>\n<tr class=\"row-4\">\n\t<td class=\"column-1\">Punto de fusi\u00f3n (101.3 kPa)<\/td><td class=\"column-2\">-192.5\u00b0C<\/td>\n<\/tr>\n<tr class=\"row-5\">\n\t<td class=\"column-1\">Punto de ebullici\u00f3n (101.3 kPa)<\/td><td class=\"column-2\">-111.9\u00b0C<\/td>\n<\/tr>\n<tr class=\"row-6\">\n\t<td class=\"column-1\">Clasificaci\u00f3n de peligro de la UE<\/td><td class=\"column-2\">Oxidante (O)<\/td>\n<\/tr>\n<\/tbody>\n<\/table>\n<span id=\"tablepress-286-description\" class=\"tablepress-table-description tablepress-table-description-id-286\"><\/span>\n<!-- #tablepress-286 from cache -->                                <\/div>\n    <\/div>\n<\/div>\n\n\n<div class=\"container-fluid editor_content content content--narrow\">\n    <div class=\"row\">\n        <div class=\"col-12 editor_content\">\n            <h3>La qu\u00edmica tras la formaci\u00f3n de ozono<\/h3>\n<p>El ozono puede producirse fotoqu\u00edmicamente en una atm\u00f3sfera llena de ox\u00edgeno a trav\u00e9s de la luz UV o de las descargas el\u00e9ctricas (efecto corona). Gracias a nuestra t\u00e9cnica patentada, nuestro equipo usa al m\u00e1ximo las ventajas del efecto corona. El aire u ox\u00edgeno es canalizado entre dos electrodos y luego sujeto a descargas electr\u00f3nicas. Despu\u00e9s, los \u00e1tomos de ox\u00edgeno est\u00e1n parcialmente atomizados, formando ozono cuando las mol\u00e9culas de ox\u00edgeno libre reaccionan con las mol\u00e9culas de ox\u00edgeno presentes.<\/p>\n        <\/div>\n    <\/div>\n<\/div>\n\n\n<div class=\"container-fluid content content--narrow\">\n    <div class=\"row\">\n        <div class=\"col-md-6 order-1 editor_content \">\n            <p>Los electrones de la descarga proporcionan energ\u00eda suficiente para disociar los \u00e1tomos en la mol\u00e9cula de ox\u00edgeno:<\/p>\n<p>O<sub>2<\/sub>\u00a0+ e<sup>&#8211;<\/sup> =&gt; O + O<\/p>\n<p>Estos \u00e1tomos libres reaccionan directamente entre s\u00ed o con otras mol\u00e9culas de ox\u00edgeno para formar el ozono:<\/p>\n<p>O<sub>2<\/sub>\u00a0+ O =&gt; O<sub>3<\/sub><\/p>\n        <\/div>\n        <div class=\"col-md-6 order-2 editor_content d-flex justify-content-center\">\n                                            <figure class=\"side-image \">\n                    <img loading=\"lazy\" decoding=\"async\" width=\"425\" height=\"291\" src=\"https:\/\/ozonetech.com\/wp-content\/uploads\/2021\/03\/ozone-molecule-e1615388404310.jpg\" class=\"attachment-full size-full\" alt=\"\" srcset=\"https:\/\/ozonetech.com\/wp-content\/uploads\/2021\/03\/ozone-molecule-e1615388404310.jpg 425w, https:\/\/ozonetech.com\/wp-content\/uploads\/2021\/03\/ozone-molecule-e1615388404310-300x205.jpg 300w\" sizes=\"auto, (max-width: 425px) 100vw, 425px\" \/>                                    <\/figure>\n                    <\/div>\n    <\/div>\n<\/div>\n\n\n<div class=\"container-fluid editor_content content content--narrow\">\n    <div class=\"row\">\n        <div class=\"col-12 editor_content\">\n            <h3>Valores l\u00edmite<\/h3>\n<p>El Consejo Nacional Sueco de Seguridad y Salud Ocupacional ha establecido valores higi\u00e9nicos l\u00edmite (niveles medios aceptables en el aire inhalado) para el ozono. Se utilizan dos l\u00edmites principales:<\/p>\n<ul>\n<li>Valor l\u00edmite de nivel (LLV por sus siglas en ingl\u00e9s): Contenido medio m\u00e1s alto aceptable en el aire inhalado durante 8 horas<\/li>\n<li>Valor l\u00edmite de techo (CLV por sus siglas en ingl\u00e9s): Contenido medio m\u00e1s alto aceptable en el aire inhalado durante 15 minutos<\/li>\n<\/ul>\n<p>Para el ozono, el valor l\u00edmite es de 0,1 ppm (0,2 mg\/m<sup>3<\/sup>) y el l\u00edmite m\u00e1ximo es de 0,3 ppm (0,6 mg\/m<sup>3<\/sup>) (AFS 2015:7). Seg\u00fan el Consejo, el ozono no es cancer\u00edgeno ni alerg\u00e9nico y no afecta a la reproducci\u00f3n, ni es f\u00e1cilmente absorbido por la piel.<\/p>\n<p>Los niveles de ozono por encima de 0.3 ppm irritan el tracto respiratorio y las membranas mucosas del ojo, mientras que niveles en torno a 100 ppm son muy t\u00f3xicos en cuesti\u00f3n de minutos.<\/p>\n<p>Enlaces: <strong><a href=\"https:\/\/en.wikipedia.org\/wiki\/Ozone\" target=\"_blank\" rel=\"noopener\">Ozono (Wikipedia)<\/a>, <a href=\"https:\/\/www.av.se\/en\/\" target=\"_blank\" rel=\"noopener\">Swedish National Board of Occupational Safety and Health<\/a>, <a href=\"https:\/\/www.av.se\/arbetsmiljoarbete-och-inspektioner\/publikationer\/foreskrifter\/hygieniska-gransvarden-afs-20181-foreskrifter\/\" target=\"_blank\" rel=\"noopener\">AFS 2018:1<\/a><\/strong><\/p>\n        <\/div>\n    <\/div>\n<\/div>\n\n<\/section>\n\n\n\n<section class=\"block landing-page-grid\" style=\"--grid-bg: #fff; --grid-link: #5f5f5f; --grid-content: #000;\">\n\n    <div class=\"container-fluid grid\">\n\n                \n                    <div class=\"grid__list\">\n                                    <a class=\"item\" href=\"https:\/\/ozonetech.com\/es\/acerca-del-ozono\/beneficios-del-ozono\/\" target=\"\">\n                        <span class=\"item__overlay\"><\/span>\n                        <span\n                            class=\"item__background-image\"\n                            style=\"background-image: url('https:\/\/ozonetech.com\/wp-content\/uploads\/2021\/03\/ozone.jpg');\"\n                        ><\/span>\n                        \n                        <span class=\"item__content\">\n                            <figure class=\"item__content--icon\">\n                                                            <\/figure>\n\n                            <span class=\"item__content--link\">\n                                <span>Beneficios del ozono<\/span><svg version=\"1.1\" id=\"Layer_1\" xmlns=\"http:\/\/www.w3.org\/2000\/svg\" x=\"0\" y=\"0\" viewBox=\"0 0 25 21.76\" xml:space=\"preserve\"><path fill=\"#FF691C\" d=\"M12.17 1.45l1.11-1.1c.46-.47 1.22-.47 1.68 0l9.69 9.68c.47.46.47 1.22 0 1.68l-9.69 9.69c-.46.47-1.22.47-1.68 0l-1.11-1.11c-.47-.47-.46-1.23.01-1.7l.01-.01 6-5.72h-17c-.66 0-1.2-.53-1.2-1.19v-1.6c0-.66.53-1.2 1.19-1.2h17.01l-6-5.72c-.48-.45-.5-1.2-.05-1.68.01 0 .02-.01.03-.02z\"\/><\/svg>                            <\/span>\n                        <\/span>\n                    <\/a>\n                                    <a class=\"item\" href=\"https:\/\/ozonetech.com\/es\/acerca-del-ozono\/preguntas-frecuentes-acerca-del-ozono\/\" target=\"\">\n                        <span class=\"item__overlay\"><\/span>\n                        <span\n                            class=\"item__background-image\"\n                            style=\"background-image: url('https:\/\/ozonetech.com\/wp-content\/uploads\/2021\/03\/ozone.jpg');\"\n                        ><\/span>\n                        \n                        <span class=\"item__content\">\n                            <figure class=\"item__content--icon\">\n                                                            <\/figure>\n\n                            <span class=\"item__content--link\">\n                                <span>Preguntas frecuentes acerca del ozono<\/span><svg version=\"1.1\" id=\"Layer_1\" xmlns=\"http:\/\/www.w3.org\/2000\/svg\" x=\"0\" y=\"0\" viewBox=\"0 0 25 21.76\" xml:space=\"preserve\"><path fill=\"#FF691C\" d=\"M12.17 1.45l1.11-1.1c.46-.47 1.22-.47 1.68 0l9.69 9.68c.47.46.47 1.22 0 1.68l-9.69 9.69c-.46.47-1.22.47-1.68 0l-1.11-1.11c-.47-.47-.46-1.23.01-1.7l.01-.01 6-5.72h-17c-.66 0-1.2-.53-1.2-1.19v-1.6c0-.66.53-1.2 1.19-1.2h17.01l-6-5.72c-.48-.45-.5-1.2-.05-1.68.01 0 .02-.01.03-.02z\"\/><\/svg>                            <\/span>\n                        <\/span>\n                    <\/a>\n                                    <a class=\"item\" href=\"https:\/\/ozonetech.com\/es\/acerca-del-ozono\/seguridad-del-ozono\/\" target=\"\">\n                        <span class=\"item__overlay\"><\/span>\n                        <span\n                            class=\"item__background-image\"\n                            style=\"background-image: url('https:\/\/ozonetech.com\/wp-content\/uploads\/2021\/03\/ozone.jpg');\"\n                        ><\/span>\n                        \n                        <span class=\"item__content\">\n                            <figure class=\"item__content--icon\">\n                                                            <\/figure>\n\n                            <span class=\"item__content--link\">\n                                <span>Seguridad del ozono<\/span><svg version=\"1.1\" id=\"Layer_1\" xmlns=\"http:\/\/www.w3.org\/2000\/svg\" x=\"0\" y=\"0\" viewBox=\"0 0 25 21.76\" xml:space=\"preserve\"><path fill=\"#FF691C\" d=\"M12.17 1.45l1.11-1.1c.46-.47 1.22-.47 1.68 0l9.69 9.68c.47.46.47 1.22 0 1.68l-9.69 9.69c-.46.47-1.22.47-1.68 0l-1.11-1.11c-.47-.47-.46-1.23.01-1.7l.01-.01 6-5.72h-17c-.66 0-1.2-.53-1.2-1.19v-1.6c0-.66.53-1.2 1.19-1.2h17.01l-6-5.72c-.48-.45-.5-1.2-.05-1.68.01 0 .02-.01.03-.02z\"\/><\/svg>                            <\/span>\n                        <\/span>\n                    <\/a>\n                                    <a class=\"item\" href=\"https:\/\/ozonetech.com\/es\/acerca-del-ozono\/smartozone\/\" target=\"\">\n                        <span class=\"item__overlay\"><\/span>\n                        <span\n                            class=\"item__background-image\"\n                            style=\"background-image: url('https:\/\/ozonetech.com\/wp-content\/uploads\/2021\/03\/about-ozone-771x433.jpg');\"\n                        ><\/span>\n                        \n                        <span class=\"item__content\">\n                            <figure class=\"item__content--icon\">\n                                                            <\/figure>\n\n                            <span class=\"item__content--link\">\n                                <span>SMARTOZONE\u2122<\/span><svg version=\"1.1\" id=\"Layer_1\" xmlns=\"http:\/\/www.w3.org\/2000\/svg\" x=\"0\" y=\"0\" viewBox=\"0 0 25 21.76\" xml:space=\"preserve\"><path fill=\"#FF691C\" d=\"M12.17 1.45l1.11-1.1c.46-.47 1.22-.47 1.68 0l9.69 9.68c.47.46.47 1.22 0 1.68l-9.69 9.69c-.46.47-1.22.47-1.68 0l-1.11-1.11c-.47-.47-.46-1.23.01-1.7l.01-.01 6-5.72h-17c-.66 0-1.2-.53-1.2-1.19v-1.6c0-.66.53-1.2 1.19-1.2h17.01l-6-5.72c-.48-.45-.5-1.2-.05-1.68.01 0 .02-.01.03-.02z\"\/><\/svg>                            <\/span>\n                        <\/span>\n                    <\/a>\n                            <\/div>\n            <\/div>\n\n<\/section>","protected":false},"excerpt":{"rendered":"","protected":false},"author":21,"featured_media":0,"parent":0,"menu_order":0,"comment_status":"closed","ping_status":"closed","template":"","meta":{"_acf_changed":false,"_seopress_robots_primary_cat":"","_seopress_titles_title":"","_seopress_titles_desc":"Ozone is a very powerful oxidation agent. Easily soluble in water, it has a great ability to eliminate microorganisms that form pollutants.","_seopress_robots_index":"","inline_featured_image":false,"footnotes":""},"class_list":["post-36933","page","type-page","status-publish","hentry"],"acf":[],"_links":{"self":[{"href":"https:\/\/ozonetech.com\/es\/wp-json\/wp\/v2\/pages\/36933","targetHints":{"allow":["GET"]}}],"collection":[{"href":"https:\/\/ozonetech.com\/es\/wp-json\/wp\/v2\/pages"}],"about":[{"href":"https:\/\/ozonetech.com\/es\/wp-json\/wp\/v2\/types\/page"}],"author":[{"embeddable":true,"href":"https:\/\/ozonetech.com\/es\/wp-json\/wp\/v2\/users\/21"}],"replies":[{"embeddable":true,"href":"https:\/\/ozonetech.com\/es\/wp-json\/wp\/v2\/comments?post=36933"}],"version-history":[{"count":9,"href":"https:\/\/ozonetech.com\/es\/wp-json\/wp\/v2\/pages\/36933\/revisions"}],"predecessor-version":[{"id":40979,"href":"https:\/\/ozonetech.com\/es\/wp-json\/wp\/v2\/pages\/36933\/revisions\/40979"}],"wp:attachment":[{"href":"https:\/\/ozonetech.com\/es\/wp-json\/wp\/v2\/media?parent=36933"}],"curies":[{"name":"wp","href":"https:\/\/api.w.org\/{rel}","templated":true}]}}