{"id":36924,"date":"2021-03-11T14:55:02","date_gmt":"2021-03-11T13:55:02","guid":{"rendered":"https:\/\/ozonetech.com\/cookie-policy\/"},"modified":"2021-07-28T11:18:57","modified_gmt":"2021-07-28T09:18:57","slug":"politica-de-cookies","status":"publish","type":"page","link":"https:\/\/ozonetech.com\/es\/politica-de-cookies\/","title":{"rendered":"Pol\u00edtica de cookies"},"content":{"rendered":"\n<section\n    class=\"block hero hero--regular\"\n    style=\"background-image: url('https:\/\/ozonetech.com\/wp-content\/uploads\/2021\/03\/cookie-policy-1600x484.jpg'); --hero-opacity: 0.3\"\n>\n\n    <div class=\"container-fluid\">\n\n        <div class=\"content editor_content\">\n                         \n                <h1 class='h1'>Pol\u00edtica de cookies<\/h1>            \n                    <\/div>\n\n            <\/div>\n<\/section>\n\n\n\n<section\n    id=\"\"\n    class=\"block content-block\"\n\tstyle=\"--cb-bg: #fff; --cb-content: #000; \"\n>\n    \n\n<div class=\"container-fluid editor_content content content--narrow\">\n    <div class=\"row\">\n        <div class=\"col-12 editor_content\">\n            <h2 id=\"h-about-this-cookie-policy\">Acerca de esta pol\u00edtica de cookies<\/h2>\n<p>Esta pol\u00edtica de cookies explica qu\u00e9 son las cookies y c\u00f3mo las utilizamos. Debe leer esta pol\u00edtica para poder entender qu\u00e9 tipo de cookies utilizamos, la informaci\u00f3n que recopilamos mediante las cookies y c\u00f3mo se utiliza esa informaci\u00f3n. Para m\u00e1s informaci\u00f3n sobre c\u00f3mo utilizamos, almacenamos y mantenemos seguros sus datos personales, consulte nuestra <a href=\"https:\/\/ozonetech.com\/es\/politica-de-privacidad\/\">Pol\u00edtica de privacidad<\/a>.<\/p>\n<p>Esta Pol\u00edtica tambi\u00e9n le indica cu\u00e1les son sus derechos en relaci\u00f3n con los datos personales que nos proporciona. Si tiene alguna pregunta sobre esta pol\u00edtica de cookies, p\u00f3ngase en contacto con nosotros <a href=\"https:\/\/mellifiq.com\/contact\/\" target=\"_blank\" rel=\"noopener\">aqu\u00ed<\/a>.<\/p>\n<h3 id=\"h-what-are-cookies\">\u00bfQu\u00e9 son las cookies?<\/h3>\n<p>Las cookies son archivos de texto que se almacenan en el navegador o en el disco duro de su ordenador o dispositivo m\u00f3vil cuando visita una p\u00e1gina web o una aplicaci\u00f3n. Las cookies permiten que su experiencia de navegaci\u00f3n en nuestro sitio sea lo m\u00e1s fluida posible y que recuerde algunas de sus preferencias, para que no tenga que introducir sus datos una y otra vez.<\/p>\n<p>Hay diferentes tipos de cookies. Algunas cookies provienen directamente de nuestro sitio web y otras provienen de terceros que colocan cookies en nuestro sitio.<\/p>\n<p>Las cookies pueden almacenarse durante distintos periodos de tiempo en su navegador o dispositivo. Las cookies de sesi\u00f3n se eliminan de su ordenador o dispositivo cuando cierra el navegador. Las cookies persistentes permanecer\u00e1n almacenadas en su ordenador o dispositivo hasta que se eliminen o hasta que lleguen a su fecha de caducidad.<\/p>\n<h3 id=\"h-we-have-3-varieties-of-cookies-which-operate-on-our-website\">Tenemos tres variedades de cookies que funcionan en nuestro sitio web:<\/h3>\n<h4 id=\"h-1-strictly-necessary-cookies\"><strong>1. Cookies estrictamente necesarias<\/strong><\/h4>\n<p>Estas cookies son necesarias para que el sitio web funcione y no pueden ser desactivadas en nuestros sistemas. Por lo general, s\u00f3lo se instalan en respuesta a acciones realizadas por usted que equivalen a una solicitud de servicios, como la configuraci\u00f3n de sus preferencias de privacidad, el inicio de sesi\u00f3n o la cumplimentaci\u00f3n de formularios. Puede configurar su navegador para que bloquee o le avise de estas cookies, pero algunas partes del sitio no funcionar\u00e1n. Estas cookies no almacenan ninguna informaci\u00f3n personal identificable.<\/p>\n<h4 id=\"h-2-performance-cookies\"><strong>2. Cookies de rendimiento<\/strong><\/h4>\n<p>Estas cookies nos permiten contar las visitas y las fuentes de tr\u00e1fico, para poder medir y mejorar el rendimiento de nuestro sitio. Nos ayudan a saber qu\u00e9 p\u00e1ginas son las m\u00e1s o menos populares y a ver c\u00f3mo se mueven los visitantes por el sitio. Toda la informaci\u00f3n que recogen estas cookies es agregada y, por tanto, an\u00f3nima. Si no permite estas cookies, no sabremos cu\u00e1ndo ha visitado nuestro sitio.<\/p>\n<h4 id=\"h-3-targeting-cookies\"><strong>3. Cookies de preferencia<\/strong><\/h4>\n<p>Estas cookies pueden ser instaladas en nuestro sitio por nuestros socios publicitarios, que pueden utilizarlas para crear un perfil de sus intereses y mostrarle anuncios relevantes en otros sitios. No almacenan directamente informaci\u00f3n personal, sino que se basan en la identificaci\u00f3n exclusiva de su navegador y dispositivo de Internet. Si no permite estas cookies, recibir\u00e1 menos publicidad dirigida.<\/p>\n<h3>\u00bfC\u00f3mo utilizamos las cookies?<\/h3>\n<p>Utilizamos cookies para mejorar su experiencia de navegaci\u00f3n:<\/p>\n<ul id=\"block-b0e4a446-ad72-4af1-9a99-d26b801accee\">\n<li>Reconocer cuando se conecta y cu\u00e1les son sus ajustes preferidos<\/li>\n<li>Ofrecerle una experiencia de navegaci\u00f3n \u00fanica para usted y ofrecerle contenidos que creemos que mejoran su experiencia en nuestro sitio<\/li>\n<li>Analizar c\u00f3mo utiliza nuestro sitio, lo que nos ayuda a solucionar cualquier problema y a controlar nuestro propio rendimiento<\/li>\n<\/ul>\n<h3 id=\"h-changes-to-the-cookie-policy\">Cambios en la pol\u00edtica de cookies<\/h3>\n<p>Podemos actualizar esta pol\u00edtica de vez en cuando. Si realizamos cambios significativos, se lo haremos saber, pero le rogamos que compruebe regularmente esta pol\u00edtica para asegurarse de que conoce la versi\u00f3n m\u00e1s actualizada. Esta pol\u00edtica de cookies fue actualizada por \u00faltima vez el 9 de septiembre de 2020.<\/p>\n        <\/div>\n    <\/div>\n<\/div>\n\n<\/section>\n","protected":false},"excerpt":{"rendered":"","protected":false},"author":21,"featured_media":0,"parent":0,"menu_order":0,"comment_status":"closed","ping_status":"closed","template":"","meta":{"_acf_changed":false,"_seopress_robots_primary_cat":"","_seopress_titles_title":"","_seopress_titles_desc":"","_seopress_robots_index":"","inline_featured_image":false,"footnotes":""},"class_list":["post-36924","page","type-page","status-publish","hentry"],"acf":[],"_links":{"self":[{"href":"https:\/\/ozonetech.com\/es\/wp-json\/wp\/v2\/pages\/36924","targetHints":{"allow":["GET"]}}],"collection":[{"href":"https:\/\/ozonetech.com\/es\/wp-json\/wp\/v2\/pages"}],"about":[{"href":"https:\/\/ozonetech.com\/es\/wp-json\/wp\/v2\/types\/page"}],"author":[{"embeddable":true,"href":"https:\/\/ozonetech.com\/es\/wp-json\/wp\/v2\/users\/21"}],"replies":[{"embeddable":true,"href":"https:\/\/ozonetech.com\/es\/wp-json\/wp\/v2\/comments?post=36924"}],"version-history":[{"count":4,"href":"https:\/\/ozonetech.com\/es\/wp-json\/wp\/v2\/pages\/36924\/revisions"}],"predecessor-version":[{"id":37519,"href":"https:\/\/ozonetech.com\/es\/wp-json\/wp\/v2\/pages\/36924\/revisions\/37519"}],"wp:attachment":[{"href":"https:\/\/ozonetech.com\/es\/wp-json\/wp\/v2\/media?parent=36924"}],"curies":[{"name":"wp","href":"https:\/\/api.w.org\/{rel}","templated":true}]}}