{"id":36916,"date":"2020-06-23T11:31:37","date_gmt":"2020-06-23T11:31:37","guid":{"rendered":"https:\/\/ozonetech.com\/aplicaciones\/tratamiento-de-agua\/cod-bod-treatment\/"},"modified":"2024-10-10T08:47:23","modified_gmt":"2024-10-10T06:47:23","slug":"tratamiento-de-dbo-y-dqo-con-ozono","status":"publish","type":"page","link":"https:\/\/ozonetech.com\/es\/aplicaciones\/tratamiento-de-agua\/tratamiento-de-dbo-y-dqo-con-ozono\/","title":{"rendered":"Tratamiento de DBO y DQO con ozono"},"content":{"rendered":"\n<section\n    class=\"block hero hero--regular\"\n    style=\"background-image: url('https:\/\/ozonetech.com\/wp-content\/uploads\/2021\/02\/BOD-COD-treatment-1600x484.jpg'); --hero-opacity: 0.2\"\n>\n\n    <div class=\"container-fluid\">\n\n        <div class=\"content editor_content\">\n                         \n                <h2 class='h2'>Tratamiento de DBO y DQO con ozono<\/h2>            \n                    <\/div>\n\n            <\/div>\n<\/section>\n\n\n<section class=\"component component_breadcrumbs\">\n\t<div class=\"container-fluid\">\n  \t<\/div>\n<\/section>\n\n\n<section\n    id=\"\"\n    class=\"block content-block\"\n\tstyle=\"--cb-bg: white; --cb-content: #000; padding-top: 30px; padding-bottom: 30px;\"\n>\n    \n\n<div class=\"container-fluid editor_content content content--narrow\">\n    <div class=\"row\">\n        <div class=\"col-12 editor_content\">\n            <h1>Soluciones de ozono y PAO para concentraciones altas de DBO y DQO<\/h1>\n<p class=\"preamble\">La demanda qu\u00edmica de ox\u00edgeno (DQO) es una medida de la calidad de las aguas residuales y del agua que puede ser utilizada como medida indirecta de la cantidad de compuestos oxidables. Esta eval\u00faa todas las sustancias qu\u00edmicas oxidables, y puede relacionarse directamente con la demanda real de ox\u00edgeno del efluente si este es liberado al medio ambiente.<\/p>\n<p class=\"preamble\">La DBO, abreviatura de \u00abDemanda Biol\u00f3gica de Ox\u00edgeno\u00bb, tambi\u00e9n mide la demanda de ox\u00edgeno en el agua, pero basa la demanda de ox\u00edgeno en la cantidad de ox\u00edgeno consumida, ya que los microorganismos son los responsables del proceso de oxidaci\u00f3n (en lugar de un oxidante qu\u00edmico como en el caso de la medida de la DQO).<\/p>\n<p>En la mayor\u00eda de los casos, los niveles de DQO son m\u00e1s altos que los de DBO en el proceso de las aguas residuales puesto que no todo el material org\u00e1nico es biodegradable. El rango t\u00edpico de DQO para aguas residuales de procesos qu\u00edmicos es de 200 \u2013 40 000 mg\/L, y para aguas residuales dom\u00e9sticas de 100 \u2013 450 mg\/L. La imagen inferior muestra un breve resumen de los varios tipos de compuestos y c\u00f3mo pueden ser tratados con ozono.<\/p>\n<p style=\"text-align: center;\"><img loading=\"lazy\" decoding=\"async\" class=\"alignnone size-large wp-image-37796\" src=\"https:\/\/ozonetech.com\/wp-content\/uploads\/2021\/08\/Bod-cod-matrix-es-1024x410.png\" alt=\"\" width=\"1024\" height=\"410\" srcset=\"https:\/\/ozonetech.com\/wp-content\/uploads\/2021\/08\/Bod-cod-matrix-es-1024x410.png 1024w, https:\/\/ozonetech.com\/wp-content\/uploads\/2021\/08\/Bod-cod-matrix-es-300x120.png 300w, https:\/\/ozonetech.com\/wp-content\/uploads\/2021\/08\/Bod-cod-matrix-es-768x307.png 768w, https:\/\/ozonetech.com\/wp-content\/uploads\/2021\/08\/Bod-cod-matrix-es.png 1500w\" sizes=\"auto, (max-width: 1024px) 100vw, 1024px\" \/><\/p>\n<p>Otros efluentes provenientes de industrias como la cervecera, productos l\u00e1cteos, hierro y acero, pulpa y papel y la miner\u00eda tambi\u00e9n producen agua de proceso que contiene altos niveles DQO por encima de 1000 ppm. La DQO en aguas residuales puede ser clasificada en en DQO no biodegradable y biodegradable, como puede verse en la siguiente tabla.<\/p>\n<h3>DQO no biodegradable<\/h3>\n<p>La DQO no biodegradable es el resultado de sustratos solubles que se encuentran en el efluente y que escapan a las plantas de tratamiento de aguas residuales en bajas concentraciones como microcontaminantes. Algunos de los ejemplos incluyen productos farmac\u00e9uticos (por ejemplo, diclofenaco, paracetamol y propofol), contaminantes org\u00e1nicos persistentes (plaguicidas, productos qu\u00edmicos industriales y hormonas) y otras mol\u00e9culas, incluidos los compuestos org\u00e1nicos fluorados y bromateados.<\/p>\n        <\/div>\n    <\/div>\n<\/div>\n\n<\/section>\n\n\n\n<section\n    id=\"\"\n    class=\"block content-block\"\n\tstyle=\"--cb-bg: light-gray; --cb-content: #000; padding-top: 30px; padding-bottom: 30px;\"\n>\n    <div class=\"container-fluid editor_content\">\n    <div class=\"row\">\n        <div class=\"col-12 editor_content table-wrapper \" style=\"--table-text-color-header: #FFFFFF; --table-text-color-rows: #000000; --table-background-color-header: #5f5f5f; --table-background-color-rows-even: #efefef; --table-background-color-rows-odd: #dfdfdf; \">\n                            \n<table id=\"tablepress-296\" class=\"tablepress tablepress-id-296\" aria-describedby=\"tablepress-296-description\">\n<thead>\n<tr class=\"row-1\">\n\t<th class=\"column-1\">Compuestos<\/th><th class=\"column-2\">Ratio BOD5\/COD<\/th><th class=\"column-3\">Ratio COD:O<sub>3<\/sub> <\/th>\n<\/tr>\n<\/thead>\n<tbody class=\"row-striping\">\n<tr class=\"row-2\">\n\t<td class=\"column-1\">Farmac\u00e9uticos<\/td><td class=\"column-2\">0.1<\/td><td class=\"column-3\">6:1 a 3:1<\/td>\n<\/tr>\n<tr class=\"row-3\">\n\t<td class=\"column-1\">Contaminantes org\u00e1nicos persistentes<\/td><td class=\"column-2\">0.2<\/td><td class=\"column-3\">5:2 a 2:1<\/td>\n<\/tr>\n<tr class=\"row-4\">\n\t<td class=\"column-1\">Aldeh\u00eddos<\/td><td class=\"column-2\">0.3<\/td><td class=\"column-3\">7:1 a 4:1<\/td>\n<\/tr>\n<tr class=\"row-5\">\n\t<td class=\"column-1\">Aminas<\/td><td class=\"column-2\">0.5<\/td><td class=\"column-3\">4:1 a 3:1<\/td>\n<\/tr>\n<\/tbody>\n<\/table>\n<span id=\"tablepress-296-description\" class=\"tablepress-table-description tablepress-table-description-id-296\"><\/span>\n<!-- #tablepress-296 from cache -->                                <\/div>\n    <\/div>\n<\/div>\n\n\n<div class=\"container-fluid editor_content content content--narrow\">\n    <div class=\"row\">\n        <div class=\"col-12 editor_content\">\n            <p>Una proporci\u00f3n DBO:DQO representa un compuesto que no es f\u00e1cilmente biodegradable.<\/p>\n<h3>DQO biodegradable<\/h3>\n<p>La DQO biodegradable se divide a su vez en f\u00e1cilmente biodegradable (compuestos solubles como nutrientes vol\u00e1tiles, \u00e1cidos grasos, az\u00facar, ciertos alcoholes y prote\u00ednas) y en compuestos lentamente biodegradables. Los compuestos lentamente biodegradables est\u00e1n compuestos por particuladas, coloidales y mol\u00e9culas org\u00e1nicas complejas.<\/p>\n        <\/div>\n    <\/div>\n<\/div>\n\n<div class=\"container-fluid editor_content\">\n    <div class=\"row\">\n        <div class=\"col-12 editor_content table-wrapper \" style=\"--table-text-color-header: #FFFFFF; --table-text-color-rows: #000000; --table-background-color-header: #5f5f5f; --table-background-color-rows-even: #efefef; --table-background-color-rows-odd: #dfdfdf; \">\n                            \n<table id=\"tablepress-297\" class=\"tablepress tablepress-id-297\" aria-describedby=\"tablepress-297-description\">\n<thead>\n<tr class=\"row-1\">\n\t<th class=\"column-1\">Compuestos<\/th><th class=\"column-2\">Ratio BOD5\/COD<\/th><th class=\"column-3\">Ratio COD:O<sub>3<\/sub><\/th>\n<\/tr>\n<\/thead>\n<tbody class=\"row-striping\">\n<tr class=\"row-2\">\n\t<td class=\"column-1\">\u00c1cidos grasos<\/td><td class=\"column-2\">0.4<\/td><td class=\"column-3\">2:3<\/td>\n<\/tr>\n<tr class=\"row-3\">\n\t<td class=\"column-1\">Nutrientes (amon\u00edaco, fosfato org\u00e1nico)<\/td><td class=\"column-2\">0.6<\/td><td class=\"column-3\">7:1<\/td>\n<\/tr>\n<tr class=\"row-4\">\n\t<td class=\"column-1\">Prote\u00ednas<\/td><td class=\"column-2\">0.7<\/td><td class=\"column-3\">6:2<\/td>\n<\/tr>\n<tr class=\"row-5\">\n\t<td class=\"column-1\">Alcoholes<\/td><td class=\"column-2\">0.9<\/td><td class=\"column-3\">5:3<\/td>\n<\/tr>\n<tr class=\"row-6\">\n\t<td class=\"column-1\">Az\u00facares<\/td><td class=\"column-2\">0.7<\/td><td class=\"column-3\">4:2<\/td>\n<\/tr>\n<\/tbody>\n<\/table>\n<span id=\"tablepress-297-description\" class=\"tablepress-table-description tablepress-table-description-id-297\"><\/span>\n<!-- #tablepress-297 from cache -->                                <\/div>\n    <\/div>\n<\/div>\n\n\n<div class=\"container-fluid editor_content content content--narrow\">\n    <div class=\"row\">\n        <div class=\"col-12 editor_content\">\n            <h4>En la tabla inferior se muestran rangos t\u00edpicos de concentraci\u00f3n de DQO y DBO5:<\/h4>\n        <\/div>\n    <\/div>\n<\/div>\n\n<div class=\"container-fluid editor_content\">\n    <div class=\"row\">\n        <div class=\"col-12 editor_content table-wrapper \" style=\"--table-text-color-header: #FFFFFF; --table-text-color-rows: #000000; --table-background-color-header: #5f5f5f; --table-background-color-rows-even: #efefef; --table-background-color-rows-odd: #dfdfdf; \">\n                            \n<table id=\"tablepress-298\" class=\"tablepress tablepress-id-298\" aria-describedby=\"tablepress-298-description\">\n<thead>\n<tr class=\"row-1\">\n\t<th class=\"column-1\">Tipo de demanda de ox\u00edgeno (mg\/L)<\/th><th class=\"column-2\">Aguas residuales dom\u00e9sticas<\/th><th class=\"column-3\">Alimentacion y bebidas<\/th><th class=\"column-4\">Qu\u00edmicos y farmac\u00e9uticos<\/th>\n<\/tr>\n<\/thead>\n<tbody class=\"row-striping\">\n<tr class=\"row-2\">\n\t<td class=\"column-1\">BOD5<\/td><td class=\"column-2\">200-300<\/td><td class=\"column-3\">450-1100<\/td><td class=\"column-4\">250-1000<\/td>\n<\/tr>\n<tr class=\"row-3\">\n\t<td class=\"column-1\">COD<\/td><td class=\"column-2\">450-700<\/td><td class=\"column-3\">1450-2200<\/td><td class=\"column-4\">2000-18750<\/td>\n<\/tr>\n<\/tbody>\n<\/table>\n<span id=\"tablepress-298-description\" class=\"tablepress-table-description tablepress-table-description-id-298\"><\/span>\n<!-- #tablepress-298 from cache -->                                <\/div>\n    <\/div>\n<\/div>\n\n\n<div class=\"container-fluid editor_content content content--narrow\">\n    <div class=\"row\">\n        <div class=\"col-12 editor_content\">\n            <h3>Ozono<\/h3>\n<p>El ozono es un potente oxidante, f\u00e1cilmente soluble en agua. Es una tecnolog\u00eda de tratamiento libre de residuos que tiene el potencial de eliminar contaminantes org\u00e1nicos complejos. Puede encontrar informaci\u00f3n m\u00e1s detallada\u00a0<a href=\"https:\/\/ozonetech.com\/es\/acerca-del-ozono\/\"><strong>aqu\u00ed<\/strong>.<\/a> En las siguientes secciones se presentan algunas oportunidades clave de tratamientos basados en ozono para el tratamiento de carbono org\u00e1nico en efluentes de aguas residuales.<\/p>\n<h3>Ozono con POA<\/h3>\n<p>Los POA son procesos avanzados de oxidaci\u00f3n que utilizan especies extremadamente reactivas para la destrucci\u00f3n de contaminantes objetivo. Los radicales que se forman tienen un potencial de oxidaci\u00f3n superior al ozono, y una velocidad de reacci\u00f3n aproximadamente un mill\u00f3n de veces mayor, resultando por tanto en tiempos de contacto inferiores y menor huella. Tambi\u00e9n se puede aplicar el POA para conseguir una oxidaci\u00f3n completa o parcial de los contaminantes del proceso de tratado. Algunos ejemplos de los mecanismos de reacci\u00f3n en la formaci\u00f3n de radicales hidroxilo con el uso de ozono se muestra seguidamente.<\/p>\n        <\/div>\n    <\/div>\n<\/div>\n\n<\/section>\n\n\n\n<section\n    id=\"\"\n    class=\"block content-block\"\n\tstyle=\"--cb-bg: white; --cb-content: #000; padding-top: 30px; padding-bottom: 30px;\"\n>\n    <div class=\"container-fluid editor_content\">\n    <div class=\"row\">\n        <div class=\"col-12 editor_content table-wrapper \" style=\"--table-text-color-header: #FFFFFF; --table-text-color-rows: #000000; --table-background-color-header: #5f5f5f; --table-background-color-rows-even: #efefef; --table-background-color-rows-odd: #dfdfdf; \">\n                            \n<table id=\"tablepress-11\" class=\"tablepress tablepress-id-11\" aria-describedby=\"tablepress-11-description\">\n<thead>\n<tr class=\"row-1\">\n\t<th class=\"column-1\">Ferric oxide<\/th><th class=\"column-2\">Fe<sup>3+<\/sup>+ O<sub>3<\/sub> \u2192 (FeO)<sup>2+<\/sup>+OH<sup>&#8211;<\/sup> + O<sub>2<\/sub> + H<sup>+<\/sup><\/th>\n<\/tr>\n<\/thead>\n<tbody class=\"row-striping\">\n<tr class=\"row-2\">\n\t<td class=\"column-1\">Hydrogen peroxide<\/td><td class=\"column-2\">O<sub>3<\/sub> + H<sub>2<\/sub>O<sub>2<\/sub> \u2192 OH<sup>&#8211;<\/sup> + O<sub>2<\/sub> + H<sub>2<\/sub>O<\/td>\n<\/tr>\n<tr class=\"row-3\">\n\t<td class=\"column-1\">Ultraviolet<\/td><td class=\"column-2\">O<sub>3<\/sub> + H<sub>2<\/sub>O \u2192 O<sub>2<\/sub> + H<sub>2<\/sub>O<sub>2<\/sub> (In the presene of UV)<br \/>\n2O<sub>3<\/sub> + H<sub>2<\/sub>O<sub>2<\/sub> \u2192 2OH + 3O<sub>2<\/sub><\/td>\n<\/tr>\n<\/tbody>\n<\/table>\n<span id=\"tablepress-11-description\" class=\"tablepress-table-description tablepress-table-description-id-11\"><\/span>\n<!-- #tablepress-11 from cache -->                                <\/div>\n    <\/div>\n<\/div>\n\n\n<div class=\"container-fluid editor_content content content--narrow\">\n    <div class=\"row\">\n        <div class=\"col-12 editor_content\">\n            <p>Otros m\u00e9todos del POA incluyen la combinaci\u00f3n de di\u00f3xido de titanio y t\u00e9cnicas UV para producir radicales hidroxilo.<\/p>\n<p>Debajo se muestra un ejemplo de la instalaci\u00f3n piloto de Ozonetech: Eliminaci\u00f3n de se DQO y DBO mediante el uso de ozono en las corrientes de aguas residuales industriales.<\/p>\n<p><img loading=\"lazy\" decoding=\"async\" class=\"size-large wp-image-37801 aligncenter\" src=\"https:\/\/ozonetech.com\/wp-content\/uploads\/2021\/08\/Removal-of-COD-and-BOD-es-1024x683.png\" alt=\"\" width=\"1024\" height=\"683\" srcset=\"https:\/\/ozonetech.com\/wp-content\/uploads\/2021\/08\/Removal-of-COD-and-BOD-es-1024x683.png 1024w, https:\/\/ozonetech.com\/wp-content\/uploads\/2021\/08\/Removal-of-COD-and-BOD-es-300x200.png 300w, https:\/\/ozonetech.com\/wp-content\/uploads\/2021\/08\/Removal-of-COD-and-BOD-es-768x512.png 768w, https:\/\/ozonetech.com\/wp-content\/uploads\/2021\/08\/Removal-of-COD-and-BOD-es.png 1501w\" sizes=\"auto, (max-width: 1024px) 100vw, 1024px\" \/><\/p>\n<p>La combinaci\u00f3n Ozono-POA resulta beneficiosa en situaciones en las que el ozono de forma individual no puede lograr la oxidaci\u00f3n completa de los compuestos de aguas residuales. En estos casos, el POA puede aplicarse de manera efectiva para aumentar la cin\u00e9tica de la reacci\u00f3n para as\u00ed eliminar incluso las sustancias m\u00e1s complejas. Esto puede observarse claramente en el gr\u00e1fico anterior.<\/p>\n<p>Ozonetech tiene una amplia experiencia en el tratamiento de corrientes org\u00e1nicas complejas provenientes de procesos industriales, la industria farmac\u00e9utica y la producci\u00f3n de alimentos y bebida. Ofrecemos proyectos piloto y sistemas de tratamiento basados en ozono a escala completa. <a href=\"https:\/\/ozonetech.com\/es\/soluciones-y-sistemas\/tratamiento-de-aire\/proyectos-piloto-a-medida-para-el-tratamiento-del-aire\/\"><strong>Aqu\u00ed\u00a0<\/strong><\/a>puede encontrar m\u00e1s informaci\u00f3n sobre estudios de viabilidad y proyectos piloto.<\/p>\n        <\/div>\n    <\/div>\n<\/div>\n\n<\/section>\n","protected":false},"excerpt":{"rendered":"","protected":false},"author":21,"featured_media":0,"parent":36779,"menu_order":0,"comment_status":"closed","ping_status":"closed","template":"","meta":{"_acf_changed":false,"_seopress_robots_primary_cat":"","_seopress_titles_title":"","_seopress_titles_desc":"El ozono es una tecnolog\u00eda de tratamiento sin residuos que tiene el potencial de eliminar contaminantes org\u00e1nicos complejos","_seopress_robots_index":"","inline_featured_image":false,"footnotes":""},"class_list":["post-36916","page","type-page","status-publish","hentry"],"acf":[],"_links":{"self":[{"href":"https:\/\/ozonetech.com\/es\/wp-json\/wp\/v2\/pages\/36916","targetHints":{"allow":["GET"]}}],"collection":[{"href":"https:\/\/ozonetech.com\/es\/wp-json\/wp\/v2\/pages"}],"about":[{"href":"https:\/\/ozonetech.com\/es\/wp-json\/wp\/v2\/types\/page"}],"author":[{"embeddable":true,"href":"https:\/\/ozonetech.com\/es\/wp-json\/wp\/v2\/users\/21"}],"replies":[{"embeddable":true,"href":"https:\/\/ozonetech.com\/es\/wp-json\/wp\/v2\/comments?post=36916"}],"version-history":[{"count":13,"href":"https:\/\/ozonetech.com\/es\/wp-json\/wp\/v2\/pages\/36916\/revisions"}],"predecessor-version":[{"id":40318,"href":"https:\/\/ozonetech.com\/es\/wp-json\/wp\/v2\/pages\/36916\/revisions\/40318"}],"up":[{"embeddable":true,"href":"https:\/\/ozonetech.com\/es\/wp-json\/wp\/v2\/pages\/36779"}],"wp:attachment":[{"href":"https:\/\/ozonetech.com\/es\/wp-json\/wp\/v2\/media?parent=36916"}],"curies":[{"name":"wp","href":"https:\/\/api.w.org\/{rel}","templated":true}]}}