{"id":36913,"date":"2021-03-11T15:09:19","date_gmt":"2021-03-11T14:09:19","guid":{"rendered":"https:\/\/ozonetech.com\/privacy-policy\/"},"modified":"2021-07-23T14:14:51","modified_gmt":"2021-07-23T12:14:51","slug":"politica-de-privacidad","status":"publish","type":"page","link":"https:\/\/ozonetech.com\/es\/politica-de-privacidad\/","title":{"rendered":"Pol\u00edtica de privacidad"},"content":{"rendered":"\n<section\n    class=\"block hero hero--regular\"\n    style=\"background-image: url('https:\/\/ozonetech.com\/wp-content\/uploads\/2021\/03\/Privacy-policy-1600x484.jpg'); --hero-opacity: 0.3\"\n>\n\n    <div class=\"container-fluid\">\n\n        <div class=\"content editor_content\">\n                         \n                <h1 class='h1'>Pol\u00edtica de privacidad<\/h1>            \n                    <\/div>\n\n            <\/div>\n<\/section>\n\n\n\n<section\n    id=\"\"\n    class=\"block content-block\"\n\tstyle=\"--cb-bg: #fff; --cb-content: #000; \"\n>\n    \n\n<div class=\"container-fluid editor_content content content--narrow\">\n    <div class=\"row\">\n        <div class=\"col-12 editor_content\">\n            <h2>1. Datos personales<\/h2>\n<p>Al dar su consentimiento para recibir informaci\u00f3n sobre el GDPR, usted acepta que el Grupo Mellifiq (\u00abMellifiq\u00bb \/ \u00abnosotros\u00bb) pueda guardar su nombre, n\u00famero de tel\u00e9fono, direcci\u00f3n de correo electr\u00f3nico, direcci\u00f3n postal y otra informaci\u00f3n (en adelante \u00abInformaci\u00f3n Personal\u00bb) que usted haya proporcionado a Mellifiq.<\/p>\n<p>Mellifiq utiliza su Informaci\u00f3n Personal para enviarle informaci\u00f3n y realizar encuestas, as\u00ed como para enviarle novedades sobre nuestros servicios (\u00abServicios\u00bb) y Productos (\u00abProductos\u00bb). Una vez que haya completado una encuesta o un formulario del sitio web, su entrada y la informaci\u00f3n personal puede ser utilizada por Mellifiq para ponerse en contacto con usted con el fin de mejorar su experiencia de nuestros Servicios y Productos, y ponerse en contacto con usted como su cliente \/ cliente potencial \/ proveedor \/ socio. Sus Datos Personales tambi\u00e9n pueden utilizarse para crear estad\u00edsticas e informes sobre nuestros Servicios y Productos, as\u00ed como sobre los visitantes de nuestra p\u00e1gina web.<\/p>\n<p>Mellifiq no almacenar\u00e1, transmitir\u00e1 o procesar\u00e1 de otra manera sus Datos Personales adem\u00e1s de los fines espec\u00edficos indicados anteriormente.<\/p>\n<p>El tratamiento de sus datos personales es necesario para lograr la finalidad mencionada anteriormente, y tambi\u00e9n a partir del 25 de mayo de 2018 es necesario a los efectos del art\u00edculo 6 1.a del Reglamento General de Protecci\u00f3n de Datos (Reglamento (UE) 2016\/679) (\u00abGDPR\u00bb). Sus datos personales tambi\u00e9n pueden ser procesados cuando Mellifiq lo considere razonablemente necesario para cumplir con una obligaci\u00f3n legal (a partir del 25 de mayo de 2018 de acuerdo con el art\u00edculo 6 (1c) del GDPR).<\/p>\n<p>Un requisito previo para seguir recibiendo informaci\u00f3n sobre nuestra empresa, as\u00ed como sobre nuestros Productos y Servicios, es que nos proporcione sus Datos Personales. Usted puede revocar su consentimiento para el tratamiento de Datos Personales en cualquier momento, sin perjuicio de la legalidad de nuestro tratamiento, basado en su consentimiento, antes de la retirada.<\/p>\n<p>Podemos utilizar tecnolog\u00eda automatizada, como cookies y otros programas de seguimiento, para recopilar informaci\u00f3n personal de su sistema inform\u00e1tico o dispositivo m\u00f3vil. Podemos recopilar la siguiente informaci\u00f3n:<\/p>\n<ul>\n<li>Direcci\u00f3n del Protocolo de Internet (IP) u otro identificador del dispositivo<\/li>\n<li>Tipo y versi\u00f3n del navegador<\/li>\n<li>Informaci\u00f3n de navegaci\u00f3n, como las p\u00e1ginas que ve y los enlaces en los que hace clic, c\u00f3mo interact\u00faa con los correos electr\u00f3nicos que le enviamos y si accede a nuestro sitio web a trav\u00e9s de una red social<\/li>\n<li>Configuraci\u00f3n de la zona horaria<\/li>\n<li>Tipos y versiones de plug-in del navegador<\/li>\n<li>Sistema operativo y plataforma<\/li>\n<li>Otra informaci\u00f3n del dispositivo port\u00e1til<\/li>\n<li>Con su permiso, tambi\u00e9n podemos recopilar los datos de su ubicaci\u00f3n exacta. Tambi\u00e9n podemos agrupar el tiempo de visita, los patrones de uso y el nombre del dominio del sitio web desde el que ha enlazado con nuestros sitios web.<\/li>\n<li>Informaci\u00f3n proporcionada por usted al rellenar un formulario del sitio web<\/li>\n<\/ul>\n<p>Utilizamos esta informaci\u00f3n de forma an\u00f3nima y no la utilizamos para identificar a ning\u00fan usuario en particular. No vinculamos estos datos a ning\u00fan otro que tengamos sobre usted.<\/p>\n<p>Es posible que terceras partes nos proporcionen informaci\u00f3n adicional disponible p\u00fablicamente sobre usted.<\/p>\n<h3 id=\"h-2-storage-and-transfer-of-personal-data\">2. Almacenamiento y transferencia de datos personales<\/h3>\n<p>Sus Datos Personales se almacenan en servidores situados en la UE. Usted reconoce que sus Datos Personales se transmiten a trav\u00e9s de las fronteras nacionales. Si usted es ciudadano de la UE, sus Datos Personales se almacenar\u00e1n dentro de la UE, ya que sus datos personales se almacenar\u00e1n en servidores de la UE y se procesar\u00e1n en la UE. Si no es ciudadano de la UE, permite que sus datos personales se transfieran a trav\u00e9s de las fronteras de la UE hacia y desde su pa\u00eds para los fines mencionados.<\/p>\n<h3 id=\"h-3-data-controller-and-recipient-of-personal-data\">3. Responsable del tratamiento y destinatario de los Datos Personales<\/h3>\n<p>Mellifiq, Elektrav\u00e4gen 53, 12630 H\u00e4gersten, Suecia, es responsable de los datos personales y, por lo tanto, de la seguridad. Mellifiq puede compartir su Informaci\u00f3n Personal con otras empresas\/filiales de Mellifiq para los fines espec\u00edficos mencionados anteriormente.<\/p>\n<p>Otros terceros autorizados pueden necesitar acceder o almacenar Datos Personales si la Legislaci\u00f3n Nacional lo requiere. Mellifiq limita el acceso y uso de los Datos Personales por parte de terceros autorizados.<\/p>\n<h3 id=\"h-4-storage-period\">4. Per\u00edodo de almacenamiento<\/h3>\n<p>Sus Datos Personales s\u00f3lo se guardar\u00e1n para los fines mencionados anteriormente. En caso de iniciarse una acci\u00f3n legal o disciplinaria, los Datos Personales podr\u00e1n ser almacenados hasta el final de dicha medida, incluyendo los per\u00edodos de terminaci\u00f3n, y luego ser\u00e1n eliminados o archivados. Sus Datos Personales no se almacenar\u00e1n en un formato que permita identificarle m\u00e1s all\u00e1 de lo que Mellifiq considere necesario para lograr los fines para los que fueron recogidos o procesados o seg\u00fan lo estipulado en la legislaci\u00f3n aplicable en materia de almacenamiento de datos personales.<\/p>\n<h3 id=\"h-5-access-to-your-personal-data-other-rights\">5. Acceso a sus Datos Personales \/ Otros derechos<\/h3>\n<p>De acuerdo con la legislaci\u00f3n aplicable, usted tiene derecho a: (i) comprobar si Mellifiq tiene Datos Personales sobre usted y de qu\u00e9 tipo, as\u00ed como acceder o solicitar copias de dichos Datos Personales; y (ii) solicitar la correcci\u00f3n, adici\u00f3n o eliminaci\u00f3n de los Datos Personales sobre usted tratados de forma err\u00f3nea o inadecuada de acuerdo con la legislaci\u00f3n aplicable, y (iii) solicitar que Mellifiq limite la recogida, el tratamiento o el uso de sus Datos Personales, y (iv) en determinadas circunstancias y por motivos leg\u00edtimos oponerse al tratamiento de sus Datos Personales, y (v) solicitar la portabilidad de los datos.<\/p>\n<p>Si tiene preguntas relacionadas con la Pol\u00edtica de Privacidad, si considera que se ha producido una violaci\u00f3n de la misma, si desea saber m\u00e1s o quiere utilizar uno o m\u00e1s de los derechos mencionados, p\u00f3ngase en contacto con Mellifiq <a href=\"https:\/\/www.mellifiq.com\/contact\/\" target=\"_blank\" rel=\"noopener\">aqu\u00ed<\/a>.<\/p>\n<p>Siempre tiene derecho a presentar una reclamaci\u00f3n ante la Inspecci\u00f3n de Datos de Suecia en relaci\u00f3n con el tratamiento de sus datos personales.<\/p>\n        <\/div>\n    <\/div>\n<\/div>\n\n<\/section>\n","protected":false},"excerpt":{"rendered":"","protected":false},"author":21,"featured_media":0,"parent":0,"menu_order":0,"comment_status":"closed","ping_status":"closed","template":"","meta":{"_acf_changed":false,"_seopress_robots_primary_cat":"","_seopress_titles_title":"","_seopress_titles_desc":"","_seopress_robots_index":"","inline_featured_image":false,"footnotes":""},"class_list":["post-36913","page","type-page","status-publish","hentry"],"acf":[],"_links":{"self":[{"href":"https:\/\/ozonetech.com\/es\/wp-json\/wp\/v2\/pages\/36913","targetHints":{"allow":["GET"]}}],"collection":[{"href":"https:\/\/ozonetech.com\/es\/wp-json\/wp\/v2\/pages"}],"about":[{"href":"https:\/\/ozonetech.com\/es\/wp-json\/wp\/v2\/types\/page"}],"author":[{"embeddable":true,"href":"https:\/\/ozonetech.com\/es\/wp-json\/wp\/v2\/users\/21"}],"replies":[{"embeddable":true,"href":"https:\/\/ozonetech.com\/es\/wp-json\/wp\/v2\/comments?post=36913"}],"version-history":[{"count":3,"href":"https:\/\/ozonetech.com\/es\/wp-json\/wp\/v2\/pages\/36913\/revisions"}],"predecessor-version":[{"id":36921,"href":"https:\/\/ozonetech.com\/es\/wp-json\/wp\/v2\/pages\/36913\/revisions\/36921"}],"wp:attachment":[{"href":"https:\/\/ozonetech.com\/es\/wp-json\/wp\/v2\/media?parent=36913"}],"curies":[{"name":"wp","href":"https:\/\/api.w.org\/{rel}","templated":true}]}}