{"id":36894,"date":"2020-06-24T08:50:55","date_gmt":"2020-06-24T08:50:55","guid":{"rendered":"https:\/\/ozonetech.com\/aplicaciones\/tratamiento-de-agua\/car-washes\/"},"modified":"2024-10-22T08:48:44","modified_gmt":"2024-10-22T06:48:44","slug":"lavado-de-coches","status":"publish","type":"page","link":"https:\/\/ozonetech.com\/es\/aplicaciones\/tratamiento-de-agua\/lavado-de-coches\/","title":{"rendered":"Lavado de coches"},"content":{"rendered":"\n<section\n    class=\"block hero hero--regular\"\n    style=\"background-image: url('https:\/\/ozonetech.com\/wp-content\/uploads\/2024\/10\/car-washes-1.png'); --hero-opacity: 0.3\"\n>\n\n    <div class=\"container-fluid\">\n\n        <div class=\"content editor_content\">\n                         \n                <h2 class='h2'>Lavado de coches<\/h2>            \n                    <\/div>\n\n            <\/div>\n<\/section>\n\n\n<section class=\"component component_breadcrumbs\">\n\t<div class=\"container-fluid\">\n  \t<\/div>\n<\/section>\n\n\n<section\n    id=\"\"\n    class=\"block content-block\"\n\tstyle=\"--cb-bg: white; --cb-content: #000; padding-top: 30px; padding-bottom: 30px;\"\n>\n    \n\n<div class=\"container-fluid editor_content content content--narrow\">\n    <div class=\"row\">\n        <div class=\"col-12 editor_content\">\n            <h1>Reduzca los costes y el uso de productos qu\u00edmicos en los lavados de coches mientras recicla el agua<\/h1>\n<p class=\"preamble\">El reciclaje del agua en las instalaciones de lavado de coches se est\u00e1 convirtiendo r\u00e1pidamente en un lugar com\u00fan debido a los beneficios que se obtienen tanto econ\u00f3micamente como a nivel ambiental. Sin embargo, existe el peligro de que los pat\u00f3genos microbiol\u00f3gicos presentes en el agua causen problemas.<\/p>\n<p>Mediante el tratamiento del agua con ozono, es posible superar los problemas asociados con los pat\u00f3genos microbiol\u00f3gicos da\u00f1inos. Empleando el ozono como desinfectante del agua, se eliminan todos los hongos, bacterias y virus que causan problemas. Esto permite que el agua se recicle de forma m\u00e1s eficiente, dando lugar a un buen rendimiento a nivel econ\u00f3mico y medioambiental. Para mas informaci\u00f3n lea m\u00e1s aqu\u00ed.<\/p>\n        <\/div>\n    <\/div>\n<\/div>\n\n<\/section>\n","protected":false},"excerpt":{"rendered":"","protected":false},"author":21,"featured_media":0,"parent":36779,"menu_order":0,"comment_status":"closed","ping_status":"closed","template":"","meta":{"_acf_changed":false,"_seopress_robots_primary_cat":"","_seopress_titles_title":"","_seopress_titles_desc":"El tratamiento con ozono para el reciclaje del agua en las instalaciones de lavado de coches no afecta a la pintura ni al cromo de los coches","_seopress_robots_index":"","inline_featured_image":false,"footnotes":""},"class_list":["post-36894","page","type-page","status-publish","hentry"],"acf":[],"_links":{"self":[{"href":"https:\/\/ozonetech.com\/es\/wp-json\/wp\/v2\/pages\/36894","targetHints":{"allow":["GET"]}}],"collection":[{"href":"https:\/\/ozonetech.com\/es\/wp-json\/wp\/v2\/pages"}],"about":[{"href":"https:\/\/ozonetech.com\/es\/wp-json\/wp\/v2\/types\/page"}],"author":[{"embeddable":true,"href":"https:\/\/ozonetech.com\/es\/wp-json\/wp\/v2\/users\/21"}],"replies":[{"embeddable":true,"href":"https:\/\/ozonetech.com\/es\/wp-json\/wp\/v2\/comments?post=36894"}],"version-history":[{"count":8,"href":"https:\/\/ozonetech.com\/es\/wp-json\/wp\/v2\/pages\/36894\/revisions"}],"predecessor-version":[{"id":41574,"href":"https:\/\/ozonetech.com\/es\/wp-json\/wp\/v2\/pages\/36894\/revisions\/41574"}],"up":[{"embeddable":true,"href":"https:\/\/ozonetech.com\/es\/wp-json\/wp\/v2\/pages\/36779"}],"wp:attachment":[{"href":"https:\/\/ozonetech.com\/es\/wp-json\/wp\/v2\/media?parent=36894"}],"curies":[{"name":"wp","href":"https:\/\/api.w.org\/{rel}","templated":true}]}}