{"id":36885,"date":"2021-03-15T16:17:22","date_gmt":"2021-03-15T15:17:22","guid":{"rendered":"https:\/\/ozonetech.com\/aplicaciones\/tratamiento-de-agua\/bottled-water-ozone\/"},"modified":"2024-10-22T08:22:42","modified_gmt":"2024-10-22T06:22:42","slug":"tratamiento-con-ozono-en-la-produccion-de-agua-embotellada","status":"publish","type":"page","link":"https:\/\/ozonetech.com\/es\/aplicaciones\/tratamiento-de-agua\/tratamiento-con-ozono-en-la-produccion-de-agua-embotellada\/","title":{"rendered":"Tratamiento con ozono en la producci\u00f3n de agua embotellada"},"content":{"rendered":"\n<section\n    class=\"block hero hero--regular\"\n    style=\"background-image: url('https:\/\/ozonetech.com\/wp-content\/uploads\/2024\/10\/Edited-Firefly-closeup-image-of-glass-bottle-without-liquid-industrial-background.jpg'); --hero-opacity: 0.4\"\n>\n\n    <div class=\"container-fluid\">\n\n        <div class=\"content editor_content\">\n                         \n                <h2 class='h2'>Tratamiento con ozono en la producci\u00f3n de agua embotellada<\/h2>            \n                    <\/div>\n\n            <\/div>\n<\/section>\n\n\n<section class=\"component component_breadcrumbs\">\n\t<div class=\"container-fluid\">\n  \t<\/div>\n<\/section>\n\n\n<section\n    id=\"\"\n    class=\"block content-block\"\n\tstyle=\"--cb-bg: #fff; --cb-content: #000; \"\n>\n    \n\n<div class=\"container-fluid editor_content content content--narrow\">\n    <div class=\"row\">\n        <div class=\"col-12 editor_content\">\n            <h1>Pretratamiento y desinfecci\u00f3n eficientes y sostenibles en plantas embotelladoras de agua<\/h1>\n<p class=\"preamble\">El tratamiento con ozono en plantas embotelladoras ha tenido un papel clave desde 1970, cuando se introdujo en la industria de embotellado. Los desaf\u00edos a los que se enfrent\u00f3 la industria de embotellado provinieron de la producci\u00f3n, el manejo esterilizado y el almacenamiento debido a la contaminaci\u00f3n con microorganismos que crec\u00edan de manera muy r\u00e1pida. Este hecho tuvo un impacto significativo tanto en el sabor como en el olor y causaba problemas de salud debido a la falta de desinfecci\u00f3n de las botellas de agua.<\/p>\n<p>En 1982, la Administraci\u00f3n de Medicamentos y Alimentos (FDA por sus siglas en ingl\u00e9s) clasific\u00f3 al ozono como seguro en aplicaciones de desinfecci\u00f3n y en las Buenas Pr\u00e1cticas de Fabricaci\u00f3n (GMP, por sus siglas en ingl\u00e9s) siempre que la concentraci\u00f3n de ozono residual en agua embotellada no superase los 0.4 ppm. Desde entonces muchas organizaciones nacionales de salud han aprobado el ozono como un componente clave en la industria del agua embotellada, por ejemplo la Organizaci\u00f3n Mundial de la Salud (WHO, en ingl\u00e9s). Los cambios recientes en la legislaci\u00f3n y las directrices de la industria han aumentado la necesidad de utilizar ozono en las <a href=\"https:\/\/mellifiq.com\/markets\/breweries\/\" target=\"_blank\" rel=\"noopener\"><strong>cervecer\u00edas<\/strong><\/a>. El uso de ozono en las plantas embotelladoras es seguro, ya que no deja residuos o sabor en el agua embotellada de acuerdo con las directrices de la Asociaci\u00f3n Internacional de Agua Embotellada (<a href=\"http:\/\/www.bottledwater.org\/\" target=\"_blank\" rel=\"noopener\"><strong>IBWA<\/strong><\/a>).<\/p>\n<h3>Tratamiento para la desinfecci\u00f3n<\/h3>\n<p>En la figura inferior se muestra la representaci\u00f3n esquem\u00e1tica del tratamiento con ozono y sus posibles ventajas en plantas de embotellado.<\/p>\n<p><img loading=\"lazy\" decoding=\"async\" class=\"size-large wp-image-37775 aligncenter\" src=\"https:\/\/ozonetech.com\/wp-content\/uploads\/2021\/08\/treatment-for-disinfection-es-1024x512.png\" alt=\"\" width=\"1024\" height=\"512\" srcset=\"https:\/\/ozonetech.com\/wp-content\/uploads\/2021\/08\/treatment-for-disinfection-es-1024x512.png 1024w, https:\/\/ozonetech.com\/wp-content\/uploads\/2021\/08\/treatment-for-disinfection-es-300x150.png 300w, https:\/\/ozonetech.com\/wp-content\/uploads\/2021\/08\/treatment-for-disinfection-es-768x384.png 768w, https:\/\/ozonetech.com\/wp-content\/uploads\/2021\/08\/treatment-for-disinfection-es.png 1500w\" sizes=\"auto, (max-width: 1024px) 100vw, 1024px\" \/><\/p>\n        <\/div>\n    <\/div>\n<\/div>\n\n\n\n<div class=\"container-fluid editor_content content content--narrow\">\n    <div class=\"row\">\n        <div class=\"col-12 editor_content\">\n            <h3>El ozono como de pretratamiento<\/h3>\n<p>Los sistemas de ozono pueden emplearse en etapas de procesos de pretratamiento para ayudar en la eliminaci\u00f3n de hierro, sulfuro, manganeso, color, bacterias, sabor y olor. La preozonizaci\u00f3n reduce la contaminaci\u00f3n y el desarrollo de biopel\u00edcula, lo que reduce los costes de mantenimiento. El sistema general de tratamiento necesita ser adaptado a la calidad de la fuente de agua. Sin embargo, el ozono siempre ser\u00e1 un tratamiento y una etapa de higienizaci\u00f3n central para evitar sabores indeseados en el producto final, los cuales se originar\u00edan si se empleasen qu\u00edmicos como el cloro.<\/p>\n<h3>El ozono como etapa de desinfecci\u00f3n<\/h3>\n<p>El ozono es un desinfectante excepcional, libre de productos qu\u00edmicos y un poderoso oxidante. Puede encontrar <a href=\"https:\/\/ozonetech.com\/es\/aplicaciones\/tratamiento-de-agua\/desinfeccion-de-agua-con-ozono\/\"><strong>aqu\u00ed<\/strong><\/a> m\u00e1s informaci\u00f3n sobre c\u00f3mo funciona el tratamiento con ozono y la desinfecci\u00f3n. Durante la ozonizaci\u00f3n del agua embotellada, el sistema de ozono se controla para mantener un concentraci\u00f3n espec\u00edfica de ozono disuelto durante un tiempo de contacto fijo, lo que proporciona una potente desinfecci\u00f3n previa a la etapa de embotellado. El tiempo de reacci\u00f3n para permitir los procesos de desinfecci\u00f3n y\/o oxidaci\u00f3n deseados es t\u00edpicamente de 0.2-0.5 ppm durante 5-20 minutos. Nuestros sistemas consiguen r\u00e1pidamente una alta concentraci\u00f3n de ozono disuelto y un alto potencial de oxidaci\u00f3n mediante nuestro sistema de control integrado, lo que hace que los sistemas <a href=\"https:\/\/ozonetech.com\/es\/soluciones-y-sistemas\/tratamiento-de-agua\/rena-vivo\/\"><strong>RENA Vivo de Ozonetech<\/strong><\/a> sean la opci\u00f3n n\u00famero uno para la desinfecci\u00f3n de agua embotellada.<\/p>\n<p>Durante la etapa de desinfecci\u00f3n con ozono se crea un ambiente protector contra bacterias, virus y par\u00e1sitos como el Cryptosporidium y Giardia cysts en el agua tratada. Adem\u00e1s, el ozono es muy efectivo contra sabores y olores no deseados. Puede encontrar informaci\u00f3n m\u00e1s detallada sobre desinfecci\u00f3n de agua empleando ozono <a href=\"https:\/\/ozonetech.com\/es\/aplicaciones\/tratamiento-de-agua\/desinfeccion-de-agua-con-ozono\/\"><strong>aqu\u00ed<\/strong><\/a>.<\/p>\n<h3>Desinfecci\u00f3n con ozono versus desinfecci\u00f3n qu\u00edmica en plantas de embotelladoras<\/h3>\n<p>Mientras que el ozono es una tecnolog\u00eda com\u00fan para el saneamiento de agua antes del proceso de embotellado, algunas plantas siguen utilizando productos qu\u00edmicos como el hipoclorito de sodio (NaClO) para mantener un sistema libre de microbios. La tabla inferior resume las diferencia entre el uso de ambos m\u00e9todos.<\/p>\n        <\/div>\n    <\/div>\n<\/div>\n\n<div class=\"container-fluid editor_content\">\n    <div class=\"row\">\n        <div class=\"col-12 editor_content table-wrapper \" style=\"--table-text-color-header: #FFFFFF; --table-text-color-rows: #000000; --table-background-color-header: #5f5f5f; --table-background-color-rows-even: #efefef; --table-background-color-rows-odd: #dfdfdf; \">\n                            \n<table id=\"tablepress-294\" class=\"tablepress tablepress-id-294\" aria-describedby=\"tablepress-294-description\">\n<thead>\n<tr class=\"row-1\">\n\t<th class=\"column-1\">Caracter\u00edsticas<\/th><th class=\"column-2\">Ozono<\/th><th class=\"column-3\">Hipoclorito (HCLO-) u otros qu\u00edmicos<\/th>\n<\/tr>\n<\/thead>\n<tbody class=\"row-striping\">\n<tr class=\"row-2\">\n\t<td class=\"column-1\">Potencia de desinfecci\u00f3n (CT, mg\/L.min)<\/td><td class=\"column-2\">0.05-1<\/td><td class=\"column-3\">0.1-10<\/td>\n<\/tr>\n<tr class=\"row-3\">\n\t<td class=\"column-1\">T\u00edpica concentraci\u00f3n durante su uso (mg\/L)<\/td><td class=\"column-2\">0.1-0.3<\/td><td class=\"column-3\">0.3-0.6<\/td>\n<\/tr>\n<tr class=\"row-4\">\n\t<td class=\"column-1\">Residuos<\/td><td class=\"column-2\">Ninguno<\/td><td class=\"column-3\">Si, requiere destrucci\u00f3n UV para eliminar sabores no deseados<\/td>\n<\/tr>\n<tr class=\"row-5\">\n\t<td class=\"column-1\">Subproducto<\/td><td class=\"column-2\">Ninguno<\/td><td class=\"column-3\">Puede desarrollar subproductos cancer\u00edgenos a menos que se elimine todo el material org\u00e1nico<\/td>\n<\/tr>\n<tr class=\"row-6\">\n\t<td class=\"column-1\">Regulaci\u00f3n pH<\/td><td class=\"column-2\">No necesario<\/td><td class=\"column-3\">Deber\u00eda regularse a 6.5-7 para mantener la m\u00e1s alta eficiencia de desinfecci\u00f3n<\/td>\n<\/tr>\n<tr class=\"row-7\">\n\t<td class=\"column-1\">Equipo mec\u00e1nico<\/td><td class=\"column-2\"><a href=\"https:\/\/ozonetech.com\/solutions-systems\/water-treatment\/rena-vivo\/\">Sistema de ozono RENA Vivo ozone<\/a><\/td><td class=\"column-3\">Bomba de dosificaci\u00f3n, dep\u00f3sito de almacenaje de qu\u00edmicos, equipo miscel\u00e1neo de log\u00edstica<\/td>\n<\/tr>\n<tr class=\"row-8\">\n\t<td class=\"column-1\">Consumibles<\/td><td class=\"column-2\">1-2 kW<\/td><td class=\"column-3\">Consumo de qu\u00edmicos, potencia de la bomba de dosificaci\u00f3n, \u00e1cido para el control de pH<\/td>\n<\/tr>\n<\/tbody>\n<\/table>\n<span id=\"tablepress-294-description\" class=\"tablepress-table-description tablepress-table-description-id-294\"><\/span>\n<!-- #tablepress-294 from cache -->                                <\/div>\n    <\/div>\n<\/div>\n\n\n<div class=\"container-fluid editor_content content content--narrow\">\n    <div class=\"row\">\n        <div class=\"col-12 editor_content\">\n            <h3>RENA Vivo como soluci\u00f3n llave en mano pare el embotellamiento de agua<\/h3>\n<p>Ozonetech est\u00e1 especializada en proporcionar a la industria de embotellado de agua sistemas completamente integrados, incluyendo generadores de ozono de alto rendimiento, suministro de ox\u00edgeno, control avanzado, destrucci\u00f3n de ozono, y desgasificaci\u00f3n en un sistema \u00fanico llave en mano. Nuestra gama RENA Vivo serie A o B es normalmente suficiente para satisfacer los altos est\u00e1ndares de saneamiento en los procesos de embotellado de agua. Lea m\u00e1s sobre nuestro segmento RENA Vivo\u00a0<a href=\"https:\/\/ozonetech.com\/es\/soluciones-y-sistemas\/tratamiento-de-agua\/rena-vivo\/\"><strong>aqu\u00ed<\/strong><\/a>.<\/p>\n<ul>\n<li>Nuestros sistemas de ozono tienen un potencial de oxidaci\u00f3n muy eficaz, y son superiores a otros desinfectantes qu\u00edmicos disponibles.<\/li>\n<li>El tratamiento supone bajos costes operativos y sin costes por uso de qu\u00edmicos<\/li>\n<li>Nos aseguramos de que la repetibilidad se convierta en fiabilidad con los mejores resultados cada vez y de acuerdo con los requisitos del cliente<\/li>\n<li>El ozono por s\u00ed s\u00f3lo puede eliminar los subproductos de la desinfecci\u00f3n de manera eficaz<\/li>\n<li>Nuestros sistemas proporcionan un exitoso retorno de la a inversi\u00f3n con un muy bajo mantenimiento<\/li>\n<\/ul>\n<p>Nuestros sistemas de ozono son f\u00e1ciles de instalar con s\u00f3lo dos conexiones hidr\u00e1ulicas que se pueden acoplar al tanque de reserva de agua de la planta de embotellado, en l\u00ednea o como una corriente lateral a la l\u00ednea de alimentaci\u00f3n principal. Todos los sensores para el control de los niveles deseados de ozono disuelto est\u00e1n integrados en el dise\u00f1o. El sistema RENA Vivo opera de la forma mas eficiencia posible, a m\u00e1s de 25 gDO\/kWh (gramos de ozono disuelto por kilovatio hora). Todos los mecanismos para un uso seguro est\u00e1n integrados como una v\u00e1lvula de desgasificaci\u00f3n, un destructor de ozono, y detectores de ozono en el ambiente.<\/p>\n<p style=\"text-align: center;\"><img loading=\"lazy\" decoding=\"async\" class=\"aligncenter wp-image-29720 size-large\" src=\"https:\/\/ozonetech.com\/wp-content\/uploads\/2021\/03\/rena-vivo-ozonetech-1024x993.jpg\" alt=\"\" width=\"1024\" height=\"993\" srcset=\"https:\/\/ozonetech.com\/wp-content\/uploads\/2021\/03\/rena-vivo-ozonetech-1024x993.jpg 1024w, https:\/\/ozonetech.com\/wp-content\/uploads\/2021\/03\/rena-vivo-ozonetech-300x291.jpg 300w, https:\/\/ozonetech.com\/wp-content\/uploads\/2021\/03\/rena-vivo-ozonetech-768x745.jpg 768w, https:\/\/ozonetech.com\/wp-content\/uploads\/2021\/03\/rena-vivo-ozonetech.jpg 1500w\" sizes=\"auto, (max-width: 1024px) 100vw, 1024px\" \/><\/p>\n<p>Por favor <a href=\"https:\/\/ozonetech.com\/contact\/\"><strong>contacte\u00a0con nosotros<\/strong><\/a> para mayor informaci\u00f3n y asistencia y para poder asegurarle la mayor calidad en su l\u00ednea de producci\u00f3n, con bajos costes de mantenimiento.<\/p>\n        <\/div>\n    <\/div>\n<\/div>\n\n<\/section>\n","protected":false},"excerpt":{"rendered":"","protected":false},"author":21,"featured_media":0,"parent":36779,"menu_order":0,"comment_status":"closed","ping_status":"closed","template":"","meta":{"_acf_changed":false,"_seopress_robots_primary_cat":"","_seopress_titles_title":"","_seopress_titles_desc":"Ozonetech ofrece a la industria del agua embotellada sistemas llave en mano completamente integrados para el pretratamiento y la desinfecci\u00f3n","_seopress_robots_index":"","inline_featured_image":false,"footnotes":""},"class_list":["post-36885","page","type-page","status-publish","hentry"],"acf":[],"_links":{"self":[{"href":"https:\/\/ozonetech.com\/es\/wp-json\/wp\/v2\/pages\/36885","targetHints":{"allow":["GET"]}}],"collection":[{"href":"https:\/\/ozonetech.com\/es\/wp-json\/wp\/v2\/pages"}],"about":[{"href":"https:\/\/ozonetech.com\/es\/wp-json\/wp\/v2\/types\/page"}],"author":[{"embeddable":true,"href":"https:\/\/ozonetech.com\/es\/wp-json\/wp\/v2\/users\/21"}],"replies":[{"embeddable":true,"href":"https:\/\/ozonetech.com\/es\/wp-json\/wp\/v2\/comments?post=36885"}],"version-history":[{"count":18,"href":"https:\/\/ozonetech.com\/es\/wp-json\/wp\/v2\/pages\/36885\/revisions"}],"predecessor-version":[{"id":41513,"href":"https:\/\/ozonetech.com\/es\/wp-json\/wp\/v2\/pages\/36885\/revisions\/41513"}],"up":[{"embeddable":true,"href":"https:\/\/ozonetech.com\/es\/wp-json\/wp\/v2\/pages\/36779"}],"wp:attachment":[{"href":"https:\/\/ozonetech.com\/es\/wp-json\/wp\/v2\/media?parent=36885"}],"curies":[{"name":"wp","href":"https:\/\/api.w.org\/{rel}","templated":true}]}}