{"id":36811,"date":"2020-06-23T13:29:59","date_gmt":"2020-06-23T13:29:59","guid":{"rendered":"https:\/\/ozonetech.com\/aplicaciones\/tratamiento-de-agua\/aroma-flavor-compounds-removal\/"},"modified":"2024-10-10T09:41:54","modified_gmt":"2024-10-10T07:41:54","slug":"tratamiento-de-compuestos-aromaticos-con-ozono","status":"publish","type":"page","link":"https:\/\/ozonetech.com\/es\/aplicaciones\/tratamiento-de-agua\/tratamiento-de-compuestos-aromaticos-con-ozono\/","title":{"rendered":"Tratamiento de compuestos arom\u00e1ticos con ozono"},"content":{"rendered":"\n<section\n    class=\"block hero hero--regular\"\n    style=\"background-image: url('https:\/\/ozonetech.com\/wp-content\/uploads\/2021\/02\/flavor-removal-1600x484.jpg'); --hero-opacity: 0.25\"\n>\n\n    <div class=\"container-fluid\">\n\n        <div class=\"content editor_content\">\n                         \n                <h2 class='h2'>Tratamiento de compuestos arom\u00e1ticos con ozono<\/h2>            \n                    <\/div>\n\n            <\/div>\n<\/section>\n\n\n<section class=\"component component_breadcrumbs\">\n\t<div class=\"container-fluid\">\n  \t<\/div>\n<\/section>\n\n\n<section\n    id=\"\"\n    class=\"block content-block\"\n\tstyle=\"--cb-bg: white; --cb-content: #000; padding-top: 30px; padding-bottom: 30px;\"\n>\n    \n\n<div class=\"container-fluid editor_content content content--narrow\">\n    <div class=\"row\">\n        <div class=\"col-12 editor_content\">\n            <h1>Evite la contaminaci\u00f3n cruzada de compuestos arom\u00e1ticos en la industria de bebidas<\/h1>\n<p class=\"preamble\">La <a href=\"https:\/\/mellifiq.com\/markets\/breweries\/\" target=\"_blank\" rel=\"noopener\"><strong>industria cervecera<\/strong><\/a> (external site) y de bebidas, los operarios y responsables de calidad se enfrentan a la contaminaci\u00f3n cruzada de compuestos arom\u00e1ticos (sabor). En la producci\u00f3n de agua mineral, los aromas utilizados para los productos aromatizados se transfieren a menudo entre ciclos de producci\u00f3n, puesto que pueden ser dif\u00edciles de eliminar. En la industria cervecera, especialmente en plantas en las que se produce tanto cerveza como sidra en las mismas m\u00e1quinas de fermentaci\u00f3n y llenado, compuestos de sabor pueden ser transferidos a la cerveza. Estos problemas de calidad se suelen combatir con largos e intensos ciclos de limpieza que emplean grandes cantidades de productos qu\u00edmicos en concentraciones relativamente altas.<\/p>\n<p>El resultado del uso de compuestos arom\u00e1ticos fuertes puede dar como resultado cerveza con sabor a sidra, o agua natural con un ligero sabor a naranja o ar\u00e1ndano debido a lotes previos de producci\u00f3n. Los compuestos de sabor son propensos a ser absorbidos por los materiales de sellado presentes en todos los equipos de proceso, tales como intercambiadores de calor, tanques de mezcla de sabor o conexiones de tuber\u00edas.<\/p>\n        <\/div>\n    <\/div>\n<\/div>\n\n\n\n<div class=\"container-fluid editor_content content content--narrow\">\n    <div class=\"row\">\n        <div class=\"col-12 editor_content\">\n            <h3>Caracter\u00edsticas de los compuestos de sabor<\/h3>\n<p>Las sustancias aromatizantes (sin\u00f3nimo de compuestos de sabor) son t\u00edpicamente \u00e9steres o compuestos arom\u00e1ticos con m\u00faltiples instancias de enlaces covalentes dobles o triples. Puede haber cientos de compuestos arom\u00e1ticos diferentes en frutas y sustancias sint\u00e9ticas o extra\u00eddas que se utilizan hoy en d\u00eda en la industria de bebidas. La siguiente tabla muestra una serie de compuestos t\u00edpicos y sus respectivas caracter\u00edsticas.<\/p>\n        <\/div>\n    <\/div>\n<\/div>\n\n<\/section>\n\n\n\n<section\n    id=\"\"\n    class=\"block content-block\"\n\tstyle=\"--cb-bg: light-gray; --cb-content: #000; padding-top: 30px; padding-bottom: 30px;\"\n>\n    <div class=\"container-fluid editor_content\">\n    <div class=\"row\">\n        <div class=\"col-12 editor_content table-wrapper \" style=\"--table-text-color-header: #FFFFFF; --table-text-color-rows: #000000; --table-background-color-header: #5f5f5f; --table-background-color-rows-even: #efefef; --table-background-color-rows-odd: #dfdfdf; \">\n                            \n<table id=\"tablepress-293\" class=\"tablepress tablepress-id-293\" aria-describedby=\"tablepress-293-description\">\n<thead>\n<tr class=\"row-1\">\n\t<th class=\"column-1\">Nombre<\/th><th class=\"column-2\">Descripci\u00f3n<\/th><th class=\"column-3\">Estructura qu\u00edmica<\/th>\n<\/tr>\n<\/thead>\n<tbody class=\"row-striping\">\n<tr class=\"row-2\">\n\t<td class=\"column-1\">Hexanal<\/td><td class=\"column-2\">Sustancia com\u00fan generada de manera natural que da una sensaci\u00f3n de almendra amarga.<\/td><td class=\"column-3\"><img decoding=\"async\" src=\"https:\/\/ozonetech.com\/wp-content\/uploads\/2021\/02\/Hexanal-4.png\" \/><\/td>\n<\/tr>\n<tr class=\"row-3\">\n\t<td class=\"column-1\">Limoneno<\/td><td class=\"column-2\">Compuestos empleados para la producci\u00f3n de bebidas de naranja y lim\u00f3n o agua embotellada.<\/td><td class=\"column-3\"><img decoding=\"async\" src=\"https:\/\/ozonetech.com\/wp-content\/uploads\/2021\/02\/Limonene-5.png\"\/><\/td>\n<\/tr>\n<tr class=\"row-4\">\n\t<td class=\"column-1\">Decanal<\/td><td class=\"column-2\">Uno de los compuestos de aroma mayoritarios en c\u00edtricos.<\/td><td class=\"column-3\"><img decoding=\"async\" src=\"https:\/\/ozonetech.com\/wp-content\/uploads\/2021\/02\/Decanal-5.png\" \/><\/td>\n<\/tr>\n<tr class=\"row-5\">\n\t<td class=\"column-1\">Fructone<\/td><td class=\"column-2\">Empleado para dar sabor de manzana y pi\u00f1a.<\/td><td class=\"column-3\"><img decoding=\"async\" src=\"https:\/\/ozonetech.com\/wp-content\/uploads\/2021\/02\/Fructone-5.png\" \/><\/td>\n<\/tr>\n<tr class=\"row-6\">\n\t<td class=\"column-1\">Vanilina<\/td><td class=\"column-2\">Sabor de vainilla.<\/td><td class=\"column-3\"><img decoding=\"async\" src=\"https:\/\/ozonetech.com\/wp-content\/uploads\/2021\/02\/Vanillin-4.png\" \/><\/td>\n<\/tr>\n<tr class=\"row-7\">\n\t<td class=\"column-1\">Acetato de etilo<\/td><td class=\"column-2\">Tambi\u00e9n llamado etanoato de etilo y proporciona un olor dulce utilizado en muchos productos alimenticios y bebidas.<\/td><td class=\"column-3\"><img decoding=\"async\" src=\"https:\/\/ozonetech.com\/wp-content\/uploads\/2021\/02\/Ethyl-acetate-5.png\" \/><\/td>\n<\/tr>\n<\/tbody>\n<\/table>\n<span id=\"tablepress-293-description\" class=\"tablepress-table-description tablepress-table-description-id-293\"><\/span>\n<!-- #tablepress-293 from cache -->                                <\/div>\n    <\/div>\n<\/div>\n\n\n<div class=\"container-fluid editor_content content content--narrow\">\n    <div class=\"row\">\n        <div class=\"col-12 editor_content\">\n            <p>Una de las similitudes m\u00e1s sorprendentes entre casi todos los compuestos de sabor es que pueden contener al menos un enlace doble covalente, y en muchos casos, anillos arom\u00e1ticos. El ozono reacciona instant\u00e1neamente sobre enlaces covalentes dobles en sustancias org\u00e1nicas y permite una reacci\u00f3n en cadena involucrando radicales y subproductos de oxidaci\u00f3n. Mientras que la reacci\u00f3n t\u00edpicamente oxida completamente las sustancias arom\u00e1ticas en di\u00f3xido de carbono y agua, la descomposici\u00f3n parcial elimina el efecto del sabor. Este proceso es similar al <a href=\"https:\/\/ozonetech.com\/es\/aplicaciones\/tratamiento-de-agua\/desinfeccion-de-agua-con-ozono\/\"><strong>mecanismo de desinfecci\u00f3n<\/strong><\/a> de ozono que es muy eficaz y que proporciona ozono en el campo del tratamiento de agua.<\/p>\n        <\/div>\n    <\/div>\n<\/div>\n\n\n\n<div class=\"container-fluid editor_content content content--narrow\">\n    <div class=\"row\">\n        <div class=\"col-12 editor_content\">\n            <h3>Tratamiento con ozono de la transferencia de aroma<\/h3>\n<p>Como se ha mencionado anteriormente, los compuestos de aroma son propensos a permanecer en el equipo de proceso tras la producci\u00f3n. La limpieza por ozono, t\u00edpicamente como parte del proceso de limpieza in situ (CIP, por sis siglas en ingl\u00e9s), proporciona un m\u00e9todo efectivo para eliminar el efecto del sabor en el caso de de transferencia de compuestos arom\u00e1ticos no deseados entre lotes de producci\u00f3n. Una concentraci\u00f3n t\u00edpica de ozono para una eliminaci\u00f3n efectiva de sabores est\u00e1 en torno a 3 ppm en fase acuosa en el fluido para el CIP. Una aplicaci\u00f3n t\u00edpica es el enjuagado del equipo de proceso con agua ozonizada. Por favor, lea m\u00e1s sobre <a href=\"https:\/\/ozonetech.com\/es\/aplicaciones\/tratamiento-de-agua\/saneamiento-de-equipos-de-proceso-y-limpieza-in-situ-cip\/\"><strong>c\u00f3mo llevar a cabo el CIP con tecnolog\u00eda de ozono y enjuagado de botellas <\/strong><\/a>y<a href=\"https:\/\/ozonetech.com\/es\/aplicaciones\/tratamiento-de-agua\/enjuague-de-botellas-y-desinfeccion-de-maquinas-de-llenado\/\"><strong> maquinaria de llenado<\/strong><\/a>.<\/p>\n<p>Vea, por favor, el v\u00eddeo siguiente para aprender c\u00f3mo operar e instalar un sistema de ozono de Ozonetech para la eliminaci\u00f3n de compuestos de sabor problem\u00e1ticos en el equipo de proceso:<\/p>\n<div class=\"youtube\"><iframe loading=\"lazy\" src=\"https:\/\/www.youtube.com\/embed\/ezKahaJbP8c\" width=\"560\" height=\"315\" frameborder=\"0\" allowfullscreen=\"allowfullscreen\" data-mce-fragment=\"1\"><\/iframe><\/div>\n<div><\/div>\n<div>Si se emplea el ozono como tecnolog\u00eda primaria de desinfecci\u00f3n en las operaciones de limpieza in situ en la instalaci\u00f3n, el operario tambi\u00e9n obtiene un m\u00e9todo de manejo de estos problemas operacionales inducidos por el aroma.<\/div>\n        <\/div>\n    <\/div>\n<\/div>\n\n<\/section>\n","protected":false},"excerpt":{"rendered":"","protected":false},"author":21,"featured_media":0,"parent":36779,"menu_order":0,"comment_status":"closed","ping_status":"closed","template":"","meta":{"_acf_changed":false,"_seopress_robots_primary_cat":"","_seopress_titles_title":"","_seopress_titles_desc":"La limpieza in situ con ozono es eficaz para eliminar los compuestos arom\u00e1ticos no deseados que se transfieren entre los lotes de producci\u00f3n","_seopress_robots_index":"","inline_featured_image":false,"footnotes":""},"class_list":["post-36811","page","type-page","status-publish","hentry"],"acf":[],"_links":{"self":[{"href":"https:\/\/ozonetech.com\/es\/wp-json\/wp\/v2\/pages\/36811","targetHints":{"allow":["GET"]}}],"collection":[{"href":"https:\/\/ozonetech.com\/es\/wp-json\/wp\/v2\/pages"}],"about":[{"href":"https:\/\/ozonetech.com\/es\/wp-json\/wp\/v2\/types\/page"}],"author":[{"embeddable":true,"href":"https:\/\/ozonetech.com\/es\/wp-json\/wp\/v2\/users\/21"}],"replies":[{"embeddable":true,"href":"https:\/\/ozonetech.com\/es\/wp-json\/wp\/v2\/comments?post=36811"}],"version-history":[{"count":15,"href":"https:\/\/ozonetech.com\/es\/wp-json\/wp\/v2\/pages\/36811\/revisions"}],"predecessor-version":[{"id":40452,"href":"https:\/\/ozonetech.com\/es\/wp-json\/wp\/v2\/pages\/36811\/revisions\/40452"}],"up":[{"embeddable":true,"href":"https:\/\/ozonetech.com\/es\/wp-json\/wp\/v2\/pages\/36779"}],"wp:attachment":[{"href":"https:\/\/ozonetech.com\/es\/wp-json\/wp\/v2\/media?parent=36811"}],"curies":[{"name":"wp","href":"https:\/\/api.w.org\/{rel}","templated":true}]}}