{"id":36797,"date":"2020-06-24T08:36:51","date_gmt":"2020-06-24T08:36:51","guid":{"rendered":"https:\/\/ozonetech.com\/aplicaciones\/tratamiento-de-agua\/aquarium-water-parks\/"},"modified":"2024-10-10T09:51:52","modified_gmt":"2024-10-10T07:51:52","slug":"aquarium-water-parks","status":"publish","type":"page","link":"https:\/\/ozonetech.com\/es\/aplicaciones\/tratamiento-de-agua\/aquarium-water-parks\/","title":{"rendered":"Acuarios y parques acu\u00e1ticos"},"content":{"rendered":"\n<section\n    class=\"block hero hero--regular\"\n    style=\"background-image: url('https:\/\/ozonetech.com\/wp-content\/uploads\/2021\/02\/Aquarium-1600x484.jpg'); --hero-opacity: 0.2\"\n>\n\n    <div class=\"container-fluid\">\n\n        <div class=\"content editor_content\">\n                         \n                <h2 class='h2'>Acuarios y parques acu\u00e1ticos<\/h2>            \n                    <\/div>\n\n            <\/div>\n<\/section>\n\n\n<section class=\"component component_breadcrumbs\">\n\t<div class=\"container-fluid\">\n  \t<\/div>\n<\/section>\n\n\n<section\n    id=\"\"\n    class=\"block content-block\"\n\tstyle=\"--cb-bg: white; --cb-content: #000; padding-top: 30px; padding-bottom: 30px;\"\n>\n    \n\n<div class=\"container-fluid editor_content content content--narrow\">\n    <div class=\"row\">\n        <div class=\"col-12 editor_content\">\n            <h1>Soluci\u00f3n eficiente y sostenible a los problemas de filtraci\u00f3n del agua en los acuarios<\/h1>\n<p class=\"preamble\">El tratamiento con ozono de los acuarios ofrece al usuario la soluci\u00f3n a muchos de los problemas de filtraci\u00f3n a los que se enfrenta, pr\u00e1cticamente sin efectos secundarios negativos.<\/p>\n<p>La potente capacidad de oxidaci\u00f3n del ozono es la clave para aplicarla en los acuarios. Esto le permite evitar brotes de enfermedades, neutralizando pat\u00f3genos como bacterias, hongos, virus y organismos de algas que pueden existir en los acuarios. Es capaz de hacerlo en un punto inicial, antes de que los organismos tengan la oportunidad de materializarse en un problema de algas. Este sistema requiere un mantenimiento m\u00ednimo y tiene unos costes y un tiempo de mantenimiento inferiores a los de otros sistemas. En conjunto, esto asegura que un sistema de ozono es m\u00e1s eficiente que cualquier otro sistema de tratamiento disponible.<\/p>\n        <\/div>\n    <\/div>\n<\/div>\n\n<\/section>\n","protected":false},"excerpt":{"rendered":"","protected":false},"author":21,"featured_media":0,"parent":36779,"menu_order":0,"comment_status":"closed","ping_status":"closed","template":"","meta":{"_acf_changed":false,"_seopress_robots_primary_cat":"","_seopress_titles_title":"","_seopress_titles_desc":"La capacidad de oxidaci\u00f3n del ozono es efectiva contra las bacterias, los hongos, los virus y las algas que se forman en los acuarios.","_seopress_robots_index":"","inline_featured_image":false,"footnotes":""},"class_list":["post-36797","page","type-page","status-publish","hentry"],"acf":[],"_links":{"self":[{"href":"https:\/\/ozonetech.com\/es\/wp-json\/wp\/v2\/pages\/36797","targetHints":{"allow":["GET"]}}],"collection":[{"href":"https:\/\/ozonetech.com\/es\/wp-json\/wp\/v2\/pages"}],"about":[{"href":"https:\/\/ozonetech.com\/es\/wp-json\/wp\/v2\/types\/page"}],"author":[{"embeddable":true,"href":"https:\/\/ozonetech.com\/es\/wp-json\/wp\/v2\/users\/21"}],"replies":[{"embeddable":true,"href":"https:\/\/ozonetech.com\/es\/wp-json\/wp\/v2\/comments?post=36797"}],"version-history":[{"count":7,"href":"https:\/\/ozonetech.com\/es\/wp-json\/wp\/v2\/pages\/36797\/revisions"}],"predecessor-version":[{"id":40496,"href":"https:\/\/ozonetech.com\/es\/wp-json\/wp\/v2\/pages\/36797\/revisions\/40496"}],"up":[{"embeddable":true,"href":"https:\/\/ozonetech.com\/es\/wp-json\/wp\/v2\/pages\/36779"}],"wp:attachment":[{"href":"https:\/\/ozonetech.com\/es\/wp-json\/wp\/v2\/media?parent=36797"}],"curies":[{"name":"wp","href":"https:\/\/api.w.org\/{rel}","templated":true}]}}