{"id":36743,"date":"2020-06-26T09:53:13","date_gmt":"2020-06-26T09:53:13","guid":{"rendered":"https:\/\/ozonetech.com\/aplicaciones\/olor-y-saneamiento\/water-damages\/"},"modified":"2024-10-10T10:22:27","modified_gmt":"2024-10-10T08:22:27","slug":"danos-por-humedad","status":"publish","type":"page","link":"https:\/\/ozonetech.com\/es\/aplicaciones\/olor-y-saneamiento\/danos-por-humedad\/","title":{"rendered":"Da\u00f1os por humedad"},"content":{"rendered":"\n<section\n    class=\"block hero hero--regular\"\n    style=\"background-image: url('https:\/\/ozonetech.com\/wp-content\/uploads\/2021\/02\/water-damage-1600x484.jpg'); --hero-opacity: 0.3\"\n>\n\n    <div class=\"container-fluid\">\n\n        <div class=\"content editor_content\">\n                         \n                <h2 class='h2'>Da\u00f1os por humedad &#8211; problemas de olor<\/h2>            \n                    <\/div>\n\n            <\/div>\n<\/section>\n\n\n<section class=\"component component_breadcrumbs\">\n\t<div class=\"container-fluid\">\n  \t<\/div>\n<\/section>\n\n\n<section\n    id=\"\"\n    class=\"block content-block\"\n\tstyle=\"--cb-bg: white; --cb-content: #000; padding-top: 30px; padding-bottom: 30px;\"\n>\n    \n\n<div class=\"container-fluid editor_content content content--narrow\">\n    <div class=\"row\">\n        <div class=\"col-12 editor_content\">\n            <h1>Saneamiento eficiente y sostenible de olores en habitaciones da\u00f1adas por la humedad<\/h1>\n<p class=\"preamble\">En las habitaciones que han sufrido da\u00f1os por agua enseguida aparecer\u00e1 el moho. En condiciones propicias crecer\u00e1 en tan solo 24 horas. Algunos tipos de mohos son t\u00f3xicos para los seres humanos y todos los mohos da\u00f1an seriamente los materiales infectados. En consecuencia, las habitaciones da\u00f1adas por humedad emiten olores repugnantes y pueden tambi\u00e9n causar graves problemas de salud.<\/p>\n<p>El ozono quita pr\u00e1cticamente el 90% de todos los olores y destruye de manera efectiva el moho para que la habitaci\u00f3n pueda ser utilizada nuevamente a toda capacidad. El saneamiento de habitaciones da\u00f1adas por humedad se puede realizar en varios tipos\u00a0de habitaciones, como por ejemplo propiedades, s\u00f3tanos, casas, almacenes, garajes, \u00e1reas h\u00famedas, vestuarios, casas de ba\u00f1os y aseos p\u00fablicos.<\/p>\n<p>M\u00e1s informaci\u00f3n sobre saneamiento contra el moho aqu\u00ed (link to mold sanitation page).<\/p>\n        <\/div>\n    <\/div>\n<\/div>\n\n<\/section>\n\n\n\n<section class=\"block product-block\" style=\"--bg: white; --tc: #000000; --button-bg: #299f23; --button-tc: #ffffff; --button-hover-bg: transparent; --button-hover-tc: #299f23;\" >\n    <div class=\"container-fluid\">\n        <div class=\"row justify-content-center top\">\n            <div class=\"col-md-12 editor_content\">\n                                            <\/div>\n        <\/div>\n        <div class=\"row justify-content-center bottom\">\n            <div class=\"col-md-6 editor_content\">\n                <h3>Purificaci\u00f3n con ozono a trav\u00e9s del ACT-3000<\/h3>\n<p>La\u00a0cantidad\u00a0de\u00a0ozono\u00a0y el\u00a0tiempo\u00a0de\u00a0producci\u00f3n\u00a0necesarios\u00a0dependen\u00a0de la\u00a0dimensi\u00f3n\u00a0de la\u00a0habitaci\u00f3n\u00a0y de la\u00a0seriedad\u00a0del\u00a0da\u00f1o\u00a0surgido\u00a0tras\u00a0la\u00a0penetraci\u00f3n\u00a0del\u00a0agua\u00a0en\u00a0las\u00a0superficies. El\u00a0tiempo\u00a0de\u00a0tratamiento\u00a0puede\u00a0variar\u00a0entre\u00a01 y 10 horas. El ACT-3000\u00a0es\u00a0f\u00e1cil\u00a0de\u00a0utilizar\u00a0y el\u00a0costo\u00a0operativo\u00a0es\u00a0m\u00ednimo.<\/p>\n<p>El ACT-3000 est\u00e1 desarrollado y fabricado en Suecia por Ozonetech. Nuestras soluciones a medida para la purificaci\u00f3n del aire y del agua se encuentran a escala mundial en conjuntos industriales, plantas de tratamiento de aguas residuales, f\u00e1bricas de levadura, la industria farmac\u00e9utica, cervecer\u00edas, invernaderos y centros comerciales. Somos una empresa ganadora de m\u00faltiples premios, que est\u00e1 creciendo r\u00e1pidamente.<\/p>\n<p>El ACT-3000\/3000P\u00a0est\u00e1\u00a0desarrollado\u00a0para el\u00a0saneamiento\u00a0y\u00a0desinfecci\u00f3n\u00a0profesional\u00a0en la\u00a0industria, el\u00a0sector\u00a0de\u00a0servicios\u00a0y la\u00a0administraci\u00f3n\u00a0p\u00fablica.<\/p>\n\n                            <\/div>\n            <div class=\"col-md-6 text-center\">\n                                    <img loading=\"lazy\" decoding=\"async\" width=\"1153\" height=\"1132\" src=\"https:\/\/ozonetech.com\/wp-content\/uploads\/2021\/02\/Ozonetech-ACT-3000-13.png\" class=\"attachment-full size-full\" alt=\"ACT-3000\" srcset=\"https:\/\/ozonetech.com\/wp-content\/uploads\/2021\/02\/Ozonetech-ACT-3000-13.png 1153w, https:\/\/ozonetech.com\/wp-content\/uploads\/2021\/02\/Ozonetech-ACT-3000-13-300x295.png 300w, https:\/\/ozonetech.com\/wp-content\/uploads\/2021\/02\/Ozonetech-ACT-3000-13-1024x1005.png 1024w, https:\/\/ozonetech.com\/wp-content\/uploads\/2021\/02\/Ozonetech-ACT-3000-13-768x754.png 768w\" sizes=\"auto, (max-width: 1153px) 100vw, 1153px\" \/>                \n                <a href='https:\/\/ozonetech.com\/es\/productos\/generadores-de-ozono\/serie-act\/' class='btn' target=''>Solicitar presupuesto<\/a>            <\/div>\n        <\/div>\n    <\/div>\n<\/section>\n\n\n\n<section\n    id=\"\"\n    class=\"block content-block\"\n\tstyle=\"--cb-bg: #e6e6e6; --cb-content: #000; padding-top: 30px; padding-bottom: 30px;\"\n>\n    \n\n<div class=\"container-fluid editor_content content content--narrow\">\n    <div class=\"row\">\n        <div class=\"col-12 editor_content\">\n            <h4>Tratamiento sencillo, siga estos pasos:<\/h4>\n<p>1. Posicione el ACT-3000 en la habitaci\u00f3n, preferiblemente en lo alto<br \/>\n2. Cierre todas las puertas y las ventanas<br \/>\n3. Conecte\u00a0el ACT-3000 a la\u00a0corriente<br \/>\n4. Ajuste la producci\u00f3n de ozono entre 0 y 100%<br \/>\n5. Salga de la habitaci\u00f3n y cierre la puerta<br \/>\n6. Puede elegir usted mismo cu\u00e1nto debe durar el tratamiento<br \/>\n7. Cuando quiere finalizar el tratamiento, entre en la habitaci\u00f3n y apague el generador de ozono. Luego abra las ventanas para eliminar el exceso de ozono m\u00e1s r\u00e1pidamente. Salga de la habitaci\u00f3n para que el resto del ozono se oxide<br \/>\n8. Nota: Es aconsejable que utilice un temporizador para medir la duraci\u00f3n del tratamiento.<\/p>\n        <\/div>\n    <\/div>\n<\/div>\n\n<\/section>\n","protected":false},"excerpt":{"rendered":"","protected":false},"author":21,"featured_media":0,"parent":36582,"menu_order":0,"comment_status":"closed","ping_status":"closed","template":"","meta":{"_acf_changed":false,"_seopress_robots_primary_cat":"","_seopress_titles_title":"","_seopress_titles_desc":"Los da\u00f1os por humedad causan olores molestos y graves problemas de salud. El ozono trata efectivamente todo tipo de da\u00f1os por humedad","_seopress_robots_index":"","inline_featured_image":false,"footnotes":""},"class_list":["post-36743","page","type-page","status-publish","hentry"],"acf":[],"_links":{"self":[{"href":"https:\/\/ozonetech.com\/es\/wp-json\/wp\/v2\/pages\/36743","targetHints":{"allow":["GET"]}}],"collection":[{"href":"https:\/\/ozonetech.com\/es\/wp-json\/wp\/v2\/pages"}],"about":[{"href":"https:\/\/ozonetech.com\/es\/wp-json\/wp\/v2\/types\/page"}],"author":[{"embeddable":true,"href":"https:\/\/ozonetech.com\/es\/wp-json\/wp\/v2\/users\/21"}],"replies":[{"embeddable":true,"href":"https:\/\/ozonetech.com\/es\/wp-json\/wp\/v2\/comments?post=36743"}],"version-history":[{"count":9,"href":"https:\/\/ozonetech.com\/es\/wp-json\/wp\/v2\/pages\/36743\/revisions"}],"predecessor-version":[{"id":40600,"href":"https:\/\/ozonetech.com\/es\/wp-json\/wp\/v2\/pages\/36743\/revisions\/40600"}],"up":[{"embeddable":true,"href":"https:\/\/ozonetech.com\/es\/wp-json\/wp\/v2\/pages\/36582"}],"wp:attachment":[{"href":"https:\/\/ozonetech.com\/es\/wp-json\/wp\/v2\/media?parent=36743"}],"curies":[{"name":"wp","href":"https:\/\/api.w.org\/{rel}","templated":true}]}}