{"id":36735,"date":"2020-06-26T14:25:34","date_gmt":"2020-06-26T14:25:34","guid":{"rendered":"https:\/\/ozonetech.com\/aplicaciones\/olor-y-saneamiento\/viruses-bacteria\/"},"modified":"2024-10-10T10:47:15","modified_gmt":"2024-10-10T08:47:15","slug":"virus-y-bacterias","status":"publish","type":"page","link":"https:\/\/ozonetech.com\/es\/aplicaciones\/olor-y-saneamiento\/virus-y-bacterias\/","title":{"rendered":"Virus y bacterias"},"content":{"rendered":"\n<section\n    class=\"block hero hero--regular\"\n    style=\"background-image: url('https:\/\/ozonetech.com\/wp-content\/uploads\/2021\/02\/virus-and-bacteria-1600x484.jpg'); --hero-opacity: 0.2\"\n>\n\n    <div class=\"container-fluid\">\n\n        <div class=\"content editor_content\">\n                         \n                <h2 class='h2'>Virus y bacterias &#8211; propagaci\u00f3n de la infecci\u00f3n<\/h2>            \n                    <\/div>\n\n            <\/div>\n<\/section>\n\n\n<section class=\"component component_breadcrumbs\">\n\t<div class=\"container-fluid\">\n  \t<\/div>\n<\/section>\n\n\n<section\n    id=\"\"\n    class=\"block content-block\"\n\tstyle=\"--cb-bg: white; --cb-content: #000; padding-top: 30px; padding-bottom: 30px;\"\n>\n    \n\n<div class=\"container-fluid editor_content content content--narrow\">\n    <div class=\"row\">\n        <div class=\"col-12 editor_content\">\n            <h1>Desinfecci\u00f3n efectiva y sostenible de virus y bacterias<\/h1>\n<p class=\"preamble\">Muchas bacterias y virus se propagan mediante el aire que respiramos. Hay una diferencia entre los pat\u00f3genos aerotransportados y los transmitidos por gotas.<\/p>\n        <\/div>\n    <\/div>\n<\/div>\n\n\n<div class=\"container-fluid editor_content content content--narrow\">\n    <div class=\"row\">\n        <div class=\"col-md-6\">\n            <p>Los agentes infecciosos aerotransportados son part\u00edculas peque\u00f1as que flotan en el aire y alcanzan las v\u00edas respiratorias a trav\u00e9s del aire que respiramos. Sin embargo, la v\u00eda de transmisi\u00f3n por aire de los pat\u00f3genos son las gotas. Por ejemplo, los agentes infecciosos acompa\u00f1an las miles de gotas min\u00fasculas que se forman al toser o estornudar.<\/p>\n<p>Los agentes infecciosos pueden tambi\u00e9n pegarse a las superficies y moverse de una superficie a otra. Cuanto m\u00e1s gente toca una superficie, m\u00e1s aumenta el riesgo de que estos pat\u00f3genos lleguen a ser transferidos de una superficie a otra. Un buen ejemplo es pasar desde una manija o grifo a la mano de una persona. Debido a esto se recomienda que nos lavemos las manos con frecuencia y atenci\u00f3n.<\/p>\n<p>Algunos pat\u00f3genos pueden sobrevivir varios d\u00edas en las superficies donde han llegado y pueden continuar la propagaci\u00f3n de la infecci\u00f3n. En metales fr\u00edos, los pat\u00f3genos pueden sobrevivir hasta tres d\u00edas.<\/p>\n<p>La mayor\u00eda de los virus, las bacterias y los microorganismos pueden ser neutralizados por desinfectantes. El ozono es uno de los m\u00e1s fuertes desinfectantes disponibles.<\/p>\n<p>La ventaja del ozono es que desinfecta con facilidad tanto el aire como las superficies dif\u00edciles de alcanzar. El ozono, que ya se encuentra en forma gaseosa en condiciones ambientales normales, es simplemente mezclado con el aire y, de esta forma, descompone y neutraliza los microorganismos, virus y bacterias peligrosos, en aire y en superficies, incluso en las que son dif\u00edciles de alcanzar.<\/p>\n        <\/div>\n        <div class=\"col-md-6\">\n            <p>La efectividad (el grado de neutralizaci\u00f3n y descomposici\u00f3n) y la rapidez de la desinfecci\u00f3n dependen de la dosis aplicada. La dosis es una funci\u00f3n entre la concentraci\u00f3n de ozono y el tiempo de exposici\u00f3n (valor CT). Hay diferentes tipos de virus y bacterias. Existen diferencias entre el nivel de resistencias que tienen contra los desinfectantes.<\/p>\n<p>La concentraci\u00f3n incrementada de ozono resulta en una m\u00e1s alta tasa de neutralizaci\u00f3n de los virus mientras el tiempo de tratamiento necesario se reduce.<\/p>\n<p>El tiempo l\u00edmite de exposici\u00f3n al ozono, de 8 horas, para personas que se encuentran en un espacio laboral se aplica en condiciones de concentraci\u00f3n de 0.1 ppm y est\u00e1 reglamentada por las leyes y autoridades locales. Para la desinfecci\u00f3n con ozono, la concentraci\u00f3n sobrepasa el l\u00edmite de 0.1 ppm. Por lo tanto, en tales condiciones no se deber\u00eda permanecer en habitaciones bajo tratamiento con ozono. Despu\u00e9s, hay tambi\u00e9n que asegurarse de que el exceso de ozono se elimina mediante la ventilaci\u00f3n antes de volver a entrar en la habitaci\u00f3n. Esto se hace simplemente dejando las ventanas abiertas o, si no es posible, dejando que la ventilaci\u00f3n funcione durante una media hora.<\/p>\n<p>El ozono se degrada r\u00e1pidamente y neutraliza los virus y bacterias da\u00f1inos en el aire y en las superficies, incluso en las superficies dif\u00edciles de alcanzar.<\/p>\n<p>El \u00fanico requisito es que el aire\/las superficies tratadas est\u00e9n encerradas en una habitaci\u00f3n. El tratamiento de aire contra los virus y las bacterias se hace, por ejemplo, en hospitales, centros sanitarios, en autobuses, taxis, trenes, escuelas, ambulancias y restaurantes.<\/p>\n        <\/div>\n    <\/div>\n<\/div><\/section>\n\n\n\n<section class=\"block product-block\" style=\"--bg: white; --tc: #000000; --button-bg: #299f23; --button-tc: #ffffff; --button-hover-bg: transparent; --button-hover-tc: #299f23;\" >\n    <div class=\"container-fluid\">\n        <div class=\"row justify-content-center top\">\n            <div class=\"col-md-12 editor_content\">\n                                            <\/div>\n        <\/div>\n        <div class=\"row justify-content-center bottom\">\n            <div class=\"col-md-6 editor_content\">\n                <h4>Purificaci\u00f3n con ozono a trav\u00e9s del ACT-3000<\/h4>\n<p>La cantidad de ozono y el tiempo de producci\u00f3n necesarios dependen de la dimensi\u00f3n de la habitaci\u00f3n y de la cantidad de virus y bacterias a eliminar. El tiempo de tratamiento puede variar entre 1 y m\u00e1s de 10 horas, y el tratamiento se puede aplicar durante la noche, fuera de horario comercial.<\/p>\n<p>Se puede repetir el tratamiento cuantas veces sea necesario. El ACT-3000\u00a0es f\u00e1cil de utilizar y el coste operativo es m\u00ednimo<\/p>\n<p>El ACT-3000 est\u00e1 desarrollado y fabricado en Suecia por\u00a0Ozonetech. Nuestras soluciones a medida para la purificaci\u00f3n del aire y del agua se encuentran a escala mundial en conjuntos industriales, plantas de tratamiento de aguas residuales, f\u00e1bricas de levadura, la industria farmac\u00e9utica, cervecer\u00edas, invernaderos y centros comerciales. Somos una empresa ganadora de m\u00faltiples premios, que est\u00e1 creciendo r\u00e1pidamente.<\/p>\n<p><em>El ACT-3000\/3000P\u00a0est\u00e1\u00a0desarrollado\u00a0para el\u00a0saneamiento\u00a0y\u00a0desinfecci\u00f3n\u00a0profesional\u00a0en la\u00a0industria, el\u00a0sector\u00a0de\u00a0servicios\u00a0y la\u00a0administraci\u00f3n\u00a0p\u00fablica.\u00a0<\/em><\/p>\n\n                            <\/div>\n            <div class=\"col-md-6 text-center\">\n                                    <img loading=\"lazy\" decoding=\"async\" width=\"1153\" height=\"1132\" src=\"https:\/\/ozonetech.com\/wp-content\/uploads\/2021\/02\/Ozonetech-ACT-3000-13.png\" class=\"attachment-full size-full\" alt=\"ACT-3000\" srcset=\"https:\/\/ozonetech.com\/wp-content\/uploads\/2021\/02\/Ozonetech-ACT-3000-13.png 1153w, https:\/\/ozonetech.com\/wp-content\/uploads\/2021\/02\/Ozonetech-ACT-3000-13-300x295.png 300w, https:\/\/ozonetech.com\/wp-content\/uploads\/2021\/02\/Ozonetech-ACT-3000-13-1024x1005.png 1024w, https:\/\/ozonetech.com\/wp-content\/uploads\/2021\/02\/Ozonetech-ACT-3000-13-768x754.png 768w\" sizes=\"auto, (max-width: 1153px) 100vw, 1153px\" \/>                \n                <a href='https:\/\/ozonetech.com\/es\/productos\/generadores-de-ozono\/serie-act\/' class='btn' target=''>Solicitar presupuesto<\/a>            <\/div>\n        <\/div>\n    <\/div>\n<\/section>\n\n\n\n<section\n    id=\"\"\n    class=\"block content-block\"\n\tstyle=\"--cb-bg: #e6e6e6; --cb-content: #000; padding-top: 30px; padding-bottom: 30px;\"\n>\n    \n\n<div class=\"container-fluid editor_content content content--narrow\">\n    <div class=\"row\">\n        <div class=\"col-12 editor_content\">\n            <h4>Tratamiento sencillo, siga estos pasos:<\/h4>\n<p>1. Posicione el ACT-3000 en la habitaci\u00f3n, preferiblemente situado en lo alto<br \/>\n2. Cierre todas las puertas y las ventanas<br \/>\n3. Conecte el ACT-3000 a la corriente<br \/>\n4. Ajuste la producci\u00f3n de ozono entre 0 y 100%<br \/>\n5. Salga de la habitaci\u00f3n y cierre la puerta<br \/>\n6. Puede elegir usted mismo cu\u00e1nto debe durar el tratamiento<br \/>\n7. Cuando quiere finalizar el tratamiento, entre en la habitaci\u00f3n y apague el generador de ozono. Luego abra las ventanas para eliminar el exceso de ozono m\u00e1s r\u00e1pidamente. Salga de la habitaci\u00f3n para que el resto del ozono se oxide.<br \/>\n8. Nota: Es aconsejable que utilice un temporizador para medir la duraci\u00f3n del tratamiento<\/p>\n        <\/div>\n    <\/div>\n<\/div>\n\n<\/section>\n","protected":false},"excerpt":{"rendered":"","protected":false},"author":21,"featured_media":0,"parent":36582,"menu_order":0,"comment_status":"closed","ping_status":"closed","template":"","meta":{"_acf_changed":false,"_seopress_robots_primary_cat":"","_seopress_titles_title":"","_seopress_titles_desc":"El ozono degrada r\u00e1pidamente e inactiva los virus y las bacterias nocivas en el aire y en las superficies, incluso en las de dif\u00edcil acceso.","_seopress_robots_index":"","inline_featured_image":false,"footnotes":""},"class_list":["post-36735","page","type-page","status-publish","hentry"],"acf":[],"_links":{"self":[{"href":"https:\/\/ozonetech.com\/es\/wp-json\/wp\/v2\/pages\/36735","targetHints":{"allow":["GET"]}}],"collection":[{"href":"https:\/\/ozonetech.com\/es\/wp-json\/wp\/v2\/pages"}],"about":[{"href":"https:\/\/ozonetech.com\/es\/wp-json\/wp\/v2\/types\/page"}],"author":[{"embeddable":true,"href":"https:\/\/ozonetech.com\/es\/wp-json\/wp\/v2\/users\/21"}],"replies":[{"embeddable":true,"href":"https:\/\/ozonetech.com\/es\/wp-json\/wp\/v2\/comments?post=36735"}],"version-history":[{"count":8,"href":"https:\/\/ozonetech.com\/es\/wp-json\/wp\/v2\/pages\/36735\/revisions"}],"predecessor-version":[{"id":40725,"href":"https:\/\/ozonetech.com\/es\/wp-json\/wp\/v2\/pages\/36735\/revisions\/40725"}],"up":[{"embeddable":true,"href":"https:\/\/ozonetech.com\/es\/wp-json\/wp\/v2\/pages\/36582"}],"wp:attachment":[{"href":"https:\/\/ozonetech.com\/es\/wp-json\/wp\/v2\/media?parent=36735"}],"curies":[{"name":"wp","href":"https:\/\/api.w.org\/{rel}","templated":true}]}}