{"id":36720,"date":"2020-06-24T13:56:56","date_gmt":"2020-06-24T13:56:56","guid":{"rendered":"https:\/\/ozonetech.com\/aplicaciones\/olor-y-saneamiento\/smoking-rooms\/"},"modified":"2024-10-22T09:25:48","modified_gmt":"2024-10-22T07:25:48","slug":"saneamiento-del-humo","status":"publish","type":"page","link":"https:\/\/ozonetech.com\/es\/aplicaciones\/olor-y-saneamiento\/saneamiento-del-humo\/","title":{"rendered":"Saneamiento del humo"},"content":{"rendered":"\n<section\n    class=\"block hero hero--regular\"\n    style=\"background-image: url('https:\/\/ozonetech.com\/wp-content\/uploads\/2024\/10\/smoke-banner-2-1.png'); --hero-opacity: 0.3\"\n>\n\n    <div class=\"container-fluid\">\n\n        <div class=\"content editor_content\">\n                         \n                <h2 class='h2'>Humo &#8211; Saneamiento del humo y del olor resultante<\/h2>            \n                    <\/div>\n\n            <\/div>\n<\/section>\n\n\n<section class=\"component component_breadcrumbs\">\n\t<div class=\"container-fluid\">\n  \t<\/div>\n<\/section>\n\n\n<section\n    id=\"\"\n    class=\"block content-block\"\n\tstyle=\"--cb-bg: white; --cb-content: #000; padding-top: 30px; padding-bottom: 30px;\"\n>\n    \n\n<div class=\"container-fluid editor_content content content--narrow\">\n    <div class=\"row\">\n        <div class=\"col-12 editor_content\">\n            <h1>Eliminaci\u00f3n de humo y olores relacionados de forma eficiente y sin productos qu\u00edmicos<\/h1>\n<p class=\"preamble\">El humo de cigarrillo, hogar y otras fuentes tienen un fuerte olor que pueden penetrar los pisos, las paredes y los muebles. El ozono puede tratar y eliminar la mayor parte del problema de olor.<\/p>\n<p>La conciencia de los riesgos del tabaquismo pasivo permanece en un alto nivel y las habitaciones especialmente destinadas para fumar son cada vez m\u00e1s comunes ya que no est\u00e1 permitido fumar en espacios cerrados, en cervecer\u00edas o en caf\u00e9s al aire libre .<\/p>\n<p>No obstante, debido a que las habitaciones para fumadores est\u00e1n continuamente expuestas al humo, puede llegar a ser desagradable incluso para un fumador entrar en ellas. El tratamiento con ozono en dichos espacios reduce notablemente el olor y mejora el bienestar de los clientes. El ozono tiene la propiedad de romper y separar las mol\u00e9culas de humo, para que se dispersen m\u00e1s f\u00e1cilmente.<\/p>\n<p>El ozono tambi\u00e9n es efectivo en contra de otros tipos de humo, resultantes de sustancias naturales y puede ser usado tanto en el saneamiento de habitaciones para fumar como para limpiar el humo provocado por incendios.<\/p>\n<p>Lea m\u00e1s informaci\u00f3n sobre el saneamiento despu\u00e9s de incendios aqu\u00ed (link)<\/p>\n        <\/div>\n    <\/div>\n<\/div>\n\n<\/section>\n\n\n\n<section class=\"block product-block\" style=\"--bg: white; --tc: #000000; --button-bg: #299f23; --button-tc: #ffffff; --button-hover-bg: transparent; --button-hover-tc: #299f23;\" >\n    <div class=\"container-fluid\">\n        <div class=\"row justify-content-center top\">\n            <div class=\"col-md-12 editor_content\">\n                                            <\/div>\n        <\/div>\n        <div class=\"row justify-content-center bottom\">\n            <div class=\"col-md-6 editor_content\">\n                <h3>Purificaci\u00f3n con ozono a trav\u00e9s del ACT-3000<\/h3>\n<p>La cantidad de ozono y el tiempo de producci\u00f3n necesarios dependen de la dimensi\u00f3n de la habitaci\u00f3n\/del local y de la seriedad del problema olfativo. El tiempo de tratamiento puede variar entre 1 y 10 horas. En espacios expuestos constantemente al humo, el tratamiento se puede llevar a cabo a toda hora, pero ajustando el generador a una tasa m\u00e1s baja de producci\u00f3n de ozono. Si el olor persiste, solo alcanza repetir el tratamiento. El ACT-3000 es sencillo de utilizar y el costo operacional es m\u00ednimo.<\/p>\n<p>El ACT-3000 est\u00e1 desarrollado y fabricado en Suecia por Ozonetech. Nuestras soluciones a medida para la purificaci\u00f3n del aire y del agua se encuentran a escala mundial en conjuntos industriales, plantas de tratamiento de aguas residuales, f\u00e1bricas de levadura, la industria farmac\u00e9utica, cervecer\u00edas, invernaderos y centros comerciales. Somos una empresa ganadora de m\u00faltiples premios, que est\u00e1 creciendo r\u00e1pidamente.<\/p>\n<p><em>El ACT-3000\/3000P est\u00e1 desarrollado para el saneamiento y desinfecci\u00f3n profesional en la industria, el sector de servicios y la administraci\u00f3n p\u00fablica. <\/em><\/p>\n\n                            <\/div>\n            <div class=\"col-md-6 text-center\">\n                                    <img loading=\"lazy\" decoding=\"async\" width=\"1153\" height=\"1132\" src=\"https:\/\/ozonetech.com\/wp-content\/uploads\/2021\/02\/Ozonetech-ACT-3000-13.png\" class=\"attachment-full size-full\" alt=\"ACT-3000\" srcset=\"https:\/\/ozonetech.com\/wp-content\/uploads\/2021\/02\/Ozonetech-ACT-3000-13.png 1153w, https:\/\/ozonetech.com\/wp-content\/uploads\/2021\/02\/Ozonetech-ACT-3000-13-300x295.png 300w, https:\/\/ozonetech.com\/wp-content\/uploads\/2021\/02\/Ozonetech-ACT-3000-13-1024x1005.png 1024w, https:\/\/ozonetech.com\/wp-content\/uploads\/2021\/02\/Ozonetech-ACT-3000-13-768x754.png 768w\" sizes=\"auto, (max-width: 1153px) 100vw, 1153px\" \/>                \n                <a href='https:\/\/ozonetech.com\/es\/productos\/generadores-de-ozono\/serie-act\/' class='btn' target=''>Solicitar presupuesto<\/a>            <\/div>\n        <\/div>\n    <\/div>\n<\/section>\n\n\n\n<section\n    id=\"\"\n    class=\"block content-block\"\n\tstyle=\"--cb-bg: #e6e6e6; --cb-content: #000; padding-top: 30px; padding-bottom: 30px;\"\n>\n    \n\n<div class=\"container-fluid editor_content content content--narrow\">\n    <div class=\"row\">\n        <div class=\"col-12 editor_content\">\n            <h4>Tratamiento sencillo, siga estos pasos:<\/h4>\n<p>1. Posicione el ACT-3000 en la habitaci\u00f3n, preferiblemente situado en lo alto<br \/>\n2. Cierre todas las puertas y las ventanas<br \/>\n3. Conecte el ACT-3000 a la corriente<br \/>\n4. Ajuste la producci\u00f3n de ozono entre 0 y 100%<br \/>\n5. Leave the room and close the door<br \/>\n6. Puede elegir usted mismo cu\u00e1nto debe durar el tratamiento<br \/>\n7. Cuando quiere finalizar el tratamiento, entre en la habitaci\u00f3n y apague el generador de ozono. Luego abra las ventanas para eliminar el exceso de ozono m\u00e1s r\u00e1pidamente. Salga de la habitaci\u00f3n para que el resto del ozono se oxide<br \/>\n8. Nota: Es aconsejable que utilice un temporizador para medir la duraci\u00f3n del tratamiento.<\/p>\n        <\/div>\n    <\/div>\n<\/div>\n\n<\/section>\n","protected":false},"excerpt":{"rendered":"","protected":false},"author":21,"featured_media":0,"parent":36582,"menu_order":0,"comment_status":"closed","ping_status":"closed","template":"","meta":{"_acf_changed":false,"_seopress_robots_primary_cat":"","_seopress_titles_title":"","_seopress_titles_desc":"El ozono dispersa eficazmente el humo rompiendo sus mol\u00e9culas, tratando y eliminando efectivamente el olor de humo.","_seopress_robots_index":"","inline_featured_image":false,"footnotes":""},"class_list":["post-36720","page","type-page","status-publish","hentry"],"acf":[],"_links":{"self":[{"href":"https:\/\/ozonetech.com\/es\/wp-json\/wp\/v2\/pages\/36720","targetHints":{"allow":["GET"]}}],"collection":[{"href":"https:\/\/ozonetech.com\/es\/wp-json\/wp\/v2\/pages"}],"about":[{"href":"https:\/\/ozonetech.com\/es\/wp-json\/wp\/v2\/types\/page"}],"author":[{"embeddable":true,"href":"https:\/\/ozonetech.com\/es\/wp-json\/wp\/v2\/users\/21"}],"replies":[{"embeddable":true,"href":"https:\/\/ozonetech.com\/es\/wp-json\/wp\/v2\/comments?post=36720"}],"version-history":[{"count":13,"href":"https:\/\/ozonetech.com\/es\/wp-json\/wp\/v2\/pages\/36720\/revisions"}],"predecessor-version":[{"id":41757,"href":"https:\/\/ozonetech.com\/es\/wp-json\/wp\/v2\/pages\/36720\/revisions\/41757"}],"up":[{"embeddable":true,"href":"https:\/\/ozonetech.com\/es\/wp-json\/wp\/v2\/pages\/36582"}],"wp:attachment":[{"href":"https:\/\/ozonetech.com\/es\/wp-json\/wp\/v2\/media?parent=36720"}],"curies":[{"name":"wp","href":"https:\/\/api.w.org\/{rel}","templated":true}]}}