{"id":36707,"date":"2020-06-26T13:31:10","date_gmt":"2020-06-26T13:31:10","guid":{"rendered":"https:\/\/ozonetech.com\/aplicaciones\/olor-y-saneamiento\/rooms-and-premises\/"},"modified":"2024-10-22T09:20:22","modified_gmt":"2024-10-22T07:20:22","slug":"problemas-de-olor-en-habitaciones-y-locales","status":"publish","type":"page","link":"https:\/\/ozonetech.com\/es\/aplicaciones\/olor-y-saneamiento\/problemas-de-olor-en-habitaciones-y-locales\/","title":{"rendered":"Problemas de olor en habitaciones y locales"},"content":{"rendered":"\n<section\n    class=\"block hero hero--regular\"\n    style=\"background-image: url('https:\/\/ozonetech.com\/wp-content\/uploads\/2024\/10\/Edited-getty-images-msyQNw7AfJ0-unsplash-1.jpg'); --hero-opacity: 0.35\"\n>\n\n    <div class=\"container-fluid\">\n\n        <div class=\"content editor_content\">\n                         \n                <h2 class='h2'>Problemas de olor en habitaciones y locales<\/h2>            \n                    <\/div>\n\n            <\/div>\n<\/section>\n\n\n<section class=\"component component_breadcrumbs\">\n\t<div class=\"container-fluid\">\n  \t<\/div>\n<\/section>\n\n\n<section\n    id=\"\"\n    class=\"block content-block\"\n\tstyle=\"--cb-bg: white; --cb-content: #000; padding-top: 30px; padding-bottom: 30px;\"\n>\n    \n\n<div class=\"container-fluid editor_content content content--narrow\">\n    <div class=\"row\">\n        <div class=\"col-12 editor_content\">\n            <h1>Desinfecci\u00f3n sencilla y eficiente, para refrescar las habitaciones<\/h1>\n<p class=\"preamble\">El tratamiento con ozono es una manera efectiva de refrescar las habitaciones, quitando el olor de moho, tabaco, sudor, basura y restos de comida<\/p>\n<p>El ozono puede eliminar olores desagradables en cualquier tipo de habitaci\u00f3n, por ejemplo, en instalaciones de conferencia y reuniones, oficinas, residencias, salas de asociaciones y vestuarios. Adem\u00e1s, es una soluci\u00f3n excelente para locales de grandes dimensiones, como por ejemplo salas de teatro, conciertos, eventos y en gimnasios. En habitaciones m\u00e1s grandes de 50 m<sup>2<\/sup>, deben utilizarse dispositivos adicionales.<\/p>\n<p>Lea m\u00e1s sobre problemas de olor en habitaciones de hotel aqu\u00ed.<\/p>\n        <\/div>\n    <\/div>\n<\/div>\n\n<\/section>\n\n\n\n<section class=\"block product-block\" style=\"--bg: white; --tc: #000000; --button-bg: #299f23; --button-tc: #ffffff; --button-hover-bg: transparent; --button-hover-tc: #299f23;\" >\n    <div class=\"container-fluid\">\n        <div class=\"row justify-content-center top\">\n            <div class=\"col-md-12 editor_content\">\n                                            <\/div>\n        <\/div>\n        <div class=\"row justify-content-center bottom\">\n            <div class=\"col-md-6 editor_content\">\n                <h3>Purificaci\u00f3n con ozono a trav\u00e9s del ACT-3000<\/h3>\n<p>La\u00a0cantidad\u00a0de\u00a0ozono\u00a0y el\u00a0tiempo\u00a0de\u00a0producci\u00f3n\u00a0necesarios\u00a0dependen\u00a0de la\u00a0dimensi\u00f3n\u00a0de la\u00a0habitaci\u00f3n\/del\u00a0local\u00a0y de la\u00a0seriedad\u00a0del\u00a0problema\u00a0olfativo. El\u00a0tiempo\u00a0de\u00a0tratamiento\u00a0puede\u00a0variar\u00a0entre\u00a01 y 10 horas. En\u00a0espacios\u00a0m\u00e1s\u00a0grandes,\u00a0pueden\u00a0ser\u00a0necesarios\u00a0m\u00e1s\u00a0generadores\u00a0de\u00a0ozono, o\u00a0un\u00a0dispositivo\u00a0ACT-5000,\u00a0que\u00a0produce\u00a0ozono\u00a0a\u00a0mayor\u00a0capacidad. En\u00a0espacios\u00a0como, por\u00a0ejemplo,\u00a0cuartos\u00a0de\u00a0basuras,\u00a0que\u00a0emiten\u00a0olores\u00a0constantemente, el\u00a0tratamiento\u00a0se\u00a0puede\u00a0llevar\u00a0a\u00a0cabo\u00a0a\u00a0toda\u00a0hora.<\/p>\n<p>El ACT-3000 est\u00e1 desarrollado y fabricado en Suecia por Ozonetech. Nuestras soluciones a medida para la purificaci\u00f3n del aire y del agua se encuentran a escala mundial en conjuntos industriales, plantas de tratamiento de aguas residuales, f\u00e1bricas de levadura, la industria farmac\u00e9utica, cervecer\u00edas, invernaderos y centros comerciales. Somos una empresa ganadora de m\u00faltiples premios, que est\u00e1 creciendo r\u00e1pidamente.<\/p>\n<p>El ACT-3000\/3000P est\u00e1 desarrollado para el saneamiento y desinfecci\u00f3n profesional en la industria, el sector de servicios y la administraci\u00f3n p\u00fablica.<\/p>\n\n                            <\/div>\n            <div class=\"col-md-6 text-center\">\n                                    <img loading=\"lazy\" decoding=\"async\" width=\"1153\" height=\"1132\" src=\"https:\/\/ozonetech.com\/wp-content\/uploads\/2021\/02\/Ozonetech-ACT-3000-13.png\" class=\"attachment-full size-full\" alt=\"ACT-3000\" srcset=\"https:\/\/ozonetech.com\/wp-content\/uploads\/2021\/02\/Ozonetech-ACT-3000-13.png 1153w, https:\/\/ozonetech.com\/wp-content\/uploads\/2021\/02\/Ozonetech-ACT-3000-13-300x295.png 300w, https:\/\/ozonetech.com\/wp-content\/uploads\/2021\/02\/Ozonetech-ACT-3000-13-1024x1005.png 1024w, https:\/\/ozonetech.com\/wp-content\/uploads\/2021\/02\/Ozonetech-ACT-3000-13-768x754.png 768w\" sizes=\"auto, (max-width: 1153px) 100vw, 1153px\" \/>                \n                <a href='https:\/\/ozonetech.com\/es\/productos\/generadores-de-ozono\/serie-act\/' class='btn' target=''>Solicitar presupuesto<\/a>            <\/div>\n        <\/div>\n    <\/div>\n<\/section>\n\n\n\n<section\n    id=\"\"\n    class=\"block content-block\"\n\tstyle=\"--cb-bg: #e6e6e6; --cb-content: #000; padding-top: 30px; padding-bottom: 30px;\"\n>\n    \n\n<div class=\"container-fluid editor_content content content--narrow\">\n    <div class=\"row\">\n        <div class=\"col-12 editor_content\">\n            <h4>Tratamiento sencillo, siga estos pasos:<\/h4>\n<p>1. Posicione el ACT-3000 en la habitaci\u00f3n, preferiblemente situado en lo alto<br \/>\n2. Cierre todas las puertas y las ventanas<br \/>\n3. Conecte el ACT-3000 a la corriente<br \/>\n4. Ajuste la producci\u00f3n de ozono entre 0 y 100%<br \/>\n5. Salga\u00a0de la\u00a0habitaci\u00f3n\u00a0y\u00a0cierre\u00a0la\u00a0puerta<br \/>\n6. Puede\u00a0elegir\u00a0usted\u00a0mismo\u00a0cu\u00e1nto\u00a0debe\u00a0durar\u00a0el\u00a0tratamiento<br \/>\n7. Cuando quiere finalizar el tratamiento, entre en la habitaci\u00f3n y apague el generador de ozono. Luego abra las ventanas para eliminar el exceso de ozono m\u00e1s r\u00e1pidamente. Salga de la habitaci\u00f3n para que el resto del ozono se oxide<br \/>\n8. Nota: Es aconsejable que utilice un temporizador para medir la duraci\u00f3n del tratamiento.<\/p>\n        <\/div>\n    <\/div>\n<\/div>\n\n<\/section>\n","protected":false},"excerpt":{"rendered":"","protected":false},"author":21,"featured_media":0,"parent":36582,"menu_order":0,"comment_status":"closed","ping_status":"closed","template":"","meta":{"_acf_changed":false,"_seopress_robots_primary_cat":"","_seopress_titles_title":"","_seopress_titles_desc":"El tratamiento con ozono refresca cualquier tipo de habitaci\u00f3n, eliminando el olor a moho, tabaco, sudor, basura y restos de comida","_seopress_robots_index":"","inline_featured_image":false,"footnotes":""},"class_list":["post-36707","page","type-page","status-publish","hentry"],"acf":[],"_links":{"self":[{"href":"https:\/\/ozonetech.com\/es\/wp-json\/wp\/v2\/pages\/36707","targetHints":{"allow":["GET"]}}],"collection":[{"href":"https:\/\/ozonetech.com\/es\/wp-json\/wp\/v2\/pages"}],"about":[{"href":"https:\/\/ozonetech.com\/es\/wp-json\/wp\/v2\/types\/page"}],"author":[{"embeddable":true,"href":"https:\/\/ozonetech.com\/es\/wp-json\/wp\/v2\/users\/21"}],"replies":[{"embeddable":true,"href":"https:\/\/ozonetech.com\/es\/wp-json\/wp\/v2\/comments?post=36707"}],"version-history":[{"count":13,"href":"https:\/\/ozonetech.com\/es\/wp-json\/wp\/v2\/pages\/36707\/revisions"}],"predecessor-version":[{"id":41712,"href":"https:\/\/ozonetech.com\/es\/wp-json\/wp\/v2\/pages\/36707\/revisions\/41712"}],"up":[{"embeddable":true,"href":"https:\/\/ozonetech.com\/es\/wp-json\/wp\/v2\/pages\/36582"}],"wp:attachment":[{"href":"https:\/\/ozonetech.com\/es\/wp-json\/wp\/v2\/media?parent=36707"}],"curies":[{"name":"wp","href":"https:\/\/api.w.org\/{rel}","templated":true}]}}