{"id":36694,"date":"2020-06-24T12:41:15","date_gmt":"2020-06-24T12:41:15","guid":{"rendered":"https:\/\/ozonetech.com\/aplicaciones\/olor-y-saneamiento\/remediation-in-food-production\/"},"modified":"2024-10-10T10:45:07","modified_gmt":"2024-10-10T08:45:07","slug":"remediacion-en-la-produccion-alimentaria","status":"publish","type":"page","link":"https:\/\/ozonetech.com\/es\/aplicaciones\/olor-y-saneamiento\/remediacion-en-la-produccion-alimentaria\/","title":{"rendered":"Remediaci\u00f3n en la producci\u00f3n alimentaria"},"content":{"rendered":"\n<section\n    class=\"block hero hero--regular\"\n    style=\"background-image: url('https:\/\/ozonetech.com\/wp-content\/uploads\/2021\/02\/remediation-in-food-production-1600x484.jpg'); --hero-opacity: 0.3\"\n>\n\n    <div class=\"container-fluid\">\n\n        <div class=\"content editor_content\">\n                         \n                <h2 class='h2'>Bacterias y virus &#8211; remediaci\u00f3n en la producci\u00f3n alimentaria<\/h2>            \n                    <\/div>\n\n            <\/div>\n<\/section>\n\n\n<section class=\"component component_breadcrumbs\">\n\t<div class=\"container-fluid\">\n  \t<\/div>\n<\/section>\n\n\n<section\n    id=\"\"\n    class=\"block content-block\"\n\tstyle=\"--cb-bg: white; --cb-content: #000; padding-top: 30px; padding-bottom: 30px;\"\n>\n    \n\n<div class=\"container-fluid editor_content content content--narrow\">\n    <div class=\"row\">\n        <div class=\"col-12 editor_content\">\n            <h1>Los microorganismos deben ser eliminados para incrementar la vida \u00fatil de los productos alimentarios<\/h1>\n<p class=\"preamble\">Dos de los sectores donde el tratamiento con ozono puede resultar \u00fatil son el de pre-envasado de productos como la carne y las aves de corral, y el de almacenamiento de productos agr\u00edcolas cosechados directamente, como por ejemplo las patatas. Al aplicar el tratamiento con ozono a los productos antes de que sean empaquetados, el nivel de bacterias se reduce dr\u00e1sticamente y la listeria u otros pat\u00f3genos pueden ser controlados, de esta forma se extiende la vida \u00fatil de los productos.<\/p>\n<p>Adem\u00e1s de los productos, los equipos usados en la producci\u00f3n pueden ser procesados al simultaneamente, incrementando de esta manera la eficacia del proceso. El tratamiento de ozono es tambi\u00e9n seguro tanto para los productos listos para el consumo directo, como para los que requieren cocinarse. En el lugar de almacenamiento de dichos productos, como las patatas, el tratamiento con ozono significa que el problema de los productos podridos se disminuir\u00e1 notablemente debido a la habilidad del ozono de quitar bacterias da\u00f1inas, como por ejemplo la erwinia, que causa podredumbre en las patatas.<\/p>\n<p>A trav\u00e9s del tratamiento con ozono, las bacterias, el moho, los hongos y los virus pueden ser eliminados en todas las etapas entre la producci\u00f3n, el almacenamiento y el envasado. El ozono se puede utilizar para la prevenci\u00f3n del recubrimiento biol\u00f3gico y para la remoci\u00f3n de esporas aerotransportadas. El saneamiento de bacterias y virus se puede aplicar en varias fases del almacenamiento de los productos alimentarios, como por ejemplo, en almacenes, c\u00e1maras frigor\u00edficas, veh\u00edculos de transporte y silos.<\/p>\n        <\/div>\n    <\/div>\n<\/div>\n\n<\/section>\n\n\n\n<section class=\"block product-block\" style=\"--bg: white; --tc: #000000; --button-bg: #299f23; --button-tc: #ffffff; --button-hover-bg: transparent; --button-hover-tc: #299f23;\" >\n    <div class=\"container-fluid\">\n        <div class=\"row justify-content-center top\">\n            <div class=\"col-md-12 editor_content\">\n                                            <\/div>\n        <\/div>\n        <div class=\"row justify-content-center bottom\">\n            <div class=\"col-md-6 editor_content\">\n                <h3>Purificaci\u00f3n con ozono a trav\u00e9s del ACT-3000<\/h3>\n<p>La cantidad de ozono y el tiempo de producci\u00f3n necesarios dependen de la dimensi\u00f3n del espacio y del volumen de bacterias y virus que deben ser eliminados. El tiempo de tratamiento puede variar entre 1 y 10 horas. El ACT-3000 es f\u00e1cil de utilizar y el coste operativo es m\u00ednimo.<\/p>\n<p>El ACT-3000 est\u00e1 desarrollado y fabricado en Suecia por Ozonetech. Nuestras soluciones a medida para la purificaci\u00f3n del aire y del agua se encuentran a escala mundial en conjuntos industriales, plantas de tratamiento de aguas residuales, f\u00e1bricas de levadura, la industria farmac\u00e9utica, cervecer\u00edas, invernaderos y centros comerciales. Somos una empresa ganadora de m\u00faltiples premios, que est\u00e1 creciendo r\u00e1pidamente.<\/p>\n<p><em>El ACT-3000\/3000P est\u00e1 desarrollado para el saneamiento y desinfecci\u00f3n profesional en la industria, el sector de servicios y la administraci\u00f3n p\u00fablica. <\/em><\/p>\n\n                            <\/div>\n            <div class=\"col-md-6 text-center\">\n                                    <img loading=\"lazy\" decoding=\"async\" width=\"1153\" height=\"1132\" src=\"https:\/\/ozonetech.com\/wp-content\/uploads\/2021\/02\/Ozonetech-ACT-3000-13.png\" class=\"attachment-full size-full\" alt=\"ACT-3000\" srcset=\"https:\/\/ozonetech.com\/wp-content\/uploads\/2021\/02\/Ozonetech-ACT-3000-13.png 1153w, https:\/\/ozonetech.com\/wp-content\/uploads\/2021\/02\/Ozonetech-ACT-3000-13-300x295.png 300w, https:\/\/ozonetech.com\/wp-content\/uploads\/2021\/02\/Ozonetech-ACT-3000-13-1024x1005.png 1024w, https:\/\/ozonetech.com\/wp-content\/uploads\/2021\/02\/Ozonetech-ACT-3000-13-768x754.png 768w\" sizes=\"auto, (max-width: 1153px) 100vw, 1153px\" \/>                \n                <a href='https:\/\/ozonetech.com\/es\/productos\/generadores-de-ozono\/serie-act\/' class='btn' target=''>Solicitar presupuesto<\/a>            <\/div>\n        <\/div>\n    <\/div>\n<\/section>\n\n\n\n<section\n    id=\"\"\n    class=\"block content-block\"\n\tstyle=\"--cb-bg: #e6e6e6; --cb-content: #000; padding-top: 30px; padding-bottom: 30px;\"\n>\n    \n\n<div class=\"container-fluid editor_content content content--narrow\">\n    <div class=\"row\">\n        <div class=\"col-12 editor_content\">\n            <h4>Tratamiento sencillo, siga estos pasos:<\/h4>\n<p>1. Posicione el ACT-3000 en la habitaci\u00f3n, preferiblemente situado en lo alto<br \/>\n2. Cierre todas las puertas y las ventanas<br \/>\n3. Conecte el ACT-3000 a la corriente<br \/>\n4. Ajuste la producci\u00f3n de ozono entre 0 y 100%<br \/>\n5. Salga de la habitaci\u00f3n y cierre la puerta<br \/>\n6. Puede elegir usted mismo cu\u00e1nto debe durar el tratamiento<br \/>\n7. Cuando quiere finalizar el tratamiento, entre en la habitaci\u00f3n y apague el generador de ozono. Luego abra las ventanas para eliminar el exceso de ozono m\u00e1s r\u00e1pidamente. Salga de la habitaci\u00f3n para que el resto del ozono se oxide<br \/>\n8. Nota: Es aconsejable que utilice un temporizador para medir la duraci\u00f3n del tratamiento.<\/p>\n        <\/div>\n    <\/div>\n<\/div>\n\n<\/section>\n","protected":false},"excerpt":{"rendered":"","protected":false},"author":21,"featured_media":0,"parent":36582,"menu_order":0,"comment_status":"closed","ping_status":"closed","template":"","meta":{"_acf_changed":false,"_seopress_robots_primary_cat":"","_seopress_titles_title":"","_seopress_titles_desc":"Mediante la ozonizaci\u00f3n de los productos en el estadio de preenvasado, se eliminan completamente las bacterias, prolongando la vida \u00fatil","_seopress_robots_index":"","inline_featured_image":false,"footnotes":""},"class_list":["post-36694","page","type-page","status-publish","hentry"],"acf":[],"_links":{"self":[{"href":"https:\/\/ozonetech.com\/es\/wp-json\/wp\/v2\/pages\/36694","targetHints":{"allow":["GET"]}}],"collection":[{"href":"https:\/\/ozonetech.com\/es\/wp-json\/wp\/v2\/pages"}],"about":[{"href":"https:\/\/ozonetech.com\/es\/wp-json\/wp\/v2\/types\/page"}],"author":[{"embeddable":true,"href":"https:\/\/ozonetech.com\/es\/wp-json\/wp\/v2\/users\/21"}],"replies":[{"embeddable":true,"href":"https:\/\/ozonetech.com\/es\/wp-json\/wp\/v2\/comments?post=36694"}],"version-history":[{"count":7,"href":"https:\/\/ozonetech.com\/es\/wp-json\/wp\/v2\/pages\/36694\/revisions"}],"predecessor-version":[{"id":40710,"href":"https:\/\/ozonetech.com\/es\/wp-json\/wp\/v2\/pages\/36694\/revisions\/40710"}],"up":[{"embeddable":true,"href":"https:\/\/ozonetech.com\/es\/wp-json\/wp\/v2\/pages\/36582"}],"wp:attachment":[{"href":"https:\/\/ozonetech.com\/es\/wp-json\/wp\/v2\/media?parent=36694"}],"curies":[{"name":"wp","href":"https:\/\/api.w.org\/{rel}","templated":true}]}}