{"id":36665,"date":"2020-06-24T13:52:16","date_gmt":"2020-06-24T13:52:16","guid":{"rendered":"https:\/\/ozonetech.com\/aplicaciones\/olor-y-saneamiento\/mold-sanitation\/"},"modified":"2024-10-10T10:31:10","modified_gmt":"2024-10-10T08:31:10","slug":"saneamiento-del-moho","status":"publish","type":"page","link":"https:\/\/ozonetech.com\/es\/aplicaciones\/olor-y-saneamiento\/saneamiento-del-moho\/","title":{"rendered":"Saneamiento del moho"},"content":{"rendered":"\n<section\n    class=\"block hero hero--regular\"\n    style=\"background-image: url('https:\/\/ozonetech.com\/wp-content\/uploads\/2021\/02\/mold-sanitation-1600x484.jpg'); --hero-opacity: 0.3\"\n>\n\n    <div class=\"container-fluid\">\n\n        <div class=\"content editor_content\">\n                         \n                <h2 class='h2'>Saneamiento del moho<\/h2>            \n                    <\/div>\n\n            <\/div>\n<\/section>\n\n\n<section class=\"component component_breadcrumbs\">\n\t<div class=\"container-fluid\">\n  \t<\/div>\n<\/section>\n\n\n<section\n    id=\"\"\n    class=\"block content-block\"\n\tstyle=\"--cb-bg: white; --cb-content: #000; padding-top: 30px; padding-bottom: 30px;\"\n>\n    \n\n<div class=\"container-fluid editor_content content content--narrow\">\n    <div class=\"row\">\n        <div class=\"col-12 editor_content\">\n            <h1>Saneamiento efectivo de moho tanto en el aire como en las superficies<\/h1>\n<p class=\"preamble\">Las esporas de moho se encuentran en todas partes, creciendo r\u00e1pidamente en las condiciones propicias, y son la mayor causa de reacciones al\u00e9rgicas. El \u00fanico modo de deshacerse del moho es limpiarlo manualmente, desinfectar la superficie y reducir la humedad. Cuando el moho crece incontrolablemente, puede destruir las superficies, haci\u00e9ndolas inutilizables, hecho que hace que la \u00fanica alternativa restante sea la remoci\u00f3n de dicha superficie.<\/p>\n<p>El ozono puede eliminar el moho tanto en el aire, como en superficies como alfombras, paredes y pisos. El ozono puede tambi\u00e9n tratar el moho en lugares de dif\u00edcil acceso como, aislamientos, baldosas y estructuras de madera y ladrillos.<\/p>\n<p>Un mal olor que no viene de la basura es a menudo una se\u00f1al de moho y da\u00f1o por humedad. El saneamiento de moho y del olor resultante se puede aplicar, por ejemplo, en propiedades, s\u00f3tanos, casas, almacenes, garajes, caba\u00f1as, trasteros, cuartos h\u00famedos y aseos.<\/p>\n<p>El tratamiento con ozono es un m\u00e9todo probado para prevenir la invasi\u00f3n del moho. El alto potencial de oxidaci\u00f3n del ozono hace sacar activamente las esporas de moho aerotransportadas el lugar de solo cubrir el olor. Adem\u00e1s, es 3000 veces m\u00e1s r\u00e1pido que el cloro como medio bactericida y tambi\u00e9n seguro para el medio ambiente. El ozono llega a \u00a0rincones y grietas usualmente dif\u00edciles de alcanzar, y tambi\u00e9n puede penetrar telas da\u00f1adas. Es un hecho bien documentado que el ozono ofrece una soluci\u00f3n r\u00e1pida, completa y ecol\u00f3gica a los problemas con el moho.<\/p>\n<p>M\u00e1s informaci\u00f3n sobre problemas asociados con los da\u00f1os por agua aqu\u00ed.<\/p>\n        <\/div>\n    <\/div>\n<\/div>\n\n<\/section>\n\n\n\n<section class=\"block product-block\" style=\"--bg: white; --tc: #000000; --button-bg: #299f23; --button-tc: #ffffff; --button-hover-bg: transparent; --button-hover-tc: #299f23;\" >\n    <div class=\"container-fluid\">\n        <div class=\"row justify-content-center top\">\n            <div class=\"col-md-12 editor_content\">\n                                            <\/div>\n        <\/div>\n        <div class=\"row justify-content-center bottom\">\n            <div class=\"col-md-6 editor_content\">\n                <h3>Purificaci\u00f3n con ozono a trav\u00e9s del ACT-3000<\/h3>\n<p>La cantidad de ozono y el tiempo de producci\u00f3n necesarios dependen de la dimensi\u00f3n de la habitaci\u00f3n y de la cantidad de moho y da\u00f1o causado por la humedad necesita ser descontaminado. El tiempo de tratamiento puede variar entre 1 y 10 horas. Si es necesario, puede solo repetir el tratamiento. El ACT-3000 es f\u00e1cil de utilizar y el costo operacional es m\u00ednimo.<\/p>\n<p>El ACT-3000 est\u00e1 desarrollado y fabricado en Suecia por Ozonetech. Nuestras soluciones a medida para la purificaci\u00f3n del aire y del agua se encuentran a escala mundial en conjuntos industriales, plantas de tratamiento de aguas residuales, f\u00e1bricas de levadura, la industria farmac\u00e9utica, cervecer\u00edas, invernaderos y centros comerciales. Somos una empresa ganadora de m\u00faltiples premios, que est\u00e1 creciendo r\u00e1pidamente.<\/p>\n<p>El ACT-3000\/3000P est\u00e1 desarrollado para el saneamiento y desinfecci\u00f3n profesional en la industria, el sector de servicio y la administraci\u00f3n p\u00fablica.<\/p>\n\n                            <\/div>\n            <div class=\"col-md-6 text-center\">\n                                    <img loading=\"lazy\" decoding=\"async\" width=\"1153\" height=\"1132\" src=\"https:\/\/ozonetech.com\/wp-content\/uploads\/2021\/02\/Ozonetech-ACT-3000-13.png\" class=\"attachment-full size-full\" alt=\"ACT-3000\" srcset=\"https:\/\/ozonetech.com\/wp-content\/uploads\/2021\/02\/Ozonetech-ACT-3000-13.png 1153w, https:\/\/ozonetech.com\/wp-content\/uploads\/2021\/02\/Ozonetech-ACT-3000-13-300x295.png 300w, https:\/\/ozonetech.com\/wp-content\/uploads\/2021\/02\/Ozonetech-ACT-3000-13-1024x1005.png 1024w, https:\/\/ozonetech.com\/wp-content\/uploads\/2021\/02\/Ozonetech-ACT-3000-13-768x754.png 768w\" sizes=\"auto, (max-width: 1153px) 100vw, 1153px\" \/>                \n                <a href='https:\/\/ozonetech.com\/es\/productos\/generadores-de-ozono\/serie-act\/' class='btn' target=''>Solicitar presupuesto<\/a>            <\/div>\n        <\/div>\n    <\/div>\n<\/section>\n\n\n\n<section\n    id=\"\"\n    class=\"block content-block\"\n\tstyle=\"--cb-bg: #e6e6e6; --cb-content: #000; padding-top: 30px; padding-bottom: 30px;\"\n>\n    \n\n<div class=\"container-fluid editor_content content content--narrow\">\n    <div class=\"row\">\n        <div class=\"col-12 editor_content\">\n            <h4>Tratamiento sencillo, siga estos pasos:<\/h4>\n<p>1. Posicione el ACT-3000 en la habitaci\u00f3n, preferiblemente en lo alto<br \/>\n2. Cierre todas las puertas y las ventanas<br \/>\n3. Conecte el ACT-3000 a la corriente<br \/>\n4. Ajuste la producci\u00f3n de ozono entre 0 y 100%<br \/>\n5. Salga de la habitaci\u00f3n y cierre la puerta<br \/>\n6. Puede elegir usted mismo cu\u00e1nto debe durar el tratamiento<br \/>\n7. Cuando quiere finalizar el tratamiento, entre en la habitaci\u00f3n y apague el generador de ozono. Luego abra las ventanas para eliminar el exceso de ozono m\u00e1s r\u00e1pidamente. Salga de la habitaci\u00f3n para que el resto del ozono se oxide.<br \/>\n8. Nota: Es aconsejable que utilice un temporizador para medir la duraci\u00f3n del tratamiento<\/p>\n        <\/div>\n    <\/div>\n<\/div>\n\n<\/section>\n","protected":false},"excerpt":{"rendered":"","protected":false},"author":21,"featured_media":0,"parent":36582,"menu_order":0,"comment_status":"closed","ping_status":"closed","template":"","meta":{"_acf_changed":false,"_seopress_robots_primary_cat":"","_seopress_titles_title":"","_seopress_titles_desc":"El ozono elimina el moho en superficies como alfombras, suelos y paredes, tal como de en lugares dif\u00edcil de alcanzar.","_seopress_robots_index":"","inline_featured_image":false,"footnotes":""},"class_list":["post-36665","page","type-page","status-publish","hentry"],"acf":[],"_links":{"self":[{"href":"https:\/\/ozonetech.com\/es\/wp-json\/wp\/v2\/pages\/36665","targetHints":{"allow":["GET"]}}],"collection":[{"href":"https:\/\/ozonetech.com\/es\/wp-json\/wp\/v2\/pages"}],"about":[{"href":"https:\/\/ozonetech.com\/es\/wp-json\/wp\/v2\/types\/page"}],"author":[{"embeddable":true,"href":"https:\/\/ozonetech.com\/es\/wp-json\/wp\/v2\/users\/21"}],"replies":[{"embeddable":true,"href":"https:\/\/ozonetech.com\/es\/wp-json\/wp\/v2\/comments?post=36665"}],"version-history":[{"count":10,"href":"https:\/\/ozonetech.com\/es\/wp-json\/wp\/v2\/pages\/36665\/revisions"}],"predecessor-version":[{"id":40630,"href":"https:\/\/ozonetech.com\/es\/wp-json\/wp\/v2\/pages\/36665\/revisions\/40630"}],"up":[{"embeddable":true,"href":"https:\/\/ozonetech.com\/es\/wp-json\/wp\/v2\/pages\/36582"}],"wp:attachment":[{"href":"https:\/\/ozonetech.com\/es\/wp-json\/wp\/v2\/media?parent=36665"}],"curies":[{"name":"wp","href":"https:\/\/api.w.org\/{rel}","templated":true}]}}