{"id":36660,"date":"2020-06-24T13:43:29","date_gmt":"2020-06-24T13:43:29","guid":{"rendered":"https:\/\/ozonetech.com\/aplicaciones\/olor-y-saneamiento\/hotel-rooms\/"},"modified":"2024-10-22T09:04:57","modified_gmt":"2024-10-22T07:04:57","slug":"habitaciones-de-hotel","status":"publish","type":"page","link":"https:\/\/ozonetech.com\/es\/aplicaciones\/olor-y-saneamiento\/habitaciones-de-hotel\/","title":{"rendered":"Habitaciones de hotel"},"content":{"rendered":"\n<section\n    class=\"block hero hero--regular\"\n    style=\"background-image: url('https:\/\/ozonetech.com\/wp-content\/uploads\/2024\/10\/masaaki-komori-iMbXscxYIFE-unsplash.jpg'); --hero-opacity: 0.2\"\n>\n\n    <div class=\"container-fluid\">\n\n        <div class=\"content editor_content\">\n                         \n                <h2 class='h2'>Habitaciones de hotel \u2013 problemas de olor <\/h2>            \n                    <\/div>\n\n            <\/div>\n<\/section>\n\n\n<section class=\"component component_breadcrumbs\">\n\t<div class=\"container-fluid\">\n  \t<\/div>\n<\/section>\n\n\n<section\n    id=\"\"\n    class=\"block content-block\"\n\tstyle=\"--cb-bg: white; --cb-content: #000; padding-top: 30px; padding-bottom: 30px;\"\n>\n    \n\n<div class=\"container-fluid editor_content content content--narrow\">\n    <div class=\"row\">\n        <div class=\"col-12 editor_content\">\n            <h1>Desinfecci\u00f3n simple y eficiente, para refrescar las habitaciones de hotel<\/h1>\n<p class=\"preamble\">Diferentes tipos de problemas de olor pueden ocurrir en habitaciones de hotel, hecho que causa molestias para los\u00a0hu\u00e9spedes reci\u00e9n llegados\u00a0al hotel. Un\u00a0cuarto\u00a0con olor a estancado deja una primera impresi\u00f3n mala\u00a0y puede da\u00f1ar la reputaci\u00f3n del hotel. La purificaci\u00f3n con ozono\u00a0es un m\u00e9todo ecol\u00f3gico y muy eficiente para eliminar los malos olores causados por\u00a0el\u00a0moho,\u00a0el\u00a0humo,\u00a0el\u00a0sudor,\u00a0la\u00a0basura,\u00a0la\u00a0comida,\u00a0los\u00a0inodoros etc.<\/p>\n<p>La purificaci\u00f3n con ozono tambi\u00e9n es efectiva para desinfectar tanto el aire\u00a0como en las superficies\u00a0dif\u00edciles de alcanzar\u00a0en las habitaciones de hotel.\u00a0El hecho de que las bacterias y los virus han sido\u00a0eliminados aumenta el bienestar de los\u00a0nuevos\u00a0hu\u00e9spedes. El ozono, que ya se\u00a0encuentra\u00a0en estado gaseoso en condiciones ambientales normales, se mezcla simplemente con el aire, desintegrando y neutralizando\u00a0microorganismos da\u00f1inos, virus y bacterias tanto en el aire como en las superficies, incluso las que son normalmente dif\u00edcil de alcanzar.<\/p>\n<p>Lea m\u00e1s sobre la propagaci\u00f3n de los virus y las bacterias aqu\u00ed.<\/p>\n<p>Las\u00a0potentes\u00a0propiedades\u00a0desinfectantes del ozono aseguran que los malos olores desaparecen despu\u00e9s de un tratamiento corto. La purificaci\u00f3n con ozono no se puede comparar con otros m\u00e9todos que\u00a0cubren el mal olor con perfumes. El ozono elimina la causa del olor.\u00a0El aire es purificado y la habitaci\u00f3n estar\u00e1 lista para un nuevo hu\u00e9sped.\u00a0Este m\u00e9todo incluye tambi\u00e9n la ventaja de que las alfombras, las cortinas y\u00a0los otros textiles\u00a0se podr\u00e1n lavar con menos frecuencia.<\/p>\n<p>Lea m\u00e1s sobre problemas de olor en otros tipos de habitaciones y locales aqu\u00ed<\/p>\n        <\/div>\n    <\/div>\n<\/div>\n\n<\/section>\n\n\n\n<section class=\"block product-block\" style=\"--bg: white; --tc: #000000; --button-bg: #299f23; --button-tc: #ffffff; --button-hover-bg: transparent; --button-hover-tc: #299f23;\" >\n    <div class=\"container-fluid\">\n        <div class=\"row justify-content-center top\">\n            <div class=\"col-md-12 editor_content\">\n                                            <\/div>\n        <\/div>\n        <div class=\"row justify-content-center bottom\">\n            <div class=\"col-md-6 editor_content\">\n                <h3>Purificaci\u00f3n con ozono a trav\u00e9s del ACT-3000<\/h3>\n<p>La cantidad de ozono y el tiempo de producci\u00f3n necesarios dependen de la dimensi\u00f3n del cuarto y de la seriedad del problema de olor. El tiempo de tratamiento puede variar\u00a0entre una y diez horas.<\/p>\n<p>Se puede repetir el tratamiento cuantas veces sea necesario. El ACT-3000 es f\u00e1cil de utilizar y el coste operativo es m\u00ednimo<\/p>\n<p>El ACT-3000 est\u00e1 desarrollado y fabricado en Suecia por Ozonetech. Nuestras soluciones a medida para la purificaci\u00f3n del aire y del agua se encuentran a escala mundial en conjuntos industriales, plantas de tratamiento de aguas residuales, f\u00e1bricas de levadura, la industria farmac\u00e9utica, cervecer\u00edas, invernaderos y centros comerciales. Somos una empresa ganadora de m\u00faltiples premios, que est\u00e1 creciendo r\u00e1pidamente.<\/p>\n<p><em>El ACT-3000\/3000P\u00a0est\u00e1\u00a0desarrollado\u00a0para el\u00a0saneamiento\u00a0y\u00a0desinfecci\u00f3n\u00a0profesional\u00a0en la\u00a0industria, el\u00a0sector\u00a0de\u00a0servicios\u00a0y la\u00a0administraci\u00f3n\u00a0p\u00fablica.\u00a0\u00a0<\/em><\/p>\n\n                            <\/div>\n            <div class=\"col-md-6 text-center\">\n                                    <img loading=\"lazy\" decoding=\"async\" width=\"1153\" height=\"1132\" src=\"https:\/\/ozonetech.com\/wp-content\/uploads\/2021\/02\/Ozonetech-ACT-3000-13.png\" class=\"attachment-full size-full\" alt=\"ACT-3000\" srcset=\"https:\/\/ozonetech.com\/wp-content\/uploads\/2021\/02\/Ozonetech-ACT-3000-13.png 1153w, https:\/\/ozonetech.com\/wp-content\/uploads\/2021\/02\/Ozonetech-ACT-3000-13-300x295.png 300w, https:\/\/ozonetech.com\/wp-content\/uploads\/2021\/02\/Ozonetech-ACT-3000-13-1024x1005.png 1024w, https:\/\/ozonetech.com\/wp-content\/uploads\/2021\/02\/Ozonetech-ACT-3000-13-768x754.png 768w\" sizes=\"auto, (max-width: 1153px) 100vw, 1153px\" \/>                \n                <a href='https:\/\/ozonetech.com\/es\/productos\/generadores-de-ozono\/serie-act\/' class='btn' target=''>Solicitar presupuesto<\/a>            <\/div>\n        <\/div>\n    <\/div>\n<\/section>\n\n\n\n<section\n    id=\"\"\n    class=\"block content-block\"\n\tstyle=\"--cb-bg: #e6e6e6; --cb-content: #000; padding-top: 30px; padding-bottom: 30px;\"\n>\n    \n\n<div class=\"container-fluid editor_content content content--narrow\">\n    <div class=\"row\">\n        <div class=\"col-12 editor_content\">\n            <h4>Tratamiento sencillo, siga estos pasos:<\/h4>\n<p>1. Posicione el ACT-3000 en la habitaci\u00f3n, preferiblemente situado en lo alto<br \/>\n2. Cierre todas las puertas y las ventanas<br \/>\n3. Conecte el ACT-3000 a la corriente<br \/>\n4. Ajuste la producci\u00f3n de ozono entre 0 y 100%<br \/>\n5. Salga de la habitaci\u00f3n y cierre la puerta<br \/>\n6. Puede elegir usted mismo cu\u00e1nto debe durar el tratamiento<br \/>\n7. Cuando quiere finalizar el tratamiento, entre en la habitaci\u00f3n y apague el generador de ozono. Luego abra las ventanas para eliminar el exceso de ozono m\u00e1s r\u00e1pidamente. Salga de la habitaci\u00f3n para que el resto del ozono se oxide.<br \/>\n8. Nota: Es aconsejable que utilice un temporizador para medir la duraci\u00f3n del tratamiento<\/p>\n        <\/div>\n    <\/div>\n<\/div>\n\n<\/section>\n","protected":false},"excerpt":{"rendered":"","protected":false},"author":21,"featured_media":0,"parent":36582,"menu_order":0,"comment_status":"closed","ping_status":"closed","template":"","meta":{"_acf_changed":false,"_seopress_robots_primary_cat":"","_seopress_titles_title":"","_seopress_titles_desc":"El ozono elimina la causa del olor en las habitaciones de hotel, reduciendo la necesidad de limpiar alfombras, cortinas y otros textiles.","_seopress_robots_index":"","inline_featured_image":false,"footnotes":""},"class_list":["post-36660","page","type-page","status-publish","hentry"],"acf":[],"_links":{"self":[{"href":"https:\/\/ozonetech.com\/es\/wp-json\/wp\/v2\/pages\/36660","targetHints":{"allow":["GET"]}}],"collection":[{"href":"https:\/\/ozonetech.com\/es\/wp-json\/wp\/v2\/pages"}],"about":[{"href":"https:\/\/ozonetech.com\/es\/wp-json\/wp\/v2\/types\/page"}],"author":[{"embeddable":true,"href":"https:\/\/ozonetech.com\/es\/wp-json\/wp\/v2\/users\/21"}],"replies":[{"embeddable":true,"href":"https:\/\/ozonetech.com\/es\/wp-json\/wp\/v2\/comments?post=36660"}],"version-history":[{"count":9,"href":"https:\/\/ozonetech.com\/es\/wp-json\/wp\/v2\/pages\/36660\/revisions"}],"predecessor-version":[{"id":41639,"href":"https:\/\/ozonetech.com\/es\/wp-json\/wp\/v2\/pages\/36660\/revisions\/41639"}],"up":[{"embeddable":true,"href":"https:\/\/ozonetech.com\/es\/wp-json\/wp\/v2\/pages\/36582"}],"wp:attachment":[{"href":"https:\/\/ozonetech.com\/es\/wp-json\/wp\/v2\/media?parent=36660"}],"curies":[{"name":"wp","href":"https:\/\/api.w.org\/{rel}","templated":true}]}}