{"id":36653,"date":"2020-06-24T12:50:10","date_gmt":"2020-06-24T12:50:10","guid":{"rendered":"https:\/\/ozonetech.com\/aplicaciones\/olor-y-saneamiento\/garbage-rooms\/"},"modified":"2024-10-22T09:12:14","modified_gmt":"2024-10-22T07:12:14","slug":"cuartos-de-basura","status":"publish","type":"page","link":"https:\/\/ozonetech.com\/es\/aplicaciones\/olor-y-saneamiento\/cuartos-de-basura\/","title":{"rendered":"Cuartos de basura"},"content":{"rendered":"\n<section\n    class=\"block hero hero--regular\"\n    style=\"background-image: url('https:\/\/ozonetech.com\/wp-content\/uploads\/2024\/10\/garbage-rooms-1.png'); --hero-opacity: 0.3\"\n>\n\n    <div class=\"container-fluid\">\n\n        <div class=\"content editor_content\">\n                         \n                <h2 class='h2'>Cuartos de basura &#8211; problema de olor<\/h2>            \n                    <\/div>\n\n            <\/div>\n<\/section>\n\n\n<section class=\"component component_breadcrumbs\">\n\t<div class=\"container-fluid\">\n  \t<\/div>\n<\/section>\n\n\n<section\n    id=\"\"\n    class=\"block content-block\"\n\tstyle=\"--cb-bg: light-gray; --cb-content: #000; padding-top: 30px; padding-bottom: 30px;\"\n>\n    \n\n<div class=\"container-fluid editor_content content content--narrow\">\n    <div class=\"row\">\n        <div class=\"col-12 editor_content\">\n            <h1>Soluciones sostenibles y rentables para problemas de olor en cuartos de basura<\/h1>\n<p class=\"preamble\">Los\u00a0cuartos\u00a0de\u00a0basuras, los\u00a0cuartos\u00a0de\u00a0separaci\u00f3n\u00a0de\u00a0residuos,\u00a0las\u00a0salas de\u00a0reciclaje\u00a0y de\u00a0recolecci\u00f3n\u00a0de\u00a0residuos\u00a0tienen\u00a0frecuentemente\u00a0problemas\u00a0debido\u00a0al\u00a0olor\u00a0desagradable. Las\u00a0exigencias\u00a0cada\u00a0vez\u00a0m\u00e1s\u00a0estrictas\u00a0para la\u00a0separaci\u00f3n\u00a0de los\u00a0residuos\u00a0significa\u00a0que\u00a0los\u00a0residentes\u00a0necesitan\u00a0visitar\u00a0estos\u00a0espacios\u00a0m\u00e1s\u00a0a\u00a0menudo\u00a0que\u00a0antes. Al\u00a0mismo\u00a0tiempo, la\u00a0recogida\u00a0y la\u00a0separaci\u00f3n\u00a0de\u00a0basuras\u00a0tiene\u00a0lugar\u00a0m\u00e1s\u00a0irregularmente,\u00a0hecho\u00a0que\u00a0incrementa\u00a0el\u00a0riesgo\u00a0de\u00a0higiene\u00a0y la\u00a0dimensi\u00f3n\u00a0del\u00a0problema\u00a0de\u00a0olor.<\/p>\n<p>En Suecia, el requisito de utilizar sistemas de refrigeraci\u00f3n para reducir el olor y los virus y bacterias en los cuartos de basura se elimin\u00f3 en 2009. Desde entonces hemos ayudado a cientos de propietarios, asociaciones de condominio y conjuntos industriales a mantener limpios los espacios donde la basura y los residuos se recolectan, separan y procesan. Hemos ayudado tambi\u00e9n a ahorrar miles de euros en costos de electricidad a trav\u00e9s del cambio a la tecnolog\u00eda de ozono.<\/p>\n<p>El ACT-3000 trata el aire con ozono. Usualmente se instala en lo alto de la pared, en un soporte de montaje dise\u00f1ado para ello. El ozono destruye los virus y las bacterias y disminuye el olor en el cuarto de basura. La operaci\u00f3n es autom\u00e1tica y el mantenimiento necesario es m\u00ednimo. Usualmente, el tratamiento se lleva a cabo a toda hora. La cantidad de ozono producido es baja y no afecta a los seres humanos o a los animales.<\/p>\n        <\/div>\n    <\/div>\n<\/div>\n\n<\/section>\n\n\n\n<section class=\"block product-block\" style=\"--bg: #ffffff; --tc: #000000; --button-bg: #299f23; --button-tc: #ffffff; --button-hover-bg: transparent; --button-hover-tc: #299f23;\" >\n    <div class=\"container-fluid\">\n        <div class=\"row justify-content-center top\">\n            <div class=\"col-md-12 editor_content\">\n                                            <\/div>\n        <\/div>\n        <div class=\"row justify-content-center bottom\">\n            <div class=\"col-md-6 editor_content\">\n                <h3>Purificaci\u00f3n con ozono a trav\u00e9s del ACT-3000<\/h3>\n<p>La cantidad de ozono y el tiempo de producci\u00f3n necesarios dependen de la dimensi\u00f3n del cuarto de basuras y de la seriedad del problema de olor. El tiempo de tratamiento puede variar, pero en un cuarto donde el problema de olor es constante, se recomienda aplicar el tratamiento de manera continua, a toda hora. El ACT-3000 es f\u00e1cil de utilizar y el coste operativo es m\u00ednimo.<\/p>\n<p>El ACT-3000 est\u00e1 desarrollado y fabricado en Suecia por Ozonetech. Nuestras soluciones a medida para la purificaci\u00f3n del aire y del agua se encuentran a escala mundial en conjuntos industriales, plantas de tratamiento de aguas residuales, f\u00e1bricas de levadura, la industria farmac\u00e9utica, cervecer\u00edas, invernaderos y centros comerciales. Somos una empresa ganadora de m\u00faltiples premios, que est\u00e1 creciendo r\u00e1pidamente.<\/p>\n<p>El ACT-3000\/3000P est\u00e1 desarrollado para el saneamiento y desinfecci\u00f3n profesional en la industria, el sector de servicios y la administraci\u00f3n p\u00fablica.<\/p>\n\n                            <\/div>\n            <div class=\"col-md-6 text-center\">\n                                    <img loading=\"lazy\" decoding=\"async\" width=\"1153\" height=\"1132\" src=\"https:\/\/ozonetech.com\/wp-content\/uploads\/2021\/02\/Ozonetech-ACT-3000-13.png\" class=\"attachment-full size-full\" alt=\"ACT-3000\" srcset=\"https:\/\/ozonetech.com\/wp-content\/uploads\/2021\/02\/Ozonetech-ACT-3000-13.png 1153w, https:\/\/ozonetech.com\/wp-content\/uploads\/2021\/02\/Ozonetech-ACT-3000-13-300x295.png 300w, https:\/\/ozonetech.com\/wp-content\/uploads\/2021\/02\/Ozonetech-ACT-3000-13-1024x1005.png 1024w, https:\/\/ozonetech.com\/wp-content\/uploads\/2021\/02\/Ozonetech-ACT-3000-13-768x754.png 768w\" sizes=\"auto, (max-width: 1153px) 100vw, 1153px\" \/>                \n                <a href='https:\/\/ozonetech.com\/es\/productos\/generadores-de-ozono\/serie-act\/' class='btn' target=''>Solicitar presupuesto<\/a>            <\/div>\n        <\/div>\n    <\/div>\n<\/section>\n\n\n\n<section\n    id=\"\"\n    class=\"block content-block\"\n\tstyle=\"--cb-bg: #e6e6e6; --cb-content: #000; padding-top: 30px; padding-bottom: 30px;\"\n>\n    \n\n<div class=\"container-fluid editor_content content content--narrow\">\n    <div class=\"row\">\n        <div class=\"col-12 editor_content\">\n            <h4>Tratamiento sencillo, siga estos pasos:<\/h4>\n<p>1. Posicione el ACT-3000 en la habitaci\u00f3n, preferiblemente situado en lo alto<br \/>\n2. Cierre todas las puertas y las ventanas<br \/>\n3. Conecte el ACT-3000 a la corriente<br \/>\n4. Ajuste la producci\u00f3n de ozono entre 0 y 100%<br \/>\n5. Salga de la habitaci\u00f3n y cierre la puerta<br \/>\n6. Puede elegir usted mismo cu\u00e1nto debe durar el tratamiento<br \/>\n7. Cuando quiere finalizar el tratamiento, entre en la habitaci\u00f3n y apague el generador de ozono. Luego abra las ventanas para eliminar el exceso de ozono m\u00e1s r\u00e1pidamente. Salga de la habitaci\u00f3n para que el resto del ozono se oxide.<br \/>\n8. Nota: Es aconsejable que utilice un temporizador para medir la duraci\u00f3n del tratamiento<\/p>\n        <\/div>\n    <\/div>\n<\/div>\n\n<\/section>\n","protected":false},"excerpt":{"rendered":"","protected":false},"author":21,"featured_media":0,"parent":36582,"menu_order":0,"comment_status":"closed","ping_status":"closed","template":"","meta":{"_acf_changed":false,"_seopress_robots_primary_cat":"","_seopress_titles_title":"","_seopress_titles_desc":"Hemos ayudado a cientos de propietarios, comunidades de vecinos e industrias a minimizar los olores en la recogida y separaci\u00f3n de basuras.","_seopress_robots_index":"","inline_featured_image":false,"footnotes":""},"class_list":["post-36653","page","type-page","status-publish","hentry"],"acf":[],"_links":{"self":[{"href":"https:\/\/ozonetech.com\/es\/wp-json\/wp\/v2\/pages\/36653","targetHints":{"allow":["GET"]}}],"collection":[{"href":"https:\/\/ozonetech.com\/es\/wp-json\/wp\/v2\/pages"}],"about":[{"href":"https:\/\/ozonetech.com\/es\/wp-json\/wp\/v2\/types\/page"}],"author":[{"embeddable":true,"href":"https:\/\/ozonetech.com\/es\/wp-json\/wp\/v2\/users\/21"}],"replies":[{"embeddable":true,"href":"https:\/\/ozonetech.com\/es\/wp-json\/wp\/v2\/comments?post=36653"}],"version-history":[{"count":11,"href":"https:\/\/ozonetech.com\/es\/wp-json\/wp\/v2\/pages\/36653\/revisions"}],"predecessor-version":[{"id":41681,"href":"https:\/\/ozonetech.com\/es\/wp-json\/wp\/v2\/pages\/36653\/revisions\/41681"}],"up":[{"embeddable":true,"href":"https:\/\/ozonetech.com\/es\/wp-json\/wp\/v2\/pages\/36582"}],"wp:attachment":[{"href":"https:\/\/ozonetech.com\/es\/wp-json\/wp\/v2\/media?parent=36653"}],"curies":[{"name":"wp","href":"https:\/\/api.w.org\/{rel}","templated":true}]}}