{"id":36612,"date":"2020-06-26T14:09:19","date_gmt":"2020-06-26T14:09:19","guid":{"rendered":"https:\/\/ozonetech.com\/aplicaciones\/olor-y-saneamiento\/digester-chamber\/"},"modified":"2024-10-10T10:42:53","modified_gmt":"2024-10-10T08:42:53","slug":"biodigestores-un-problema-de-olor","status":"publish","type":"page","link":"https:\/\/ozonetech.com\/es\/aplicaciones\/olor-y-saneamiento\/biodigestores-un-problema-de-olor\/","title":{"rendered":"Biodigestores \u2013 un problema de olor"},"content":{"rendered":"\n<section\n    class=\"block hero hero--regular\"\n    style=\"background-image: url('https:\/\/ozonetech.com\/wp-content\/uploads\/2021\/02\/digester-chamber-1-1600x484.jpg'); --hero-opacity: 0.3\"\n>\n\n    <div class=\"container-fluid\">\n\n        <div class=\"content editor_content\">\n                         \n                <h2 class='h2'>Biodigestores \u2013 un problema de olor<\/h2>            \n                    <\/div>\n\n            <\/div>\n<\/section>\n\n\n<section class=\"component component_breadcrumbs\">\n\t<div class=\"container-fluid\">\n  \t<\/div>\n<\/section>\n\n\n<section\n    id=\"\"\n    class=\"block content-block\"\n\tstyle=\"--cb-bg: white; --cb-content: #000; padding-top: 30px; padding-bottom: 30px;\"\n>\n    \n\n<div class=\"container-fluid editor_content content content--narrow\">\n    <div class=\"row\">\n        <div class=\"col-12 editor_content\">\n            <h1>Control eficiente de olores en biodigestores<\/h1>\n<p class=\"preamble\">En los biodigestores, el lodo es descompuesto (digerido) por microorganismos y durante el proceso de descomposici\u00f3n se forma el biog\u00e1s, pero tambi\u00e9n H<sub>2<\/sub>S, el \u00e1cido sulfh\u00eddrico, que tiene un olor intenso y desagradable.<\/p>\n<p>El ACT-3000 se puede utilizar en biodigestores de dimensiones reducidas, por ejemplo en granjas, para la eliminaci\u00f3n del olor que se forma en el entorno. El ACT-3000P se puede utilizar para dirigir el ozono directamente dentro del biodigestor durante el proceso de descomposici\u00f3n. Para plantas de biog\u00e1s comerciales, recomendamos nuestro sistema de ozono de alta capacidad, RENA pro (hyperlink)<\/p>\n        <\/div>\n    <\/div>\n<\/div>\n\n<\/section>\n\n\n\n\n\n\n<section class=\"block product-block\" style=\"--bg: white; --tc: #000000; --button-bg: #299f23; --button-tc: #ffffff; --button-hover-bg: transparent; --button-hover-tc: #299f23;\" >\n    <div class=\"container-fluid\">\n        <div class=\"row justify-content-center top\">\n            <div class=\"col-md-12 editor_content\">\n                                            <\/div>\n        <\/div>\n        <div class=\"row justify-content-center bottom\">\n            <div class=\"col-md-6 editor_content\">\n                <h3>Purificaci\u00f3n con ozono a trav\u00e9s del ACT-3000<\/h3>\n<p>La cantidad de ozono y el tiempo de producci\u00f3n necesarios dependen del volumen que tiene el biodigestor y de los niveles de H<sub>2<\/sub>S que se forman. El tratamiento se puede suministrar seg\u00fan sea necesario, incluso a toda hora, dependiendo de la seriedad del problema de olor. El generador de ozono es sencillo de utilizar y el costo operacional es m\u00ednimo.<\/p>\n<p>Los modelos ACT-3000 y ACT-3000P est\u00e1n desarrollados y fabricados en Suecia por Ozonetech. Nuestras soluciones a medida para la purificaci\u00f3n del aire y del agua se encuentran a escala mundial en conjuntos industriales, plantas de tratamiento de aguas residuales, f\u00e1bricas de levadura, la industria farmac\u00e9utica, cervecer\u00edas, invernaderos y centros comerciales. Somos una empresa ganadora de m\u00faltiples premios, que est\u00e1 creciendo r\u00e1pidamente.<\/p>\n<p>El ACT-3000\/3000P est\u00e1 desarrollado para el saneamiento y desinfecci\u00f3n profesional en la industria, el sector de servicios y la administraci\u00f3n p\u00fablica.<\/p>\n\n                            <\/div>\n            <div class=\"col-md-6 text-center\">\n                                    <img loading=\"lazy\" decoding=\"async\" width=\"1153\" height=\"1132\" src=\"https:\/\/ozonetech.com\/wp-content\/uploads\/2021\/02\/Ozonetech-ACT-3000-13.png\" class=\"attachment-full size-full\" alt=\"ACT-3000\" srcset=\"https:\/\/ozonetech.com\/wp-content\/uploads\/2021\/02\/Ozonetech-ACT-3000-13.png 1153w, https:\/\/ozonetech.com\/wp-content\/uploads\/2021\/02\/Ozonetech-ACT-3000-13-300x295.png 300w, https:\/\/ozonetech.com\/wp-content\/uploads\/2021\/02\/Ozonetech-ACT-3000-13-1024x1005.png 1024w, https:\/\/ozonetech.com\/wp-content\/uploads\/2021\/02\/Ozonetech-ACT-3000-13-768x754.png 768w\" sizes=\"auto, (max-width: 1153px) 100vw, 1153px\" \/>                \n                <a href='https:\/\/ozonetech.com\/es\/productos\/generadores-de-ozono\/serie-act\/' class='btn' target=''>Solicitar presupuesto<\/a>            <\/div>\n        <\/div>\n    <\/div>\n<\/section>\n\n\n\n<section\n    id=\"\"\n    class=\"block content-block\"\n\tstyle=\"--cb-bg: #e6e6e6; --cb-content: #000; padding-top: 30px; padding-bottom: 30px;\"\n>\n    \n\n<div class=\"container-fluid editor_content content content--narrow\">\n    <div class=\"row\">\n        <div class=\"col-12 editor_content\">\n            <h4>Tratamiento sencillo, siga estos pasos:<\/h4>\n<p>1. Posicione el ACT-3000\/3000P en el soporte de montaje en pared<br \/>\n2. Cierre las ventanas\/dirija el tubo de ozono hacia el biodigestor<br \/>\n3. Ajuste la producci\u00f3n de ozono entre 0 y 100%<br \/>\n4. La producci\u00f3n de ozono se lleva a cabo usualmente a toda hora<br \/>\n5. Si hay necesidad, ajuste la producci\u00f3n de ozono.<\/p>\n        <\/div>\n    <\/div>\n<\/div>\n\n<\/section>\n","protected":false},"excerpt":{"rendered":"","protected":false},"author":21,"featured_media":0,"parent":36582,"menu_order":0,"comment_status":"closed","ping_status":"closed","template":"","meta":{"_acf_changed":false,"_seopress_robots_primary_cat":"","_seopress_titles_title":"","_seopress_titles_desc":"El generador de ozono ACT-3000 puede utilizarse para descomponer el sulfuro de hidr\u00f3geno, cuyo olor es intenso e inc\u00f3modo.","_seopress_robots_index":"","inline_featured_image":false,"footnotes":""},"class_list":["post-36612","page","type-page","status-publish","hentry"],"acf":[],"_links":{"self":[{"href":"https:\/\/ozonetech.com\/es\/wp-json\/wp\/v2\/pages\/36612","targetHints":{"allow":["GET"]}}],"collection":[{"href":"https:\/\/ozonetech.com\/es\/wp-json\/wp\/v2\/pages"}],"about":[{"href":"https:\/\/ozonetech.com\/es\/wp-json\/wp\/v2\/types\/page"}],"author":[{"embeddable":true,"href":"https:\/\/ozonetech.com\/es\/wp-json\/wp\/v2\/users\/21"}],"replies":[{"embeddable":true,"href":"https:\/\/ozonetech.com\/es\/wp-json\/wp\/v2\/comments?post=36612"}],"version-history":[{"count":13,"href":"https:\/\/ozonetech.com\/es\/wp-json\/wp\/v2\/pages\/36612\/revisions"}],"predecessor-version":[{"id":40695,"href":"https:\/\/ozonetech.com\/es\/wp-json\/wp\/v2\/pages\/36612\/revisions\/40695"}],"up":[{"embeddable":true,"href":"https:\/\/ozonetech.com\/es\/wp-json\/wp\/v2\/pages\/36582"}],"wp:attachment":[{"href":"https:\/\/ozonetech.com\/es\/wp-json\/wp\/v2\/media?parent=36612"}],"curies":[{"name":"wp","href":"https:\/\/api.w.org\/{rel}","templated":true}]}}