{"id":36591,"date":"2020-06-24T12:19:24","date_gmt":"2020-06-24T12:19:24","guid":{"rendered":"https:\/\/ozonetech.com\/aplicaciones\/olor-y-saneamiento\/air-conditioning\/"},"modified":"2024-10-22T09:08:26","modified_gmt":"2024-10-22T07:08:26","slug":"aire-acondicionado","status":"publish","type":"page","link":"https:\/\/ozonetech.com\/es\/aplicaciones\/olor-y-saneamiento\/aire-acondicionado\/","title":{"rendered":"Aire acondicionado"},"content":{"rendered":"\n<section\n    class=\"block hero hero--regular\"\n    style=\"background-image: url('https:\/\/ozonetech.com\/wp-content\/uploads\/2024\/10\/Edited-air-condition.jpg'); --hero-opacity: 0.5\"\n>\n\n    <div class=\"container-fluid\">\n\n        <div class=\"content editor_content\">\n                         \n                <h2 class='h2'>Aire acondicionado &#8211; bacterias y hongos<\/h2>            \n                    <\/div>\n\n            <\/div>\n<\/section>\n\n\n<section class=\"component component_breadcrumbs\">\n\t<div class=\"container-fluid\">\n  \t<\/div>\n<\/section>\n\n\n<section\n    id=\"\"\n    class=\"block content-block\"\n\tstyle=\"--cb-bg: white; --cb-content: #000; padding-top: 30px; padding-bottom: 30px;\"\n>\n    \n\n<div class=\"container-fluid editor_content content content--narrow\">\n    <div class=\"row\">\n        <div class=\"col-12 editor_content\">\n            <h1>Prevenga el recubrimiento biol\u00f3gico y neutralice las esporas y los pat\u00f3genos aerotransportados en los sistemas de aire acondicionado<\/h1>\n<p class=\"preamble\">Las\u00a0bacterias\u00a0y los\u00a0hongos\u00a0aerotransportados\u00a0son\u00a0un\u00a0serio\u00a0riesgo\u00a0para la\u00a0salud\u00a0y\u00a0una\u00a0fuente\u00a0de\u00a0malos\u00a0olores\u00a0en los sistemas de\u00a0aire\u00a0acondicionado.<\/p>\n<p>La acumulaci\u00f3n de part\u00edculas org\u00e1nicas y la condensaci\u00f3n de la humedad acumulada en la bandeja de goteo y la tuber\u00eda son el medio perfecto para el desarrollo de recubrimientos biol\u00f3gicos. Esto no solo resulta en altos niveles de bacterias y hongos que llegan a ser aerotransportados dentro y alrededor del edificio a trav\u00e9s del sistema de recirculaci\u00f3n, pero tambi\u00e9n reduce la eficiencia de la transferencia de calor de dichos sistemas.<\/p>\n<p>Tratando los sistemas de aire acondicionados con ozono se pueden prevenir los recubrimientos biol\u00f3gicos.<\/p>\n<p>Esto elimina el olor desagradable y disminuye el problemas de salud como reacciones al\u00e9rgicas, irritaciones, resfr\u00edos y legionelosis. El ozono no solo es el m\u00e1s fuerte oxidante disponible para esta aplicaci\u00f3n: el equipamiento tiene costos de mantenimiento muy bajos y esto lo hace adem\u00e1sde la opci\u00f3n m\u00e1s eficiente, la m\u00e1s sencilla.<\/p>\n<p>El\u00a0ozono\u00a0puede\u00a0ser\u00a0utilizado\u00a0para la\u00a0prevenci\u00f3n\u00a0de\u00a0recubrimiento\u00a0biol\u00f3gico\u00a0y\u00a0minimizar\u00a0las\u00a0esporas, los virus y\u00a0las\u00a0bacterias. El\u00a0saneamiento\u00a0de los sistemas de\u00a0aire\u00a0acondicionado\u00a0puede\u00a0llevarse\u00a0a\u00a0cabo, por\u00a0ejemplo, en\u00a0habitaciones\u00a0de\u00a0hotel,\u00a0casas, bares,\u00a0restaurantes,\u00a0aeronaves,\u00a0escuelas,\u00a0oficinas\u00a0e\u00a0instalaciones\u00a0para\u00a0conferencias\u00a0entre\u00a0otros.<\/p>\n        <\/div>\n    <\/div>\n<\/div>\n\n<\/section>\n\n\n\n<section class=\"block product-block\" style=\"--bg: white; --tc: #000000; --button-bg: #299f23; --button-tc: #ffffff; --button-hover-bg: transparent; --button-hover-tc: #299f23;\" >\n    <div class=\"container-fluid\">\n        <div class=\"row justify-content-center top\">\n            <div class=\"col-md-12 editor_content\">\n                                            <\/div>\n        <\/div>\n        <div class=\"row justify-content-center bottom\">\n            <div class=\"col-md-6 editor_content\">\n                <h3>Purificaci\u00f3n con ozono a trav\u00e9s del ACT-3000<\/h3>\n<p>La cantidad de ozono y el tiempo de producci\u00f3n necesarios dependen del flujo de aire en el sistema de ventilaci\u00f3n y de la cantidad de virus y bacterias. El tiempo de tratamiento puede variar. Se recomienda que el generador de ozono funcione durante la noche o cuando el negocio est\u00e1 cerrado. Si el sistema de ventilaci\u00f3n tiene la longitud suficiente para permitir que el ozono se descomponga antes de pasar a trav\u00e9s del escape de la habitaci\u00f3n, el tratamiento se puede llevar a cabo a toda hora.<\/p>\n<p>El ACT-3000 est\u00e1 desarrollado y fabricado en Suecia por Ozonetech. Nuestras soluciones a medida para la purificaci\u00f3n del aire y del agua se encuentran a escala mundial en conjuntos industriales, plantas de tratamiento de aguas residuales, f\u00e1bricas de levadura, la industria farmac\u00e9utica, cervecer\u00edas, invernaderos y centros comerciales. Somos una empresa ganadora de m\u00faltiples premios, que est\u00e1 creciendo r\u00e1pidamente.<\/p>\n<p><em>El ACT-3000\/3000P est\u00e1 desarrollado para el saneamiento y desinfecci\u00f3n profesional en la industria, el sector de servicio y la administraci\u00f3n p\u00fablica. <\/em><\/p>\n\n                            <\/div>\n            <div class=\"col-md-6 text-center\">\n                                    <img loading=\"lazy\" decoding=\"async\" width=\"1153\" height=\"1132\" src=\"https:\/\/ozonetech.com\/wp-content\/uploads\/2021\/02\/Ozonetech-ACT-3000-1.png\" class=\"attachment-full size-full\" alt=\"\" srcset=\"https:\/\/ozonetech.com\/wp-content\/uploads\/2021\/02\/Ozonetech-ACT-3000-1.png 1153w, https:\/\/ozonetech.com\/wp-content\/uploads\/2021\/02\/Ozonetech-ACT-3000-1-300x295.png 300w, https:\/\/ozonetech.com\/wp-content\/uploads\/2021\/02\/Ozonetech-ACT-3000-1-1024x1005.png 1024w, https:\/\/ozonetech.com\/wp-content\/uploads\/2021\/02\/Ozonetech-ACT-3000-1-768x754.png 768w\" sizes=\"auto, (max-width: 1153px) 100vw, 1153px\" \/>                \n                <a href='https:\/\/ozonetech.com\/es\/productos\/generadores-de-ozono\/serie-act\/' class='btn' target=''>Solicitar presupuesto<\/a>            <\/div>\n        <\/div>\n    <\/div>\n<\/section>\n\n\n\n\n\n\n<section\n    id=\"\"\n    class=\"block content-block\"\n\tstyle=\"--cb-bg: #e6e6e6; --cb-content: #000; padding-top: 30px; padding-bottom: 30px;\"\n>\n    \n\n<div class=\"container-fluid editor_content content content--narrow\">\n    <div class=\"row\">\n        <div class=\"col-12 editor_content\">\n            <h4>Tratamiento sencillo, haga esto:<\/h4>\n<p>1. Posicione\u00a0el ACT-3000 en la\u00a0habitaci\u00f3n,\u00a0preferiblemente\u00a0en lo\u00a0alto<br \/>\n2. Cierre\u00a0todas\u00a0las\u00a0puertas\u00a0y\u00a0las\u00a0ventanas<br \/>\n3. Conecte\u00a0el ACT-3000 a la\u00a0corriente<br \/>\n4. Ajuste la producci\u00f3n de ozono entre 0 y 100%<br \/>\n5. Salga\u00a0de la\u00a0habitaci\u00f3n\u00a0y\u00a0cierre\u00a0la\u00a0puerta<br \/>\n6. Puede\u00a0elegir\u00a0usted\u00a0mismo\u00a0cu\u00e1nto\u00a0debe\u00a0durar\u00a0el\u00a0tratamiento<br \/>\n7. Cuando quiere finalizar el tratamiento, entre en la habitaci\u00f3n y apague el generador de ozono. Luego abra las ventanas para eliminar el exceso de ozono m\u00e1s r\u00e1pidamente. Salga de la habitaci\u00f3n para que el resto del ozono se oxide.<br \/>\n8. Nota: Es\u00a0aconsejable\u00a0que\u00a0utilice\u00a0un\u00a0temporizador\u00a0para\u00a0medir\u00a0la\u00a0duraci\u00f3n\u00a0del\u00a0tratamiento<\/p>\n        <\/div>\n    <\/div>\n<\/div>\n\n<\/section>\n","protected":false},"excerpt":{"rendered":"","protected":false},"author":21,"featured_media":0,"parent":36582,"menu_order":0,"comment_status":"closed","ping_status":"closed","template":"","meta":{"_acf_changed":false,"_seopress_robots_primary_cat":"","_seopress_titles_title":"","_seopress_titles_desc":"Tratando el sistema de aire acondicionado con ozono, se puede eliminar el recubrimiento biol\u00f3gico y esporas, los virus y las bacterias","_seopress_robots_index":"","inline_featured_image":false,"footnotes":""},"class_list":["post-36591","page","type-page","status-publish","hentry"],"acf":[],"_links":{"self":[{"href":"https:\/\/ozonetech.com\/es\/wp-json\/wp\/v2\/pages\/36591","targetHints":{"allow":["GET"]}}],"collection":[{"href":"https:\/\/ozonetech.com\/es\/wp-json\/wp\/v2\/pages"}],"about":[{"href":"https:\/\/ozonetech.com\/es\/wp-json\/wp\/v2\/types\/page"}],"author":[{"embeddable":true,"href":"https:\/\/ozonetech.com\/es\/wp-json\/wp\/v2\/users\/21"}],"replies":[{"embeddable":true,"href":"https:\/\/ozonetech.com\/es\/wp-json\/wp\/v2\/comments?post=36591"}],"version-history":[{"count":13,"href":"https:\/\/ozonetech.com\/es\/wp-json\/wp\/v2\/pages\/36591\/revisions"}],"predecessor-version":[{"id":41662,"href":"https:\/\/ozonetech.com\/es\/wp-json\/wp\/v2\/pages\/36591\/revisions\/41662"}],"up":[{"embeddable":true,"href":"https:\/\/ozonetech.com\/es\/wp-json\/wp\/v2\/pages\/36582"}],"wp:attachment":[{"href":"https:\/\/ozonetech.com\/es\/wp-json\/wp\/v2\/media?parent=36591"}],"curies":[{"name":"wp","href":"https:\/\/api.w.org\/{rel}","templated":true}]}}