{"id":36553,"date":"2021-01-08T15:15:15","date_gmt":"2021-01-08T14:15:15","guid":{"rendered":"https:\/\/ozonetech.com\/aplicaciones\/kitchen-exhaust\/"},"modified":"2024-10-09T16:56:54","modified_gmt":"2024-10-09T14:56:54","slug":"extraccion-en-cocinas-comerciales","status":"publish","type":"page","link":"https:\/\/ozonetech.com\/es\/aplicaciones\/extraccion-en-cocinas-comerciales\/","title":{"rendered":"Extracci\u00f3n en cocinas comerciales"},"content":{"rendered":"\n<section\n    class=\"block hero hero--regular\"\n    style=\"background-image: url('https:\/\/ozonetech.com\/wp-content\/uploads\/2021\/03\/kitchen-1600x484.jpg'); --hero-opacity: 0.3\"\n>\n\n    <div class=\"container-fluid\">\n\n        <div class=\"content editor_content\">\n                         \n                <h2 class='h2'>Extracci\u00f3n en cocinas comerciales<\/h2>            \n                    <\/div>\n\n            <\/div>\n<\/section>\n\n\n<section class=\"component component_breadcrumbs\">\n\t<div class=\"container-fluid\">\n  \t<\/div>\n<\/section>\n\n\n<section\n    id=\"\"\n    class=\"block content-block\"\n\tstyle=\"--cb-bg: #fff; --cb-content: #000; \"\n>\n    \n\n<div class=\"container-fluid editor_content content content--narrow\">\n    <div class=\"row\">\n        <div class=\"col-12 editor_content\">\n            <h1>Una amplia gama de aplicaciones para la extracci\u00f3n en cocinas<\/h1>\n<p class=\"preamble\" style=\"text-align: left;\">Los restaurantes y las cocinas comerciales equipadas con una freidora, una parrilla, un wok o una plancha exigen un sistema de tratamiento de aire muy funcional. La cocina debe ser ign\u00edfuga, as\u00ed como eficiente desde el punto de vista de la purificaci\u00f3n y los costes.<\/p>\n<p style=\"text-align: left;\">Se requiere una gran capacidad de limpieza para eliminar la grasa y los olores de la cocina en el aire de extracci\u00f3n. Nuestra experiencia demuestra que los flujos de aire con grasa necesitan el sistema de alto rendimiento <a href=\"https:\/\/ozonetech.com\/es\/soluciones-y-sistemas\/extraccion-en-cocinas-comerciales\/rena-soluciones-de-cocinas\/\">RENA Soluciones de Cocinas de Ozonetech<\/a> para cumplir la tarea. Hasta ahora, estos sistemas s\u00f3lo estaban disponibles para el mercado industrial, pero ahora podemos ofrecer sus ventajas \u00fanicas a todos los restaurantes y cocinas comerciales.<\/p>\n<p style=\"text-align: left;\">El tratamiento del aire de escape de las cocinas comerciales tiene muchas ventajas, como por ejemplo: reducir significativamente el riesgo de incendio, minimizar los problemas de olores, optimizar la recuperaci\u00f3n de calor, reducir el coste total de propiedad y disminuir el impacto medioambiental de la cocina.<\/p>\n<p style=\"text-align: left;\">El aire de escape mal purificado de los restaurantes y cocinas comerciales suele causar problemas de olores que afectan a los vecinos. Esto puede llevar a advertencias de las autoridades e incluso al cierre del negocio si el problema no se soluciona inmediatamente. <a href=\"https:\/\/ozonetech.com\/es\/soluciones-y-sistemas\/extraccion-en-cocinas-comerciales\/rena-soluciones-de-cocinas\/\">RENA Soluciones de cocinas de Ozonetech<\/a> garantiza la eliminaci\u00f3n total de este tipo de problemas de olores.<\/p>\n<p style=\"text-align: left;\">Adem\u00e1s de los beneficios obvios de la limpieza del aire de escape de cocinas y restaurantes, es esencial tener en cuenta las normas y recomendaciones del sector para conseguir un entorno de trabajo m\u00e1s seguro y agradable. Las soluciones de Ozonetech cumplen plenamente las \u00faltimas normas de la UE sobre ventilaci\u00f3n en cocinas comerciales. Haga clic <a href=\"https:\/\/ozonetech.com\/wp-content\/uploads\/2020\/12\/Brochure-EU-standard-Equipment-for-commercial-kitchens-v1.5-EN-web.pdf\">aqu\u00ed<\/a> para leer y descargar.<\/p>\n<p style=\"text-align: left;\">Ozonetech ofrece una amplia gama de soluciones sostenibles y eficientes para cocinas comerciales con gran capacidad de tratamiento para grandes caudales de aire y exigentes cargas de grasa en el aire de escape. Nuestras soluciones admiten una o varias campanas y unidades de tratamiento de aire (UTA) con bajos costes de operaci\u00f3n y de mantenimiento.<\/p>\n<p style=\"text-align: left;\">Lea m\u00e1s sobre nuestras soluciones para tratar el aire de escape de las cocinas:<\/p>\n        <\/div>\n    <\/div>\n<\/div>\n\n<\/section>\n\n\n\n<section class=\"block landing-page-grid\" style=\"--grid-bg: #fff; --grid-link: #5f5f5f; --grid-content: #000;\">\n\n    <div class=\"container-fluid grid\">\n\n                \n                    <div class=\"grid__list\">\n                                    <a class=\"item\" href=\"https:\/\/ozonetech.com\/es\/aplicaciones\/extraccion-en-cocinas-comerciales\/tratamiento-del-aire-de-escape-en-las-cocinas-comerciales\/\" target=\"\">\n                        <span class=\"item__overlay\"><\/span>\n                        <span\n                            class=\"item__background-image\"\n                            style=\"background-image: url('https:\/\/ozonetech.com\/wp-content\/uploads\/2021\/02\/treating-kitchcen-exhaust-air-1.jpg');\"\n                        ><\/span>\n                        \n                        <span class=\"item__content\">\n                            <figure class=\"item__content--icon\">\n                                                            <\/figure>\n\n                            <span class=\"item__content--link\">\n                                <span>Tratamiento del aire de escape en las cocinas comerciales<\/span><svg version=\"1.1\" id=\"Layer_1\" xmlns=\"http:\/\/www.w3.org\/2000\/svg\" x=\"0\" y=\"0\" viewBox=\"0 0 25 21.76\" xml:space=\"preserve\"><path fill=\"#FF691C\" d=\"M12.17 1.45l1.11-1.1c.46-.47 1.22-.47 1.68 0l9.69 9.68c.47.46.47 1.22 0 1.68l-9.69 9.69c-.46.47-1.22.47-1.68 0l-1.11-1.11c-.47-.47-.46-1.23.01-1.7l.01-.01 6-5.72h-17c-.66 0-1.2-.53-1.2-1.19v-1.6c0-.66.53-1.2 1.19-1.2h17.01l-6-5.72c-.48-.45-.5-1.2-.05-1.68.01 0 .02-.01.03-.02z\"\/><\/svg>                            <\/span>\n                        <\/span>\n                    <\/a>\n                                    <a class=\"item\" href=\"https:\/\/ozonetech.com\/es\/aplicaciones\/extraccion-en-cocinas-comerciales\/estandares-y-reglamentos\/\" target=\"\">\n                        <span class=\"item__overlay\"><\/span>\n                        <span\n                            class=\"item__background-image\"\n                            style=\"background-image: url('https:\/\/ozonetech.com\/wp-content\/uploads\/2021\/02\/Standards-and-regulations.jpg');\"\n                        ><\/span>\n                        \n                        <span class=\"item__content\">\n                            <figure class=\"item__content--icon\">\n                                                            <\/figure>\n\n                            <span class=\"item__content--link\">\n                                <span>Est\u00e1ndares y reglamentos<\/span><svg version=\"1.1\" id=\"Layer_1\" xmlns=\"http:\/\/www.w3.org\/2000\/svg\" x=\"0\" y=\"0\" viewBox=\"0 0 25 21.76\" xml:space=\"preserve\"><path fill=\"#FF691C\" d=\"M12.17 1.45l1.11-1.1c.46-.47 1.22-.47 1.68 0l9.69 9.68c.47.46.47 1.22 0 1.68l-9.69 9.69c-.46.47-1.22.47-1.68 0l-1.11-1.11c-.47-.47-.46-1.23.01-1.7l.01-.01 6-5.72h-17c-.66 0-1.2-.53-1.2-1.19v-1.6c0-.66.53-1.2 1.19-1.2h17.01l-6-5.72c-.48-.45-.5-1.2-.05-1.68.01 0 .02-.01.03-.02z\"\/><\/svg>                            <\/span>\n                        <\/span>\n                    <\/a>\n                            <\/div>\n            <\/div>\n\n<\/section>","protected":false},"excerpt":{"rendered":"","protected":false},"author":42,"featured_media":0,"parent":36485,"menu_order":0,"comment_status":"closed","ping_status":"closed","template":"","meta":{"_acf_changed":false,"_seopress_robots_primary_cat":"","_seopress_titles_title":"","_seopress_titles_desc":"El tratamiento del aire de las cocinas comerciales con ozono disminuye el los olores, el riesgo de incendio y el impacto ambiental.","_seopress_robots_index":"","inline_featured_image":false,"footnotes":""},"class_list":["post-36553","page","type-page","status-publish","hentry"],"acf":[],"_links":{"self":[{"href":"https:\/\/ozonetech.com\/es\/wp-json\/wp\/v2\/pages\/36553","targetHints":{"allow":["GET"]}}],"collection":[{"href":"https:\/\/ozonetech.com\/es\/wp-json\/wp\/v2\/pages"}],"about":[{"href":"https:\/\/ozonetech.com\/es\/wp-json\/wp\/v2\/types\/page"}],"author":[{"embeddable":true,"href":"https:\/\/ozonetech.com\/es\/wp-json\/wp\/v2\/users\/42"}],"replies":[{"embeddable":true,"href":"https:\/\/ozonetech.com\/es\/wp-json\/wp\/v2\/comments?post=36553"}],"version-history":[{"count":12,"href":"https:\/\/ozonetech.com\/es\/wp-json\/wp\/v2\/pages\/36553\/revisions"}],"predecessor-version":[{"id":40238,"href":"https:\/\/ozonetech.com\/es\/wp-json\/wp\/v2\/pages\/36553\/revisions\/40238"}],"up":[{"embeddable":true,"href":"https:\/\/ozonetech.com\/es\/wp-json\/wp\/v2\/pages\/36485"}],"wp:attachment":[{"href":"https:\/\/ozonetech.com\/es\/wp-json\/wp\/v2\/media?parent=36553"}],"curies":[{"name":"wp","href":"https:\/\/api.w.org\/{rel}","templated":true}]}}