{"id":36534,"date":"2020-06-23T10:56:08","date_gmt":"2020-06-23T10:56:08","guid":{"rendered":"https:\/\/ozonetech.com\/aplicaciones\/tratamiento-de-aire\/voc-removal\/"},"modified":"2024-10-09T16:51:09","modified_gmt":"2024-10-09T14:51:09","slug":"eliminacion-de-cov","status":"publish","type":"page","link":"https:\/\/ozonetech.com\/es\/aplicaciones\/tratamiento-de-aire\/eliminacion-de-cov\/","title":{"rendered":"Eliminaci\u00f3n de COV"},"content":{"rendered":"\n<section\n    class=\"block hero hero--regular\"\n    style=\"background-image: url('https:\/\/ozonetech.com\/wp-content\/uploads\/2021\/02\/VOC-removal-2-1600x484.jpg'); --hero-opacity: 0\"\n>\n\n    <div class=\"container-fluid\">\n\n        <div class=\"content editor_content\">\n                         \n                <h2 class='h2'>Eliminaci\u00f3n de COV<\/h2>            \n                    <\/div>\n\n            <\/div>\n<\/section>\n\n\n<section class=\"component component_breadcrumbs\">\n\t<div class=\"container-fluid\">\n  \t<\/div>\n<\/section>\n\n\n<section\n    id=\"\"\n    class=\"block content-block\"\n\tstyle=\"--cb-bg: white; --cb-content: #000; padding-top: 30px; padding-bottom: 30px;\"\n>\n    \n\n<div class=\"container-fluid editor_content content content--narrow\">\n    <div class=\"row\">\n        <div class=\"col-12 editor_content\">\n            <h1>Eliminaci\u00f3n eficiente y sostenible de COV con ozono y POA<\/h1>\n<p class=\"preamble\">El t\u00e9rmino COV (compuestos org\u00e1nicos vol\u00e1tiles) se refiere a una amplia gama de compuestos qu\u00edmicos. Todos los COV son productos qu\u00edmicos org\u00e1nicos (esto es, que contienen carbono) con una elevada presi\u00f3n de vapor a temperatura ambiente. Este grupo de compuestos se divide en categor\u00edas como atom\u00e1ticos, aldehidos o hidrocarbonos. Cada categor\u00eda tiene diferentes propiedades qu\u00edmicas, dando lugar a varios problemas medioambientales.<\/p>\n<h3>Fuentes de emisi\u00f3n<\/h3>\n<p>Los COV son emitidos por diversas fuentes a lo largo de todo Europa. Los m\u00e1s comunes son los \u00abprocesos industriales\u00bb y el \u00abconsumo de combustible comercial, institucional y dom\u00e9stico\u00bb. \u00danicamente esas dos fuentes combinadas emiten dos tercios de las emisiones totales Europeas, por lo que ser\u00e1n el foco de atenci\u00f3n de esta p\u00e1gina.<\/p>\n<h4><\/h4>\n<p>&nbsp;<\/p>\n<h4 style=\"text-align: center;\">VOC emission sources<\/h4>\n<div id=\"attachment_37709\" style=\"width: 1034px\" class=\"wp-caption aligncenter\"><img loading=\"lazy\" decoding=\"async\" aria-describedby=\"caption-attachment-37709\" class=\"size-large wp-image-37709\" src=\"https:\/\/ozonetech.com\/wp-content\/uploads\/2021\/08\/VOC-emission-sources-es-1024x683.png\" alt=\"\" width=\"1024\" height=\"683\" srcset=\"https:\/\/ozonetech.com\/wp-content\/uploads\/2021\/08\/VOC-emission-sources-es-1024x683.png 1024w, https:\/\/ozonetech.com\/wp-content\/uploads\/2021\/08\/VOC-emission-sources-es-300x200.png 300w, https:\/\/ozonetech.com\/wp-content\/uploads\/2021\/08\/VOC-emission-sources-es-768x512.png 768w, https:\/\/ozonetech.com\/wp-content\/uploads\/2021\/08\/VOC-emission-sources-es.png 1501w\" sizes=\"auto, (max-width: 1024px) 100vw, 1024px\" \/><p id=\"caption-attachment-37709\" class=\"wp-caption-text\"><em>Figura 1. Fuentes de emisi\u00f3n COV en el Europa de los 28. Fuente: \u00abCalidad del aire en Europa \u2013 informe 2017\u00bb<\/em><\/p><\/div>\n<h4>Problemas medioambientales<\/h4>\n<p>La emisi\u00f3n de VOC en la atm\u00f3sfera causa problemas medioambientales. Algunos COV pueden causar problemas de olor debido a su alta intensidad de olor. Estos casos son frecuentes en las industrias de procesamiento de alimentos y plantas de tratamiento de aguas residuales. Otro problema relacionado con los COV es su toxicidad. Aunque el uso de muchos compuestos t\u00f3xicos ha sido estrictamente limitado, las emisiones de altas concentraciones puede contribuir a la formaci\u00f3n de un ambiente t\u00f3xico. Por este motivo se imponen regulaciones para reducir este riesgo Un ejemplo t\u00edpico es la emisi\u00f3n de disoluciones de industrias como la farmac\u00e9utica, textil, pintura y acabado.<\/p>\n        <\/div>\n    <\/div>\n<\/div>\n\n<\/section>\n\n\n\n\n\n\n\n\n\n<section\n    id=\"\"\n    class=\"block content-block\"\n\tstyle=\"--cb-bg: #e6e6e6; --cb-content: #000; padding-top: 30px; padding-bottom: 30px;\"\n>\n    \n\n<div class=\"container-fluid editor_content content content--narrow\">\n    <div class=\"row\">\n        <div class=\"col-12 editor_content\">\n            <h3>COV en aplicaciones comerciales e industriales<\/h3>\n        <\/div>\n    <\/div>\n<\/div>\n\n\n<div class=\"container-fluid editor_content content content--narrow\">\n    <div class=\"row\">\n        <div class=\"col-md-6\">\n            <h4><img loading=\"lazy\" decoding=\"async\" class=\"aligncenter wp-image-15166 size-full\" src=\"https:\/\/ozonetech.com\/wp-content\/uploads\/2021\/01\/Acetaldehyde-2.png\" alt=\"\" width=\"396\" height=\"201\" srcset=\"https:\/\/ozonetech.com\/wp-content\/uploads\/2021\/01\/Acetaldehyde-2.png 396w, https:\/\/ozonetech.com\/wp-content\/uploads\/2021\/01\/Acetaldehyde-2-300x152.png 300w\" sizes=\"auto, (max-width: 396px) 100vw, 396px\" \/>Acetaldeh\u00eddo (aldeh\u00eddos)<\/h4>\n<p>El acetaldeh\u00eddo corresponde a la categor\u00eda de aldeh\u00eddos. Se encuentra de manera natural en el caf\u00e9, pan, y fruta madura.<\/p>\n<p>El acetaldeh\u00eddo es uno de los contaminantes del aire m\u00e1s importante por ser t\u00f3xico, irritante y carcin\u00f3geno. Las emisiones de acetaldeh\u00eddo pueden causar tambi\u00e9n problemas de olor, especialmente cuando provienen de cocinas comerciales e industria de procesado de alimentos.<\/p>\n        <\/div>\n        <div class=\"col-md-6\">\n            <h4><strong><img loading=\"lazy\" decoding=\"async\" class=\"aligncenter wp-image-15186 size-full\" src=\"https:\/\/ozonetech.com\/wp-content\/uploads\/2021\/01\/Benzene-2.png\" alt=\"\" width=\"396\" height=\"201\" srcset=\"https:\/\/ozonetech.com\/wp-content\/uploads\/2021\/01\/Benzene-2.png 396w, https:\/\/ozonetech.com\/wp-content\/uploads\/2021\/01\/Benzene-2-300x152.png 300w\" sizes=\"auto, (max-width: 396px) 100vw, 396px\" \/><\/strong>Benceno (arom\u00e1ticos)<\/h4>\n<p>El benceno es uno de los compuestos arom\u00e1ticos m\u00e1s famosos. Ha sido ampliamente utilizado como solvente y actualmente es un importante intermediario en la industria qu\u00edmica.<\/p>\n<p>Debido a su conocida carcinogenicidad, el uso del benceno como disolvente ha sido sustituido casi por completo. Las emisiones industriales provenientes de industrias como la petroqu\u00edmica y producci\u00f3n qu\u00edmica necesitan ser cuidadosamente monitorizadas.<\/p>\n        <\/div>\n    <\/div>\n<\/div>\n<div class=\"container-fluid editor_content content content--narrow\">\n    <div class=\"row\">\n        <div class=\"col-md-6\">\n            <h4><img loading=\"lazy\" decoding=\"async\" class=\"aligncenter wp-image-15200 size-full\" src=\"https:\/\/ozonetech.com\/wp-content\/uploads\/2021\/01\/Acetone.png\" alt=\"\" width=\"396\" height=\"201\" srcset=\"https:\/\/ozonetech.com\/wp-content\/uploads\/2021\/01\/Acetone.png 396w, https:\/\/ozonetech.com\/wp-content\/uploads\/2021\/01\/Acetone-300x152.png 300w\" sizes=\"auto, (max-width: 396px) 100vw, 396px\" \/>Acetona (cetonas)<\/h4>\n<p>La acetona pertenece a la categor\u00eda de cetonas. Su uso es muy comun como disolvente en muchos procesos industriales.<\/p>\n<p>Aunque la acetona no tiene una elevada toxicidad, las emisiones con altas concentraciones est\u00e1n estrictamente reguladas. La acetona puede encontrarse en industrias tales como la farmac\u00e9utica, textil y la industria de la pintura.<\/p>\n        <\/div>\n        <div class=\"col-md-6\">\n            <h4><img loading=\"lazy\" decoding=\"async\" class=\"aligncenter wp-image-15207 size-full\" src=\"https:\/\/ozonetech.com\/wp-content\/uploads\/2021\/01\/Skatole-3.png\" alt=\"\" width=\"396\" height=\"201\" srcset=\"https:\/\/ozonetech.com\/wp-content\/uploads\/2021\/01\/Skatole-3.png 396w, https:\/\/ozonetech.com\/wp-content\/uploads\/2021\/01\/Skatole-3-300x152.png 300w\" sizes=\"auto, (max-width: 396px) 100vw, 396px\" \/>Escatol (arom\u00e1ticos)<\/h4>\n<p>El escatol pertenece a la categor\u00eda de arom\u00e1ticos. Se produce de manera natural en la digesti\u00f3n de prote\u00ednas. En bajas concentraciones, se utiliza como fragancia.<\/p>\n<p>Mientras que es agradable a bajas concentraciones, el escatol es maloliente a concentraciones elevadas. Se suele asociar con problemas de mal olor en plantas de tratamiento de aguas residuales.<\/p>\n        <\/div>\n    <\/div>\n<\/div>\n<div class=\"container-fluid editor_content content content--narrow\">\n    <div class=\"row\">\n        <div class=\"col-md-6\">\n            <h4><img loading=\"lazy\" decoding=\"async\" class=\"aligncenter wp-image-15144 size-full\" src=\"https:\/\/ozonetech.com\/wp-content\/uploads\/2021\/01\/Xylenes-2.png\" alt=\"\" width=\"396\" height=\"201\" srcset=\"https:\/\/ozonetech.com\/wp-content\/uploads\/2021\/01\/Xylenes-2.png 396w, https:\/\/ozonetech.com\/wp-content\/uploads\/2021\/01\/Xylenes-2-300x152.png 300w\" sizes=\"auto, (max-width: 396px) 100vw, 396px\" \/><\/h4>\n<h4>Xileno (arom\u00e1ticos)<\/h4>\n<p>El xileno pertenece a la categor\u00eda de arom\u00e1ticos. Son importantes intermediarios qu\u00edmicos utilizados en la producci\u00f3n de botellas de pl\u00e1stico PET.<\/p>\n<p>La emisi\u00f3n de xilenos al aire se asocia normalmente con problemas de olor, debido al bajo umbral de olor. Son adem\u00e1s t\u00f3xicos si son emitidos a altas concentraciones. Los xilenos son emitidos por plantas de producci\u00f3n de biog\u00e1s e industrias qu\u00edmicas.<\/p>\n        <\/div>\n        <div class=\"col-md-6\">\n            <p><img loading=\"lazy\" decoding=\"async\" class=\"aligncenter wp-image-15154 size-full\" src=\"https:\/\/ozonetech.com\/wp-content\/uploads\/2021\/01\/Limonene-3.png\" alt=\"\" width=\"396\" height=\"201\" srcset=\"https:\/\/ozonetech.com\/wp-content\/uploads\/2021\/01\/Limonene-3.png 396w, https:\/\/ozonetech.com\/wp-content\/uploads\/2021\/01\/Limonene-3-300x152.png 300w\" sizes=\"auto, (max-width: 396px) 100vw, 396px\" \/><\/p>\n<h3>Limoneno (terpenos)<\/h3>\n<p>El limoneno es uno de los terpenos m\u00e1s comunes. Es un compuesto mayoritario en el aceite de c\u00e1scaras de frutas c\u00edtricas, por lo que adopta su nombre de la palabra \u00ablim\u00f3n\u00bb.<\/p>\n<p>Las emisiones de limoneno se relacionan con problemas de olor debido a su bajo umbral de olor, y su elevada concentraci\u00f3n en muchos tipos de plantas. El limoneno es emitido por industrias de procesado de alimentos y biog\u00e1s.<\/p>\n        <\/div>\n    <\/div>\n<\/div>\n\n<div class=\"container-fluid editor_content content content--narrow\">\n    <div class=\"row\">\n        <div class=\"col-12 editor_content\">\n            <p><em>Somos especialistas en el an\u00e1lisis del tipo y la concentraci\u00f3n de COV en su caso concreto. Por favor, lea m\u00e1s <a href=\"https:\/\/ozonetech.com\/es\/soluciones-y-sistemas\/tratamiento-de-aire\/analisis-del-aire-y-de-los-olores\/\">aqu\u00ed<\/a>.<\/em><\/p>\n        <\/div>\n    <\/div>\n<\/div>\n\n<\/section>\n\n\n\n<section\n    id=\"\"\n    class=\"block content-block\"\n\tstyle=\"--cb-bg: white; --cb-content: #000; padding-top: 30px; padding-bottom: 30px;\"\n>\n    \n\n<div class=\"container-fluid editor_content content content--narrow\">\n    <div class=\"row\">\n        <div class=\"col-12 editor_content\">\n            <h3>Directivas y reglamentos sobre las emisiones de COV<\/h3>\n<p>Debido a los problemas medioambientales causados por los COV, hay varias directivas y reglamentos en vigor, tanto a nivel europeo como nacional (en Suecia). Las directivas europeas 2001\/81\/CE y la 2016\/2284 marcaron dos hitos importantes. La primera directiva establece los techos nacionales de emisi\u00f3n de COV de todas las fuentes que deben alcanzarse para el a\u00f1o 2010. La segunda directiva especifica el porcentaje de reducci\u00f3n de las emisiones COV, tanto para los pa\u00edses de manera individual como para todo el \u00e1rea UE. Desde el a\u00f1o 2001, la Union Europea se ha mostrado muy activa en cuanto a la reducci\u00f3n de compuestos COV, estableciendo objetivos de reducci\u00f3n elevados como se muestra en la siguiente figura.<\/p>\n<h4><\/h4>\n<div class=\"mceTemp\"><\/div>\n<div id=\"attachment_37704\" style=\"width: 1034px\" class=\"wp-caption aligncenter\"><img loading=\"lazy\" decoding=\"async\" aria-describedby=\"caption-attachment-37704\" class=\"size-large wp-image-37704\" src=\"https:\/\/ozonetech.com\/wp-content\/uploads\/2021\/08\/Reduction-of-VOC-emissions-es-1024x741.png\" alt=\"\" width=\"1024\" height=\"741\" srcset=\"https:\/\/ozonetech.com\/wp-content\/uploads\/2021\/08\/Reduction-of-VOC-emissions-es-1024x741.png 1024w, https:\/\/ozonetech.com\/wp-content\/uploads\/2021\/08\/Reduction-of-VOC-emissions-es-300x217.png 300w, https:\/\/ozonetech.com\/wp-content\/uploads\/2021\/08\/Reduction-of-VOC-emissions-es-768x556.png 768w, https:\/\/ozonetech.com\/wp-content\/uploads\/2021\/08\/Reduction-of-VOC-emissions-es.png 1501w\" sizes=\"auto, (max-width: 1024px) 100vw, 1024px\" \/><p id=\"caption-attachment-37704\" class=\"wp-caption-text\"><em>Figura 2. Reducci\u00f3n de las emisiones COV planeadas de acuerdo a la directiva 2016\/2284 para el \u00e1rea Europa de los 28 y para Suecia. El porcentaje de reducci\u00f3n se calcula en base a las emisiones para el a\u00f1o 2005. Se establecen dos hitos: el a\u00f1o 2020 y 2030.<\/em><\/p><\/div>\n<p>&nbsp;<\/p>\n<p>La directiva 2016\/2284 EU fue traspuesta en Suecia por el parlamento sueco con la regulaci\u00f3n SFS 2017:418.<\/p>\n        <\/div>\n    <\/div>\n<\/div>\n\n\n\n<div class=\"container-fluid editor_content content content--narrow\">\n    <div class=\"row\">\n        <div class=\"col-12 editor_content\">\n            <h4>Directivas y reglamentos sobre las emisiones de COV<\/h4>\n<p>Debido a los problemas medioambientales causados por los COV, hay varias directivas y reglamentos en vigor, tanto a nivel europeo como nacional (en Suecia). Las directivas europeas 2001\/81\/CE y la 2016\/2284 marcaron dos hitos importantes. La primera directiva establece los techos nacionales de emisi\u00f3n de COV de todas las fuentes que deben alcanzarse para el a\u00f1o 2010. La segunda directiva especifica el porcentaje de reducci\u00f3n de las emisiones COV, tanto para los pa\u00edses de manera individual como para todo el \u00e1rea UE. Desde el a\u00f1o 2001, la Union Europea se ha mostrado muy activa en cuanto a la reducci\u00f3n de compuestos COV, estableciendo objetivos de reducci\u00f3n elevados como se muestra en la siguiente figura.<\/p>\n<h3>Ozono y PAO para eliminaci\u00f3n de COV<\/h3>\n<p>No importa cual sea el prop\u00f3sito del tratamiento del aire, nosotros ofrecemos diversas soluciones para eliminar los COV provenientes de un gran n\u00famero de industrias. A continuaci\u00f3n se presenta un ejemplo de reducci\u00f3n de COV utilizando las tecnolog\u00edas de Ozonetech.<\/p>\n<p><img loading=\"lazy\" decoding=\"async\" class=\"size-large wp-image-37714 aligncenter\" src=\"https:\/\/ozonetech.com\/wp-content\/uploads\/2021\/08\/VOC-reduction-with-OTS-solutions-es-1024x741.png\" alt=\"\" width=\"1024\" height=\"741\" srcset=\"https:\/\/ozonetech.com\/wp-content\/uploads\/2021\/08\/VOC-reduction-with-OTS-solutions-es-1024x741.png 1024w, https:\/\/ozonetech.com\/wp-content\/uploads\/2021\/08\/VOC-reduction-with-OTS-solutions-es-300x217.png 300w, https:\/\/ozonetech.com\/wp-content\/uploads\/2021\/08\/VOC-reduction-with-OTS-solutions-es-768x556.png 768w, https:\/\/ozonetech.com\/wp-content\/uploads\/2021\/08\/VOC-reduction-with-OTS-solutions-es.png 1501w\" sizes=\"auto, (max-width: 1024px) 100vw, 1024px\" \/><\/p>\n<p>Incluso para altas concentraciones de COV, ofrecemos tecnolog\u00edas capaces de cumplir con estrictas regulaciones ambientales en t\u00e9rminos de reducci\u00f3n de COV.<\/p>\n        <\/div>\n    <\/div>\n<\/div>\n\n<\/section>\n\n\n\n\n\n\n<section\n    id=\"\"\n    class=\"block content-block\"\n\tstyle=\"--cb-bg: white; --cb-content: #000; padding-top: 30px; padding-bottom: 30px;\"\n>\n    \n\n<div class=\"container-fluid editor_content content content--narrow\">\n    <div class=\"row\">\n        <div class=\"col-12 editor_content\">\n            <h3>Sistemas y soluciones<\/h3>\n        <\/div>\n    <\/div>\n<\/div>\n\n\n<div class=\"container-fluid editor_content content content--narrow\">\n    <div class=\"row\">\n        <div class=\"col-md-6\">\n            <h4><img loading=\"lazy\" decoding=\"async\" class=\"aligncenter wp-image-15287 size-medium\" src=\"https:\/\/ozonetech.com\/wp-content\/uploads\/2021\/01\/RENA-Pro-C-1-228x300.png\" alt=\"\" width=\"228\" height=\"300\" srcset=\"https:\/\/ozonetech.com\/wp-content\/uploads\/2021\/01\/RENA-Pro-C-1-228x300.png 228w, https:\/\/ozonetech.com\/wp-content\/uploads\/2021\/01\/RENA-Pro-C-1.png 300w\" sizes=\"auto, (max-width: 228px) 100vw, 228px\" \/>RENA Pro<\/h4>\n<p>La soluci\u00f3n <a href=\"https:\/\/ozonetech.com\/es\/soluciones-y-sistemas\/tratamiento-de-aire\/sistemas-de-ozono-rena-pro\/\">RENA Pro<\/a> ofrece un tratamiento con ozono de alta calidad para el flujo del proceso basado. El ozono reacciona de manera r\u00e1pida con los COV emitidos, oxid\u00e1ndolos sin subproductos da\u00f1inos. Esto da como resultado un excelente tratamiento de COV, con una concentraci\u00f3n saliente por debajo de los l\u00edmites medioambientales m\u00e1s estrictos. Ofrecemos siempre nuestra soluci\u00f3n RENA Pro con un dise\u00f1o hecho a medida, especialmente dise\u00f1ado para cada caso concreto. Consideramos par\u00e1metros de entrada relevantes tales como el flujo del aire y la concentraci\u00f3n COV, administrando la cantidad correcta de ozono en base al objetivo a conseguir. Una soluci\u00f3n hecha a medida resulta en un gran ahorro energ\u00e9tico y una mejor eficiencia del proceso, reduciendo los costes de operaci\u00f3n del tratamiento de ozono.<\/p>\n<p><em>Lea m\u00e1s sobre nuestra soluci\u00f3n <a href=\"https:\/\/ozonetech.com\/es\/soluciones-y-sistemas\/tratamiento-de-aire\/sistemas-de-ozono-rena-pro\/\">RENA Pro<\/a> aqu\u00ed o descarga nuestro <a href=\"https:\/\/ozonetech.com\/wp-content\/uploads\/2020\/12\/Brochure-RENA-Pro-Ozone-Systems-v1.0-ES-web-1.pdf\">folleto informativo<\/a>.<\/em><\/p>\n        <\/div>\n        <div class=\"col-md-6\">\n            <h4><img loading=\"lazy\" decoding=\"async\" class=\"wp-image-38833 size-medium aligncenter\" src=\"https:\/\/ozonetech.com\/wp-content\/uploads\/2021\/10\/uv-reactor-300x199.png\" alt=\"\" width=\"300\" height=\"199\" srcset=\"https:\/\/ozonetech.com\/wp-content\/uploads\/2021\/10\/uv-reactor-300x199.png 300w, https:\/\/ozonetech.com\/wp-content\/uploads\/2021\/10\/uv-reactor-1024x680.png 1024w, https:\/\/ozonetech.com\/wp-content\/uploads\/2021\/10\/uv-reactor-768x510.png 768w, https:\/\/ozonetech.com\/wp-content\/uploads\/2021\/10\/uv-reactor.png 1500w\" sizes=\"auto, (max-width: 300px) 100vw, 300px\" \/><\/h4>\n<h4>RENA Pro en combinaci\u00f3n con sistemas UV<\/h4>\n<p>Para concentraciones especialmente altas de COV o l\u00edmites regulatorios muy estrictos, podemos combinar la soluci\u00f3n RENA Pro con nuestro <a href=\"https:\/\/ozonetech.com\/es\/productos\/sistemas-uv\/uv-c-air\/\" target=\"_blank\" rel=\"noopener\">sistema UV Saniray<\/a> <em>(external site)<\/em> dando como resultado una soluci\u00f3n PAO. El t\u00e9rmino PAO, proceso de oxidaci\u00f3n avanzada, se refiere a una tecnolog\u00eda capaz de producir una especie qu\u00edmica llamada radical hidroxilo. En nuestro sistema, el ozono se transforma en radicales hidroxilo una vez que es irradiado por la luz UV. Esta especie qu\u00edmica es a\u00fan m\u00e1s agresiva que el ozono para eliminar los COV. El tratamiento de COV se ve entonces impulsado por el reactor UV, resultando en sistemas m\u00e1s compactos con un alto rendimiento. Nuestros sistemas UV utilizan \u00fanicamente l\u00e1mparas UV de alto rendimiento, para conseguir un tratamiento de lo m\u00e1s eficaz y con una huella compacta.<\/p>\n<p><em>Lea m\u00e1s sobre nuestras soluciones <a href=\"https:\/\/mellifiq.com\/brands\/saniray\/\" target=\"_blank\" rel=\"noopener\">sistemas UV Saniray<\/a> (external site) aqu\u00ed.<\/em><\/p>\n        <\/div>\n    <\/div>\n<\/div>\n<div class=\"container-fluid editor_content content content--narrow\">\n    <div class=\"row\">\n        <div class=\"col-md-6\">\n            <h4><img loading=\"lazy\" decoding=\"async\" class=\"aligncenter wp-image-15301 size-medium\" src=\"https:\/\/ozonetech.com\/wp-content\/uploads\/2021\/01\/nodora-by-Mellifiq-1-227x300.png\" alt=\"\" width=\"227\" height=\"300\" srcset=\"https:\/\/ozonetech.com\/wp-content\/uploads\/2021\/01\/nodora-by-Mellifiq-1-227x300.png 227w, https:\/\/ozonetech.com\/wp-content\/uploads\/2021\/01\/nodora-by-Mellifiq-1.png 300w\" sizes=\"auto, (max-width: 227px) 100vw, 227px\" \/>Combinaci\u00f3n de la etapa de POA con Nodora<\/h4>\n<p>Para un rendimiento definitivo en t\u00e9rminos de tratamiento COV recomendamos nuestra soluci\u00f3n completa, combinando la etapa PAO y los filtros Nodora. La adici\u00f3n de <a href=\"https:\/\/mellifiq.com\/brands\/nodora\/\" target=\"_blank\" rel=\"noopener\">Nodora<\/a> a la soluci\u00f3n previa ofrece un acabado final al flujo tratado, resultando en emisiones VOC cercanas a cero. Esta etapa es un filtro catal\u00edtico de lecho mixto compuesto por varios materiales dise\u00f1ados a medida para maximizar el tratamiento de los COV. Los filtros Nodora se emplean en los casos m\u00e1s exigentes, cuando el espacio es limitado pero a\u00fan as\u00ed se necesita un tratamiento COV muy eficaz. Adem\u00e1s, los filtros Nodora tienen un dise\u00f1o especial para minimizar las bajadas de presi\u00f3n, con grandes ahorros para el consumo de energ\u00eda y los costes de operaci\u00f3n.<\/p>\n<p><em>Lea m\u00e1s sobre nuestras soluciones <a href=\"https:\/\/mellifiq.com\/brands\/nodora\/\">Nodora<\/a> aqu\u00ed (external site) o descarga nuestro <a href=\"https:\/\/ozonetech.com\/wp-content\/uploads\/2021\/01\/brochure_-_nodora_v1.0_en-web_0.pdf\">folleto informativo<\/a>.<\/em><\/p>\n<p><em>Los problemas COV pueden tambi\u00e9n estar relacionados con problemas de olor. Lea m\u00e1s aqu\u00ed sobre <a href=\"https:\/\/ozonetech.com\/es\/aplicaciones\/tratamiento-de-aire\/control-de-olores\/\">control de olores<\/a>.<\/em><\/p>\n        <\/div>\n        <div class=\"col-md-6\">\n                    <\/div>\n    <\/div>\n<\/div><\/section>\n","protected":false},"excerpt":{"rendered":"","protected":false},"author":21,"featured_media":0,"parent":36488,"menu_order":0,"comment_status":"closed","ping_status":"closed","template":"","meta":{"_acf_changed":false,"_seopress_robots_primary_cat":"","_seopress_titles_title":"","_seopress_titles_desc":"No importa el prop\u00f3sito del tratamiento del aire, Mellifiq ofrece muchas soluciones para eliminar los COV de muchas industrias.","_seopress_robots_index":"","inline_featured_image":false,"footnotes":""},"class_list":["post-36534","page","type-page","status-publish","hentry"],"acf":[],"_links":{"self":[{"href":"https:\/\/ozonetech.com\/es\/wp-json\/wp\/v2\/pages\/36534","targetHints":{"allow":["GET"]}}],"collection":[{"href":"https:\/\/ozonetech.com\/es\/wp-json\/wp\/v2\/pages"}],"about":[{"href":"https:\/\/ozonetech.com\/es\/wp-json\/wp\/v2\/types\/page"}],"author":[{"embeddable":true,"href":"https:\/\/ozonetech.com\/es\/wp-json\/wp\/v2\/users\/21"}],"replies":[{"embeddable":true,"href":"https:\/\/ozonetech.com\/es\/wp-json\/wp\/v2\/comments?post=36534"}],"version-history":[{"count":22,"href":"https:\/\/ozonetech.com\/es\/wp-json\/wp\/v2\/pages\/36534\/revisions"}],"predecessor-version":[{"id":40219,"href":"https:\/\/ozonetech.com\/es\/wp-json\/wp\/v2\/pages\/36534\/revisions\/40219"}],"up":[{"embeddable":true,"href":"https:\/\/ozonetech.com\/es\/wp-json\/wp\/v2\/pages\/36488"}],"wp:attachment":[{"href":"https:\/\/ozonetech.com\/es\/wp-json\/wp\/v2\/media?parent=36534"}],"curies":[{"name":"wp","href":"https:\/\/api.w.org\/{rel}","templated":true}]}}