{"id":36519,"date":"2020-06-23T09:16:32","date_gmt":"2020-06-23T08:16:32","guid":{"rendered":"https:\/\/ozonetech.com\/aplicaciones\/tratamiento-de-aire\/odor-control\/"},"modified":"2024-10-09T16:49:13","modified_gmt":"2024-10-09T14:49:13","slug":"control-de-olores","status":"publish","type":"page","link":"https:\/\/ozonetech.com\/es\/aplicaciones\/tratamiento-de-aire\/control-de-olores\/","title":{"rendered":"Control de olores"},"content":{"rendered":"\n<section\n    class=\"block hero hero--regular\"\n    style=\"background-image: url('https:\/\/ozonetech.com\/wp-content\/uploads\/2021\/02\/odor-control-1-1600x484.jpg'); --hero-opacity: 0.3\"\n>\n\n    <div class=\"container-fluid\">\n\n        <div class=\"content editor_content\">\n                         \n                <h2 class='h2'>Control de olores<\/h2>            \n                    <\/div>\n\n            <\/div>\n<\/section>\n\n\n<section class=\"component component_breadcrumbs\">\n\t<div class=\"container-fluid\">\n  \t<\/div>\n<\/section>\n\n\n\n\n\n<section\n    id=\"\"\n    class=\"block content-block\"\n\tstyle=\"--cb-bg: white; --cb-content: #000; padding-top: 30px; padding-bottom: 30px;\"\n>\n    \n\n<div class=\"container-fluid editor_content content content--narrow\">\n    <div class=\"row\">\n        <div class=\"col-12 editor_content\">\n            <h1>Tratamiento energ\u00e9ticamente eficiente de los compuestos olorosos<\/h1>\n<p class=\"preamble\">Los compuestos olorosos como los <a href=\"https:\/\/ozonetech.com\/es\/aplicaciones\/tratamiento-de-aire\/eliminacion-de-cov\/\">compuestos org\u00e1nicos vol\u00e1tiles (COV)<\/a>, H<sub>2<\/sub>S y \u00c1cidos Grasos Vol\u00e1tiles (AGV), se pueden encontrar en la ventilaci\u00f3n de cocinas y en una amplia gama de industrias. Aunque los olores no suponen problemas f\u00edsicos de salud, el mal olor puede alterar el ambiente, y debido a esto pueden resultar reclamaciones.<\/p>\n<p>Los COV malolientes pueden provenir de la descomposici\u00f3n microbiana o t\u00e9rmica de la materia org\u00e1nica, proceso com\u00fan en <a href=\"https:\/\/mellifiq.com\/markets\/breweries\/\" target=\"_blank\" rel=\"noopener\">cervecer\u00edas<\/a>\u00a0<em>(external site),<\/em> plantas de tratamiento de aguas residuales, <a href=\"https:\/\/mellifiq.com\/markets\/commercial-kitchens\/\" target=\"_blank\" rel=\"noopener\">cocinas comerciales<\/a> <em>(external site) <\/em>y la <a href=\"https:\/\/mellifiq.com\/markets\/food-and-beverage-production\/\" target=\"_blank\" rel=\"noopener\">industria alimentaria<\/a>\u00a0<em>(external site).<\/em><\/p>\n<p>Las fuentes de emisi\u00f3n de H<sub>2<\/sub>S son similares a las de COV, con la principal diferencia de la presencia de compuestos de sulfuro en el sustrato origen. Por ejemplo, la materia org\u00e1nica en industrias alimentarias y plantas de tratamiento de aguas industriales contiene una concentraci\u00f3n significativa de compuestos de azufre, dando lugar a emisiones H<sub>2<\/sub>S. El H<sub>2<\/sub>S es tambi\u00e9n com\u00fan en f\u00e1bricas de cerveza y plantas de producci\u00f3n de <a href=\"https:\/\/mellifiq.com\/markets\/biogas-plants\/\" target=\"_blank\" rel=\"noopener\">biog\u00e1s<\/a> <em>(external site), <\/em>debido a la reducci\u00f3n anaerobia\u00a0 de compuestos de sulfuro en los biorreactores o <a href=\"https:\/\/ozonetech.com\/es\/aplicaciones\/olor-y-saneamiento\/biodigestores-un-problema-de-olor\/\">biodigestores<\/a>.<\/p>\n        <\/div>\n    <\/div>\n<\/div>\n\n\n\n<div class=\"container-fluid editor_content content content--narrow\">\n    <div class=\"row\">\n        <div class=\"col-12 editor_content\">\n            <h3>La nariz y su percepci\u00f3n de los olores<\/h3>\n<p>La nariz humana ha ido evolucionando a lo largo de los a\u00f1os, desarrollando diferentes sensibilidades a distintos compuestos. Por ejemplo, la nariz tiene una sensibilidad muy alta a los compuestos emitidos por la materia org\u00e1nica en descomposici\u00f3n. De esta manera se ha podido evitar durante el curso de la historia, la ingesti\u00f3n de alimentos podridos, evitando as\u00ed las enfermedades asociadas. Los alimentos en descomposici\u00f3n emiten compuestos de azufre como el H<sub>2<\/sub>S y COV como los aldeh\u00eddos y el acetato de hexilo. Por tanto, no es sorprendente que la nariz humana pueda detectar rastros de concentraciones de estos compuestos, tal como se muestra en la tabla inferior. Por el otro lado, la nariz es menos sensible a compuestos no naturales, tal y como el tolueno.<\/p>\n<p style=\"text-align: center;\"><em>Ejemplo de compuestos olorosos, tipo de olor y umbral de olor en ppm<\/em><\/p>\n        <\/div>\n    <\/div>\n<\/div>\n\n<div class=\"container-fluid editor_content\">\n    <div class=\"row\">\n        <div class=\"col-12 editor_content table-wrapper \" style=\"--table-text-color-header: #FFFFFF; --table-text-color-rows: #000000; --table-background-color-header: #5f5f5f; --table-background-color-rows-even: #efefef; --table-background-color-rows-odd: #dfdfdf; \">\n                            \n<table id=\"tablepress-289\" class=\"tablepress tablepress-id-289\" aria-describedby=\"tablepress-289-description\">\n<thead>\n<tr class=\"row-1\">\n\t<th class=\"column-1\">Compuesto<\/th><th class=\"column-2\">Tipo de olor<\/th><th class=\"column-3\">Umbral de olor [ppm, partes-por-millon]<\/th>\n<\/tr>\n<\/thead>\n<tbody class=\"row-striping\">\n<tr class=\"row-2\">\n\t<td class=\"column-1\">Metilmercaptano<\/td><td class=\"column-2\">Repollo podrido, ajo<\/td><td class=\"column-3\">0.002<\/td>\n<\/tr>\n<tr class=\"row-3\">\n\t<td class=\"column-1\">H<sub>2<\/sub>S<\/td><td class=\"column-2\">Huevo podrido<\/td><td class=\"column-3\">0.01<\/td>\n<\/tr>\n<tr class=\"row-4\">\n\t<td class=\"column-1\">Acetaldehido<\/td><td class=\"column-2\">Afrutado<\/td><td class=\"column-3\">0.05<\/td>\n<\/tr>\n<tr class=\"row-5\">\n\t<td class=\"column-1\">Acetato hex\u00edlico<\/td><td class=\"column-2\">Manzana verde afrutada o pl\u00e1tano dulce<\/td><td class=\"column-3\">0.12<\/td>\n<\/tr>\n<tr class=\"row-6\">\n\t<td class=\"column-1\">Formaldeh\u00eddo<\/td><td class=\"column-2\">Punzante, sofocante<\/td><td class=\"column-3\">0.80<\/td>\n<\/tr>\n<tr class=\"row-7\">\n\t<td class=\"column-1\">Tolueno<\/td><td class=\"column-2\">Dulce, acre<\/td><td class=\"column-3\">2.90<\/td>\n<\/tr>\n<\/tbody>\n<\/table>\n<span id=\"tablepress-289-description\" class=\"tablepress-table-description tablepress-table-description-id-289\"><\/span>\n<!-- #tablepress-289 from cache -->                                <\/div>\n    <\/div>\n<\/div>\n\n\n<div class=\"container-fluid editor_content content content--narrow\">\n    <div class=\"row\">\n        <div class=\"col-12 editor_content\">\n            <p>Tal como se puede observar en la tabla superior, la concentraci\u00f3n a la que los olores son un problema se sit\u00faa en el orden de magnitud de partes-por-millon (ppm), y en algunos casos incluso por debajo. Por tanto, las emisiones de olores son particularmente dif\u00edciles de tratar al tener que mostrar el sistema de purificaci\u00f3n un nivel muy alto de desempe\u00f1o. Adem\u00e1s, cuando el olor se emite en un espacio abierto la cuesti\u00f3n es m\u00e1s compleja, ya que los valores del olor se ven afectados por agentes externos como las condiciones atmosf\u00e9ricas.<\/p>\n<p><em>Ofrecemos distintos tipos de an\u00e1lisis del aire con el objetivo de identificar el nivel de compuestos olorosos. M\u00e1s informaci\u00f3n sobre el tema <a href=\"https:\/\/ozonetech.com\/es\/soluciones-y-sistemas\/tratamiento-de-aire\/analisis-del-aire-y-de-los-olores\/\">aqu\u00ed<\/a>.<\/em><\/p>\n        <\/div>\n    <\/div>\n<\/div>\n\n\n\n<div class=\"container-fluid editor_content content content--narrow\">\n    <div class=\"row\">\n        <div class=\"col-12 editor_content\">\n            <h3>Soluciones Ozonetech para la eliminaci\u00f3n de olores<\/h3>\n<p>Ozonetech ha desarrollado varias soluciones para resolver los problemas de olor en muchas aplicaciones. En base al caso y a los requisitos de los clientes, seleccionamos y dise\u00f1amos la soluci\u00f3n m\u00e1s eficaz para la eliminaci\u00f3n de los malos olores. Cada soluci\u00f3n puede estar compuesta por una \u00fanica etapa de ozono o tratarse de un sistema multi-etapa. Un resumen del desempe\u00f1o de las soluciones Ozonetech para la eliminaci\u00f3n de olores se muestra en la figura inferior.<\/p>\n<div id=\"attachment_37680\" style=\"width: 1034px\" class=\"wp-caption aligncenter\"><img loading=\"lazy\" decoding=\"async\" aria-describedby=\"caption-attachment-37680\" class=\"size-large wp-image-37680\" src=\"https:\/\/ozonetech.com\/wp-content\/uploads\/2021\/08\/odor-removal-odor-control-es-1024x743.png\" alt=\"\" width=\"1024\" height=\"743\" srcset=\"https:\/\/ozonetech.com\/wp-content\/uploads\/2021\/08\/odor-removal-odor-control-es-1024x743.png 1024w, https:\/\/ozonetech.com\/wp-content\/uploads\/2021\/08\/odor-removal-odor-control-es-300x218.png 300w, https:\/\/ozonetech.com\/wp-content\/uploads\/2021\/08\/odor-removal-odor-control-es-768x557.png 768w, https:\/\/ozonetech.com\/wp-content\/uploads\/2021\/08\/odor-removal-odor-control-es.png 1501w\" sizes=\"auto, (max-width: 1024px) 100vw, 1024px\" \/><p id=\"caption-attachment-37680\" class=\"wp-caption-text\"><em>Comparativa de las soluciones Ozonetech para la eliminaci\u00f3n de olores<\/em><\/p><\/div>\n        <\/div>\n    <\/div>\n<\/div>\n\n<\/section>\n\n\n\n<section\n    id=\"\"\n    class=\"block content-block\"\n\tstyle=\"--cb-bg: #e6e6e6; --cb-content: #000; padding-top: 30px; padding-bottom: 30px;\"\n>\n    \n\n<div class=\"container-fluid editor_content content content--narrow\">\n    <div class=\"row\">\n        <div class=\"col-12 editor_content\">\n                    <\/div>\n    <\/div>\n<\/div>\n\n\n<div class=\"container-fluid editor_content content content--narrow\">\n    <div class=\"row\">\n        <div class=\"col-md-6\">\n            <h3>Soluci\u00f3n de etapa \u00fanica \u2013 RENA Pro<\/h3>\n<p>En muchos casos una soluci\u00f3n basada en ozono de etapa \u00fanica tiene ya de por s\u00ed gran capacidad de reducci\u00f3n de las emisiones olorosas, como se muestra en la curva de <a href=\"https:\/\/ozonetech.com\/es\/soluciones-y-sistemas\/tratamiento-de-aire\/sistemas-de-ozono-rena-pro\/\">RENA Pro<\/a> en la figura superior. Como el ozono es un poderoso medio de oxidaci\u00f3n, reacciona r\u00e1pidamente con las mol\u00e9culas olorosas. Estas mol\u00e9culas est\u00e1n eficientemente oxidadas, lo que conduce a la formaci\u00f3n de di\u00f3xido de carbono y agua, compuestos completamente inodoros e inofensivos. Este mecanismo de oxidaci\u00f3n es v\u00e1lido tanto para los olores de compuestos org\u00e1nicos, como los COV, como para los compuestos de azufre, como el H<sub>2<\/sub>S, tal y como se muestra a continuaci\u00f3n.<\/p>\n<p><img loading=\"lazy\" decoding=\"async\" class=\"aligncenter wp-image-17055 size-full\" src=\"https:\/\/ozonetech.com\/wp-content\/uploads\/2021\/01\/reaction-ozone.png\" alt=\"\" width=\"485\" height=\"192\" srcset=\"https:\/\/ozonetech.com\/wp-content\/uploads\/2021\/01\/reaction-ozone.png 485w, https:\/\/ozonetech.com\/wp-content\/uploads\/2021\/01\/reaction-ozone-300x119.png 300w\" sizes=\"auto, (max-width: 485px) 100vw, 485px\" \/><\/p>\n<p>La \u00fanica diferencia es la generaci\u00f3n de di\u00f3xido de azufre (SO<sub>2<\/sub>) en vez de di\u00f3xido de carbono (CO<sub>2<\/sub>) cuando se elimina el H<sub>2<\/sub>S. Sin embargo, el resultado final en t\u00e9rminos de eliminaci\u00f3n de olor es el mismo, puesto que el umbral de olor del SO<sub>2<\/sub> es 1000 veces mayor que el del H<sub>2<\/sub>S. Esto significa que el olor del SO<sub>2<\/sub> menos notable en comparaci\u00f3n con el del H<sub>2<\/sub>S.<\/p>\n<p>Por favor, lea m\u00e1s informaci\u00f3n sobre RENA Pro aqu\u00ed o descargue nuestro folleto informativo.<\/p>\n        <\/div>\n        <div class=\"col-md-6\">\n            <h3>Soluci\u00f3n de etapa doble \u2013 POA<\/h3>\n<p>Si los requisitos de eliminaci\u00f3n de olor son particularmente estrictos, se puede combinar una etapa adicional al RENA Pro, creando una soluci\u00f3n de tipo POA (proceso de oxidaci\u00f3n avanzada). Un reactor UV es a menudo implementado como etapa adicional, puesto que la luz UV reacciona con ozono creando radicales hidroxilos. Estos radicales son incluso m\u00e1s reactivos que el ozono, atacando los compuestos causantes del olor de manera m\u00e1s agresiva. El hecho de tener radicales involucrados en el mecanismo de reacci\u00f3n resulta en un mecanismo de reacci\u00f3n en cadena, por lo que un solo radical puede oxidar un gran n\u00famero de sustancias olorosas.<\/p>\n<p>Tales condiciones reactivas son t\u00edpicas de las altas temperaturas alcanzadas en incineradores t\u00e9rmicos. Sin embargo, debido a la sinergia entre el ozono y el UV, podemos imitar la misma reactividad a temperatura ambiente, disminuyendo en gran medida los costes de operaci\u00f3n para el tratamiento del olor.<\/p>\n<p><em>Por favor, m\u00e1s informaci\u00f3n sobre nuestros sistemas <a href=\"https:\/\/mellifiq.com\/en\/saniray\/\">UV aqu\u00ed<\/a> (external site)<\/em><\/p>\n        <\/div>\n    <\/div>\n<\/div><\/section>\n\n\n\n<section\n    id=\"\"\n    class=\"block content-block\"\n\tstyle=\"--cb-bg: light-gray; --cb-content: #000; padding-top: 30px; padding-bottom: 30px;\"\n>\n    \n\n<div class=\"container-fluid editor_content content content--narrow\">\n    <div class=\"row\">\n        <div class=\"col-12 editor_content\">\n            <h3>Soluci\u00f3n completa<\/h3>\n<p>Para obtener excelentes resultados en la eliminaci\u00f3n de olores, recomendamos nuestra soluci\u00f3n completa, que incluye la etapa POA y nuestros filtros Nodora. La soluci\u00f3n completa combina todas las ventajas y sinergias de las soluciones anteriores con las mejoras a\u00f1adidas por la etapa Nodora. Esta etapa es un filtro catal\u00edtico de lecho mixto, compuesto por varios materiales hechos a medida, con el objetivo de maximizar la eliminaci\u00f3n de olores de cada fuente en particular.<\/p>\n<p>La inclusi\u00f3n de la etapa Nodora en el proceso tiene dos impactos significativos. En primer lugar, la eliminaci\u00f3n de olores se incrementa a\u00fan m\u00e1s, alcanzando valores cercanos a la eliminaci\u00f3n total. Adem\u00e1s, los tama\u00f1os del sistema son m\u00e1s compactos puesto que el objetivo de tratamiento del olor se alcanza con un tiempo de reacci\u00f3n m\u00e1s corto. Esto significa que una soluci\u00f3n completa es modular y flexible, con la posibilidad tambi\u00e9n de instalaci\u00f3n en lugares donde el espacio es limitado.<\/p>\n<p><em>Para m\u00e1s informaci\u00f3n con respecto a nuestras soluciones completas, consulte por favor nuestra Soluci\u00f3n <a href=\"https:\/\/mellifiq.com\/brands\/nodora\/\" target=\"_blank\" rel=\"noopener\">Nodora<\/a> (external site) para control de olores y descargue nuestro <a href=\"https:\/\/ozonetech.com\/wp-content\/uploads\/2020\/12\/brochure_-_nodora_v1.0_en-web_0.pdf\">folleto informativo<\/a>.<\/em><\/p>\n        <\/div>\n    <\/div>\n<\/div>\n\n<\/section>\n","protected":false},"excerpt":{"rendered":"","protected":false},"author":21,"featured_media":0,"parent":36488,"menu_order":0,"comment_status":"closed","ping_status":"closed","template":"","meta":{"_acf_changed":false,"_seopress_robots_primary_cat":"","_seopress_titles_title":"","_seopress_titles_desc":"Los compuestos olorosos, como los COV, el H2S y los \u00e1cidos grasos vol\u00e1tiles (AGV), pueden tratarse f\u00e1cilmente con sistemas de ozono.","_seopress_robots_index":"","inline_featured_image":false,"footnotes":""},"class_list":["post-36519","page","type-page","status-publish","hentry"],"acf":[],"_links":{"self":[{"href":"https:\/\/ozonetech.com\/es\/wp-json\/wp\/v2\/pages\/36519","targetHints":{"allow":["GET"]}}],"collection":[{"href":"https:\/\/ozonetech.com\/es\/wp-json\/wp\/v2\/pages"}],"about":[{"href":"https:\/\/ozonetech.com\/es\/wp-json\/wp\/v2\/types\/page"}],"author":[{"embeddable":true,"href":"https:\/\/ozonetech.com\/es\/wp-json\/wp\/v2\/users\/21"}],"replies":[{"embeddable":true,"href":"https:\/\/ozonetech.com\/es\/wp-json\/wp\/v2\/comments?post=36519"}],"version-history":[{"count":27,"href":"https:\/\/ozonetech.com\/es\/wp-json\/wp\/v2\/pages\/36519\/revisions"}],"predecessor-version":[{"id":40207,"href":"https:\/\/ozonetech.com\/es\/wp-json\/wp\/v2\/pages\/36519\/revisions\/40207"}],"up":[{"embeddable":true,"href":"https:\/\/ozonetech.com\/es\/wp-json\/wp\/v2\/pages\/36488"}],"wp:attachment":[{"href":"https:\/\/ozonetech.com\/es\/wp-json\/wp\/v2\/media?parent=36519"}],"curies":[{"name":"wp","href":"https:\/\/api.w.org\/{rel}","templated":true}]}}