{"id":36514,"date":"2020-06-24T13:26:33","date_gmt":"2020-06-24T12:26:33","guid":{"rendered":"https:\/\/ozonetech.com\/aplicaciones\/tratamiento-de-aire\/grease-traps-odor-problem\/"},"modified":"2024-10-09T16:46:53","modified_gmt":"2024-10-09T14:46:53","slug":"separadores-de-grasas-un-problema-de-olor","status":"publish","type":"page","link":"https:\/\/ozonetech.com\/es\/aplicaciones\/tratamiento-de-aire\/separadores-de-grasas-un-problema-de-olor\/","title":{"rendered":"Separadores de grasas &#8211; un problema de olor"},"content":{"rendered":"\n<section\n    class=\"block hero hero--regular\"\n    style=\"background-image: url('https:\/\/ozonetech.com\/wp-content\/uploads\/2021\/02\/grease-trap-1600x484.jpg'); --hero-opacity: 0.3\"\n>\n\n    <div class=\"container-fluid\">\n\n        <div class=\"content editor_content\">\n                         \n                <h2 class='h2'>Separadores de grasas &#8211; un problema de olor<\/h2>            \n                    <\/div>\n\n            <\/div>\n<\/section>\n\n\n<section class=\"component component_breadcrumbs\">\n\t<div class=\"container-fluid\">\n  \t<\/div>\n<\/section>\n\n\n<section\n    id=\"\"\n    class=\"block content-block\"\n\tstyle=\"--cb-bg: white; --cb-content: #000; padding-top: 30px; padding-bottom: 30px;\"\n>\n    \n\n<div class=\"container-fluid editor_content content content--narrow\">\n    <div class=\"row\">\n        <div class=\"col-12 editor_content\">\n            <h1>Soluciones compactas y sostenibles para los problemas de olor en los separadores de grasa<\/h1>\n<p class=\"preamble\">Los separadores de grasas contribuyen significativamente al medio ambiente. Cuanto menos grasa haya en las aguas residuales, m\u00e1s se reducen los problemas con las tuber\u00edas de alcantarillado, estaciones de bombeo y aguas residuales.<\/p>\n<p>Sin embargo, los separadores de grasas tienen adem\u00e1s la desventaja de propagar olores en el medio ambiente a trav\u00e9s de los conductos y tubos de ventilaci\u00f3n y frecuentemente tambi\u00e9n desde el espacio donde se encuentra el separador.<\/p>\n<p>El problema de olor se puede remediar suministrando ozono de manera continua. Adem\u00e1s del olor, los microorganismos, las bacterias y los virus son reducidos con eficiencia sin dejar atr\u00e1s residuos qu\u00edmicos algunos. La suministraci\u00f3n de ozono reduce notablemente la dispersi\u00f3n de estos olores, y mejora significativamente la higiene del espacio.<\/p>\n<p>El separador de grasas debe instalarse en conformidad con las normas europeas en vigor (EN1825-1) si existe un riesgo real al drenar ciertas cantidades de grasas en el sumidero. En la mayor\u00eda de los casos, la instalaci\u00f3n de separadores de grasas se requiere a los propietarios que alquilan espacios inmobiliarios a los restaurantes o arrendatarios que tienen cocinas de grandes dimensiones.<\/p>\n        <\/div>\n    <\/div>\n<\/div>\n\n<\/section>\n\n\n\n<section class=\"block product-block\" style=\"--bg: white; --tc: #000000; --button-bg: #299f23; --button-tc: #ffffff; --button-hover-bg: transparent; --button-hover-tc: #299f23;\" >\n    <div class=\"container-fluid\">\n        <div class=\"row justify-content-center top\">\n            <div class=\"col-md-12 editor_content\">\n                                            <\/div>\n        <\/div>\n        <div class=\"row justify-content-center bottom\">\n            <div class=\"col-md-6 editor_content\">\n                <h3>Purificaci\u00f3n con ozono a trav\u00e9s del ACT-3000<\/h3>\n<p>La producci\u00f3n de ozono est\u00e1 adaptada a la dimensi\u00f3n del problema olfativo y se lleva a cabo a toda hora y el costo operacional es m\u00ednimo.<\/p>\n<p>El ACT-3000P est\u00e1 desarrollado y fabricado en Suecia por Ozonetech. Nuestras soluciones a medida para la purificaci\u00f3n del aire y del agua se encuentran a escala mundial en conjuntos industriales, plantas de tratamiento de aguas residuales, f\u00e1bricas de levadura, la industria farmac\u00e9utica, cervecer\u00edas, invernaderos y centros comerciales. Somos una empresa ganadora de m\u00faltiples premios, que est\u00e1 creciendo r\u00e1pidamente.<\/p>\n<p>El ACT-3000\/3000P est\u00e1 desarrollado para el saneamiento y desinfecci\u00f3n profesional en la industria, el sector de servicios y la administraci\u00f3n p\u00fablica.<\/p>\n\n                            <\/div>\n            <div class=\"col-md-6 text-center\">\n                                    <img loading=\"lazy\" decoding=\"async\" width=\"425\" height=\"417\" src=\"https:\/\/ozonetech.com\/wp-content\/uploads\/2021\/02\/Ozonetech-ACT-3000P-425.png\" class=\"attachment-full size-full\" alt=\"\" srcset=\"https:\/\/ozonetech.com\/wp-content\/uploads\/2021\/02\/Ozonetech-ACT-3000P-425.png 425w, https:\/\/ozonetech.com\/wp-content\/uploads\/2021\/02\/Ozonetech-ACT-3000P-425-300x294.png 300w\" sizes=\"auto, (max-width: 425px) 100vw, 425px\" \/>                \n                <a href='https:\/\/ozonetech.com\/es\/productos\/generadores-de-ozono\/serie-act\/' class='btn' target=''>Solicitar presupuesto<\/a>            <\/div>\n        <\/div>\n    <\/div>\n<\/section>\n\n\n\n<section\n    id=\"\"\n    class=\"block content-block\"\n\tstyle=\"--cb-bg: #e6e6e6; --cb-content: #000; padding-top: 30px; padding-bottom: 30px;\"\n>\n    \n\n<div class=\"container-fluid editor_content content content--narrow\">\n    <div class=\"row\">\n        <div class=\"col-12 editor_content\">\n            <h4>Tratamiento sencillo, siga estos pasos:<\/h4>\n<p>&nbsp;<\/p>\n<ol>\n<li>Posicione el ACT-3000 en el soporte de montaje en pared<\/li>\n<li>Conecte la bomba de membrana y el inyector de ozono<\/li>\n<li>Introduzca el inyector de ozono en el tubo de ventilaci\u00f3n<\/li>\n<li>Seleccione la producci\u00f3n de ozono entre 0 y 100%<\/li>\n<li>Generalmente, la producci\u00f3n de ozono funciona a toda hora<\/li>\n<li>Si hay necesidad, ajuste la producci\u00f3n de ozono.<\/li>\n<\/ol>\n        <\/div>\n    <\/div>\n<\/div>\n\n<\/section>\n","protected":false},"excerpt":{"rendered":"","protected":false},"author":21,"featured_media":0,"parent":36488,"menu_order":0,"comment_status":"closed","ping_status":"closed","template":"","meta":{"_acf_changed":false,"_seopress_robots_primary_cat":"","_seopress_titles_title":"","_seopress_titles_desc":"El tratamiento con ozono puede reducir eficientemente la propagaci\u00f3n de los olores de los separadores de grasa, mientras mejorar la higiene","_seopress_robots_index":"","inline_featured_image":false,"footnotes":""},"class_list":["post-36514","page","type-page","status-publish","hentry"],"acf":[],"_links":{"self":[{"href":"https:\/\/ozonetech.com\/es\/wp-json\/wp\/v2\/pages\/36514","targetHints":{"allow":["GET"]}}],"collection":[{"href":"https:\/\/ozonetech.com\/es\/wp-json\/wp\/v2\/pages"}],"about":[{"href":"https:\/\/ozonetech.com\/es\/wp-json\/wp\/v2\/types\/page"}],"author":[{"embeddable":true,"href":"https:\/\/ozonetech.com\/es\/wp-json\/wp\/v2\/users\/21"}],"replies":[{"embeddable":true,"href":"https:\/\/ozonetech.com\/es\/wp-json\/wp\/v2\/comments?post=36514"}],"version-history":[{"count":8,"href":"https:\/\/ozonetech.com\/es\/wp-json\/wp\/v2\/pages\/36514\/revisions"}],"predecessor-version":[{"id":40196,"href":"https:\/\/ozonetech.com\/es\/wp-json\/wp\/v2\/pages\/36514\/revisions\/40196"}],"up":[{"embeddable":true,"href":"https:\/\/ozonetech.com\/es\/wp-json\/wp\/v2\/pages\/36488"}],"wp:attachment":[{"href":"https:\/\/ozonetech.com\/es\/wp-json\/wp\/v2\/media?parent=36514"}],"curies":[{"name":"wp","href":"https:\/\/api.w.org\/{rel}","templated":true}]}}