{"id":36509,"date":"2020-06-23T08:57:45","date_gmt":"2020-06-23T08:57:45","guid":{"rendered":"https:\/\/ozonetech.com\/aplicaciones\/tratamiento-de-aire\/digester-chamber-ozonation\/"},"modified":"2025-01-03T14:46:38","modified_gmt":"2025-01-03T13:46:38","slug":"ozonizacion-de-biodigestores","status":"publish","type":"page","link":"https:\/\/ozonetech.com\/es\/aplicaciones\/tratamiento-de-aire\/ozonizacion-de-biodigestores\/","title":{"rendered":""},"content":{"rendered":"\n<section\n    class=\"block hero hero--regular\"\n    style=\"background-image: url('https:\/\/ozonetech.com\/wp-content\/uploads\/2021\/02\/digester-ozonation-2-1600x484.jpg'); --hero-opacity: 0.3\"\n>\n\n    <div class=\"container-fluid\">\n\n        <div class=\"content editor_content\">\n                         \n                <h1 class='h2'>Ozonizaci\u00f3n de biodigestores<\/h1>            \n                    <\/div>\n\n            <\/div>\n<\/section>\n\n\n<section class=\"component component_breadcrumbs\">\n\t<div class=\"container-fluid\">\n  \t<\/div>\n<\/section>\n\n\n<section\n    id=\"\"\n    class=\"block content-block\"\n\tstyle=\"--cb-bg: white; --cb-content: #000; padding-top: 30px; padding-bottom: 30px;\"\n>\n    \n\n<div class=\"container-fluid editor_content content content--narrow\">\n    <div class=\"row\">\n        <div class=\"col-12 editor_content\">\n            <h1>Eliminaci\u00f3n eficiente de H<sub>2<\/sub>S y mejora del metano a bajo consumo<\/h1>\n<p class=\"preamble\">La presencia de \u00e1cido sulfh\u00eddrico(H<sub>2<\/sub>S) es un problema muy com\u00fan en muchos casos, especialmente en plantas de biogas. En este p\u00e1rrafo nos centramos en particular en las plantas de biog\u00e1s de dos etapas, en las que el digestor anaerobia est\u00e1 separado de la unidad de mejora del metano. En este caso se forman concentraciones elevadas de H<sub>2<\/sub>S en el biodigestor, en el que se puede inyectar ozono para reducir este problema.<\/p>\n        <\/div>\n    <\/div>\n<\/div>\n\n\n\n<div class=\"container-fluid editor_content content content--narrow\">\n    <div class=\"row\">\n        <div class=\"col-12 editor_content\">\n            <p>Dado que el biodigestor funciona en condiciones anaerobias, es decir, sin ox\u00edgeno, se debe inyectar ozono con cuidado. La inyecci\u00f3n se realiza en la bolsa de aire por encima del lecho de reacci\u00f3n microbiana.Como alternativa, se puede a\u00f1adir un tanque adicional para la ozonizaci\u00f3n entre el digestor y la unidad de mejora del metano. Esta soluci\u00f3n es m\u00e1s segura para las condiciones as, pero requiere costes extra de instalaci\u00f3n.<\/p>\n<p>La bolsa de aire por encima del medio de reacci\u00f3n ofrece un vol\u00famen bastante grande para que el ozono reaccione con el H<sub>2<\/sub>S. Por lo tanto, la reacci\u00f3n de oxidaci\u00f3n con ozono es particularmente efectiva. La conversi\u00f3n de H<sub>2<\/sub>S para un caso de referencia de un digestor ozonizado se resume en la figura inferior.<\/p>\n<div id=\"attachment_37722\" style=\"width: 1034px\" class=\"wp-caption aligncenter\"><img loading=\"lazy\" decoding=\"async\" aria-describedby=\"caption-attachment-37722\" class=\"size-large wp-image-37722\" src=\"https:\/\/ozonetech.com\/wp-content\/uploads\/2021\/08\/Digester-Chamber-Ozonation-es-1024x732.png\" alt=\"\" width=\"1024\" height=\"732\" srcset=\"https:\/\/ozonetech.com\/wp-content\/uploads\/2021\/08\/Digester-Chamber-Ozonation-es-1024x732.png 1024w, https:\/\/ozonetech.com\/wp-content\/uploads\/2021\/08\/Digester-Chamber-Ozonation-es-300x214.png 300w, https:\/\/ozonetech.com\/wp-content\/uploads\/2021\/08\/Digester-Chamber-Ozonation-es-768x549.png 768w, https:\/\/ozonetech.com\/wp-content\/uploads\/2021\/08\/Digester-Chamber-Ozonation-es.png 1501w\" sizes=\"auto, (max-width: 1024px) 100vw, 1024px\" \/><p id=\"caption-attachment-37722\" class=\"wp-caption-text\"><em>Figura 1 \u2013 Eliminaci\u00f3n de H<sub>2<\/sub>S en un biodigestor con dos soluciones distintas de RENA Pro<\/em><\/p><\/div>\n<p>Como se muestra, el ozono trata de manera eficaz el H<sub>2<\/sub>S, con transformaciones por encima del 80 %. Esto significa que el ozono es capaz de reducir la concentraci\u00f3n de H<sub>2<\/sub>S desde 500 \u2013 1000 ppm a 75 \u2013 150 ppm incluso antes de la etapa de mejora del metano. Bas\u00e1ndonos en las condiciones entrantes y los requisitos de cada cliente, ofrecemos gama variada de soluciones a medida, optimizando la eliminaci\u00f3n H<sub>2<\/sub>S y minimizando el consumo de energ\u00eda. El H<sub>2<\/sub>S se convierte en SO<sub>2<\/sub>, eliminando en gran medida los problemas de olor y corrosi\u00f3n, seg\u00fan la siguiente reacci\u00f3n:<\/p>\n<p><img loading=\"lazy\" decoding=\"async\" class=\"aligncenter wp-image-12717 size-full\" src=\"https:\/\/ozonetech.com\/wp-content\/uploads\/2021\/01\/H2S-conversion.png\" alt=\"\" width=\"379\" height=\"201\" srcset=\"https:\/\/ozonetech.com\/wp-content\/uploads\/2021\/01\/H2S-conversion.png 379w, https:\/\/ozonetech.com\/wp-content\/uploads\/2021\/01\/H2S-conversion-300x159.png 300w\" sizes=\"auto, (max-width: 379px) 100vw, 379px\" \/><\/p>\n<p>En comparaci\u00f3n con otras tecnolog\u00edas, el ozono ofrece varios beneficios para la reducci\u00f3n de H<sub>2<\/sub>S en digestores. Por ejemplo, el uso de cloruro de hierro en el lecho biol\u00f3gico ha sido una pr\u00e1ctica com\u00fan durante varios a\u00f1os. Sin embargo, esta pr\u00e1ctica requiere altos costes opertivos puesto que el cloruro de hierro se consume de manera continua durante la digesti\u00f3n anaerobia. Adem\u00e1s, pueden surgir problemas de corrosi\u00f3n debido al elevado potencial de corrosi\u00f3n del cloruro de hierro.<\/p>\n<p>En comparaci\u00f3n con la inyecci\u00f3n de aire y ox\u00edgeno, la ozonizaci\u00f3n es mucho m\u00e1s eficaz debido a su elevado potencial de oxidaci\u00f3n. Cuando se utiliza aire, la presencia de nitr\u00f3geno se reduce significativamente la calidad del biog\u00e1s, ya que tiene una elevada concentraci\u00f3n y no puede ser eliminado el las siguientes etapas del proceso. El uso de ox\u00edgeno soluciona el problema de reducir el grado del biog\u00e1s; sin embargo, el rendimiento es inferior en comparaci\u00f3n con el ozono. Dado que el ox\u00edgeno tiene un potencial de oxidaci\u00f3n m\u00e1s bajo, la reacci\u00f3n de oxidaci\u00f3n es m\u00e1s lenta en comparaci\u00f3n con el ozono. Esto significa que una inyecci\u00f3n de ox\u00edgeno requiere vol\u00famenes y tiempos de reacci\u00f3n mucho m\u00e1s grandes. Por tanto, la inyecci\u00f3n de ox\u00edgeno no puede aplicarse en plantas con espacio reducido. Por el contratio, el ozono tiene un ritmo de reacci\u00f3n mucho m\u00e1s r\u00e1pido, resultando en un tratamiento eficaz incluso para vol\u00famenes peque\u00f1os.<\/p>\n        <\/div>\n    <\/div>\n<\/div>\n\n<\/section>\n\n\n\n<section\n    id=\"\"\n    class=\"block content-block\"\n\tstyle=\"--cb-bg: #5f5f5f; --cb-content: #ffffff; padding-top: 30px; padding-bottom: 30px;\"\n>\n    \n\n<div class=\"container-fluid editor_content content content--narrow\">\n    <div class=\"row\">\n        <div class=\"col-12 editor_content\">\n            <h3>Beneficios de la ozonizaci\u00f3n de H<sub>2<\/sub>S en un digestor de biog\u00e1s<\/h3>\n<ul>\n<li>Eliminaci\u00f3n de H<sub>2<\/sub>S a altos niveles (concentraci\u00f3n de salida por debajo de 100 ppm)<\/li>\n<li>Eficiencia energ\u00e9tica alta con bajos costes de operaci\u00f3n<\/li>\n<li>Dosis de ozono flexible de acuerdo a las necesidades<\/li>\n<li>Sistema conectar y usar con bajos requisitos de mantenimiento<\/li>\n<li>Sin corrosi\u00f3n o subproductos peligrosos<\/li>\n<li>Mejor calidad del biog\u00e1s<\/li>\n<\/ul>\n        <\/div>\n    <\/div>\n<\/div>\n\n<\/section>\n\n\n\n<section\n    id=\"\"\n    class=\"block content-block\"\n\tstyle=\"--cb-bg: white; --cb-content: #000; padding-top: 30px; padding-bottom: 30px;\"\n>\n    \n\n<div class=\"container-fluid editor_content content content--narrow\">\n    <div class=\"row\">\n        <div class=\"col-12 editor_content\">\n            <h3>RENA Pro para la ozonizaci\u00f3n del H<sub>2<\/sub>S en el biodigestor<\/h3>\n<p>Para la ozonizaci\u00f3n de H<sub>2<\/sub>S en los biodigestores recomendamos el uso de nuestra soluci\u00f3n <a href=\"https:\/\/ozonetech.com\/es\/soluciones-y-sistemas\/tratamiento-de-aire\/sistemas-de-ozono-rena-pro\/\">RENA Pro<\/a>. Este sistema ofrece un rendimiento superior debido a la alimentaci\u00f3n con ox\u00edgeno y los sistemas de enfriamiento de agua hechos a medida. El ox\u00edgeno es producido in situ mediante el generador de ox\u00edgeno incluido en la soluci\u00f3n. Esta unidad produce ox\u00edgeno a partir de el aire ambiente, filtr\u00e1ndolo y eliminando el nitr\u00f3geno y la humedad.<\/p>\n<p>El sistema RENA Pro est\u00e1 completado con un controlador PLC, un sensor de ozono y pat\u00edn de montaje<\/p>\n<p><em>Lea m\u00e1s sobre nuestra <a href=\"https:\/\/ozonetech.com\/es\/soluciones-y-sistemas\/tratamiento-de-aire\/sistemas-de-ozono-rena-pro\/\">soluci\u00f3n RENA Pro<\/a> o descargue aqu\u00ed nuestro <a href=\"https:\/\/ozonetech.com\/wp-content\/uploads\/2020\/12\/Brochure-RENA-Pro-Ozone-Systems-v1.5-EN-web-1.pdf\">folleto informativo<\/a>.<\/em><\/p>\n<p><img loading=\"lazy\" decoding=\"async\" class=\"aligncenter wp-image-12630 size-large\" src=\"https:\/\/ozonetech.com\/wp-content\/uploads\/2021\/01\/Fabrik-1024x675.jpg\" alt=\"\" width=\"1024\" height=\"675\" \/><\/p>\n        <\/div>\n    <\/div>\n<\/div>\n\n<\/section>\n","protected":false},"excerpt":{"rendered":"","protected":false},"author":21,"featured_media":0,"parent":36488,"menu_order":0,"comment_status":"closed","ping_status":"closed","template":"","meta":{"_acf_changed":false,"_seopress_robots_primary_cat":"","_seopress_titles_title":"","_seopress_titles_desc":"Mellifiq ofrece una gama de soluciones a medida, optimizando la eliminaci\u00f3n de H2S y minimizando el consumo de energ\u00eda.","_seopress_robots_index":"","inline_featured_image":false,"footnotes":""},"class_list":["post-36509","page","type-page","status-publish","hentry"],"acf":[],"_links":{"self":[{"href":"https:\/\/ozonetech.com\/es\/wp-json\/wp\/v2\/pages\/36509","targetHints":{"allow":["GET"]}}],"collection":[{"href":"https:\/\/ozonetech.com\/es\/wp-json\/wp\/v2\/pages"}],"about":[{"href":"https:\/\/ozonetech.com\/es\/wp-json\/wp\/v2\/types\/page"}],"author":[{"embeddable":true,"href":"https:\/\/ozonetech.com\/es\/wp-json\/wp\/v2\/users\/21"}],"replies":[{"embeddable":true,"href":"https:\/\/ozonetech.com\/es\/wp-json\/wp\/v2\/comments?post=36509"}],"version-history":[{"count":20,"href":"https:\/\/ozonetech.com\/es\/wp-json\/wp\/v2\/pages\/36509\/revisions"}],"predecessor-version":[{"id":42139,"href":"https:\/\/ozonetech.com\/es\/wp-json\/wp\/v2\/pages\/36509\/revisions\/42139"}],"up":[{"embeddable":true,"href":"https:\/\/ozonetech.com\/es\/wp-json\/wp\/v2\/pages\/36488"}],"wp:attachment":[{"href":"https:\/\/ozonetech.com\/es\/wp-json\/wp\/v2\/media?parent=36509"}],"curies":[{"name":"wp","href":"https:\/\/api.w.org\/{rel}","templated":true}]}}