{"id":36500,"date":"2020-06-23T08:09:30","date_gmt":"2020-06-23T08:09:30","guid":{"rendered":"https:\/\/ozonetech.com\/aplicaciones\/tratamiento-de-aire\/air-surface-disinfection\/"},"modified":"2024-10-10T09:29:55","modified_gmt":"2024-10-10T07:29:55","slug":"desinfeccion-del-aire","status":"publish","type":"page","link":"https:\/\/ozonetech.com\/es\/aplicaciones\/tratamiento-de-aire\/desinfeccion-del-aire\/","title":{"rendered":"Desinfecci\u00f3n del aire"},"content":{"rendered":"\n<section\n    class=\"block hero hero--regular\"\n    style=\"background-image: url('https:\/\/ozonetech.com\/wp-content\/uploads\/2021\/03\/air-disinfection-1-1600x484.jpg'); --hero-opacity: 0.25\"\n>\n\n    <div class=\"container-fluid\">\n\n        <div class=\"content editor_content\">\n                         \n                <h2 class='h1'>Desinfecci\u00f3n del aire<\/h2>            \n                    <\/div>\n\n            <\/div>\n<\/section>\n\n\n<section class=\"component component_breadcrumbs\">\n\t<div class=\"container-fluid\">\n  \t<\/div>\n<\/section>\n\n\n<section\n    id=\"\"\n    class=\"block content-block\"\n\tstyle=\"--cb-bg: white; --cb-content: #000; padding-top: 30px; padding-bottom: 30px;\"\n>\n    \n\n<div class=\"container-fluid editor_content content content--narrow\">\n    <div class=\"row\">\n        <div class=\"col-12 editor_content\">\n            <h1>Desinfecci\u00f3n eficiente contra los virus, las bacterias y los hongos<\/h1>\n<p class=\"preamble\">Los microorganismos causan problemas en muchos lugares. En un escenario cl\u00ednico las bacterias pueden causar brotes peligrosos. El ozono se puede utilizar como desinfectante qu\u00edmico para matar bacterias y virus con bajas concentraciones de ozono.<\/p>\n<p>El tiempo de contacto se modifica dependiendo del grado de desactivaci\u00f3n deseado, como se muestra en la siguiente imagen:<\/p>\n        <\/div>\n    <\/div>\n<\/div>\n\n\n\n<div class=\"container-fluid editor_content content content--narrow\">\n    <div class=\"row\">\n        <div class=\"col-12 editor_content\">\n            <div id=\"attachment_37667\" style=\"width: 1034px\" class=\"wp-caption aligncenter\"><img loading=\"lazy\" decoding=\"async\" aria-describedby=\"caption-attachment-37667\" class=\"wp-image-37667 size-large\" src=\"https:\/\/ozonetech.com\/wp-content\/uploads\/2021\/08\/Microorganism-deactivation-with-ozone-treatment-es-1024x732.png\" alt=\"\" width=\"1024\" height=\"732\" srcset=\"https:\/\/ozonetech.com\/wp-content\/uploads\/2021\/08\/Microorganism-deactivation-with-ozone-treatment-es-1024x732.png 1024w, https:\/\/ozonetech.com\/wp-content\/uploads\/2021\/08\/Microorganism-deactivation-with-ozone-treatment-es-300x214.png 300w, https:\/\/ozonetech.com\/wp-content\/uploads\/2021\/08\/Microorganism-deactivation-with-ozone-treatment-es-768x549.png 768w, https:\/\/ozonetech.com\/wp-content\/uploads\/2021\/08\/Microorganism-deactivation-with-ozone-treatment-es.png 1501w\" sizes=\"auto, (max-width: 1024px) 100vw, 1024px\" \/><p id=\"caption-attachment-37667\" class=\"wp-caption-text\"><em>Tendencia media de eliminaci\u00f3n de pat\u00f3genos con tratamiento de ozono <\/em><\/p><\/div>\n<p>&nbsp;<\/p>\n<p>En muchas aplicaciones es suficiente una reducci\u00f3n del nivel de bacterias del 99.99 % lo que corresponde a una reducci\u00f3n de 4 log. Para un grado mayor de desactivaci\u00f3n, la soluci\u00f3n se adapta f\u00e1cilmente para proporcionar concentraciones m\u00e1s altas y mas tiempo de exposici\u00f3n. En disoluciones adaptadas se pueden tratar incluso esporas de bacteria. La imagen anterior puede aplicarse para tratamientos en salas y conductos de ventilaci\u00f3n. Hemos utilizado ozono para limitar la propagaci\u00f3n de microorganismos transportados por el aire en la industria alimentaria y en el almacenamiento de alimentos.<\/p>\n        <\/div>\n    <\/div>\n<\/div>\n\n<\/section>\n\n\n\n<section\n    id=\"\"\n    class=\"block content-block\"\n\tstyle=\"--cb-bg: #e6e6e6; --cb-content: #000; padding-top: 30px; padding-bottom: 30px;\"\n>\n    \n\n<div class=\"container-fluid editor_content content content--narrow\">\n    <div class=\"row\">\n        <div class=\"col-12 editor_content\">\n            <h3>Desinfecci\u00f3n del aire en la industria alimentaria<\/h3>\n        <\/div>\n    <\/div>\n<\/div>\n\n\n<div class=\"container-fluid content content--narrow\">\n    <div class=\"row\">\n        <div class=\"col-md-6 order-1 editor_content \">\n            <p>En aplicaciones alimentarias, la migraci\u00f3n de microorganismos dentro de la planta acelera la formaci\u00f3n de moho, pero con un tratamiento suave con ozono, el proceso de formaci\u00f3n de moho se pospone f\u00e1cilmente durante varios d\u00edas sin da\u00f1ar los alimentos. Adem\u00e1s, en la <a href=\"https:\/\/mellifiq.com\/markets\/dairy-production\/\" target=\"_blank\" rel=\"noopener\">industria l\u00e1ctea<\/a> (external site) los equipos se <a href=\"https:\/\/ozonetech.com\/applications\/water-treatment\/cip-process-equipment-sanitation\/\" target=\"_blank\" rel=\"noopener\">desinfectan con ozono<\/a>, lo que permite un buen rendimiento y elimina la necesidad de usar desinfectantes qu\u00edmicos m\u00e1s da\u00f1inos.<\/p>\n        <\/div>\n        <div class=\"col-md-6 order-2 editor_content d-flex justify-content-center\">\n                                            <figure class=\"side-image wp-caption\">\n                    <img loading=\"lazy\" decoding=\"async\" width=\"425\" height=\"281\" src=\"https:\/\/ozonetech.com\/wp-content\/uploads\/2021\/02\/ozone-treatment-strawberries.jpg\" class=\"attachment-full size-full\" alt=\"\" srcset=\"https:\/\/ozonetech.com\/wp-content\/uploads\/2021\/02\/ozone-treatment-strawberries.jpg 425w, https:\/\/ozonetech.com\/wp-content\/uploads\/2021\/02\/ozone-treatment-strawberries-300x198.jpg 300w\" sizes=\"auto, (max-width: 425px) 100vw, 425px\" \/>                                            <p class=\"wp-caption-text\">\n                            Ozone treating strawberries can double shelf life                        <\/p>\n                                    <\/figure>\n                    <\/div>\n    <\/div>\n<\/div>\n\n\n<div class=\"container-fluid editor_content content content--narrow\">\n    <div class=\"row\">\n        <div class=\"col-12 editor_content\">\n            <h3>Desinfecci\u00f3n en hospitales y instituciones de salud<\/h3>\n<p>A diferencia de la industria alimentaria en la que las salas a menudo no son tratadas a fondo, los hospitales tienen unos requisitos de limpieza muy exigentes y se limpian ya frecuentemente para reducir la propagaci\u00f3n de pat\u00f3genos; esto se lleva a cabo limpiando las superficies a menudo con desinfectantes qu\u00edmicos. Aunque este m\u00e9todo tradicional es eficaz, se ha demostrado que estas pr\u00e1cticas de limpieza y desinfecci\u00f3n manual a menudo no son las \u00f3ptimas. Las razones de una limpieza incorrecta pueden deberse a malentendidos, no seguir correctamente el protocolo de limpieza, la no limpieza de todas las superficies, una incorrecta disoluci\u00f3n del agente limpiador bien por la m\u00e1quina de diluci\u00f3n o por las personas encargadas, o que el equipo de limpieza no es eficaz en ciertos materiales. En un entorno hospitalario estas discrepancias pueden incrementar el riesgo de propagaci\u00f3n de pat\u00f3genos a las distintas \u00e1reas y a los pacientes. Las tecnolog\u00edas automatizadas sin contacto son una buena adici\u00f3n a las pr\u00e1cticas de limpieza ya que a\u00f1aden otra capa de limpieza. (Boyce, 2016)<\/p>\n        <\/div>\n    <\/div>\n<\/div>\n\n<\/section>\n\n\n\n<section\n    id=\"\"\n    class=\"block content-block\"\n\tstyle=\"--cb-bg: white; --cb-content: #000; padding-top: 30px; padding-bottom: 30px;\"\n>\n    \n\n<div class=\"container-fluid editor_content content content--narrow\">\n    <div class=\"row\">\n        <div class=\"col-12 editor_content\">\n            <h3>M\u00e9todos diferentes de tratamiento<\/h3>\n<p>Las tecnolog\u00edas sin contacto incluyen el uso de l\u00e1mparas UV y productos qu\u00edmicos dispersos en forma de aerosol o gas que desactivan los microorganismos. En comparaci\u00f3n con otros m\u00e9todos de tratamiento para desinfecci\u00f3n del aire, el ozono puede desinfectar eficazmente grandes vol\u00famenes de aire, neutralizando microorganismos, incluyendo virus. Esto hace que sea ideal para usar en aplicaciones m\u00e9dicas, por ejemplo en hospitales o salas de espera para m\u00e9dicos. Un factor importante que permite ahorrar es el tiempo durante cual el producto de limpieza act\u00faa para neutralizar las bacterias, tal como se muestra en la siguiente figura:<\/p>\n<p style=\"text-align: center;\"><img loading=\"lazy\" decoding=\"async\" class=\"alignnone size-large wp-image-37662\" src=\"https:\/\/ozonetech.com\/wp-content\/uploads\/2021\/08\/contact-time-comparison-es-1-1024x683.png\" alt=\"\" width=\"1024\" height=\"683\" srcset=\"https:\/\/ozonetech.com\/wp-content\/uploads\/2021\/08\/contact-time-comparison-es-1-1024x683.png 1024w, https:\/\/ozonetech.com\/wp-content\/uploads\/2021\/08\/contact-time-comparison-es-1-300x200.png 300w, https:\/\/ozonetech.com\/wp-content\/uploads\/2021\/08\/contact-time-comparison-es-1-768x512.png 768w, https:\/\/ozonetech.com\/wp-content\/uploads\/2021\/08\/contact-time-comparison-es-1.png 1501w\" sizes=\"auto, (max-width: 1024px) 100vw, 1024px\" \/><\/p>\n        <\/div>\n    <\/div>\n<\/div>\n\n\n<div class=\"container-fluid editor_content content content--narrow\">\n    <div class=\"row\">\n        <div class=\"col-md-6\">\n            <p>La gr\u00e1fica muestra que los tiempos de contacto var\u00edan enormemente. Los sistemas de limpieza UV a menudo tienen una ventana muy corta de irradiaci\u00f3n del aire, y por lo tanto necesitan a\u00f1adir una gran cantidad de energ\u00eda para garantizar una desactivaci\u00f3n suficiente en un per\u00edodo corto de tiempo. Limpiar con una soluci\u00f3n est\u00e1 limitado por el tiempo que tarda la superficie en secarse mientras que el ozono continua atacando a las bacterias hasta que de manera natural se descompongan o se elimien. Esto permite que las soluciones de ozono aumenten significativamente el ahorro de energ\u00eda.<\/p>\n<p>En t\u00e9rminos de uso, su distribuci\u00f3n como gas posibilita que el ozono llegue a superficies dif\u00edciles de higienizar, o lugares donde es dif\u00edcil de pasar un trapo. Los estudios han demostrado que bajas concentraciones de ozono son capaces de desactivar bacterias y virus con envoltura al reaccionar con \u00e1cidos grasos insaturados en la membrana plasm\u00e1tica, ciertas prote\u00ednas superficiales y AND. Sin embargo, para neutralizar virus estables y esporas de bacterias se requieren concentraciones m\u00e1s altas de ozono junto con humedad del aire durante varias horas.<\/p>\n        <\/div>\n        <div class=\"col-md-6\">\n            <p><a href=\"https:\/\/ozonetech.com\/es\/acerca-del-ozono\/\">El ozono<\/a> se produce in situ bajo demanda, eliminando as\u00ed la necesidad de recursos adicionales para el manejo y almacenamiento de qu\u00edmicos peligrosos. Adem\u00e1s, no quedan residuos qu\u00edmicos tras el tratamiento con ozono al descomponerse a ox\u00edgeno de manera natural.<\/p>\n<p>M\u00e1s informaci\u00f3n sobre nuestro sistema de ozono RENA Pro <a href=\"https:\/\/ozonetech.com\/es\/soluciones-y-sistemas\/tratamiento-de-aire\/sistemas-de-ozono-rena-pro\/\">aqu\u00ed<\/a> o descargue nuestro <a href=\"https:\/\/ozonetech.com\/wp-content\/uploads\/2020\/12\/Brochure-RENA-Pro-Ozone-Systems-v1.0-ES-web-1.pdf\">folleto informativo<\/a>.<\/p>\n        <\/div>\n    <\/div>\n<\/div><\/section>\n\n\n\n<section\n    id=\"\"\n    class=\"block content-block\"\n\tstyle=\"--cb-bg: #e6e6e6; --cb-content: #000; padding-top: 30px; padding-bottom: 30px;\"\n>\n    \n\n<div class=\"container-fluid editor_content content content--narrow\">\n    <div class=\"row\">\n        <div class=\"col-12 editor_content\">\n            <h3>Reduciendo los riesgos de transmisi\u00f3n de pat\u00f3genos<\/h3>\n<p>En un entorno cl\u00ednico, los generadores de ozono pueden reducir el riesgo de propagaci\u00f3n de pat\u00f3genos cuando nuevos pacientes llegan a habitaciones previamente ocupadas por otros pacientes. Se puede utilizar tambi\u00e9n despu\u00e9s de una limpieza tradicional para reducir el riesgo de propagaci\u00f3n de enfermedades a partir de fluidos corporales infecciosos dejados por el paciente anterior.<\/p>\n<p>Dependiendo de las necesidades del cliente, se adapta el tiempo de tratamiento y la concentraci\u00f3n de ozono a la reducci\u00f3n log deseada, tal y como se muestra en la siguiente figura. Cuando termina el tratamiento, el ozono se descompone de manera natural en ox\u00edgeno tras varias horas o bien la descomposici\u00f3n se puede acelerar significativamente mediante el uso de <a href=\"https:\/\/ozonetech.com\/es\/productos\/destructores-de-ozono\/\">destructores de ozono<\/a>.<\/p>\n<p>Para aquellas cl\u00ednicas que se cierran durante la noche, el tratamiento con ozono se puede programar en las salas de espera, pasillos y ba\u00f1os, lo que ofrece tiempo suficiente para que el tratamiento con ozono y la destrucci\u00f3n de los residuos se lleven a cabo antes de que lleguen los primeros empleados.<\/p>\n<p>Para quir\u00f3fanos u otras zonas que necesiten eliminaci\u00f3n de bacterias, virus o esporas a escala logar\u00edtmica 6 logs, se requieren disoluciones especializadas que empleen altas concentraciones de ozono en habitaciones selladas en el transcurso de varias horas. El proceso de saneamiento se puede iniciar desde desde un panel fuera de la habitaci\u00f3n, monstr\u00e1ndose informaci\u00f3n sobre el tiempo restante. Una vez transcurrido el tiempo establecido, el ozono se destruye utilizando un <a href=\"https:\/\/ozonetech.com\/es\/productos\/destructores-de-ozono\/\">destructor de ozono<\/a>.<\/p>\n<p><a href=\"https:\/\/ozonetech.com\/contact\/\">Cont\u00e1ctenos<\/a> si desea una soluci\u00f3n a medida para sus necesidades de desinfecci\u00f3n.<\/p>\n        <\/div>\n    <\/div>\n<\/div>\n\n<\/section>\n","protected":false},"excerpt":{"rendered":"","protected":false},"author":21,"featured_media":0,"parent":36488,"menu_order":0,"comment_status":"closed","ping_status":"closed","template":"","meta":{"_acf_changed":false,"_seopress_robots_primary_cat":"","_seopress_titles_title":"","_seopress_titles_desc":"Para la desinfecci\u00f3n del aire, el ozono proporciona grandes vol\u00famenes de aire, neutralizando los microorganismos, incluidos los virus.","_seopress_robots_index":"","inline_featured_image":false,"footnotes":""},"class_list":["post-36500","page","type-page","status-publish","hentry"],"acf":[],"_links":{"self":[{"href":"https:\/\/ozonetech.com\/es\/wp-json\/wp\/v2\/pages\/36500","targetHints":{"allow":["GET"]}}],"collection":[{"href":"https:\/\/ozonetech.com\/es\/wp-json\/wp\/v2\/pages"}],"about":[{"href":"https:\/\/ozonetech.com\/es\/wp-json\/wp\/v2\/types\/page"}],"author":[{"embeddable":true,"href":"https:\/\/ozonetech.com\/es\/wp-json\/wp\/v2\/users\/21"}],"replies":[{"embeddable":true,"href":"https:\/\/ozonetech.com\/es\/wp-json\/wp\/v2\/comments?post=36500"}],"version-history":[{"count":22,"href":"https:\/\/ozonetech.com\/es\/wp-json\/wp\/v2\/pages\/36500\/revisions"}],"predecessor-version":[{"id":40409,"href":"https:\/\/ozonetech.com\/es\/wp-json\/wp\/v2\/pages\/36500\/revisions\/40409"}],"up":[{"embeddable":true,"href":"https:\/\/ozonetech.com\/es\/wp-json\/wp\/v2\/pages\/36488"}],"wp:attachment":[{"href":"https:\/\/ozonetech.com\/es\/wp-json\/wp\/v2\/media?parent=36500"}],"curies":[{"name":"wp","href":"https:\/\/api.w.org\/{rel}","templated":true}]}}