{"id":36488,"date":"2021-01-08T11:54:32","date_gmt":"2021-01-08T10:54:32","guid":{"rendered":"https:\/\/ozonetech.com\/applications\/air-treatment\/"},"modified":"2024-10-10T09:19:34","modified_gmt":"2024-10-10T07:19:34","slug":"tratamiento-de-aire","status":"publish","type":"page","link":"https:\/\/ozonetech.com\/es\/aplicaciones\/tratamiento-de-aire\/","title":{"rendered":"Tratamiento de aire"},"content":{"rendered":"\n<section\n    class=\"block hero hero--regular\"\n    style=\"background-image: url(''); --hero-opacity: 0.2\"\n>\n\n    <div class=\"container-fluid\">\n\n        <div class=\"content editor_content\">\n                         \n                <h2 class='h1'>Tratamiento de aire<\/h2>            \n                    <\/div>\n\n            <\/div>\n<\/section>\n\n\n<section class=\"component component_breadcrumbs\">\n\t<div class=\"container-fluid\">\n  \t<\/div>\n<\/section>\n\n\n<section\n    id=\"\"\n    class=\"block content-block\"\n\tstyle=\"--cb-bg: #fff; --cb-content: #000; \"\n>\n    \n\n<div class=\"container-fluid editor_content content content--narrow\">\n    <div class=\"row\">\n        <div class=\"col-12 editor_content\">\n            <h1>Una amplia gama de aplicaciones de tratamiento de aire industrial<\/h1>\n<p class=\"preamble\">Las soluciones y sistemas de Ozonetech pueden utilizarse en una amplia gama de aplicaciones de tratamiento del aire industrial en las que se requiere un m\u00e9todo altamente eficaz y respetuoso con el medio ambiente. Nuestras <a href=\"https:\/\/ozonetech.com\/es\/soluciones-y-sistemas\/\">soluciones y sistemas<\/a> se basan en la tecnolog\u00eda de oxidaci\u00f3n por ozono y reducen significativamente o incluso eliminan por completo la grasa, los olores, los contaminantes y muchas otras sustancias del aire. Nuestras soluciones de ozono tambi\u00e9n son perfectas para prevenir el recubrimiento biol\u00f3gico y eliminar los virus, <a href=\"https:\/\/ozonetech.com\/es\/aplicaciones\/olor-y-saneamiento\/virus-y-bacterias\/\">las bacterias y las esporas presentes en el aire<\/a>.<\/p>\n        <\/div>\n    <\/div>\n<\/div>\n\n<\/section>\n\n\n\n<section\n    id=\"\"\n    class=\"block content-block\"\n\tstyle=\"--cb-bg: #fff; --cb-content: #000; \"\n>\n    \n\n<div class=\"container-fluid editor_content content content--narrow\">\n    <div class=\"row\">\n        <div class=\"col-12 editor_content\">\n            <p style=\"text-align: left;\">Las aplicaciones de Ozonetech se utilizan en varias industrias para tratar problemas de contaminaci\u00f3n del aire y problemas de olores dif\u00edciles, por ejemplo, en la <a href=\"https:\/\/mellifiq.com\/markets\/biogas-plants\/\" target=\"_blank\" rel=\"noopener\">industria del biog\u00e1s<\/a> (external site) o en <a href=\"https:\/\/ozonetech.com\/es\/aplicaciones\/olor-y-saneamiento\/pozos-de-bombeo\/\">estaciones de bombeo<\/a>. Nuestros sistemas de desinfecci\u00f3n tambi\u00e9n se utilizan para eliminar los agentes pat\u00f3genos del aire y desinfectar los sistemas de ventilaci\u00f3n de los edificios. Tambi\u00e9n ofrecemos aplicaciones que se adaptan perfectamente a las necesidades de todo el proceso de <a href=\"https:\/\/mellifiq.com\/markets\/food-and-beverage-production\/\" target=\"_blank\" rel=\"noopener\">producci\u00f3n de alimentos<\/a>, por ejemplo la desinfecci\u00f3n de zonas de almacenamiento, veh\u00edculos de transporte y durante y despu\u00e9s de toda la fase de producci\u00f3n.<\/p>\n<p style=\"text-align: left;\">Nuestros generadores de ozono m\u00e1s peque\u00f1os, la <a href=\"https:\/\/ozonetech.com\/es\/productos\/generadores-de-ozono\/serie-act\/\">serie ACT<\/a>, son famosos por su capacidad para tratar problemas de olores en \u00e1reas m\u00e1s peque\u00f1as, como <a href=\"https:\/\/ozonetech.com\/es\/aplicaciones\/olor-y-saneamiento\/cuartos-de-basura\/\">cuartos de basura<\/a>, <a href=\"https:\/\/ozonetech.com\/es\/aplicaciones\/tratamiento-de-aire\/separadores-de-grasas-un-problema-de-olor\/\">separadores de grasa<\/a>, s\u00f3tanos, <a href=\"https:\/\/ozonetech.com\/es\/aplicaciones\/olor-y-saneamiento\/saneamiento-del-humo\/\">salas de fumadores<\/a>, almacenes y espacios cerrados que suelen estar <a href=\"https:\/\/ozonetech.com\/es\/aplicaciones\/olor-y-saneamiento\/danos-por-humedad\/\">h\u00famedos<\/a>.<\/p>\n<p style=\"text-align: left;\">Lea m\u00e1s sobre nuestras aplicaciones industriales a continuaci\u00f3n. Si tiene una aplicaci\u00f3n que no aparece en la lista o si desea conocer nuestra sugerencia para su caso, p\u00f3ngase en <a href=\"https:\/\/ozonetech.com\/contact\/\">contacto con nosotros<\/a>.<\/p>\n        <\/div>\n    <\/div>\n<\/div>\n\n<\/section>\n\n\n\n<section class=\"block landing-page-grid\" style=\"--grid-bg: #transparent; --grid-link: #5f5f5f; --grid-content: #000;\">\n\n    <div class=\"container-fluid grid\">\n\n                \n                    <div class=\"grid__list\">\n                                    <a class=\"item\" href=\"https:\/\/ozonetech.com\/es\/aplicaciones\/tratamiento-de-aire\/desinfeccion-del-aire\/\" target=\"\">\n                        <span class=\"item__overlay\"><\/span>\n                        <span\n                            class=\"item__background-image\"\n                            style=\"background-image: url('https:\/\/ozonetech.com\/wp-content\/uploads\/2021\/03\/air-disinfection-2.jpg');\"\n                        ><\/span>\n                        \n                        <span class=\"item__content\">\n                            <figure class=\"item__content--icon\">\n                                                            <\/figure>\n\n                            <span class=\"item__content--link\">\n                                <span>Desinfecci\u00f3n del aire<\/span><svg version=\"1.1\" id=\"Layer_1\" xmlns=\"http:\/\/www.w3.org\/2000\/svg\" x=\"0\" y=\"0\" viewBox=\"0 0 25 21.76\" xml:space=\"preserve\"><path fill=\"#FF691C\" d=\"M12.17 1.45l1.11-1.1c.46-.47 1.22-.47 1.68 0l9.69 9.68c.47.46.47 1.22 0 1.68l-9.69 9.69c-.46.47-1.22.47-1.68 0l-1.11-1.11c-.47-.47-.46-1.23.01-1.7l.01-.01 6-5.72h-17c-.66 0-1.2-.53-1.2-1.19v-1.6c0-.66.53-1.2 1.19-1.2h17.01l-6-5.72c-.48-.45-.5-1.2-.05-1.68.01 0 .02-.01.03-.02z\"\/><\/svg>                            <\/span>\n                        <\/span>\n                    <\/a>\n                                    <a class=\"item\" href=\"https:\/\/ozonetech.com\/es\/aplicaciones\/tratamiento-de-aire\/ozonizacion-de-biodigestores\/\" target=\"\">\n                        <span class=\"item__overlay\"><\/span>\n                        <span\n                            class=\"item__background-image\"\n                            style=\"background-image: url('https:\/\/ozonetech.com\/wp-content\/uploads\/2021\/02\/digester-ozonation-1.jpg');\"\n                        ><\/span>\n                        \n                        <span class=\"item__content\">\n                            <figure class=\"item__content--icon\">\n                                                            <\/figure>\n\n                            <span class=\"item__content--link\">\n                                <span>Ozonizaci\u00f3n de biodigestores<\/span><svg version=\"1.1\" id=\"Layer_1\" xmlns=\"http:\/\/www.w3.org\/2000\/svg\" x=\"0\" y=\"0\" viewBox=\"0 0 25 21.76\" xml:space=\"preserve\"><path fill=\"#FF691C\" d=\"M12.17 1.45l1.11-1.1c.46-.47 1.22-.47 1.68 0l9.69 9.68c.47.46.47 1.22 0 1.68l-9.69 9.69c-.46.47-1.22.47-1.68 0l-1.11-1.11c-.47-.47-.46-1.23.01-1.7l.01-.01 6-5.72h-17c-.66 0-1.2-.53-1.2-1.19v-1.6c0-.66.53-1.2 1.19-1.2h17.01l-6-5.72c-.48-.45-.5-1.2-.05-1.68.01 0 .02-.01.03-.02z\"\/><\/svg>                            <\/span>\n                        <\/span>\n                    <\/a>\n                                    <a class=\"item\" href=\"https:\/\/ozonetech.com\/es\/aplicaciones\/tratamiento-de-aire\/separadores-de-grasas-un-problema-de-olor\/\" target=\"\">\n                        <span class=\"item__overlay\"><\/span>\n                        <span\n                            class=\"item__background-image\"\n                            style=\"background-image: url('https:\/\/ozonetech.com\/wp-content\/uploads\/2021\/02\/grease-trap-1.jpg');\"\n                        ><\/span>\n                        \n                        <span class=\"item__content\">\n                            <figure class=\"item__content--icon\">\n                                                            <\/figure>\n\n                            <span class=\"item__content--link\">\n                                <span>Separadores de grasa<\/span><svg version=\"1.1\" id=\"Layer_1\" xmlns=\"http:\/\/www.w3.org\/2000\/svg\" x=\"0\" y=\"0\" viewBox=\"0 0 25 21.76\" xml:space=\"preserve\"><path fill=\"#FF691C\" d=\"M12.17 1.45l1.11-1.1c.46-.47 1.22-.47 1.68 0l9.69 9.68c.47.46.47 1.22 0 1.68l-9.69 9.69c-.46.47-1.22.47-1.68 0l-1.11-1.11c-.47-.47-.46-1.23.01-1.7l.01-.01 6-5.72h-17c-.66 0-1.2-.53-1.2-1.19v-1.6c0-.66.53-1.2 1.19-1.2h17.01l-6-5.72c-.48-.45-.5-1.2-.05-1.68.01 0 .02-.01.03-.02z\"\/><\/svg>                            <\/span>\n                        <\/span>\n                    <\/a>\n                                    <a class=\"item\" href=\"https:\/\/ozonetech.com\/es\/aplicaciones\/tratamiento-de-aire\/control-de-olores\/\" target=\"\">\n                        <span class=\"item__overlay\"><\/span>\n                        <span\n                            class=\"item__background-image\"\n                            style=\"background-image: url('https:\/\/ozonetech.com\/wp-content\/uploads\/2021\/02\/odor-control-3.jpg');\"\n                        ><\/span>\n                        \n                        <span class=\"item__content\">\n                            <figure class=\"item__content--icon\">\n                                                            <\/figure>\n\n                            <span class=\"item__content--link\">\n                                <span>Control del olor<\/span><svg version=\"1.1\" id=\"Layer_1\" xmlns=\"http:\/\/www.w3.org\/2000\/svg\" x=\"0\" y=\"0\" viewBox=\"0 0 25 21.76\" xml:space=\"preserve\"><path fill=\"#FF691C\" d=\"M12.17 1.45l1.11-1.1c.46-.47 1.22-.47 1.68 0l9.69 9.68c.47.46.47 1.22 0 1.68l-9.69 9.69c-.46.47-1.22.47-1.68 0l-1.11-1.11c-.47-.47-.46-1.23.01-1.7l.01-.01 6-5.72h-17c-.66 0-1.2-.53-1.2-1.19v-1.6c0-.66.53-1.2 1.19-1.2h17.01l-6-5.72c-.48-.45-.5-1.2-.05-1.68.01 0 .02-.01.03-.02z\"\/><\/svg>                            <\/span>\n                        <\/span>\n                    <\/a>\n                                    <a class=\"item\" href=\"https:\/\/ozonetech.com\/es\/aplicaciones\/tratamiento-de-aire\/eliminacion-de-cov\/\" target=\"\">\n                        <span class=\"item__overlay\"><\/span>\n                        <span\n                            class=\"item__background-image\"\n                            style=\"background-image: url('https:\/\/ozonetech.com\/wp-content\/uploads\/2021\/02\/VOC-removal-1.jpg');\"\n                        ><\/span>\n                        \n                        <span class=\"item__content\">\n                            <figure class=\"item__content--icon\">\n                                                            <\/figure>\n\n                            <span class=\"item__content--link\">\n                                <span>Eliminaci\u00f3n de COV<\/span><svg version=\"1.1\" id=\"Layer_1\" xmlns=\"http:\/\/www.w3.org\/2000\/svg\" x=\"0\" y=\"0\" viewBox=\"0 0 25 21.76\" xml:space=\"preserve\"><path fill=\"#FF691C\" d=\"M12.17 1.45l1.11-1.1c.46-.47 1.22-.47 1.68 0l9.69 9.68c.47.46.47 1.22 0 1.68l-9.69 9.69c-.46.47-1.22.47-1.68 0l-1.11-1.11c-.47-.47-.46-1.23.01-1.7l.01-.01 6-5.72h-17c-.66 0-1.2-.53-1.2-1.19v-1.6c0-.66.53-1.2 1.19-1.2h17.01l-6-5.72c-.48-.45-.5-1.2-.05-1.68.01 0 .02-.01.03-.02z\"\/><\/svg>                            <\/span>\n                        <\/span>\n                    <\/a>\n                            <\/div>\n            <\/div>\n\n<\/section>","protected":false},"excerpt":{"rendered":"","protected":false},"author":42,"featured_media":0,"parent":36485,"menu_order":0,"comment_status":"closed","ping_status":"closed","template":"","meta":{"_acf_changed":false,"_seopress_robots_primary_cat":"","_seopress_titles_title":"","_seopress_titles_desc":"Mediante el ozono y la oxidaci\u00f3n, se pueden reducir eficazmente o incluso eliminar la grasa, los olores y los contaminantes del aire.","_seopress_robots_index":"","inline_featured_image":false,"footnotes":""},"class_list":["post-36488","page","type-page","status-publish","hentry"],"acf":[],"_links":{"self":[{"href":"https:\/\/ozonetech.com\/es\/wp-json\/wp\/v2\/pages\/36488","targetHints":{"allow":["GET"]}}],"collection":[{"href":"https:\/\/ozonetech.com\/es\/wp-json\/wp\/v2\/pages"}],"about":[{"href":"https:\/\/ozonetech.com\/es\/wp-json\/wp\/v2\/types\/page"}],"author":[{"embeddable":true,"href":"https:\/\/ozonetech.com\/es\/wp-json\/wp\/v2\/users\/42"}],"replies":[{"embeddable":true,"href":"https:\/\/ozonetech.com\/es\/wp-json\/wp\/v2\/comments?post=36488"}],"version-history":[{"count":13,"href":"https:\/\/ozonetech.com\/es\/wp-json\/wp\/v2\/pages\/36488\/revisions"}],"predecessor-version":[{"id":40399,"href":"https:\/\/ozonetech.com\/es\/wp-json\/wp\/v2\/pages\/36488\/revisions\/40399"}],"up":[{"embeddable":true,"href":"https:\/\/ozonetech.com\/es\/wp-json\/wp\/v2\/pages\/36485"}],"wp:attachment":[{"href":"https:\/\/ozonetech.com\/es\/wp-json\/wp\/v2\/media?parent=36488"}],"curies":[{"name":"wp","href":"https:\/\/api.w.org\/{rel}","templated":true}]}}