{"id":36145,"date":"2021-07-09T10:33:29","date_gmt":"2021-07-09T09:33:29","guid":{"rendered":"https:\/\/ozonetech.com\/?page_id=36145"},"modified":"2024-10-10T11:19:10","modified_gmt":"2024-10-10T09:19:10","slug":"massgeschneiderte-abwasseraufbereitungsprojekte","status":"publish","type":"page","link":"https:\/\/ozonetech.com\/de\/systeme-dienstleistungen\/wasseraufbereitung\/massgeschneiderte-abwasseraufbereitungsprojekte\/","title":{"rendered":"Ma\u00dfgeschneiderte Abwasseraufbereitungsprojekte"},"content":{"rendered":"\n<section\n    class=\"block hero hero--regular\"\n    style=\"background-image: url('https:\/\/ozonetech.com\/wp-content\/uploads\/2021\/03\/water-treatment-pilot-projects-1600x484.jpg'); --hero-opacity: 0.3\"\n>\n\n    <div class=\"container-fluid\">\n\n        <div class=\"content editor_content\">\n                         \n                <h2 class='h2'>Ma\u00dfgeschneiderte Abwasseraufbereitungsprojekte<\/h2>            \n                    <\/div>\n\n            <\/div>\n<\/section>\n\n\n<section class=\"component component_breadcrumbs\">\n\t<div class=\"container-fluid\">\n  \t<\/div>\n<\/section>\n\n\n<section\n    id=\"\"\n    class=\"block content-block\"\n\tstyle=\"--cb-bg: white; --cb-content: #000; padding-top: 30px; padding-bottom: 30px;\"\n>\n    \n\n<div class=\"container-fluid editor_content content content--narrow\">\n    <div class=\"row\">\n        <div class=\"col-12 editor_content\">\n            <h1>Eine effiziente Aufbereitung des Prozesswassers beginnt mit einem Pilotprojekt<\/h1>\n<h3>Projektabwicklung &#8211; Beginn bis Ende<\/h3>\n<p class=\"preamble\">Die industrielle Prozesswasseraufbereitung ist eine komplexe Aufgabe. Prozessabw\u00e4sser weisen einzigartige Eigenschaften auf, die besondere Aufmerksamkeit erfordern, um Umweltauflagen oder Unternehmensrichtlinien einzuhalten. Ozonetech ist sich bewusst, dass die Behandlung aller Abwasserstr\u00f6me eine ma\u00dfgeschneiderte L\u00f6sung erfordert. Wir bieten komplette Behandlungssysteme an, die auf Pilotprojekten basieren und auf unserer hauseigenen Erfahrung und Pilotanlage basieren.<\/p>\n        <\/div>\n    <\/div>\n<\/div>\n\n\n<div class=\"container-fluid editor_content content content--narrow\">\n    <div class=\"row\">\n        <div class=\"col-md-6\">\n            <h4>Machbarkeitsstudie<\/h4>\n<p>In enger Zusammenarbeit mit dem Kunden pr\u00fcfen die Ingenieure von Ozonetech die Machbarkeit eines kompletten Systems, das auf wichtigen Abwasserparametern wie chemischem und biologischem Sauerstoffbedarf, Partikeln und Art der Inhaltsstoffe basiert. Wenn der vollst\u00e4ndige Behandlungsbedarf als erreichbar erachtet wird, wird das Pilotprojekt fortgesetzt.<\/p>\n<p>&nbsp;<\/p>\n        <\/div>\n        <div class=\"col-md-6\">\n            <h4>Screening<\/h4>\n<p>Eine Vorbehandlung wird durchgef\u00fchrt, um die besten Systemparameter wie geeigneten pH-Wert, Schaumkontrolle und bei Bedarf Vorfiltration in unserer Laboranlage zu finden. In diesem Stadium werden die Grunds\u00e4tze der besten verf\u00fcgbaren Technologie (BVT) angewandt. Ozon ist zwar die Grundlage unserer L\u00f6sungen, aber wir setzen bei Bedarf fortschrittliche Technologien wie Advanced Oxidation Process (AOP), UV und Aktivkohle ein.<\/p>\n        <\/div>\n    <\/div>\n<\/div>\n<div class=\"container-fluid editor_content content content--narrow\">\n    <div class=\"row\">\n        <div class=\"col-md-6\">\n            <h4>Behandlung im Pilotma\u00dfstab<\/h4>\n<p>Basierend auf den am besten geeigneten Vorbehandlungs- und Systemparametern werden Pilotl\u00e4ufe mit Abwasserproben in unserer Pilotanlage durchgef\u00fchrt. Die Proben werden an ein akkreditiertes Labor zur Analyse der relevanten Parameter geschickt.<\/p>\n        <\/div>\n        <div class=\"col-md-6\">\n            <h4>Bericht<\/h4>\n<p>Nach der Analyse der relevanten Parameter der Abwasserproben w\u00e4hrend der Behandlung erh\u00e4lt der Kunde einen professionellen Bericht mit einer Beschreibung der angewandten Technologie, der Methodik, der Gesamtergebnisse der Behandlung, der Kinetik und anderer wichtiger Ergebnisse. Diese Ergebnisse sind die Grundlage f\u00fcr ein komplettes Aufbereitungssystem.<\/p>\n        <\/div>\n    <\/div>\n<\/div>\n<div class=\"container-fluid editor_content content content--narrow\">\n    <div class=\"row\">\n        <div class=\"col-md-6\">\n            <h4>Angebot f\u00fcr ein komplettes System<\/h4>\n<p>Basierend auf den Erkenntnissen und Bewertungen des Pilotprojektberichts werden wir dem Kunden ein Design und ein Angebot f\u00fcr ein vollwertiges System mit Leistungsgarantien f\u00fcr die Behandlungsanforderungen der Pilotanlage unterbreiten.<\/p>\n        <\/div>\n        <div class=\"col-md-6\">\n                    <\/div>\n    <\/div>\n<\/div>\n\n<div class=\"container-fluid editor_content content content--narrow\">\n    <div class=\"row\">\n        <div class=\"col-12 editor_content\">\n            <p><img loading=\"lazy\" decoding=\"async\" class=\"aligncenter wp-image-38065 size-large\" src=\"https:\/\/ozonetech.com\/wp-content\/uploads\/2021\/08\/Project-execution-start-to-finish-DE-1024x410.png\" alt=\"\" width=\"1024\" height=\"410\" srcset=\"https:\/\/ozonetech.com\/wp-content\/uploads\/2021\/08\/Project-execution-start-to-finish-DE-1024x410.png 1024w, https:\/\/ozonetech.com\/wp-content\/uploads\/2021\/08\/Project-execution-start-to-finish-DE-300x120.png 300w, https:\/\/ozonetech.com\/wp-content\/uploads\/2021\/08\/Project-execution-start-to-finish-DE-768x307.png 768w, https:\/\/ozonetech.com\/wp-content\/uploads\/2021\/08\/Project-execution-start-to-finish-DE.png 1500w\" sizes=\"auto, (max-width: 1024px) 100vw, 1024px\" \/><\/p>\n        <\/div>\n    <\/div>\n<\/div>\n\n<\/section>\n\n\n\n<section\n    id=\"\"\n    class=\"block content-block\"\n\tstyle=\"--cb-bg: white; --cb-content: #000; padding-top: 30px; padding-bottom: 30px;\"\n>\n    \n\n<div class=\"container-fluid editor_content content content--narrow\">\n    <div class=\"row\">\n        <div class=\"col-12 editor_content\">\n            <h3>Ein breites Spektrum von Industrien<\/h3>\n        <\/div>\n    <\/div>\n<\/div>\n\n\n<div class=\"container-fluid editor_content content content--narrow\">\n    <div class=\"row\">\n        <div class=\"col-md-6\">\n            <h4>Pharmazeutische Industrie<\/h4>\n<p>Arzneimittelr\u00fcckst\u00e4nde werden aufgrund ihrer komplexen Molekularstruktur zu einem wachsenden Problem in biologischen Kl\u00e4ranlagen. Die Ozonbehandlung ist eine bew\u00e4hrte Technologie zur Entfernung dieser Mikroschadstoffe direkt in der Produktionsst\u00e4tte, in Krankenh\u00e4usern oder kommunalen Kl\u00e4ranlagen.<\/p>\n<p>Beispiele f\u00fcr die Behandlung von Wirkstoffen: Paracetamol, Codein, Propofol, Diclofenac.<\/p>\n        <\/div>\n        <div class=\"col-md-6\">\n            <h4>Abwasser aus der Prozessindustrie<\/h4>\n<p>Ob industrielles Prozesswasser aus der \u00d6lindustrie, der chemischen Produktion, dem Recycling oder der Textilindustrie, Abwasser enth\u00e4lt in der Regel Verbindungen, deren Behandlung schwierig und teuer ist, um die Umweltauflagen zu erf\u00fcllen. Unsere Technologie bietet eine kosteng\u00fcnstige L\u00f6sung.<\/p>\n<p>Beispiele f\u00fcr die Behandlung von Wirkstoffen und Parametern: Amine, Alkohole, Aldehyde, \u00d6l, BSB, CSB, TOC<\/p>\n        <\/div>\n    <\/div>\n<\/div>\n\n<div class=\"container-fluid editor_content content content--narrow\">\n    <div class=\"row\">\n        <div class=\"col-12 editor_content\">\n            <h4>Lebensmittel- und Getr\u00e4nkeproduktion<\/h4>\n<p>Die Lebensmittel- und Getr\u00e4nkeproduktion hinterl\u00e4sst oft Prozesswasser mit einem erh\u00f6hten chemischen und biologischen Sauerstoffbedarf durch organische Materialien und chemische Nutzung. Die Ozontechnologie hilft, die Abwasserbelastung zu reduzieren. Ozonetech-Pilotprojekte werden dazu beitragen, das am besten geeignete Gesamtsystem und die am besten geeignete Kapazit\u00e4t zur Erreichung der Behandlungsziele zu ermitteln.<\/p>\n<p>Beispiele f\u00fcr die Behandlung von Wirkstoffen: BSB, CSB, TOC, Farbe, Tr\u00fcbung<\/p>\n<p><img loading=\"lazy\" decoding=\"async\" class=\"aligncenter wp-image-22630 size-large\" src=\"https:\/\/ozonetech.com\/wp-content\/uploads\/2021\/03\/industry-collage-1024x371.jpg\" alt=\"\" width=\"1024\" height=\"371\" srcset=\"https:\/\/ozonetech.com\/wp-content\/uploads\/2021\/03\/industry-collage-1024x371.jpg 1024w, https:\/\/ozonetech.com\/wp-content\/uploads\/2021\/03\/industry-collage-300x109.jpg 300w, https:\/\/ozonetech.com\/wp-content\/uploads\/2021\/03\/industry-collage-768x279.jpg 768w, https:\/\/ozonetech.com\/wp-content\/uploads\/2021\/03\/industry-collage.jpg 1500w\" sizes=\"auto, (max-width: 1024px) 100vw, 1024px\" \/><\/p>\n        <\/div>\n    <\/div>\n<\/div>\n\n<\/section>\n\n\n\n<section\n    id=\"\"\n    class=\"block content-block\"\n\tstyle=\"--cb-bg: light-gray; --cb-content: #000; padding-top: 30px; padding-bottom: 30px;\"\n>\n    \n\n<div class=\"container-fluid editor_content content content--narrow\">\n    <div class=\"row\">\n        <div class=\"col-12 editor_content\">\n                    <\/div>\n    <\/div>\n<\/div>\n\n<\/section>\n\n\n\n<section class=\"block big-cta\" style=\"--cta-bg: #5f5f5f; --cta-text: #fff; --cta-btn: #299f23; --cta-btn-hover: #5f5f5f; --cta-btn-text-hover: #299f23; --cta-border: #299f23 \">\n    <div class=\"container-fluid d-flex flex-column align-items-center editor-content\">\n        \n        <h3 class='h3'>Kontaktieren Sie uns noch heute<\/h3>\n        <div class=\"content\">\n            Z\u00f6gern Sie nicht, sich noch heute mit unserem Team f\u00fcr industrielle Wassertechnik in Verbindung zu setzen. <br \/>\r\n        <\/div>\n\n        <div class=\"btn-container\">\n                            <a href='https:\/\/mellifiq.com\/contact\/' class='btn btn--secondary' target='_blank'>Kontaktinformationen<\/a>                    <\/div>\n    <\/div>\n<\/section>\n","protected":false},"excerpt":{"rendered":"","protected":false},"author":21,"featured_media":0,"parent":36129,"menu_order":0,"comment_status":"closed","ping_status":"closed","template":"","meta":{"_acf_changed":false,"_seopress_robots_primary_cat":"","_seopress_titles_title":"","_seopress_titles_desc":"Wir bieten ma\u00dfst\u00e4bliche Aufbereitungssysteme basierend auf unseren Projekten im Pilot-Ma\u00dfstab mit Hilfe unsere internen Erfahrung und unseren Piloteinrichtungen.","_seopress_robots_index":"","inline_featured_image":false,"footnotes":""},"class_list":["post-36145","page","type-page","status-publish","hentry"],"acf":[],"_links":{"self":[{"href":"https:\/\/ozonetech.com\/de\/wp-json\/wp\/v2\/pages\/36145","targetHints":{"allow":["GET"]}}],"collection":[{"href":"https:\/\/ozonetech.com\/de\/wp-json\/wp\/v2\/pages"}],"about":[{"href":"https:\/\/ozonetech.com\/de\/wp-json\/wp\/v2\/types\/page"}],"author":[{"embeddable":true,"href":"https:\/\/ozonetech.com\/de\/wp-json\/wp\/v2\/users\/21"}],"replies":[{"embeddable":true,"href":"https:\/\/ozonetech.com\/de\/wp-json\/wp\/v2\/comments?post=36145"}],"version-history":[{"count":8,"href":"https:\/\/ozonetech.com\/de\/wp-json\/wp\/v2\/pages\/36145\/revisions"}],"predecessor-version":[{"id":40879,"href":"https:\/\/ozonetech.com\/de\/wp-json\/wp\/v2\/pages\/36145\/revisions\/40879"}],"up":[{"embeddable":true,"href":"https:\/\/ozonetech.com\/de\/wp-json\/wp\/v2\/pages\/36129"}],"wp:attachment":[{"href":"https:\/\/ozonetech.com\/de\/wp-json\/wp\/v2\/media?parent=36145"}],"curies":[{"name":"wp","href":"https:\/\/api.w.org\/{rel}","templated":true}]}}