{"id":36142,"date":"2021-07-09T10:28:41","date_gmt":"2021-07-09T09:28:41","guid":{"rendered":"https:\/\/ozonetech.com\/?page_id=36142"},"modified":"2024-10-10T11:28:41","modified_gmt":"2024-10-10T09:28:41","slug":"rena-vivo-ozonsystem","status":"publish","type":"page","link":"https:\/\/ozonetech.com\/de\/systeme-dienstleistungen\/wasseraufbereitung\/rena-vivo-ozonsystem\/","title":{"rendered":"RENA Vivo-Ozonsystem"},"content":{"rendered":"\n<section\n    class=\"block hero hero--regular\"\n    style=\"background-image: url('https:\/\/ozonetech.com\/wp-content\/uploads\/2021\/03\/rena-vivo-1-1600x484.jpg'); --hero-opacity: 0.3\"\n>\n\n    <div class=\"container-fluid\">\n\n        <div class=\"content editor_content\">\n                         \n                <h2 class='h2'>RENA Vivo-Ozonsystem<\/h2>            \n                    <\/div>\n\n            <\/div>\n<\/section>\n\n\n<section class=\"component component_breadcrumbs\">\n\t<div class=\"container-fluid\">\n  \t<\/div>\n<\/section>\n\n\n<section\n    id=\"\"\n    class=\"block content-block\"\n\tstyle=\"--cb-bg: white; --cb-content: #000; padding-top: 30px; padding-bottom: 30px;\"\n>\n    \n\n<div class=\"container-fluid editor_content content content--narrow\">\n    <div class=\"row\">\n        <div class=\"col-12 editor_content\">\n            <h1>Ozonetech RENA Vivo \u2013 Das effizienteste System f\u00fcr die Prozessausr\u00fcstung und Wasserreinigung<\/h1>\n<p class=\"preamble\">Das Segment RENA Vivo von Ozonetech besteht aus einer Reihe von schl\u00fcsselfertigen CIP-Systemen, die in den Bereichen Lebensmittel, Getr\u00e4nke und Brauereien, Aquakultur, Milchproduktion sowie in der Pharmaindustrie und im Offshore-Bereich eingesetzt werden. RENA Vivo ist ein Ozonsystem f\u00fcr w\u00e4ssrige Ozonanwendungen zur Desinfektion von Prozessanlagen, zur Qualit\u00e4tssicherung von Prozesswasser und zur Abwasserbehandlung.<\/p>\n<p>Das System verf\u00fcgt \u00fcber ein Steuerungssystem mit intuitivem HMI, Regelung und Steuerung der Ozonproduktion, integrierte Sauerstoffgeneratoren. Im Segment RENA Vivo werden immer sauerstoffgespeiste Ozonerzeuger mit hohen Ozonkonzentrationen f\u00fcr maximale Effizienz eingesetzt.<\/p>\n        <\/div>\n    <\/div>\n<\/div>\n\n\n<div class=\"container-fluid content content--narrow\">\n    <div class=\"row\">\n        <div class=\"col-md-6 order-1 editor_content \">\n            <p>Das Segment Vivo bietet die folgenden operativen Erweiterungen:<\/p>\n<ul>\n<li>Verk\u00fcrzung der CIP-Zykluszeit um 20-30 Minuten durch k\u00fcrzere Desinfektion und sp\u00fclfreien Betrieb.<\/li>\n<li>Entfernung aller Desinfektionsmittel, die zur Behandlung oder Desinfektion verwendet werden.<\/li>\n<li>Reduzierung des Energiebedarfs durch Ersatz von Warmwasser durch kalte Ozondesinfektion<\/li>\n<li>Sicherstellen, dass das Wasser vollst\u00e4ndig mikrobenfrei ist.<\/li>\n<li>Kein Umgang mit Chemikalien, Transport und Kosten<\/li>\n<li>Behandlung komplexer Abwasserinhaltsstoffe vor Ort<\/li>\n<li>Chemikalienfreie Futter- und Prozesswasserqualit\u00e4tssicherung<\/li>\n<\/ul>\n        <\/div>\n        <div class=\"col-md-6 order-2 editor_content d-flex justify-content-center\">\n                                            <figure class=\"side-image wp-caption\">\n                    <img loading=\"lazy\" decoding=\"async\" width=\"1500\" height=\"1455\" src=\"https:\/\/ozonetech.com\/wp-content\/uploads\/2021\/03\/rena-vivo-segment-ozone.jpg\" class=\"attachment-full size-full\" alt=\"\" srcset=\"https:\/\/ozonetech.com\/wp-content\/uploads\/2021\/03\/rena-vivo-segment-ozone.jpg 1500w, https:\/\/ozonetech.com\/wp-content\/uploads\/2021\/03\/rena-vivo-segment-ozone-300x291.jpg 300w, https:\/\/ozonetech.com\/wp-content\/uploads\/2021\/03\/rena-vivo-segment-ozone-1024x993.jpg 1024w, https:\/\/ozonetech.com\/wp-content\/uploads\/2021\/03\/rena-vivo-segment-ozone-768x745.jpg 768w\" sizes=\"auto, (max-width: 1500px) 100vw, 1500px\" \/>                                            <p class=\"wp-caption-text\">\n                            Left: RENA Vivo B-series front. Right: RENA Vivo B-series back.                        <\/p>\n                                    <\/figure>\n                    <\/div>\n    <\/div>\n<\/div>\n\n\n<div class=\"container-fluid editor_content content content--narrow\">\n    <div class=\"row\">\n        <div class=\"col-12 editor_content\">\n            <h3>Unterschiede von RENA Vivo<\/h3>\n        <\/div>\n    <\/div>\n<\/div>\n\n\n<div class=\"container-fluid editor_content content content--narrow\">\n    <div class=\"row\">\n        <div class=\"col-md-6\">\n            <h4>RENA Vivo A-Serie<\/h4>\n<p>Die RENA Vivo A-Serie ist ein hocheffizientes System, das speziell f\u00fcr kleinere Lebensmittel- und Getr\u00e4nkeanlagen, handwerkliche Brauereien und die Behandlung kleinerer Abfallstr\u00f6me in verschiedenen Branchen f\u00fcr Clean-in-Place (CIP) und Wasseraufbereitung entwickelt wurde. Es produziert effektiv ozonisiertes Wasser in einem kompakten Design, 120x80x180 cm. Die Leistungsaufnahme ist mit maximal 900W w\u00e4hrend des Betriebs sehr gering.<\/p>\n<h4>RENA Vivo B-Serie<\/h4>\n<p>Die B-Serie ist das ma\u00dfgeschneiderte System von Ozonetech f\u00fcr gr\u00f6\u00dfere Produktionsanlagen f\u00fcr Clean-in-Place-Anwendungen in Brauereien, gro\u00dfen Molkereien und der pharmazeutischen Produktion. Es ist immer noch ein kompaktes System mit einer Gr\u00f6\u00dfe von 120x80x270 cm.<\/p>\n        <\/div>\n        <div class=\"col-md-6\">\n            <h4>RENA Vivo C-Serie<\/h4>\n<p>Die C-Serie ist unser Ozonsystem mit der h\u00f6chsten Kapazit\u00e4t, das auf die L\u00f6sung komplexer Behandlungsprobleme wie den Abbau von Arzneimittelr\u00fcckst\u00e4nden oder komplexen Substanzen zugeschnitten ist. Es ist eine perfekte L\u00f6sung zur Sicherstellung gro\u00dfer Durchfl\u00fcsse und Mengen an qualitativ hochwertigem Prozesswasser. Es wird mit einem integrierten Sauerstoffgenerator oder einer externen Sauerstoffversorgung geliefert.<\/p>\n<p>Bitte laden Sie hier unsere R<a href=\"https:\/\/ozonetech.com\/wp-content\/uploads\/2022\/12\/Brochure-Rena-Water-Treatment-Solutions-v1.5-EN.pdf\">ENA Water Systems Brosch\u00fcre herunter<\/a>.<\/p>\n        <\/div>\n    <\/div>\n<\/div><\/section>\n\n\n\n<section\n    id=\"\"\n    class=\"block content-block\"\n\tstyle=\"--cb-bg: white; --cb-content: #000; padding-top: 30px; padding-bottom: 30px;\"\n>\n    \n\n<div class=\"container-fluid editor_content content content--narrow\">\n    <div class=\"row\">\n        <div class=\"col-12 editor_content\">\n            <h4>Einzigartige Funktionen in einem schl\u00fcsselfertigen System<\/h4>\n<p>Unser Segment RENA Vivo wurde speziell f\u00fcr die Herstellung von ozonisiertem Wasser f\u00fcr eine Vielzahl von Anwendungen als ein schl\u00fcsselfertiges System entwickelt. Nachfolgend finden Sie eine Tabelle mit einer Zusammenfassung der systemspezifischen Daten:<\/p>\n        <\/div>\n    <\/div>\n<\/div>\n\n<\/section>\n\n\n\n<section\n    id=\"\"\n    class=\"block content-block\"\n\tstyle=\"--cb-bg: #fff; --cb-content: #000; \"\n>\n    <div class=\"container-fluid editor_content\">\n    <div class=\"row\">\n        <div class=\"col-12 editor_content table-wrapper \" style=\"--table-text-color-header: #FFFFFF; --table-text-color-rows: #000000; --table-background-color-header: #5f5f5f; --table-background-color-rows-even: #efefef; --table-background-color-rows-odd: #dfdfdf; \">\n                            \n<table id=\"tablepress-282\" class=\"tablepress tablepress-id-282\" aria-describedby=\"tablepress-282-description\">\n<thead>\n<tr class=\"row-1\">\n\t<th class=\"column-1\">Merkmale<\/th><th class=\"column-2\">A-serie<\/th><th class=\"column-3\">B-serie<\/th><th class=\"column-4\">C-serie<\/th>\n<\/tr>\n<\/thead>\n<tbody class=\"row-striping\">\n<tr class=\"row-2\">\n\t<td class=\"column-1\">Leistungsstarker Ozongenerator mit HELS(TM)-Technologie<\/td><td class=\"column-2\">Immer<\/td><td class=\"column-3\">Immer<\/td><td class=\"column-4\">Immer<\/td>\n<\/tr>\n<tr class=\"row-3\">\n\t<td class=\"column-1\">Integrierter Sauerstoffgenerator<\/td><td class=\"column-2\">Typisch<\/td><td class=\"column-3\">Ja<\/td><td class=\"column-4\">Eigenst\u00e4ndiger Sauerstoffkonzentrator<\/td>\n<\/tr>\n<tr class=\"row-4\">\n\t<td class=\"column-1\">Integrierte Ozonentgasung<\/td><td class=\"column-2\">Immer<\/td><td class=\"column-3\">Immer<\/td><td class=\"column-4\">Immer<\/td>\n<\/tr>\n<tr class=\"row-5\">\n\t<td class=\"column-1\">Ozonvernichter<\/td><td class=\"column-2\">Typisch<\/td><td class=\"column-3\">Typisch<\/td><td class=\"column-4\">Typisch<\/td>\n<\/tr>\n<tr class=\"row-6\">\n\t<td class=\"column-1\">Umgebungsozondetektor<\/td><td class=\"column-2\">Ja<\/td><td class=\"column-3\">Ja<\/td><td class=\"column-4\">Ja<\/td>\n<\/tr>\n<tr class=\"row-7\">\n\t<td class=\"column-1\">Integrierter Kontakt- und\/oder Reaktionstank<\/td><td class=\"column-2\">50 L<\/td><td class=\"column-3\">150 L<\/td><td class=\"column-4\">300 oder 500 L<\/td>\n<\/tr>\n<tr class=\"row-8\">\n\t<td class=\"column-1\">Erweitertes Steuerungssystem mit HMI<\/td><td class=\"column-2\">Ja, 7&#8243; Touchpanel<\/td><td class=\"column-3\">Ja, 9&#8243; Touchpanel<\/td><td class=\"column-4\">Ja, 9&#8243; Touchpanel<\/td>\n<\/tr>\n<tr class=\"row-9\">\n\t<td class=\"column-1\">Automatische ORP-Steuerung<\/td><td class=\"column-2\">Ja<\/td><td class=\"column-3\">Ja<\/td><td class=\"column-4\">Ja<\/td>\n<\/tr>\n<tr class=\"row-10\">\n\t<td class=\"column-1\">1 ppm Durchflussmenge an gel\u00f6stem Ozon<\/td><td class=\"column-2\">4-35 m<sup>3<\/sup>\/h<\/td><td class=\"column-3\">18-110 m<sup>3<\/sup>\/h<\/td><td class=\"column-4\">35-210 m<sup>3<\/sup>\/h<\/td>\n<\/tr>\n<tr class=\"row-11\">\n\t<td class=\"column-1\">Hydraulikanschl\u00fcsse<\/td><td class=\"column-2\">DN25<\/td><td class=\"column-3\">DN50<\/td><td class=\"column-4\">DN50\/65<\/td>\n<\/tr>\n<tr class=\"row-12\">\n\t<td class=\"column-1\">Dimensions (mm, HxLxB)<\/td><td class=\"column-2\">1800x1200x800<\/td><td class=\"column-3\">2600x1200x800<\/td><td class=\"column-4\">2600x1600x1200<\/td>\n<\/tr>\n<\/tbody>\n<\/table>\n<span id=\"tablepress-282-description\" class=\"tablepress-table-description tablepress-table-description-id-282\"><\/span>\n<!-- #tablepress-282 from cache -->                                <\/div>\n    <\/div>\n<\/div>\n<\/section>\n\n\n\n<section\n    id=\"\"\n    class=\"block content-block\"\n\tstyle=\"--cb-bg: #fff; --cb-content: #000; \"\n>\n    \n\n<div class=\"container-fluid editor_content content content--narrow\">\n    <div class=\"row\">\n        <div class=\"col-12 editor_content\">\n            <h4>Auslegungsrichtlinie<\/h4>\n<p><em>Hinweis auf die Auswahl der RENA Vivo-Reihe zur Desinfektion von Prozessanlagen CIP oder zur Qualit\u00e4tssicherung von Prozesswasser. Empfehlungen f\u00fcr 3 log Inaktivierung von Bakterien in 10 Minuten.<\/em><\/p>\n        <\/div>\n    <\/div>\n<\/div>\n\n<\/section>\n\n\n\n<section\n    id=\"\"\n    class=\"block content-block\"\n\tstyle=\"--cb-bg: #fff; --cb-content: #000; \"\n>\n    <div class=\"container-fluid editor_content\">\n    <div class=\"row\">\n        <div class=\"col-12 editor_content table-wrapper \" style=\"--table-text-color-header: #FFFFFF; --table-text-color-rows: #000000; --table-background-color-header: #5f5f5f; --table-background-color-rows-even: #efefef; --table-background-color-rows-odd: #dfdfdf; \">\n                            \n<table id=\"tablepress-283\" class=\"tablepress tablepress-id-283\" aria-describedby=\"tablepress-283-description\">\n<thead>\n<tr class=\"row-1\">\n\t<th colspan=\"3\" class=\"column-1\">VOLUMEN (m<sup>3<\/sup>)<\/th><th colspan=\"3\" class=\"column-4\">DURCHFLUSS (m<SUP>3<\/SUP>\/hr)<\/th>\n<\/tr>\n<\/thead>\n<tbody class=\"row-striping\">\n<tr class=\"row-2\">\n\t<td class=\"column-1\"><\/td><td class=\"column-2\">10<\/td><td class=\"column-3\">15<\/td><td class=\"column-4\">20<\/td><td class=\"column-5\">30<\/td><td class=\"column-6\">50<\/td>\n<\/tr>\n<tr class=\"row-3\">\n\t<td class=\"column-1\">0.2<\/td><td class=\"column-2\">A<\/td><td class=\"column-3\">A<\/td><td class=\"column-4\">B<\/td><td class=\"column-5\">B<\/td><td class=\"column-6\">B<\/td>\n<\/tr>\n<tr class=\"row-4\">\n\t<td class=\"column-1\">0.5<\/td><td class=\"column-2\">A<\/td><td class=\"column-3\">A<\/td><td class=\"column-4\">B<\/td><td class=\"column-5\">B<\/td><td class=\"column-6\">B<\/td>\n<\/tr>\n<tr class=\"row-5\">\n\t<td class=\"column-1\">1<\/td><td class=\"column-2\">A<\/td><td class=\"column-3\">A<\/td><td class=\"column-4\">B<\/td><td class=\"column-5\">B<\/td><td class=\"column-6\">B<\/td>\n<\/tr>\n<tr class=\"row-6\">\n\t<td class=\"column-1\">5<\/td><td class=\"column-2\">B<\/td><td class=\"column-3\">B<\/td><td class=\"column-4\">B<\/td><td class=\"column-5\">B<\/td><td class=\"column-6\">C<\/td>\n<\/tr>\n<tr class=\"row-7\">\n\t<td class=\"column-1\">10<\/td><td class=\"column-2\">C<\/td><td class=\"column-3\">C<\/td><td class=\"column-4\">C<\/td><td class=\"column-5\">C<\/td><td class=\"column-6\">C<\/td>\n<\/tr>\n<tr class=\"row-8\">\n\t<td class=\"column-1\">15<\/td><td class=\"column-2\">C<\/td><td class=\"column-3\">C<\/td><td class=\"column-4\">C<\/td><td class=\"column-5\">C<\/td><td class=\"column-6\">C<\/td>\n<\/tr>\n<\/tbody>\n<\/table>\n<span id=\"tablepress-283-description\" class=\"tablepress-table-description tablepress-table-description-id-283\"><\/span>\n<!-- #tablepress-283 from cache -->                                <\/div>\n    <\/div>\n<\/div>\n<\/section>\n","protected":false},"excerpt":{"rendered":"","protected":false},"author":21,"featured_media":0,"parent":36129,"menu_order":0,"comment_status":"closed","ping_status":"closed","template":"","meta":{"_acf_changed":false,"_seopress_robots_primary_cat":"","_seopress_titles_title":"","_seopress_titles_desc":"RENA Vivo ist eine Reihe von schl\u00fcsselfertigen CIP-Systemen, die in Lebensmittel-, Getr\u00e4nkeeinrichtungen und Brauereien, der Wasserkultur Milchproduktion und Pharmaindustrie eingesetzt werden.","_seopress_robots_index":"","inline_featured_image":false,"footnotes":""},"class_list":["post-36142","page","type-page","status-publish","hentry"],"acf":[],"_links":{"self":[{"href":"https:\/\/ozonetech.com\/de\/wp-json\/wp\/v2\/pages\/36142","targetHints":{"allow":["GET"]}}],"collection":[{"href":"https:\/\/ozonetech.com\/de\/wp-json\/wp\/v2\/pages"}],"about":[{"href":"https:\/\/ozonetech.com\/de\/wp-json\/wp\/v2\/types\/page"}],"author":[{"embeddable":true,"href":"https:\/\/ozonetech.com\/de\/wp-json\/wp\/v2\/users\/21"}],"replies":[{"embeddable":true,"href":"https:\/\/ozonetech.com\/de\/wp-json\/wp\/v2\/comments?post=36142"}],"version-history":[{"count":10,"href":"https:\/\/ozonetech.com\/de\/wp-json\/wp\/v2\/pages\/36142\/revisions"}],"predecessor-version":[{"id":40927,"href":"https:\/\/ozonetech.com\/de\/wp-json\/wp\/v2\/pages\/36142\/revisions\/40927"}],"up":[{"embeddable":true,"href":"https:\/\/ozonetech.com\/de\/wp-json\/wp\/v2\/pages\/36129"}],"wp:attachment":[{"href":"https:\/\/ozonetech.com\/de\/wp-json\/wp\/v2\/media?parent=36142"}],"curies":[{"name":"wp","href":"https:\/\/api.w.org\/{rel}","templated":true}]}}