{"id":36138,"date":"2021-07-09T10:24:14","date_gmt":"2021-07-09T09:24:14","guid":{"rendered":"https:\/\/ozonetech.com\/?page_id=36138"},"modified":"2024-10-10T11:25:28","modified_gmt":"2024-10-10T09:25:28","slug":"rena-vitro-aop-system","status":"publish","type":"page","link":"https:\/\/ozonetech.com\/de\/systeme-dienstleistungen\/wasseraufbereitung\/rena-vitro-aop-system\/","title":{"rendered":"RENA Vitro\u2122 AOP-System"},"content":{"rendered":"\n<section\n    class=\"block hero hero--regular\"\n    style=\"background-image: url('https:\/\/ozonetech.com\/wp-content\/uploads\/2021\/03\/rena-vitro-solutions-ozonetech-2-1600x484.jpg'); --hero-opacity: 0.3\"\n>\n\n    <div class=\"container-fluid\">\n\n        <div class=\"content editor_content\">\n                         \n                <h2 class='h2'>RENA Vitro\u2122 AOP-System<\/h2>            \n                    <\/div>\n\n            <\/div>\n<\/section>\n\n\n<section class=\"component component_breadcrumbs\">\n\t<div class=\"container-fluid\">\n  \t<\/div>\n<\/section>\n\n\n<section\n    id=\"\"\n    class=\"block content-block\"\n\tstyle=\"--cb-bg: white; --cb-content: #000; padding-top: 30px; padding-bottom: 30px;\"\n>\n    \n\n<div class=\"container-fluid editor_content content content--narrow\">\n    <div class=\"row\">\n        <div class=\"col-12 editor_content\">\n            <h1>Ozonetech RENA Vitro\u2122 \u2013 Das effizienteste und nachhaltigste System f\u00fcr Prozess- und Abwasser<\/h1>\n<p class=\"preamble\">RENA Vitro\u2122 ist unser patentiertes katalytisches Oxidationsverfahren (AOP), das eine leistungsstarke Behandlungsl\u00f6sung bietet:<\/p>\n<ul>\n<li>hochkontaminierte, schwierige Prozess- und Abw\u00e4sser (CSB<\/li>\n<li>refrakt\u00e4re sch\u00e4dliche organische chemische Verbindungen teilweise oder vollst\u00e4ndig abbauen, z.B. Komplexbildner und Metallkomplexe,<\/li>\n<\/ul>\n<p>In AOPs erfolgt die Oxidation von organischer Substanz in erster Linie durch Reaktionen mit Hydroxylradikalen. Ein Hydroxylrest ist das st\u00e4rkste verf\u00fcgbare Oxidationsmittel (siehe Tabelle unten).<\/p>\n        <\/div>\n    <\/div>\n<\/div>\n\n\n<div class=\"container-fluid content content--narrow\">\n    <div class=\"row\">\n        <div class=\"col-md-6 order-1 editor_content \">\n            <p>Da die Oxidationskraft st\u00e4rker ist, besteht der Hauptunterschied zur herk\u00f6mmlichen Oxidation in einem h\u00f6heren Wirkungsgrad, der F\u00e4higkeit, schwierigere Substanzen abzubauen und einer k\u00fcrzeren Prozesszeit. Der AOP-Prozess zersetzt z\u00e4he Stoffe teilweise oder vollst\u00e4ndig in harmlose oder weniger sch\u00e4dliche Stoffe, z.B. in Carbons\u00e4ure, Kohlendioxid, Stickstoff, Salz und Wasser.<\/p>\n        <\/div>\n        <div class=\"col-md-6 order-2 editor_content d-flex justify-content-center\">\n                                            <figure class=\"side-image \">\n                    <img loading=\"lazy\" decoding=\"async\" width=\"300\" height=\"285\" src=\"https:\/\/ozonetech.com\/wp-content\/uploads\/2021\/01\/Ozonetech-rena-vitro-ozone-system-e1614697946457.jpg\" class=\"attachment-full size-full\" alt=\"\" \/>                                    <\/figure>\n                    <\/div>\n    <\/div>\n<\/div>\n\n\n<div class=\"container-fluid editor_content content content--narrow\">\n    <div class=\"row\">\n        <div class=\"col-12 editor_content\">\n            <p>Unsere Hydroxylradikale entstehen durch die Kombination von Ozon (O<sub>3<\/sub>) und einem patentierten Katalysator. Manchmal wird Ozon in Kombination mit Ultraviolett (UV) oder Wasserstoffperoxid (H<sub>2<\/sub>O<sub>2<\/sub>) verwendet, um Hydroxylgruppen zu bilden. Synergie tritt auf, &#8222;1+1=3&#8220;, was die Kombination effektiver macht, als sie einzeln in Serie zu verwenden. AOP multipliziert die Oxidationskraft.<\/p>\n<p>Die Gr\u00f6\u00dfe einer RENA Vitro\u2122 beginnt ab einer 3-fachen EUR-Palette, je nach Durchfluss.<\/p>\n        <\/div>\n    <\/div>\n<\/div>\n\n<div class=\"container-fluid editor_content\">\n    <div class=\"row\">\n        <div class=\"col-12 editor_content table-wrapper \" style=\"--table-text-color-header: #FFFFFF; --table-text-color-rows: #000000; --table-background-color-header: #5f5f5f; --table-background-color-rows-even: #efefef; --table-background-color-rows-odd: #dfdfdf; \">\n                            \n<table id=\"tablepress-281\" class=\"tablepress tablepress-id-281\" aria-describedby=\"tablepress-281-description\">\n<thead>\n<tr class=\"row-1\">\n\t<th class=\"column-1\">Oxidationsmittel<\/th><th class=\"column-2\">EOP (V)<\/th>\n<\/tr>\n<\/thead>\n<tbody class=\"row-striping\">\n<tr class=\"row-2\">\n\t<td class=\"column-1\">Hydroxylradikal (OH\u2219)<\/td><td class=\"column-2\">2.80<\/td>\n<\/tr>\n<tr class=\"row-3\">\n\t<td class=\"column-1\">Sauerstoff (O)<\/td><td class=\"column-2\">2.42<\/td>\n<\/tr>\n<tr class=\"row-4\">\n\t<td class=\"column-1\">Ozon (O<sub>3<\/sub>)<\/td><td class=\"column-2\">2.07<\/td>\n<\/tr>\n<tr class=\"row-5\">\n\t<td class=\"column-1\">Wasserstoffperoxid (H<sub>2<\/sub>O<sub>2<\/sub>)<\/td><td class=\"column-2\">1.78<\/td>\n<\/tr>\n<tr class=\"row-6\">\n\t<td class=\"column-1\">Hypochlorit<\/td><td class=\"column-2\">1.49<\/td>\n<\/tr>\n<tr class=\"row-7\">\n\t<td class=\"column-1\">Chlor (Cl)<\/td><td class=\"column-2\">1.36<\/td>\n<\/tr>\n<tr class=\"row-8\">\n\t<td class=\"column-1\">Chlordioxid (ClO<sub>2<\/sub>)<\/td><td class=\"column-2\">1.27<\/td>\n<\/tr>\n<tr class=\"row-9\">\n\t<td class=\"column-1\">Sauerstoff (O<sub>2<\/sub>)<\/td><td class=\"column-2\">1.23<\/td>\n<\/tr>\n<\/tbody>\n<\/table>\n<span id=\"tablepress-281-description\" class=\"tablepress-table-description tablepress-table-description-id-281\"><\/span>\n<!-- #tablepress-281 from cache -->                                <\/div>\n    <\/div>\n<\/div>\n\n\n<div class=\"container-fluid editor_content content content--narrow\">\n    <div class=\"row\">\n        <div class=\"col-12 editor_content\">\n            <h3>Vorteile von AOP<\/h3>\n<ul>\n<li>Sehr starke Oxidation<\/li>\n<li>Schnelle Oxidation<\/li>\n<li>Reduziert die gesamte Abfallmenge<\/li>\n<li>Reduzierte Toxizit\u00e4t und teilweise oder vollst\u00e4ndige Mineralisierung von Verunreinigungen<\/li>\n<li>Produziert keine neuen Verbindungen, die einer weiteren Behandlung bed\u00fcrfen, wie z.B. Chlornebenprodukte.<\/li>\n<li>Erzeugt keinen Schlamm wie bei physikalisch-chemischen Prozessen.<\/li>\n<li>Die nicht selektive Oxidation erm\u00f6glicht die Behandlung von mehreren Verunreinigungen gleichzeitig.<\/li>\n<\/ul>\n<p>Das Design eines AOP muss auf die Chemie einer bestimmten Anwendung zugeschnitten sein.<\/p>\n        <\/div>\n    <\/div>\n<\/div>\n\n<\/section>\n","protected":false},"excerpt":{"rendered":"","protected":false},"author":21,"featured_media":0,"parent":36129,"menu_order":0,"comment_status":"closed","ping_status":"closed","template":"","meta":{"_acf_changed":false,"_seopress_robots_primary_cat":"","_seopress_titles_title":"","_seopress_titles_desc":"RENA Vitro\u2122 ist unsere patentierte katalytische AOP-L\u00f6sung, die eine leistungsstarke Aufbereitung von stark verunreinigtem Abwasser und sch\u00e4dlichen Chemikalien bietet.","_seopress_robots_index":"","inline_featured_image":false,"footnotes":""},"class_list":["post-36138","page","type-page","status-publish","hentry"],"acf":[],"_links":{"self":[{"href":"https:\/\/ozonetech.com\/de\/wp-json\/wp\/v2\/pages\/36138","targetHints":{"allow":["GET"]}}],"collection":[{"href":"https:\/\/ozonetech.com\/de\/wp-json\/wp\/v2\/pages"}],"about":[{"href":"https:\/\/ozonetech.com\/de\/wp-json\/wp\/v2\/types\/page"}],"author":[{"embeddable":true,"href":"https:\/\/ozonetech.com\/de\/wp-json\/wp\/v2\/users\/21"}],"replies":[{"embeddable":true,"href":"https:\/\/ozonetech.com\/de\/wp-json\/wp\/v2\/comments?post=36138"}],"version-history":[{"count":10,"href":"https:\/\/ozonetech.com\/de\/wp-json\/wp\/v2\/pages\/36138\/revisions"}],"predecessor-version":[{"id":40912,"href":"https:\/\/ozonetech.com\/de\/wp-json\/wp\/v2\/pages\/36138\/revisions\/40912"}],"up":[{"embeddable":true,"href":"https:\/\/ozonetech.com\/de\/wp-json\/wp\/v2\/pages\/36129"}],"wp:attachment":[{"href":"https:\/\/ozonetech.com\/de\/wp-json\/wp\/v2\/media?parent=36138"}],"curies":[{"name":"wp","href":"https:\/\/api.w.org\/{rel}","templated":true}]}}